{"id":1003,"date":"2021-02-16T12:46:04","date_gmt":"2021-02-16T11:46:04","guid":{"rendered":"http:\/\/marwis.zoom.usermd.net\/?page_id=1003"},"modified":"2026-04-16T14:25:17","modified_gmt":"2026-04-16T12:25:17","slug":"myjka-automatyczna-hydro-wash-800","status":"publish","type":"page","link":"https:\/\/marwis.pl\/de\/myjki-cisnieniowe-kabinowe\/myjka-automatyczna-hydro-wash-800\/","title":{"rendered":"HOCHDRUK TEILREINIGUNGSANLAGE HYDRO WASH 800"},"content":{"rendered":"<p>[vc_row][vc_column][vc_raw_html]JTVCZmxleHlfYnJlYWRjcnVtYiU1RA==[\/vc_raw_html][\/vc_column][\/vc_row][vc_row][vc_column width=&#8220;1\/2&#8243;]<div id='gallery-2' class='fastgallery fg_style1  '> <div data-img=\"https:\/\/marwis.pl\/wp-content\/uploads\/2021\/07\/HYDRO-WASH-800_-1024x1024.jpg\"> <\/div><div data-img=\"https:\/\/marwis.pl\/wp-content\/uploads\/2022\/05\/Hydro-Wash-800_-1024x1024.jpg\"> <\/div><div data-img=\"https:\/\/marwis.pl\/wp-content\/uploads\/2022\/05\/HYDRO-WASH-800-1024x1024.jpg\"> <\/div><div data-img=\"https:\/\/marwis.pl\/wp-content\/uploads\/2022\/05\/DSC_01971-kopia-3-\u2014-kopia-1024x1024.jpg\"> <\/div><div data-img=\"https:\/\/marwis.pl\/wp-content\/uploads\/2022\/05\/HYDRO-WASH-800_1-1024x1024.jpg\"> <\/div><div data-img=\"https:\/\/marwis.pl\/wp-content\/uploads\/2022\/05\/Hydro-Wash-800_szyba-1024x509.jpg\"> <\/div><div style=\"clear:both\"><\/div><\/div>[\/vc_column][vc_column width=&#8220;1\/2&#8243;]\r\n    <div class=\"section_title\" style=\"text-align: center; margin: 0px auto 75px; padding: 0;\">\r\n        <h2 style=\"font-size:34px; color: #0066bf; font-weight: 800;\"> HYDRO WASH 800 <\/h2>\r\n         <div class=\"br\" style=\"margin: 0 auto;\"><\/div>             <\/div>\r\n\r\n    [vc_tta_accordion][vc_tta_section title=&#8220;ZASTOSOWANIE&#8220; tab_id=&#8220;1611050130932-cc5a4393-a8f3&#8243;][vc_column_text]<\/p>\n<div class=\"tab\">\n<div id=\"tab-1\" class=\"tab-content\">\n<p>Die Hydro-Wash ist eine multifunktionale Anlage, die das vollautomatische Waschen von Werkst\u00fccken in einem motorbetriebenen Drehkorb oder, bei komplexer geformten Werkst\u00fccken, eine Hochdruckw\u00e4sche mit 140 bar erm\u00f6glicht. Dank dieser Kombination von Verfahren kann die Maschine in jeder Werkstatt eingesetzt werden. Sie wird die Arbeit in einem Unternehmen, das Turbolader, Lenkgetriebe und Getriebe aufbereitet, erfolgreich rationalisieren. Um die Sicherheit des Benutzers und die Stabilit\u00e4t der Reinigungsparameter zu gew\u00e4hrleisten, werden ein elektronisches Steuerpult und eine Reihe von zugeh\u00f6rigen Sensoren eingesetzt.<\/p>\n<p>Vor der ersten Benutzung sollte der Tank mit Waschfl\u00fcssigkeit gef\u00fcllt werden. Die empfohlene Fl\u00fcssigkeit ist eine L\u00f6sung aus MRS Cleaner Strong Konzentrat und Wasser im entsprechenden Verh\u00e4ltnis. Der Hydro Wash erm\u00f6glicht sowohl manuelles als auch automatisches Waschen.<\/p>\n<p>*Um den automatischen Waschvorgang zu starten, bereiten Sie das Ger\u00e4t vor (mit Wasser und Konzentrat f\u00fcllen), schlie\u00dfen Sie den Metallhandschuhdeckel, schlie\u00dfen Sie den Deckel der Waschmaschine, indem Sie die beiden Kn\u00f6pfe (vorne und hinten gleichzeitig) gedr\u00fcckt halten, und bet\u00e4tigen Sie die Starttaste.<\/p>\n<p>*Der Korb kann &#8211; bei ge\u00f6ffnetem Deckel &#8211; gedreht werden. Durch Dr\u00fccken der rechten Taste am Fu\u00dfpedal oder durch gleichzeitiges Dr\u00fccken von zwei Tasten (vorne und hinten an der Maschine). Vorausgesetzt, der Metallhandschuhdeckel ist geschlossen.<\/p>\n<p>*Um die Handw\u00e4sche zu starten, schlie\u00dfen Sie den Deckel der Waschmaschine, indem Sie die beiden Kn\u00f6pfe (auf der Vorder- und R\u00fcckseite der Maschine gleichzeitig) gedr\u00fcckt halten. \u00d6ffnen Sie den Metallhandschuhdeckel und dr\u00fccken Sie die linke Taste am Fu\u00dfpedal.<\/p>\n<\/div>\n<p>STANDARDAUSR\u00dcSTUNG DER WASCHMASCHINE:<\/p>\n<p>Trennsensor f\u00fcr den Verschlussdeckel, wenn dieser w\u00e4hrend des Waschvorgangs ge\u00f6ffnet wird,<br \/>\nFl\u00fcssigkeitsstandssensor im Tank zum Schutz vor Trockenlauf,<br \/>\nTemperatursensor f\u00fcr die Fl\u00fcssigkeit,<br \/>\nVerstellbare Spr\u00fcharme mit Edelstahld\u00fcsen der renommierten Firma Spraying System<br \/>\nMechanisch drehbarer Korb,<br \/>\nHochdruckpumpe 140 bar<br \/>\nPressluftpistole<br \/>\nDruckregler inklusive Schmutzf\u00e4nger<br \/>\nGrobschmutzfilter f\u00fcr unl\u00f6sliche Verunreinigungen (0,8 mm Maschenfilter)<br \/>\nFeinschmutzfilter<br \/>\nEinstellbare F\u00fc\u00dfe<br \/>\nAblassventil,<\/p>\n<\/div>\n<p>[\/vc_column_text][\/vc_tta_section][vc_tta_section title=&#8220;TECHNISCHE DATEN&#8220; tab_id=&#8220;1611052357239-a03ddaab-c372&#8243;][vc_column_text]Korbdurchmesser: 800mm<br \/>\nArbeitsh\u00f6he: 500mm<br \/>\nTragf\u00e4higkeit des Korbes: 300kg<br \/>\nProgrammierbare Betriebszeit: 0-99min<br \/>\nWaschtemperatur: 60\u2103<br \/>\nHeizleistung: 9kW<br \/>\nFassungsverm\u00f6gen des Tanks: 200l<br \/>\nSpr\u00fchleistung: 200l\/min<br \/>\nBetriebsdruck beim Spritzen: 4,5-6 bar<br \/>\nArbeitsdruck der Handw\u00e4sche: 140 bar<br \/>\nGesamtbreite: 1350mm<br \/>\nGesamttiefe: 1350mm<br \/>\nGesamth\u00f6he: 1700mm (2450mm offen)<br \/>\nStromversorgung: 3~400V<br \/>\nZus\u00e4tzliche Optionen:<br \/>\nBandabwickler<br \/>\nBausatz f\u00fcr niedrige Lanze<br \/>\nVerst\u00e4rkte Pumpe<br \/>\nPneumatik-Zylinder[\/vc_column_text][\/vc_tta_section][vc_tta_section title=&#8220;ZUS\u00c4TZLICHE AUSSTATTUNG&#8220; tab_id=&#8220;1613475565981-f27b99f1-758a&#8220;][vc_column_text]<\/p>\n<div class=\"tab\">\n<div id=\"tab-4\" class=\"tab-content\">\n<p>Band\u00f6labscheider<br \/>\nSatz Niederdrucklanzen<br \/>\nVerst\u00e4rkte Pumpe<br \/>\nPneumatische Zylinder<\/p>\n<\/div>\n<\/div>\n<p>[\/vc_column_text][\/vc_tta_section][vc_tta_section title=&#8220;FILM&#8220; tab_id=&#8220;1613475923360-17dc9105-55c5&#8243;][vc_video link=&#8220;https:\/\/www.youtube.com\/watch?v=0CsUIKWBalo&#8220;][\/vc_tta_section][\/vc_tta_accordion][vc_btn title=&#8220;PREIS&#8220; style=&#8220;flat&#8220; color=&#8220;primary&#8220; size=&#8220;lg&#8220; align=&#8220;center&#8220; link=&#8220;url:https%3A%2F%2Fmarwis24.pl%2Fpl%2Fp%2FMyjka-Automatyczna-HYRO-WASH-800%2F23100695||target:%20_blank|&#8220;][vc_column_text]<\/p>\n<p style=\"text-align: center;\"><span style=\"color: #0066bf;\">Ben\u00f6tigen Sie ein Angebot?<\/span><br \/>\n<strong><span style=\"color: #0066bf;\">Rufen Sie uns an! <\/span><\/strong><br \/>\n<strong><span style=\"color: #0066bf;\">Mobile: +48781 355 000<\/span><\/strong><\/p>\n<p>[\/vc_column_text][\/vc_column][\/vc_row]<\/p>","protected":false},"excerpt":{"rendered":"<p>[vc_row][vc_column][vc_raw_html]JTVCZmxleHlfYnJlYWRjcnVtYiU1RA==[\/vc_raw_html][\/vc_column][\/vc_row][vc_row][vc_column width=&#8220;1\/2&#8243;][\/vc_column][vc_column width=&#8220;1\/2&#8243;][vc_tta_accordion][vc_tta_section title=&#8220;ZASTOSOWANIE&#8220; tab_id=&#8220;1611050130932-cc5a4393-a8f3&#8243;][vc_column_text] Die Hydro-Wash ist eine multifunktionale Anlage, die das vollautomatische Waschen von Werkst\u00fccken in einem motorbetriebenen Drehkorb oder, bei komplexer geformten Werkst\u00fccken, eine Hochdruckw\u00e4sche mit 140 bar erm\u00f6glicht. Dank dieser Kombination von Verfahren kann die Maschine in jeder Werkstatt eingesetzt werden. Sie wird die Arbeit in einem Unternehmen, das Turbolader, Lenkgetriebe [&hellip;]<\/p>\n","protected":false},"author":3,"featured_media":0,"parent":995,"menu_order":0,"comment_status":"closed","ping_status":"open","template":"","meta":[],"_links":{"self":[{"href":"https:\/\/marwis.pl\/de\/wp-json\/wp\/v2\/pages\/1003"}],"collection":[{"href":"https:\/\/marwis.pl\/de\/wp-json\/wp\/v2\/pages"}],"about":[{"href":"https:\/\/marwis.pl\/de\/wp-json\/wp\/v2\/types\/page"}],"author":[{"embeddable":true,"href":"https:\/\/marwis.pl\/de\/wp-json\/wp\/v2\/users\/3"}],"replies":[{"embeddable":true,"href":"https:\/\/marwis.pl\/de\/wp-json\/wp\/v2\/comments?post=1003"}],"version-history":[{"count":32,"href":"https:\/\/marwis.pl\/de\/wp-json\/wp\/v2\/pages\/1003\/revisions"}],"predecessor-version":[{"id":6602,"href":"https:\/\/marwis.pl\/de\/wp-json\/wp\/v2\/pages\/1003\/revisions\/6602"}],"up":[{"embeddable":true,"href":"https:\/\/marwis.pl\/de\/wp-json\/wp\/v2\/pages\/995"}],"wp:attachment":[{"href":"https:\/\/marwis.pl\/de\/wp-json\/wp\/v2\/media?parent=1003"}],"curies":[{"name":"wp","href":"https:\/\/api.w.org\/{rel}","templated":true}]}}