{"id":1005,"date":"2021-02-16T12:48:05","date_gmt":"2021-02-16T11:48:05","guid":{"rendered":"http:\/\/marwis.zoom.usermd.net\/?page_id=1005"},"modified":"2026-03-26T09:52:44","modified_gmt":"2026-03-26T08:52:44","slug":"myjka-cisnieniowa-clean-power-1200","status":"publish","type":"page","link":"https:\/\/marwis.pl\/de\/myjki-cisnieniowe-kabinowe\/myjka-cisnieniowa-clean-power-1200\/","title":{"rendered":"Clean Power 1200"},"content":{"rendered":"<p>[vc_row][vc_column][vc_raw_html]JTVCZmxleHlfYnJlYWRjcnVtYiU1RA==[\/vc_raw_html][\/vc_column][\/vc_row][vc_row][vc_column width=&#8220;1\/2&#8243;]<div id='gallery-2' class='fastgallery fg_style1  '> <div data-img=\"https:\/\/marwis.pl\/wp-content\/uploads\/2021\/11\/clean-power-1200-3-1024x683.png\"> <\/div><div data-img=\"https:\/\/marwis.pl\/wp-content\/uploads\/2021\/11\/clean-power-1200-4-1024x683.png\"> <\/div><div data-img=\"https:\/\/marwis.pl\/wp-content\/uploads\/2021\/11\/clean-power-1200-2-1024x674.jpg\"> <\/div><div data-img=\"https:\/\/marwis.pl\/wp-content\/uploads\/2021\/11\/clean-power-1200-1-961x1024.jpg\"> <\/div><div style=\"clear:both\"><\/div><\/div>[\/vc_column][vc_column width=&#8220;1\/2&#8243;]\r\n    <div class=\"section_title\" style=\"text-align: center; margin: 0px auto 75px; padding: 0;\">\r\n        <h2 style=\"font-size:34px; color: #0066bf; font-weight: 800;\"> Clean Power 1200 <\/h2>\r\n         <div class=\"br\" style=\"margin: 0 auto;\"><\/div>             <\/div>\r\n\r\n    [vc_tta_accordion][vc_tta_section title=&#8220;ANWENDUNG&#8220; tab_id=&#8220;1611050130932-cc5a4393-a8f3&#8243;][vc_column_text]<\/p>\n<div class=\"tab\">\n<div id=\"tab-1\" class=\"tab-content\">\n<p>Clean Power Hochdruckreiniger sind zum Waschen von Teilen mit L\u00f6sungsmitteln der Z\u00fcndklasse III bestimmt. Verwendungszweck: bei der Regeneration von Turboladern und zur Reinigung stark verschmutzter Teile aus Stahl, Guss, Aluminium und anderen Legierungen.<\/p>\n<\/div>\n<\/div>\n<p>[\/vc_column_text][\/vc_tta_section][vc_tta_section title=&#8220;BESCHREIBUNG BEDIENUNG DES GER\u00c4TS&#8220; tab_id=&#8220;1613476010034-de80b6d7-e443&#8243;][vc_column_text]Clean Power-Waschmaschinen arbeiten in einem geschlossenen Kreislauf mit einer Waschfl\u00fcssigkeit. Das Pr\u00e4parat wird unter Druck aus der D\u00fcse oder Pistole gel\u00f6st, wodurch schwer zug\u00e4ngliche Stellen und stark verschmutzte Teile gr\u00fcndlich von Kohleablagerungen, Fett oder \u00d6len gereinigt werden. Beim Waschen k\u00f6nnen Sie auch eine in der Waschmaschine installierte Durchb\u00fcrste oder Druckluftpistole verwenden. F\u00fcr Clean Power-Waschmaschinen wird eine Fl\u00fcssigkeit mit dem Handelsnamen \u201eClean Professional Cleaner\u201c empfohlen.[\/vc_column_text][\/vc_tta_section][vc_tta_section title=&#8220;TECHNISCHE DATEN&#8220; tab_id=&#8220;1611052357239-a03ddaab-c372&#8243;][vc_column_text]Gesamtbreite 1700mm<\/p>\n<p>Gesamttiefe 820 mm<\/p>\n<p>Gesamth\u00f6he 1780mm<\/p>\n<p>Arbeitsbreite 1150mm<\/p>\n<p>Arbeitstiefe 600mm<\/p>\n<p>Arbeitsh\u00f6he 600mm<\/p>\n<p>Nettogewicht 120 kg<\/p>\n<p>Arbeitsfl\u00fcssigkeitskapazit\u00e4t 60l-200l<\/p>\n<p>Hochdrucklanzenkapazit\u00e4t 50l \/ min<\/p>\n<p>Druck 7 Bar<\/p>\n<p>Versorgungsspannung 230V<\/p>\n<p>Luftverbrauch 400l\/min (Glasblasen)<\/p>\n<p>Druckluftpistole max. 8atm<\/p>\n<p>LED-Beleuchtung<\/p>\n<p>Fu\u00dfschalter[\/vc_column_text][\/vc_tta_section][vc_tta_section title=&#8220;ZUS\u00c4TZLICHE OPTIONEN&#8220; tab_id=&#8220;1613475565981-f27b99f1-758a&#8220;][vc_column_text]<\/p>\n<div class=\"tab\">\n<div id=\"tab-4\" class=\"tab-content\">\n<p>Clean Power-Drehtisch<\/p>\n<\/div>\n<\/div>\n<p>[\/vc_column_text][\/vc_tta_section][vc_tta_section title=&#8220;VIDEO&#8220; tab_id=&#8220;1613475923360-17dc9105-55c5&#8243;][vc_video link=&#8220;https:\/\/www.youtube.com\/watch?v=Gs2p7VCMfnE&amp;feature=emb_title&#8220;][\/vc_tta_section][\/vc_tta_accordion][vc_btn title=&#8220;SIEHE DEN PREIS&#8220; style=&#8220;flat&#8220; color=&#8220;primary&#8220; size=&#8220;lg&#8220; align=&#8220;center&#8220; link=&#8220;url:https%3A%2F%2Fmarwis24.pl%2Fpl%2Fp%2FMyjka-cisnieniowa-Clean-Power-1200%2F23100700||target:%20_blank|&#8220;][vc_column_text]<\/p>\n<p style=\"text-align: center;\"><strong>Fordern Sie ein spezielles Angebot f\u00fcr Sie an.<\/strong><br \/>\n<strong>Ruf mich an!<\/strong><br \/>\n<strong>Telefon: 731 666 100.<\/strong><\/p>\n<p>[\/vc_column_text][\/vc_column][\/vc_row]<\/p>","protected":false},"excerpt":{"rendered":"<p>[vc_row][vc_column][vc_raw_html]JTVCZmxleHlfYnJlYWRjcnVtYiU1RA==[\/vc_raw_html][\/vc_column][\/vc_row][vc_row][vc_column width=&#8220;1\/2&#8243;][\/vc_column][vc_column width=&#8220;1\/2&#8243;][vc_tta_accordion][vc_tta_section title=&#8220;ANWENDUNG&#8220; tab_id=&#8220;1611050130932-cc5a4393-a8f3&#8243;][vc_column_text] Clean Power Hochdruckreiniger sind zum Waschen von Teilen mit L\u00f6sungsmitteln der Z\u00fcndklasse III bestimmt. Verwendungszweck: bei der Regeneration von Turboladern und zur Reinigung stark verschmutzter Teile aus Stahl, Guss, Aluminium und anderen Legierungen. [\/vc_column_text][\/vc_tta_section][vc_tta_section title=&#8220;BESCHREIBUNG BEDIENUNG DES GER\u00c4TS&#8220; tab_id=&#8220;1613476010034-de80b6d7-e443&#8243;][vc_column_text]Clean Power-Waschmaschinen arbeiten in einem geschlossenen Kreislauf mit einer Waschfl\u00fcssigkeit. Das Pr\u00e4parat [&hellip;]<\/p>\n","protected":false},"author":3,"featured_media":0,"parent":995,"menu_order":0,"comment_status":"closed","ping_status":"open","template":"","meta":[],"_links":{"self":[{"href":"https:\/\/marwis.pl\/de\/wp-json\/wp\/v2\/pages\/1005"}],"collection":[{"href":"https:\/\/marwis.pl\/de\/wp-json\/wp\/v2\/pages"}],"about":[{"href":"https:\/\/marwis.pl\/de\/wp-json\/wp\/v2\/types\/page"}],"author":[{"embeddable":true,"href":"https:\/\/marwis.pl\/de\/wp-json\/wp\/v2\/users\/3"}],"replies":[{"embeddable":true,"href":"https:\/\/marwis.pl\/de\/wp-json\/wp\/v2\/comments?post=1005"}],"version-history":[{"count":21,"href":"https:\/\/marwis.pl\/de\/wp-json\/wp\/v2\/pages\/1005\/revisions"}],"predecessor-version":[{"id":1094,"href":"https:\/\/marwis.pl\/de\/wp-json\/wp\/v2\/pages\/1005\/revisions\/1094"}],"up":[{"embeddable":true,"href":"https:\/\/marwis.pl\/de\/wp-json\/wp\/v2\/pages\/995"}],"wp:attachment":[{"href":"https:\/\/marwis.pl\/de\/wp-json\/wp\/v2\/media?parent=1005"}],"curies":[{"name":"wp","href":"https:\/\/api.w.org\/{rel}","templated":true}]}}