{"id":1190,"date":"2021-02-23T11:40:32","date_gmt":"2021-02-23T10:40:32","guid":{"rendered":"http:\/\/marwis.zoom.usermd.net\/?page_id=1190"},"modified":"2025-12-08T11:50:42","modified_gmt":"2025-12-08T10:50:42","slug":"mrs-quadro-wash-15","status":"publish","type":"page","link":"https:\/\/marwis.pl\/de\/myjki-koszowe-automatyczne\/mrs-quadro-wash-15\/","title":{"rendered":"MRS QUADRO WASH 15"},"content":{"rendered":"<p>[vc_row][vc_column][vc_raw_html]JTVCZmxleHlfYnJlYWRjcnVtYiU1RA==[\/vc_raw_html][\/vc_column][\/vc_row][vc_row][vc_column width=&#8220;1\/2&#8243;][vc_tta_pageable no_fill_content_area=&#8220;1&#8243; autoplay=&#8220;3&#8243; active_section=&#8220;1&#8243; pagination_style=&#8220;flat-square&#8220; pagination_color=&#8220;sky&#8220;][vc_tta_section title=&#8220;Zdj\u0119cie 1&#8243; tab_id=&#8220;1611225818058-aea80d57-450d&#8220;][vc_single_image image=&#8220;1191&#8243; img_size=&#8220;full&#8220; onclick=&#8220;link_image&#8220;][\/vc_tta_section][vc_tta_section title=&#8220;Zdj\u0119cie 2&#8243; tab_id=&#8220;1611225818080-a88c9976-4712&#8243;][vc_single_image image=&#8220;1192&#8243; img_size=&#8220;full&#8220; onclick=&#8220;link_image&#8220;][\/vc_tta_section][vc_tta_section title=&#8220;Zdj\u0119cie 3&#8243; tab_id=&#8220;1614076779542-a86a436e-0c6a&#8220;][vc_single_image image=&#8220;1193&#8243; img_size=&#8220;full&#8220; onclick=&#8220;link_image&#8220;][\/vc_tta_section][vc_tta_section title=&#8220;Zdj\u0119cie 4&#8243; tab_id=&#8220;1614076793341-171a1ea7-cce4&#8243;][vc_single_image image=&#8220;1194&#8243; img_size=&#8220;full&#8220; onclick=&#8220;link_image&#8220;][\/vc_tta_section][vc_tta_section title=&#8220;Zdj\u0119cie 5&#8243; tab_id=&#8220;1614076809283-71e36950-4573&#8243;][vc_single_image image=&#8220;1195&#8243; img_size=&#8220;full&#8220; onclick=&#8220;link_image&#8220;][\/vc_tta_section][\/vc_tta_pageable][\/vc_column][vc_column width=&#8220;1\/2&#8243;]\r\n    <div class=\"section_title\" style=\"text-align: center; margin: 0px auto 75px; padding: 0;\">\r\n        <h2 style=\"font-size:34px; color: #0066bf; font-weight: 800;\"> MRS-QUADRO WASH 15 <\/h2>\r\n         <div class=\"br\" style=\"margin: 0 auto;\"><\/div>             <\/div>\r\n\r\n    [vc_tta_accordion][vc_tta_section title=&#8220;ANWENDUNG&#8220; tab_id=&#8220;1611050130932-cc5a4393-a8f3&#8243;][vc_column_text]Das Ger\u00e4t wird zum Entfetten von Elementen im Produktionsprozess beim Waschen von Teilen gewarteter Maschinen verwendet. Sie sind auch f\u00fcr Werkst\u00e4tten bestimmt, in denen Motoren, Getriebe, Kompressoren, Teile und alle anderen Details mit \u00d6len und Fetten verunreinigt sind.[\/vc_column_text][\/vc_tta_section][vc_tta_section title=&#8220;BESCHREIBUNG DER BEDIENUNG DES GER\u00c4TES&#8220; tab_id=&#8220;1611050130945-8641945f-6d2e&#8220;][vc_column_text]Nach dem Einschalten des Ger\u00e4tes beginnt der Hauptschalter mit dem Aufheizen des Bades, wodurch nach Erreichen der eingestellten Temperatur der Sp\u00fclvorgang gestartet werden kann.<br \/>\nAls erster Schritt wird die Hauptw\u00e4sche gestartet, deren Zeit durch die Zeitschaltuhr im Schaltkasten stufenlos geregelt wird. Nach Ablauf dieser Zeit ist das Bad beendet.[\/vc_column_text][\/vc_tta_section][vc_tta_section title=&#8220;TECHNISCHE DATEN &#8220; tab_id=&#8220;1611052357239-a03ddaab-c372&#8243;][vc_column_text]<strong>\u015arednica kosza<\/strong>: 600 mm<br \/>\n<strong>Wysoko\u015b\u0107 robocza<\/strong>: 330 mm<br \/>\n<strong>No\u015bno\u015b\u0107 kosza<\/strong>: 100 kg<br \/>\n<strong>Programowanie czasu pracy<\/strong>: 0-99 min<br \/>\n<strong>Temperatura mycia<\/strong>: 60st.C<br \/>\n<strong>Moc grza\u0142ki<\/strong>: 2kW<br \/>\n<strong>Pojemno\u015b\u0107 zbiornika<\/strong>: 80 l<br \/>\n<strong>Wydajno\u015b\u0107 natrysku<\/strong>: 200 l\/min<br \/>\n<strong>Ci\u015bnienie robocze natrysku<\/strong>: 4,5 bar<br \/>\n<strong>SZ x G x W<\/strong>: 870x 950 x 1200 mm<br \/>\n<strong>Wysoko\u015b\u0107 zamkni\u0119ta\/otwarta<\/strong>: 1200\/2500 mm<br \/>\n<strong>Zasilanie<\/strong>: 230V\/50Hz[\/vc_column_text][\/vc_tta_section][\/vc_tta_accordion][vc_btn title=&#8220;SIECHE DEN PREIS&#8220; style=&#8220;flat&#8220; color=&#8220;primary&#8220; size=&#8220;lg&#8220; align=&#8220;center&#8220; link=&#8220;url:https%3A%2F%2Fmarwis24.pl%2Fpl%2Fp%2FMyjnia-koszowa-automatyczna-MRS-WASH-600-%2F23100649||target:%20_blank|&#8220;][vc_column_text]<\/p>\n<p style=\"text-align: center;\"><span style=\"color: #0066bf;\">Fordern Sie ein spezielles Angebot f\u00fcr Sie an.<br \/>\n<strong>Ruf mich an!<\/strong><br \/>\n<strong>Telefon: 731 666 100.<\/strong><\/span><\/p>\n<p>[\/vc_column_text][\/vc_column][\/vc_row]<\/p>","protected":false},"excerpt":{"rendered":"<p>[vc_row][vc_column][vc_raw_html]JTVCZmxleHlfYnJlYWRjcnVtYiU1RA==[\/vc_raw_html][\/vc_column][\/vc_row][vc_row][vc_column width=&#8220;1\/2&#8243;][vc_tta_pageable no_fill_content_area=&#8220;1&#8243; autoplay=&#8220;3&#8243; active_section=&#8220;1&#8243; pagination_style=&#8220;flat-square&#8220; pagination_color=&#8220;sky&#8220;][vc_tta_section title=&#8220;Zdj\u0119cie 1&#8243; tab_id=&#8220;1611225818058-aea80d57-450d&#8220;][vc_single_image image=&#8220;1191&#8243; img_size=&#8220;full&#8220; onclick=&#8220;link_image&#8220;][\/vc_tta_section][vc_tta_section title=&#8220;Zdj\u0119cie 2&#8243; tab_id=&#8220;1611225818080-a88c9976-4712&#8243;][vc_single_image image=&#8220;1192&#8243; img_size=&#8220;full&#8220; onclick=&#8220;link_image&#8220;][\/vc_tta_section][vc_tta_section title=&#8220;Zdj\u0119cie 3&#8243; tab_id=&#8220;1614076779542-a86a436e-0c6a&#8220;][vc_single_image image=&#8220;1193&#8243; img_size=&#8220;full&#8220; onclick=&#8220;link_image&#8220;][\/vc_tta_section][vc_tta_section title=&#8220;Zdj\u0119cie 4&#8243; tab_id=&#8220;1614076793341-171a1ea7-cce4&#8243;][vc_single_image image=&#8220;1194&#8243; img_size=&#8220;full&#8220; onclick=&#8220;link_image&#8220;][\/vc_tta_section][vc_tta_section title=&#8220;Zdj\u0119cie 5&#8243; tab_id=&#8220;1614076809283-71e36950-4573&#8243;][vc_single_image image=&#8220;1195&#8243; img_size=&#8220;full&#8220; onclick=&#8220;link_image&#8220;][\/vc_tta_section][\/vc_tta_pageable][\/vc_column][vc_column width=&#8220;1\/2&#8243;][vc_tta_accordion][vc_tta_section title=&#8220;ANWENDUNG&#8220; tab_id=&#8220;1611050130932-cc5a4393-a8f3&#8243;][vc_column_text]Das Ger\u00e4t wird zum Entfetten von Elementen im Produktionsprozess beim Waschen von Teilen gewarteter Maschinen verwendet. [&hellip;]<\/p>\n","protected":false},"author":3,"featured_media":0,"parent":1181,"menu_order":0,"comment_status":"closed","ping_status":"open","template":"","meta":[],"_links":{"self":[{"href":"https:\/\/marwis.pl\/de\/wp-json\/wp\/v2\/pages\/1190"}],"collection":[{"href":"https:\/\/marwis.pl\/de\/wp-json\/wp\/v2\/pages"}],"about":[{"href":"https:\/\/marwis.pl\/de\/wp-json\/wp\/v2\/types\/page"}],"author":[{"embeddable":true,"href":"https:\/\/marwis.pl\/de\/wp-json\/wp\/v2\/users\/3"}],"replies":[{"embeddable":true,"href":"https:\/\/marwis.pl\/de\/wp-json\/wp\/v2\/comments?post=1190"}],"version-history":[{"count":10,"href":"https:\/\/marwis.pl\/de\/wp-json\/wp\/v2\/pages\/1190\/revisions"}],"predecessor-version":[{"id":6084,"href":"https:\/\/marwis.pl\/de\/wp-json\/wp\/v2\/pages\/1190\/revisions\/6084"}],"up":[{"embeddable":true,"href":"https:\/\/marwis.pl\/de\/wp-json\/wp\/v2\/pages\/1181"}],"wp:attachment":[{"href":"https:\/\/marwis.pl\/de\/wp-json\/wp\/v2\/media?parent=1190"}],"curies":[{"name":"wp","href":"https:\/\/api.w.org\/{rel}","templated":true}]}}