{"id":1218,"date":"2021-02-23T12:19:34","date_gmt":"2021-02-23T11:19:34","guid":{"rendered":"http:\/\/marwis.zoom.usermd.net\/?page_id=1218"},"modified":"2026-01-28T09:59:55","modified_gmt":"2026-01-28T08:59:55","slug":"mrs-wash-1000","status":"publish","type":"page","link":"https:\/\/marwis.pl\/de\/myjki-koszowe-automatyczne\/mrs-wash-1000\/","title":{"rendered":"Korbwaschanlage MRS WASH 1000"},"content":{"rendered":"<p>[vc_row][vc_column][vc_raw_html]JTVCZmxleHlfYnJlYWRjcnVtYiU1RA==[\/vc_raw_html][\/vc_column][\/vc_row][vc_row][vc_column width=&#8220;1\/2&#8243;][vc_row_inner][vc_column_inner]<div id='gallery-2' class='fastgallery fg_style1  '> <div data-img=\"https:\/\/marwis.pl\/wp-content\/uploads\/2021\/07\/MRS-WASH-1000_-1024x1024.jpg\"> <\/div><div data-img=\"https:\/\/marwis.pl\/wp-content\/uploads\/2021\/11\/mrs-wash-1000_0-1024x1024.jpg\"> <\/div><div data-img=\"https:\/\/marwis.pl\/wp-content\/uploads\/2021\/06\/MRS-WASH-1000_-1024x1024.jpg\"> <\/div><div style=\"clear:both\"><\/div><\/div>[\/vc_column_inner][\/vc_row_inner][\/vc_column][vc_column width=&#8220;1\/2&#8243;]\r\n    <div class=\"section_title\" style=\"text-align: center; margin: 0px auto 75px; padding: 0;\">\r\n        <h2 style=\"font-size:34px; color: #0066bf; font-weight: 800;\"> MRS-WASH 1000 <\/h2>\r\n         <div class=\"br\" style=\"margin: 0 auto;\"><\/div>             <\/div>\r\n\r\n    [vc_tta_accordion][vc_tta_section title=&#8220;ANWENDUNG&#8220; tab_id=&#8220;1611050130932-cc5a4393-a8f3&#8243;][vc_column_text]Die MRS-Wash Korbwaschanlage ist ein modernes Ger\u00e4t, das f\u00fcr die effiziente Reinigung gro\u00dfer und komplexer Bauteile konzipiert wurde.Das Herzst\u00fcck des Ger\u00e4ts ist ein motorbetriebener Drehkorb, in dem der Reinigungsprozess vollautomatisch abl\u00e4uft. Die automatische Funktion der Anlage wird durch ein Steuerpanel unterst\u00fctzt. Dank der pr\u00e4zise angeordneten Spr\u00fchd\u00fcsen erfolgt die Reinigung schnell, gr\u00fcndlich und reproduzierbar. MRS-Wash ist eine zuverl\u00e4ssige L\u00f6sung f\u00fcr die Industrie, in der Pr\u00e4zision, Effizienz und Bedienkomfort entscheidend sind. Das Ger\u00e4t wird bei der Entfettung von Bauteilen im Produktionsprozess sowie bei der Reinigung von gewarteten Maschinenteilen eingesetzt. es ist auch ideal f\u00fcr Werkst\u00e4tten geeignet, in denen Motoren, Getriebe, Kompressoren, Bauteile und alle anderen mit \u00d6l oder Schmierstoffen verschmutzten Teile \u00fcberholt werden.[\/vc_column_text][\/vc_tta_section][vc_tta_section title=&#8220;FUNKTIONSBESCHREIBUNG&#8220; tab_id=&#8220;1611050130945-8641945f-6d2e&#8220;][vc_column_text]Nach dem Einlegen der Teile in den Korb und dem Einschalten der Hauptschalter wird die Beckenheizung gestartet. Sobald die eingestellte Temperatur erreicht ist, kann der Waschzyklus gestartet werden. Im ersten Schritt wird der Hauptwaschgang aktiviert, dessen Dauer stufenlos \u00fcber einen Zeitgeber im Schaltschrank geregelt wird. Nach Ablauf dieser Zeit ist das Bad abgeschlossen.[\/vc_column_text][\/vc_tta_section][vc_tta_section title=&#8220;TECHNISCHE DATEN&#8220; tab_id=&#8220;1611052357239-a03ddaab-c372&#8243;][vc_column_text]Korbdurchmesser: 1000mm<br \/>\nArbeitsh\u00f6he: 500mm<br \/>\nTragf\u00e4higkeit des Korbes: 300kg<br \/>\nProgrammierung der Betriebszeit: 0-99 min<br \/>\nWaschtemperatur: 60st.C<br \/>\nLeistung der Heizung: 9-12kW<br \/>\nFassungsverm\u00f6gen des Tanks: 300l<br \/>\nSpr\u00fchleistung: 200l\/min<br \/>\nBetriebsdruck beim Spr\u00fchen: 4,5bar<br \/>\nGesamtbreite: 1550mm<br \/>\nGesamttiefe: 1550mm<br \/>\nGesamth\u00f6he geschlossen\/ge\u00f6ffnet: 1250\/2200mm<br \/>\nStromversorgung: 3~400V[\/vc_column_text][\/vc_tta_section][vc_tta_section title=&#8220;ZUS\u00c4TZLICHE AUSSTATTUNG&#8220; tab_id=&#8220;1638369742347-e3bce7e4-6b5a&#8220;][vc_column_text]Pneumatikzylinder<br \/>\nVerst\u00e4rkte Pumpe<br \/>\nSet mit kurzen Spr\u00fchlanzen<br \/>\nBand\u00f6lskimmer[\/vc_column_text][\/vc_tta_section][\/vc_tta_accordion][vc_btn title=&#8220;PREIS&#8220; style=&#8220;flat&#8220; color=&#8220;primary&#8220; size=&#8220;lg&#8220; align=&#8220;center&#8220; link=&#8220;url:https%3A%2F%2Fmarwis24.pl%2Fpl%2Fmyjka-koszowa-automatyczna-mrs-wash-1000.html||target:%20_blank|&#8220;][vc_column_text]<\/p>\n<p style=\"text-align: center;\"><strong><span style=\"color: #0066bf;\">Ben\u00f6tigen Sie ein Angebot <\/span><\/strong><\/p>\n<p style=\"text-align: center;\"><strong><span style=\"color: #0066bf;\">Rufen SIe und an! <\/span><\/strong><\/p>\n<p style=\"text-align: center;\"><strong><span style=\"color: #0066bf;\">Mobil: + 48 731 666 200<\/span><\/strong><\/p>\n<p>[\/vc_column_text][\/vc_column][\/vc_row]<\/p>","protected":false},"excerpt":{"rendered":"<p>[vc_row][vc_column][vc_raw_html]JTVCZmxleHlfYnJlYWRjcnVtYiU1RA==[\/vc_raw_html][\/vc_column][\/vc_row][vc_row][vc_column width=&#8220;1\/2&#8243;][vc_row_inner][vc_column_inner][\/vc_column_inner][\/vc_row_inner][\/vc_column][vc_column width=&#8220;1\/2&#8243;][vc_tta_accordion][vc_tta_section title=&#8220;ANWENDUNG&#8220; tab_id=&#8220;1611050130932-cc5a4393-a8f3&#8243;][vc_column_text]Die MRS-Wash Korbwaschanlage ist ein modernes Ger\u00e4t, das f\u00fcr die effiziente Reinigung gro\u00dfer und komplexer Bauteile konzipiert wurde.Das Herzst\u00fcck des Ger\u00e4ts ist ein motorbetriebener Drehkorb, in dem der Reinigungsprozess vollautomatisch abl\u00e4uft. Die automatische Funktion der Anlage wird durch ein Steuerpanel unterst\u00fctzt. Dank der pr\u00e4zise angeordneten Spr\u00fchd\u00fcsen erfolgt die Reinigung schnell, gr\u00fcndlich [&hellip;]<\/p>\n","protected":false},"author":3,"featured_media":0,"parent":1181,"menu_order":0,"comment_status":"closed","ping_status":"open","template":"","meta":[],"_links":{"self":[{"href":"https:\/\/marwis.pl\/de\/wp-json\/wp\/v2\/pages\/1218"}],"collection":[{"href":"https:\/\/marwis.pl\/de\/wp-json\/wp\/v2\/pages"}],"about":[{"href":"https:\/\/marwis.pl\/de\/wp-json\/wp\/v2\/types\/page"}],"author":[{"embeddable":true,"href":"https:\/\/marwis.pl\/de\/wp-json\/wp\/v2\/users\/3"}],"replies":[{"embeddable":true,"href":"https:\/\/marwis.pl\/de\/wp-json\/wp\/v2\/comments?post=1218"}],"version-history":[{"count":19,"href":"https:\/\/marwis.pl\/de\/wp-json\/wp\/v2\/pages\/1218\/revisions"}],"predecessor-version":[{"id":6231,"href":"https:\/\/marwis.pl\/de\/wp-json\/wp\/v2\/pages\/1218\/revisions\/6231"}],"up":[{"embeddable":true,"href":"https:\/\/marwis.pl\/de\/wp-json\/wp\/v2\/pages\/1181"}],"wp:attachment":[{"href":"https:\/\/marwis.pl\/de\/wp-json\/wp\/v2\/media?parent=1218"}],"curies":[{"name":"wp","href":"https:\/\/api.w.org\/{rel}","templated":true}]}}