{"id":1232,"date":"2021-02-23T12:32:28","date_gmt":"2021-02-23T11:32:28","guid":{"rendered":"http:\/\/marwis.zoom.usermd.net\/?page_id=1232"},"modified":"2025-10-21T09:58:52","modified_gmt":"2025-10-21T07:58:52","slug":"mrs-wash-1200-z-wymiennymi-koszami","status":"publish","type":"page","link":"https:\/\/marwis.pl\/de\/myjki-koszowe-automatyczne\/mrs-wash-1200-z-wymiennymi-koszami\/","title":{"rendered":"MRS WASH 1200 mit austauschbaren K\u00f6rben"},"content":{"rendered":"<p>[vc_row][vc_column][vc_raw_html]JTVCZmxleHlfYnJlYWRjcnVtYiU1RA==[\/vc_raw_html][\/vc_column][\/vc_row][vc_row][vc_column width=&#8220;1\/2&#8243;]<div id='gallery-2' class='fastgallery fg_style1  '> <div data-img=\"https:\/\/marwis.pl\/wp-content\/uploads\/2021\/02\/mrs-wash-1200-1024x1024.png\"> <\/div><div data-img=\"https:\/\/marwis.pl\/wp-content\/uploads\/2021\/02\/mrs-wash-1200-2-1024x1024.png\"> <\/div><div data-img=\"https:\/\/marwis.pl\/wp-content\/uploads\/2021\/02\/15.jpg\"> <\/div><div data-img=\"https:\/\/marwis.pl\/wp-content\/uploads\/2021\/02\/5.jpg\"> <\/div><div data-img=\"https:\/\/marwis.pl\/wp-content\/uploads\/2021\/02\/4.jpg\"> <\/div><div style=\"clear:both\"><\/div><\/div>[\/vc_column][vc_column width=&#8220;1\/2&#8243;]\r\n    <div class=\"section_title\" style=\"text-align: center; margin: 0px auto 75px; padding: 0;\">\r\n        <h2 style=\"font-size:34px; color: #0066bf; font-weight: 800;\"> MRS WASH 1200 mit austauschbaren K\u00f6rben <\/h2>\r\n         <div class=\"br\" style=\"margin: 0 auto;\"><\/div>             <\/div>\r\n\r\n    [vc_tta_accordion][vc_tta_section title=&#8220;ANWENDUNG&#8220; tab_id=&#8220;1611050130932-cc5a4393-a8f3&#8243;][vc_column_text]Das Ger\u00e4t wird zum Entfetten von Elementen im Produktionsprozess beim Waschen von Teilen gewarteter Maschinen verwendet. Sie sind auch f\u00fcr Werkst\u00e4tten bestimmt, in denen Motoren, Getriebe, Kompressoren, Teile und alle anderen Details mit \u00d6len und Fetten verschmutzt sind.[\/vc_column_text][\/vc_tta_section][vc_tta_section title=&#8220;BESCHREIBUNG DER FUNKTION DER GER\u00c4TE&#8220; tab_id=&#8220;1611050130945-8641945f-6d2e&#8220;][vc_column_text]<\/p>\n<div>Nach dem Einschalten des Ger\u00e4tes beginnt der Hauptschalter mit dem Aufheizen des Bades, wodurch nach Erreichen der eingestellten Temperatur der Sp\u00fclvorgang gestartet werden kann.<\/div>\n<div>Als erster Schritt wird die Hauptw\u00e4sche gestartet, deren Zeit durch die Zeitschaltuhr im Schaltkasten stufenlos geregelt wird. Nach Ablauf dieser Zeit ist das Bad beendet.<\/div>\n<p>[\/vc_column_text][\/vc_tta_section][vc_tta_section title=&#8220;TECHNISCHE DATEN&#8220; tab_id=&#8220;1611052357239-a03ddaab-c372&#8243;][vc_column_text]Korbdurchmesser: 600 mm<br \/>\nArbeitsh\u00f6he: 330 mm<br \/>\nKorbtragf\u00e4higkeit: 100 kg<br \/>\nProgrammierung der Arbeitszeit: 0-99 min<br \/>\nWaschtemperatur: 60 Grad C.<br \/>\nHeizleistung: 2kW<br \/>\nTankinhalt: 80 l<br \/>\nSpr\u00fchleistung: 200 l \/ min<br \/>\nSpritzarbeitsdruck: 4,5 bar<br \/>\nB x T x H: 870 x 950 x 1200 mm<br \/>\nGeschlossene \/ offene H\u00f6he: 1200\/2500 mm<br \/>\nStromversorgung: 230V \/ 50Hz[\/vc_column_text][\/vc_tta_section][\/vc_tta_accordion][vc_btn title=&#8220;SIECHE DEN PREIS&#8220; style=&#8220;flat&#8220; color=&#8220;primary&#8220; size=&#8220;lg&#8220; align=&#8220;center&#8220; link=&#8220;url:https%3A%2F%2Fmarwis24.pl%2Fpl%2Fp%2FMyjnia-koszowa-automatyczna-MRS-WASH-600-%2F23100649||target:%20_blank|&#8220;][vc_column_text]<\/p>\n<p style=\"text-align: center;\"><span style=\"color: #0066bf;\">Fordern Sie ein spezielles Angebot f\u00fcr Sie an.<br \/>\n<strong>Ruf mich an!<\/strong><br \/>\n<strong>Telefon: 731 666 100.<\/strong><\/span><\/p>\n<p>[\/vc_column_text][\/vc_column][\/vc_row]<\/p>","protected":false},"excerpt":{"rendered":"<p>[vc_row][vc_column][vc_raw_html]JTVCZmxleHlfYnJlYWRjcnVtYiU1RA==[\/vc_raw_html][\/vc_column][\/vc_row][vc_row][vc_column width=&#8220;1\/2&#8243;][\/vc_column][vc_column width=&#8220;1\/2&#8243;][vc_tta_accordion][vc_tta_section title=&#8220;ANWENDUNG&#8220; tab_id=&#8220;1611050130932-cc5a4393-a8f3&#8243;][vc_column_text]Das Ger\u00e4t wird zum Entfetten von Elementen im Produktionsprozess beim Waschen von Teilen gewarteter Maschinen verwendet. Sie sind auch f\u00fcr Werkst\u00e4tten bestimmt, in denen Motoren, Getriebe, Kompressoren, Teile und alle anderen Details mit \u00d6len und Fetten verschmutzt sind.[\/vc_column_text][\/vc_tta_section][vc_tta_section title=&#8220;BESCHREIBUNG DER FUNKTION DER GER\u00c4TE&#8220; tab_id=&#8220;1611050130945-8641945f-6d2e&#8220;][vc_column_text] Nach dem Einschalten des Ger\u00e4tes beginnt der [&hellip;]<\/p>\n","protected":false},"author":3,"featured_media":0,"parent":1181,"menu_order":0,"comment_status":"closed","ping_status":"open","template":"","meta":[],"_links":{"self":[{"href":"https:\/\/marwis.pl\/de\/wp-json\/wp\/v2\/pages\/1232"}],"collection":[{"href":"https:\/\/marwis.pl\/de\/wp-json\/wp\/v2\/pages"}],"about":[{"href":"https:\/\/marwis.pl\/de\/wp-json\/wp\/v2\/types\/page"}],"author":[{"embeddable":true,"href":"https:\/\/marwis.pl\/de\/wp-json\/wp\/v2\/users\/3"}],"replies":[{"embeddable":true,"href":"https:\/\/marwis.pl\/de\/wp-json\/wp\/v2\/comments?post=1232"}],"version-history":[{"count":11,"href":"https:\/\/marwis.pl\/de\/wp-json\/wp\/v2\/pages\/1232\/revisions"}],"predecessor-version":[{"id":6030,"href":"https:\/\/marwis.pl\/de\/wp-json\/wp\/v2\/pages\/1232\/revisions\/6030"}],"up":[{"embeddable":true,"href":"https:\/\/marwis.pl\/de\/wp-json\/wp\/v2\/pages\/1181"}],"wp:attachment":[{"href":"https:\/\/marwis.pl\/de\/wp-json\/wp\/v2\/media?parent=1232"}],"curies":[{"name":"wp","href":"https:\/\/api.w.org\/{rel}","templated":true}]}}