{"id":1241,"date":"2021-02-23T12:37:01","date_gmt":"2021-02-23T11:37:01","guid":{"rendered":"http:\/\/marwis.zoom.usermd.net\/?page_id=1241"},"modified":"2025-12-08T11:02:49","modified_gmt":"2025-12-08T10:02:49","slug":"mrs-wash-600-bebnowa","status":"publish","type":"page","link":"https:\/\/marwis.pl\/de\/myjki-koszowe-automatyczne\/mrs-wash-600-bebnowa\/","title":{"rendered":"MRS WASH 600 Trommelwashanlage"},"content":{"rendered":"<p>[vc_row][vc_column][vc_raw_html]JTVCZmxleHlfYnJlYWRjcnVtYiU1RA==[\/vc_raw_html][\/vc_column][\/vc_row][vc_row][vc_column width=&#8220;1\/2&#8243;]<div id='gallery-2' class='fastgallery fg_style1  '> <div data-img=\"https:\/\/marwis.pl\/wp-content\/uploads\/2021\/02\/mrs-wash-600-bebnowa-1024x1024.png\"> <\/div><div style=\"clear:both\"><\/div><\/div>[\/vc_column][vc_column width=&#8220;1\/2&#8243;]\r\n    <div class=\"section_title\" style=\"text-align: center; margin: 0px auto 75px; padding: 0;\">\r\n        <h2 style=\"font-size:34px; color: #0066bf; font-weight: 800;\"> MRS WASH 600 Trommelwaschanlage <\/h2>\r\n         <div class=\"br\" style=\"margin: 0 auto;\"><\/div>             <\/div>\r\n\r\n    [vc_tta_accordion][vc_tta_section title=&#8220;ANWENDUNG&#8220; tab_id=&#8220;1611050130932-cc5a4393-a8f3&#8243;][vc_column_text]Die Trommelwaschanlage MARWIS MRS WASH 600 ist ein fortschrittliches Ger\u00e4t zum Reinigen und Entfetten von Industriekomponenten. Sie erm\u00f6glicht sowohl den automatischen als auch den manuellen Betrieb und gew\u00e4hrleistet eine hohe Reinigungsleistung sowie volle Kontrolle \u00fcber den Prozess.<\/p>\n<p>Automatischer Waschzyklus<\/p>\n<p>Nach dem Bef\u00fcllen des Tanks mit Fl\u00fcssigkeit und dem Einlegen der Teile in den Korb m\u00fcssen nur die Parameter am Bedienfeld eingestellt und \u201eStart\u201c gedr\u00fcckt werden. Das Ger\u00e4t:<\/p>\n<p>Erw\u00e4rmt die Fl\u00fcssigkeit auf die eingestellte Temperatur.<br \/>\nStartet den Hauptwaschvorgang, bei dem die Pumpe die Fl\u00fcssigkeit zu den D\u00fcsen in den rotierenden Armen f\u00f6rdert.<br \/>\nSchaltet automatisch auf das Vortrocknen mit Druckluft um.<br \/>\nBeendet den Vorgang mit Hei\u00dflufttrocknung, deren Dauer \u00fcber den Controller einstellbar ist.<br \/>\nNach Abschluss des Prozesses kann die Abdeckung sicher ge\u00f6ffnet und die Teile entnommen werden.<\/p>\n<p>Manueller Modus<\/p>\n<p>Im manuellen Modus w\u00e4hlt der Bediener selbst, welcher Schritt gestartet werden soll. Jeder Vorgang dauert entsprechend der am Regler eingestellten Zeit und kann jederzeit mit der Stop-Taste unterbrochen werden. Der Fl\u00fcssigkeitsheizer l\u00e4uft w\u00e4hrend des gesamten Prozesses.<\/p>\n<p>Korbbetrieb und Entleerung<\/p>\n<p>Der Korb verf\u00fcgt \u00fcber zwei Klappen und kann manuell oder automatisch durch Dr\u00fccken der Auswurftaste entleert werden. Der drehbare Korb leitet die Teile zum Auswurftrichter.<\/p>\n<p>Automatische Wasserzufuhr<\/p>\n<p>Das System \u00fcberwacht den Fl\u00fcssigkeitsstand und stoppt den Waschprozess, \u00f6ffnet das Magnetventil und aktiviert die Signalisierung, wenn der Mindeststand unterschritten wird. Das Nachf\u00fcllen endet automatisch, sobald der Maximalstand erreicht ist.<\/p>\n<p>Wartung<\/p>\n<p>Das Ger\u00e4t ist mit einem Ablassventil zur Entleerung des Tanks sowie einem zylindrischen Filter ausgestattet, der regelm\u00e4\u00dfig gereinigt werden muss. Der Korb l\u00e4sst sich leicht entnehmen, um ihn weiter zu reinigen[\/vc_column_text][\/vc_tta_section][vc_tta_section title=&#8220;TECHNISCHE DATEN&#8220; tab_id=&#8220;1611052357239-a03ddaab-c372&#8243;][vc_column_text]Korbdurchmesser: 600 mm<br \/>\nArbeitsh\u00f6he: 330 mm<br \/>\nKorbtragf\u00e4higkeit: 30 kg<br \/>\nProgrammierbare Arbeitszeit: 0\u201399 min<br \/>\nWaschtemperatur: 60\u202f\u00b0C<br \/>\nHeizleistung: 2 kW<br \/>\nTankvolumen: 80 L<br \/>\nSpritzleistung: 200 L\/min<br \/>\nBetriebsdruck der Spritzd\u00fcsen: 4,5 bar<br \/>\nAbmessungen (B \u00d7 T \u00d7 H): 870 \u00d7 950 \u00d7 1200 mm<br \/>\nH\u00f6he (geschlossen\/offen): 1200 \/ 2500 mm<br \/>\nStromversorgung: 230 V \/ 50 Hz[\/vc_column_text][\/vc_tta_section][\/vc_tta_accordion][vc_btn title=&#8220;SIECHE DEN PREIS&#8220; style=&#8220;flat&#8220; color=&#8220;primary&#8220; size=&#8220;lg&#8220; align=&#8220;center&#8220; link=&#8220;url:https%3A%2F%2Fmarwis24.pl%2Fpl%2Fp%2FMyjnia-koszowa-automatyczna-MRS-WASH-600-%2F23100649||target:%20_blank|&#8220;][vc_column_text]<\/p>\n<p style=\"text-align: center;\">Fragen Sie nach einem speziellen Angebot f\u00fcr Sie.<br \/>\n<strong>Rufen SIe uns an!<\/strong><br \/>\n<strong>Mobil: 731 666 100<\/strong><\/p>\n<p>[\/vc_column_text][\/vc_column][\/vc_row]<\/p>","protected":false},"excerpt":{"rendered":"<p>[vc_row][vc_column][vc_raw_html]JTVCZmxleHlfYnJlYWRjcnVtYiU1RA==[\/vc_raw_html][\/vc_column][\/vc_row][vc_row][vc_column width=&#8220;1\/2&#8243;][\/vc_column][vc_column width=&#8220;1\/2&#8243;][vc_tta_accordion][vc_tta_section title=&#8220;ANWENDUNG&#8220; tab_id=&#8220;1611050130932-cc5a4393-a8f3&#8243;][vc_column_text]Die Trommelwaschanlage MARWIS MRS WASH 600 ist ein fortschrittliches Ger\u00e4t zum Reinigen und Entfetten von Industriekomponenten. Sie erm\u00f6glicht sowohl den automatischen als auch den manuellen Betrieb und gew\u00e4hrleistet eine hohe Reinigungsleistung sowie volle Kontrolle \u00fcber den Prozess. Automatischer Waschzyklus Nach dem Bef\u00fcllen des Tanks mit Fl\u00fcssigkeit und dem Einlegen der Teile [&hellip;]<\/p>\n","protected":false},"author":3,"featured_media":0,"parent":1181,"menu_order":0,"comment_status":"closed","ping_status":"open","template":"","meta":[],"_links":{"self":[{"href":"https:\/\/marwis.pl\/de\/wp-json\/wp\/v2\/pages\/1241"}],"collection":[{"href":"https:\/\/marwis.pl\/de\/wp-json\/wp\/v2\/pages"}],"about":[{"href":"https:\/\/marwis.pl\/de\/wp-json\/wp\/v2\/types\/page"}],"author":[{"embeddable":true,"href":"https:\/\/marwis.pl\/de\/wp-json\/wp\/v2\/users\/3"}],"replies":[{"embeddable":true,"href":"https:\/\/marwis.pl\/de\/wp-json\/wp\/v2\/comments?post=1241"}],"version-history":[{"count":11,"href":"https:\/\/marwis.pl\/de\/wp-json\/wp\/v2\/pages\/1241\/revisions"}],"predecessor-version":[{"id":6080,"href":"https:\/\/marwis.pl\/de\/wp-json\/wp\/v2\/pages\/1241\/revisions\/6080"}],"up":[{"embeddable":true,"href":"https:\/\/marwis.pl\/de\/wp-json\/wp\/v2\/pages\/1181"}],"wp:attachment":[{"href":"https:\/\/marwis.pl\/de\/wp-json\/wp\/v2\/media?parent=1241"}],"curies":[{"name":"wp","href":"https:\/\/api.w.org\/{rel}","templated":true}]}}