{"id":1266,"date":"2021-03-01T12:25:52","date_gmt":"2021-03-01T11:25:52","guid":{"rendered":"http:\/\/marwis.zoom.usermd.net\/?page_id=1266"},"modified":"2026-04-16T14:40:27","modified_gmt":"2026-04-16T12:40:27","slug":"urzadzenie-dpf-duo-premium","status":"publish","type":"page","link":"https:\/\/marwis.pl\/de\/urzadzenia-do-regeneracji-dpf-fap\/urzadzenie-dpf-duo-premium\/","title":{"rendered":"DPF Duo Premium"},"content":{"rendered":"<p>[vc_row][vc_column][vc_raw_html]JTVCZmxleHlfYnJlYWRjcnVtYiU1RA==[\/vc_raw_html][\/vc_column][\/vc_row][vc_row][vc_column width=&#8220;1\/2&#8243;]<div id='gallery-2' class='fastgallery fg_style1  '> <div data-img=\"https:\/\/marwis.pl\/wp-content\/uploads\/2022\/04\/DSC_0644-v3-kopia_-1024x1024.jpg\"> <\/div><div data-img=\"https:\/\/marwis.pl\/wp-content\/uploads\/2021\/03\/dpf-duo-premium-2.png\"> <\/div><div data-img=\"https:\/\/marwis.pl\/wp-content\/uploads\/2022\/04\/DSC_0549_v3-kopia_-1024x1024.jpg\"> <\/div><div data-img=\"https:\/\/marwis.pl\/wp-content\/uploads\/2022\/04\/suszarka-dpf-duo-premium_-1024x1024.jpg\"> <\/div><div data-img=\"https:\/\/marwis.pl\/wp-content\/uploads\/2022\/04\/DSC_0494_v3-kopia_-1024x1024.jpg\"> <\/div><div data-img=\"https:\/\/marwis.pl\/wp-content\/uploads\/2021\/11\/wyswietlacz-dpf-1024x1024.jpg\"> <\/div><div style=\"clear:both\"><\/div><\/div>[\/vc_column][vc_column width=&#8220;1\/2&#8243;]\r\n    <div class=\"section_title\" style=\"text-align: center; margin: 0px auto 75px; padding: 0;\">\r\n        <h2 style=\"font-size:34px; color: #0066bf; font-weight: 800;\"> DPF Duo Premium <\/h2>\r\n         <div class=\"br\" style=\"margin: 0 auto;\"><\/div>             <\/div>\r\n\r\n    [vc_tta_accordion][vc_tta_section title=&#8220;ANWENDUNG&#8220; tab_id=&#8220;1611050130932-cc5a4393-a8f3&#8243;][vc_column_text]Automatische Anlage zur Nassreinigung von Dieselpartikelfiltern (DPF\/FAP) und Katalysatoren.<br \/>\nDPF DUO Premium = Waschkabine + Trockner \u2013 erm\u00f6glicht eine maximale Optimierung des Regenerationsprozesses. Ein gut organisierter Bediener kann gleichzeitig mit drei Filtern arbeiten.<\/p>\n<p>Vorteile des DPF DUO Premium:<\/p>\n<p>* Separater Trockner verdoppelt die Arbeitsleistung<br \/>\n* Einzigartig: gro\u00dfer Schlauchdurchmesser f\u00fcr den Anschluss des DPF-Filters \u2013 gro\u00dfer Durchmesser = viel Wasser = effektivere Reinigung<br \/>\n* Unser Filterschnellspannsystem verzichtet auf Elemente im Inneren des Filterrohres, die den Wasserstrom blockieren<br \/>\n* Dadurch wird die volle Leistung der Wasser- und Luftpumpe genutzt, was die Regenerationszeit deutlich verk\u00fcrzt<br \/>\n* Gro\u00dfe Kabine bietet dem Bediener volle Flexibilit\u00e4t bei der Positionierung des Filters \u2013 die Position wird auf Basis seiner Erfahrung gew\u00e4hlt<br \/>\n* Sicherheitssystem gegen zu hohen Druck im Filter w\u00e4hrend der Reinigung<br \/>\n* Sicherheitssystem gegen fehlenden Luftstrom w\u00e4hrend der Trocknung<br \/>\n* Individuelle Einstellung des Reinigungsprogramms je nach Filtervolumen<br \/>\n* Stabile Filterfixierung w\u00e4hrend des Trocknungsvorgangs<br \/>\n* Dreistufiges Schmutzwasser-Filtersystem<br \/>\n* Temperaturregler f\u00fcr das Wasser<br \/>\n* Isolierter Wassertank<br \/>\n* M\u00f6glichkeit der Schulung beim Kunden vor Ort<\/p>\n<p>Die Anlage entfernt Ru\u00df und Asche aus DPF-\/FAP-Filtern, ohne die Filterstruktur zu besch\u00e4digen, und stellt bis zu 99 % der urspr\u00fcnglichen Durchflusskapazit\u00e4t wieder her. Unsere Technologen haben gr\u00f6\u00dften Wert darauf gelegt, dass sowohl das Reinigungsverfahren als auch die verwendeten Reinigungsmittel umweltfreundlich und sicher f\u00fcr die Maschinenbediener sind.[\/vc_column_text][\/vc_tta_section][vc_tta_section title=&#8220;FUNKTIONSBESCHREIBUNG&#8220; tab_id=&#8220;1611050130945-8641945f-6d2e&#8220;][vc_column_text]Vor Beginn der Reinigung \u00fcberpr\u00fcft der Techniker mithilfe einer Endoskopkamera den Filter auf mechanische Besch\u00e4digungen. Wenn Schmelzspuren, Risse im Keramikeinsatz oder andere sichtbare mechanische Sch\u00e4den festgestellt werden, die in die Struktur des DPF-Filters eingreifen, ist eine Regeneration nicht m\u00f6glich.<\/p>\n<p>Der Regenerationsprozess findet in einer geschlossener Reinigungskabine statt, die mit Filtern ausgestattet ist, die das Austreten von Schadstoffen in den Raum, in dem sich die Maschine befindet, verhindern. Das Wasser mit Reinigungsmittel zirkuliert in einem geschlossenen Kreislauf und wird w\u00e4hrend des gesamten Prozesses gefiltert, was die Lebensdauer des Bades erheblich verl\u00e4ngert.<\/p>\n<p>Das DPF DUO Premium reinigt die Filter mit Wasser, Chemie und Druckluft.<br \/>\nEine sorgf\u00e4ltig abgestimmte, computergesteuerte Sequenz aus der Zufuhr von Wasser mit Reinigungsmittel, Luft sowie Impulsen aus Druckluft sorgt f\u00fcr eine hohe Reinigungsleistung.<\/p>\n<p>Nach dem Reinigungsprozess wird der Filter mit einem separaten Ger\u00e4t bei 90\u202f\u00b0C hei\u00dfer Luft getrocknet, was eine vollst\u00e4ndige Verdampfung der Reinigungsl\u00f6sung gew\u00e4hrleistet. Nach dem Trocknen f\u00fchrt die Maschine eine abschlie\u00dfende Gegendruckmessung durch. Diese Messung kann auch vor der Reinigung durchgef\u00fchrt werden, um die Werte vor und nach dem Prozess miteinander zu vergleichen. Das Ger\u00e4t ist mit einem Drucker ausgestattet, der einen Messprotokollausdruck erm\u00f6glicht.<\/p>\n<p>Die Reinigungszeit eines Filters von Pkw oder leichten Nutzfahrzeugen betr\u00e4gt 20\u201340 Minuten,<br \/>\nwodurch bis zu ein Dutzend Filter innerhalb von 8 Stunden regeneriert werden k\u00f6nnen. Die hohe Effizienz in Kombination mit niedrigen Betriebskosten garantiert eine schnelle Amortisation der Investition.<\/p>\n<p>&nbsp;<\/p>\n<p>[\/vc_column_text][\/vc_tta_section][vc_tta_section title=&#8220;TECHNISCHE DATEN&#8220; tab_id=&#8220;1611052357239-a03ddaab-c372&#8243;][vc_column_text]Gesamtfl\u00e4che 2350x1400x2460mm<br \/>\nArbeitsbereich 2000x900x1100mm<br \/>\nOberlast 350 kg<br \/>\nTankinhalt 400L<br \/>\nStromversorgung \/ Leistung 400 \/ 230V \/ 12kW<br \/>\nLuftversorgung 8Ba, 200L \/ min<br \/>\nFilterfl\u00e4che: 15,6m2<br \/>\nGewicht 750 kg<br \/>\nMaterial Edelstahl 304L<br \/>\nLED-Beleuchtung<\/p>\n<p>Technische Voraussetzungen:<br \/>\nSpannung 3P 400 \/ 230V 50Hz<br \/>\nMaximale Leistung: 18kW<br \/>\nDruckluft: min. 8Bar, Schlauchdurchmesser 8mm2<br \/>\nMindestsicherheit: S303 C25<br \/>\nEmpfohlener Schutz: S303 B32<br \/>\n32A 5P Stecker<br \/>\nStromverbrauch:<br \/>\nNur 10kW Trocknung<br \/>\nNur 8kW Waschen[\/vc_column_text][\/vc_tta_section][vc_tta_section title=&#8220;ZUS\u00c4TZLICHE OPTIONEN&#8220; tab_id=&#8220;1623415052231-44afb5ce-ed9e&#8220;][vc_column_text]Vakuum-DPF Premium<br \/>\nMontagetisch<br \/>\nSchulung<\/p>\n<p>[\/vc_column_text][\/vc_tta_section][vc_tta_section title=&#8220;Video&#8220; tab_id=&#8220;1765881632011-082baa6d-4abf&#8220;][vc_video link=&#8220;https:\/\/youtu.be\/e7JxXdNX3Ec&#8220;][\/vc_tta_section][\/vc_tta_accordion][vc_btn title=&#8220;PREIS&#8220; style=&#8220;flat&#8220; color=&#8220;primary&#8220; size=&#8220;lg&#8220; align=&#8220;center&#8220; link=&#8220;url:https%3A%2F%2Fmarwis24.pl%2Fpl%2Fp%2FMyjka-biologiczna-bio-wash-800-bioremediacja-%2F23100668||target:%20_blank|&#8220;][vc_column_text]<\/p>\n<p style=\"text-align: center;\"><span style=\"color: #0066bf;\">Brauchen Sie ein Angebot?<br \/>\n<strong>Rufen Sie uns an!<\/strong><br \/>\n<strong>Mobil:+48 731 666 100<\/strong><\/span><\/p>\n<p>[\/vc_column_text][\/vc_column][\/vc_row]<\/p>","protected":false},"excerpt":{"rendered":"<p>[vc_row][vc_column][vc_raw_html]JTVCZmxleHlfYnJlYWRjcnVtYiU1RA==[\/vc_raw_html][\/vc_column][\/vc_row][vc_row][vc_column width=&#8220;1\/2&#8243;][\/vc_column][vc_column width=&#8220;1\/2&#8243;][vc_tta_accordion][vc_tta_section title=&#8220;ANWENDUNG&#8220; tab_id=&#8220;1611050130932-cc5a4393-a8f3&#8243;][vc_column_text]Automatische Anlage zur Nassreinigung von Dieselpartikelfiltern (DPF\/FAP) und Katalysatoren. DPF DUO Premium = Waschkabine + Trockner \u2013 erm\u00f6glicht eine maximale Optimierung des Regenerationsprozesses. Ein gut organisierter Bediener kann gleichzeitig mit drei Filtern arbeiten. Vorteile des DPF DUO Premium: * Separater Trockner verdoppelt die Arbeitsleistung * Einzigartig: gro\u00dfer Schlauchdurchmesser f\u00fcr den Anschluss [&hellip;]<\/p>\n","protected":false},"author":3,"featured_media":0,"parent":1246,"menu_order":0,"comment_status":"closed","ping_status":"open","template":"","meta":[],"_links":{"self":[{"href":"https:\/\/marwis.pl\/de\/wp-json\/wp\/v2\/pages\/1266"}],"collection":[{"href":"https:\/\/marwis.pl\/de\/wp-json\/wp\/v2\/pages"}],"about":[{"href":"https:\/\/marwis.pl\/de\/wp-json\/wp\/v2\/types\/page"}],"author":[{"embeddable":true,"href":"https:\/\/marwis.pl\/de\/wp-json\/wp\/v2\/users\/3"}],"replies":[{"embeddable":true,"href":"https:\/\/marwis.pl\/de\/wp-json\/wp\/v2\/comments?post=1266"}],"version-history":[{"count":47,"href":"https:\/\/marwis.pl\/de\/wp-json\/wp\/v2\/pages\/1266\/revisions"}],"predecessor-version":[{"id":6616,"href":"https:\/\/marwis.pl\/de\/wp-json\/wp\/v2\/pages\/1266\/revisions\/6616"}],"up":[{"embeddable":true,"href":"https:\/\/marwis.pl\/de\/wp-json\/wp\/v2\/pages\/1246"}],"wp:attachment":[{"href":"https:\/\/marwis.pl\/de\/wp-json\/wp\/v2\/media?parent=1266"}],"curies":[{"name":"wp","href":"https:\/\/api.w.org\/{rel}","templated":true}]}}