{"id":1273,"date":"2021-03-01T12:41:35","date_gmt":"2021-03-01T11:41:35","guid":{"rendered":"http:\/\/marwis.zoom.usermd.net\/?page_id=1273"},"modified":"2021-11-17T21:28:14","modified_gmt":"2021-11-17T20:28:14","slug":"automatyczne-urzadzenie-do-regeneracji-filtrow-czastek-stalych-dpf-hydro-lux","status":"publish","type":"page","link":"https:\/\/marwis.pl\/de\/urzadzenia-do-regeneracji-dpf-fap\/automatyczne-urzadzenie-do-regeneracji-filtrow-czastek-stalych-dpf-hydro-lux\/","title":{"rendered":"DPF Hydro LUX"},"content":{"rendered":"<p>[vc_row][vc_column][vc_raw_html]JTVCZmxleHlfYnJlYWRjcnVtYiU1RA==[\/vc_raw_html][\/vc_column][\/vc_row][vc_row][vc_column width=&#8220;1\/2&#8243;]<div id='gallery-2' class='fastgallery fg_style1  '> <div data-img=\"https:\/\/marwis.pl\/wp-content\/uploads\/2021\/03\/dpf-hydro-lux.png\"> <\/div><div data-img=\"https:\/\/marwis.pl\/wp-content\/uploads\/2021\/03\/DPF-Hydro-Cleaning-9.png\"> <\/div><div data-img=\"https:\/\/marwis.pl\/wp-content\/uploads\/2021\/03\/DPF-Hydro-Cleaning-14.png\"> <\/div><div data-img=\"https:\/\/marwis.pl\/wp-content\/uploads\/2021\/03\/dpf-hydro-lux-4.png\"> <\/div><div data-img=\"https:\/\/marwis.pl\/wp-content\/uploads\/2021\/03\/dpf-hydro-lux-6.png\"> <\/div><div data-img=\"https:\/\/marwis.pl\/wp-content\/uploads\/2021\/03\/dpf-hydro-lux-2.png\"> <\/div><div data-img=\"https:\/\/marwis.pl\/wp-content\/uploads\/2021\/03\/dpf-hydro-lux-3.png\"> <\/div><div style=\"clear:both\"><\/div><\/div>[\/vc_column][vc_column width=&#8220;1\/2&#8243;]\r\n    <div class=\"section_title\" style=\"text-align: center; margin: 0px auto 75px; padding: 0;\">\r\n        <h2 style=\"font-size:34px; color: #0066bf; font-weight: 800;\"> Automatisches Ger\u00e4t zur Regeneration von DPF Hydro LUX Partikelfiltern <\/h2>\r\n         <div class=\"br\" style=\"margin: 0 auto;\"><\/div>             <\/div>\r\n\r\n    [vc_tta_accordion][vc_tta_section title=&#8220;ANWENDUNG&#8220; tab_id=&#8220;1623417465413-262c6e4d-e558&#8243;][vc_column_text]DPF Hydro LUX<\/p>\n<p>Automatisches Ger\u00e4t zur Wasserreinigung von DPF, FAP, GPF Partikelfilter, Katalysatoren und kleineren LKW<\/p>\n<p>Die Firma Marwis, ein f\u00fchrender polnischer Hersteller von Reinigungs- und Waschger\u00e4ten, bietet seit vielen Jahren Ger\u00e4te an, die in vielen Werkst\u00e4tten oder Industrieanlagen zum Einsatz kommen. Als Reaktion auf die aktuellen Bed\u00fcrfnisse des Automobilmarktes haben wir das DPF Hydro LUX Ger\u00e4t entwickelt. Diese Maschine erm\u00f6glicht die Entfernung von Ru\u00df und Asche aus dem DPF \/ FAP-Filter, ohne die Filterstruktur zu beeintr\u00e4chtigen, und stellt bis zu 99% der Nennkapazit\u00e4t wieder her. Unsere Technologen haben alle Anstrengungen unternommen, um sicherzustellen, dass das Reinigungsverfahren f\u00fcr die Umwelt und die Maschinenbediener sicher ist.<\/p>\n<p>&nbsp;<\/p>\n<p>Der Regenerationsprozess findet in einer geschlossenen Kammer statt, die mit Filtern ausgestattet ist, die verhindern, dass sch\u00e4dliche Verunreinigungen in den Raum, in dem sich die Maschine befindet, entweichen. Das fl\u00fcssige Wasser zirkuliert in einem geschlossenen Kreislauf und wird w\u00e4hrend des gesamten Prozesses gefiltert, was die Standzeit des Bades deutlich verl\u00e4ngert. DPF Hydro Lux reinigt Filter mit Wasser, Chemikalien und Luft. Richtig ausgew\u00e4hlt, computergesteuert &#8211; die Reihenfolge der Wasserzufuhr mit einem chemischen Mittel, Luft, kombiniert mit Impulsen, die durch Druckluft erzeugt werden, sorgen f\u00fcr eine hohe Regenerationseffizienz.<\/p>\n<p>Nach Beendigung des Reinigungsvorgangs trocknet das Ger\u00e4t den Filter mit Luft bei 90oC, wodurch eine vollst\u00e4ndige Verdunstung der Reinigungsl\u00f6sung gew\u00e4hrleistet wird. Nach Abschluss der Trocknung f\u00fchrt die Maschine eine abschlie\u00dfende Messung des Gegendrucks durch. Diese Messung kann auch vor der Reinigung erfolgen, was einen sp\u00e4teren Vergleich der Gegendruckwerte vor und nach der Reinigung erm\u00f6glicht. Das Ger\u00e4t ist mit einem Drucker ausgestattet, mit dem Sie das Messprotokoll ausdrucken k\u00f6nnen.<\/p>\n<p>Die Filterreinigungszeit f\u00fcr Pkw oder Transporter betr\u00e4gt 20-40 Minuten, was die Regeneration von bis zu einem Dutzend Filter innerhalb von 8 Stunden erm\u00f6glicht. Hohe Effizienz kombiniert mit niedrigen Betriebskosten garantiert eine schnelle Amortisation der Anschaffungskosten.[\/vc_column_text][\/vc_tta_section][vc_tta_section title=&#8220;BESCHREIBUNG DER FUNKTION DER GER\u00c4TE&#8220; tab_id=&#8220;1611050130945-8641945f-6d2e&#8220;][vc_column_text]Merkmale des DPF Hydro LUX:<\/p>\n<p>Reinigt DPF, FAP, GPF Filter und Katalysatoren aller Marken und kleinerer Trucks<br \/>\nOnline-Erstdiagnose !,<br \/>\nEntfernt bis zu 99% der Verunreinigungen im Filter<br \/>\nReinigungszeit 20-40 Minuten Pkw, bis 75 Minuten Lkw,<br \/>\nGro\u00dfe Filterfl\u00e4che &#8211; bis zu 7,8 m2<br \/>\nHei\u00dflufttrocknung bis 90oC<br \/>\nEs erfordert kein Schneiden, Modifizieren oder Schwei\u00dfen des Filters,<br \/>\nBeim Reinigen des Filters gelangen keine Partikel in die Luft.<br \/>\nDie Leistungsaufnahme des Ger\u00e4tes ist im Vergleich zu den Filterfeuerungsmaschinen deutlich geringer,<br \/>\nEinfach zu benutzen,<br \/>\nModerne Optik,<br \/>\nBequeme Sichtbarkeit des Reinigungsprozesses, die die Verfolgung und Kontrolle des Prozesses erleichtert,[\/vc_column_text][\/vc_tta_section][vc_tta_section title=&#8220;TECHNISCHE DATEN&#8220; tab_id=&#8220;1611052357239-a03ddaab-c372&#8243;][vc_column_text]Gesamtfl\u00e4che 2480x1300x2100 mm<br \/>\nArbeitsbereich 1990x930x880 mm<br \/>\nOberlast 350 kg<br \/>\n300 L Tankinhalt<br \/>\nStromversorgung \/ Leistung 400 \/ 230V \/ 12 KW<br \/>\nLuftversorgung 8 Ba, 200L \/ min<br \/>\n7,8 m2 Filterfl\u00e4che<br \/>\nGewicht 650 kg<br \/>\nMaterial Edelstahl 304 L<br \/>\nAutomatische Waschfunktionen<br \/>\nFilterbefestigungsmechanismen<br \/>\nBer\u00fchrungsempfindlicher Bildschirm<br \/>\nDrucker<br \/>\nLuftstrommessung<br \/>\nDruckmessung<br \/>\nHei\u00dflufttrocknung<br \/>\nLED-Beleuchtung<br \/>\nErforderliche Medien 3 x 400 V<br \/>\nDruckluft<br \/>\nC25A-Schutz[\/vc_column_text][\/vc_tta_section][\/vc_tta_accordion][vc_btn title=&#8220;SIECHE DEN PREIS&#8220; style=&#8220;flat&#8220; color=&#8220;primary&#8220; size=&#8220;lg&#8220; align=&#8220;center&#8220; link=&#8220;url:https%3A%2F%2Fmarwis24.pl%2Fpl%2Fp%2FMyjka-biologiczna-bio-wash-800-bioremediacja-%2F23100668||target:%20_blank|&#8220;][vc_column_text]<\/p>\n<p style=\"text-align: center;\"><span style=\"color: #0000ff;\">Fordern Sie ein spezielles Angebot f\u00fcr Sie an.<\/span><br \/>\n<span style=\"color: #0000ff;\"><strong>Ruf mich an!<\/strong><\/span><br \/>\n<span style=\"color: #0000ff;\"><strong>Telefon: 731 666 100.<\/strong><\/span><\/p>\n<p>[\/vc_column_text][\/vc_column][\/vc_row]<\/p>","protected":false},"excerpt":{"rendered":"<p>[vc_row][vc_column][vc_raw_html]JTVCZmxleHlfYnJlYWRjcnVtYiU1RA==[\/vc_raw_html][\/vc_column][\/vc_row][vc_row][vc_column width=&#8220;1\/2&#8243;][\/vc_column][vc_column width=&#8220;1\/2&#8243;][vc_tta_accordion][vc_tta_section title=&#8220;ANWENDUNG&#8220; tab_id=&#8220;1623417465413-262c6e4d-e558&#8243;][vc_column_text]DPF Hydro LUX Automatisches Ger\u00e4t zur Wasserreinigung von DPF, FAP, GPF Partikelfilter, Katalysatoren und kleineren LKW Die Firma Marwis, ein f\u00fchrender polnischer Hersteller von Reinigungs- und Waschger\u00e4ten, bietet seit vielen Jahren Ger\u00e4te an, die in vielen Werkst\u00e4tten oder Industrieanlagen zum Einsatz kommen. Als Reaktion auf die aktuellen Bed\u00fcrfnisse des Automobilmarktes haben [&hellip;]<\/p>\n","protected":false},"author":3,"featured_media":0,"parent":1246,"menu_order":0,"comment_status":"closed","ping_status":"open","template":"","meta":[],"_links":{"self":[{"href":"https:\/\/marwis.pl\/de\/wp-json\/wp\/v2\/pages\/1273"}],"collection":[{"href":"https:\/\/marwis.pl\/de\/wp-json\/wp\/v2\/pages"}],"about":[{"href":"https:\/\/marwis.pl\/de\/wp-json\/wp\/v2\/types\/page"}],"author":[{"embeddable":true,"href":"https:\/\/marwis.pl\/de\/wp-json\/wp\/v2\/users\/3"}],"replies":[{"embeddable":true,"href":"https:\/\/marwis.pl\/de\/wp-json\/wp\/v2\/comments?post=1273"}],"version-history":[{"count":10,"href":"https:\/\/marwis.pl\/de\/wp-json\/wp\/v2\/pages\/1273\/revisions"}],"predecessor-version":[{"id":3026,"href":"https:\/\/marwis.pl\/de\/wp-json\/wp\/v2\/pages\/1273\/revisions\/3026"}],"up":[{"embeddable":true,"href":"https:\/\/marwis.pl\/de\/wp-json\/wp\/v2\/pages\/1246"}],"wp:attachment":[{"href":"https:\/\/marwis.pl\/de\/wp-json\/wp\/v2\/media?parent=1273"}],"curies":[{"name":"wp","href":"https:\/\/api.w.org\/{rel}","templated":true}]}}