{"id":1294,"date":"2021-03-01T12:54:27","date_gmt":"2021-03-01T11:54:27","guid":{"rendered":"http:\/\/marwis.zoom.usermd.net\/?page_id=1294"},"modified":"2025-07-29T07:53:54","modified_gmt":"2025-07-29T05:53:54","slug":"filtrowentylator-clean-air-1600a","status":"publish","type":"page","link":"https:\/\/marwis.pl\/de\/piaskarki-cisnieniowo-kabinowe\/filtrowentylator-clean-air-1600a\/","title":{"rendered":"Absauganlage Clean Air 1600 f\u00fcr Sandstrahler"},"content":{"rendered":"<p>[vc_row][vc_column][vc_raw_html]JTVCZmxleHlfYnJlYWRjcnVtYiU1RA==[\/vc_raw_html][\/vc_column][\/vc_row][vc_row][vc_column width=&#8220;1\/2&#8243;]<div id='gallery-2' class='fastgallery fg_style1  '> <div data-img=\"https:\/\/marwis.pl\/wp-content\/uploads\/2025\/07\/clean-air-1600-przod_-1-1024x1024.jpg\"> <\/div><div data-img=\"https:\/\/marwis.pl\/wp-content\/uploads\/2025\/07\/clean-air-1600-1_-1024x1024.jpg\"> <\/div><div data-img=\"https:\/\/marwis.pl\/wp-content\/uploads\/2025\/07\/tyl_clean-air-1024x1024.jpg\"> <\/div><div data-img=\"https:\/\/marwis.pl\/wp-content\/uploads\/2025\/07\/zawor-_clean-air-1024x1024.jpg\"> <\/div><div data-img=\"https:\/\/marwis.pl\/wp-content\/uploads\/2025\/07\/wklad-clean-air-1024x1024.jpg\"> <\/div><div style=\"clear:both\"><\/div><\/div>[\/vc_column][vc_column width=&#8220;1\/2&#8243;]\r\n    <div class=\"section_title\" style=\"text-align: center; margin: 0px auto 75px; padding: 0;\">\r\n        <h2 style=\"font-size:34px; color: #0066bf; font-weight: 800;\"> Absauganlage Clean Air 1600 <\/h2>\r\n         <div class=\"br\" style=\"margin: 0 auto;\"><\/div>             <\/div>\r\n\r\n    [vc_tta_accordion][vc_tta_section title=&#8220;ANWENDUNG&#8220; tab_id=&#8220;1611050130932-cc5a4393-a8f3&#8243;][vc_column_text]Clean Air 1600 A ist f\u00fcr die Absaugung von Staub und Feststoffpartikeln aus Metall-, Glas- und Kunststoffverarbeitungsmaschinen, insbesondere Blast Jet Sandstrahlanlagen, konzipiert.<br \/>\nDie Absauganlage arbeitet im Durchlaufsystem. Die Absaugung erm\u00f6glicht eine bessere Sicht w\u00e4hrend der Arbeit und reduziert den Austritt von gef\u00e4hrlichem Staub aus der Kabine. Anschluss direkt an die Sandstrahlanlage.<\/p>\n<p>Ausstattung:<br \/>\nFiltereinsatz aus hochwertigem Polyestervlies &#8211; 260 g,<br \/>\nautomatisches Reinigungssystem f\u00fcr Filterpatronen,<br \/>\nleicht zu entleerender Abfallbeh\u00e4lter,<br \/>\nmanuelle Schubdrossel<\/p>\n<p>[\/vc_column_text][\/vc_tta_section][vc_tta_section title=&#8220;TECHNISCHE DATEN&#8220; tab_id=&#8220;1611052357239-a03ddaab-c372&#8243;][vc_column_text]Gesamtbreite: 750mm<br \/>\nGesamttiefe: 600mm<br \/>\nGesamth\u00f6he 1850mm<br \/>\nFilterfl\u00e4che: 10m2<br \/>\nLeistung max.: 1610m3\/h<br \/>\nEinlassdurchmesser DN 160mm<br \/>\nFiltermaterialgewicht: 260g\/m2<br \/>\nGewicht: 70kg[\/vc_column_text][\/vc_tta_section][\/vc_tta_accordion][vc_btn title=&#8220;PREIS&#8220; style=&#8220;flat&#8220; color=&#8220;primary&#8220; size=&#8220;lg&#8220; align=&#8220;center&#8220; link=&#8220;url:https%3A%2F%2Fmarwis24.pl%2Fpl%2Fp%2FPiaskarka-kabinowo-cisnieniowa-BLAST-JET-800C%2F23100651||target:%20_blank|&#8220;][vc_column_text]<\/p>\n<p style=\"text-align: center;\"><strong><span style=\"color: #0066bf;\">Ben\u00f6tigen Sie ein Angebot?<br \/>\nRufen Sie uns an!<br \/>\nMobil: +48 731 666 100<\/span><\/strong><\/p>\n<p>[\/vc_column_text][\/vc_column][\/vc_row]<\/p>","protected":false},"excerpt":{"rendered":"<p>[vc_row][vc_column][vc_raw_html]JTVCZmxleHlfYnJlYWRjcnVtYiU1RA==[\/vc_raw_html][\/vc_column][\/vc_row][vc_row][vc_column width=&#8220;1\/2&#8243;][\/vc_column][vc_column width=&#8220;1\/2&#8243;][vc_tta_accordion][vc_tta_section title=&#8220;ANWENDUNG&#8220; tab_id=&#8220;1611050130932-cc5a4393-a8f3&#8243;][vc_column_text]Clean Air 1600 A ist f\u00fcr die Absaugung von Staub und Feststoffpartikeln aus Metall-, Glas- und Kunststoffverarbeitungsmaschinen, insbesondere Blast Jet Sandstrahlanlagen, konzipiert. Die Absauganlage arbeitet im Durchlaufsystem. Die Absaugung erm\u00f6glicht eine bessere Sicht w\u00e4hrend der Arbeit und reduziert den Austritt von gef\u00e4hrlichem Staub aus der Kabine. Anschluss direkt an die Sandstrahlanlage. [&hellip;]<\/p>\n","protected":false},"author":3,"featured_media":0,"parent":1284,"menu_order":0,"comment_status":"closed","ping_status":"open","template":"","meta":[],"_links":{"self":[{"href":"https:\/\/marwis.pl\/de\/wp-json\/wp\/v2\/pages\/1294"}],"collection":[{"href":"https:\/\/marwis.pl\/de\/wp-json\/wp\/v2\/pages"}],"about":[{"href":"https:\/\/marwis.pl\/de\/wp-json\/wp\/v2\/types\/page"}],"author":[{"embeddable":true,"href":"https:\/\/marwis.pl\/de\/wp-json\/wp\/v2\/users\/3"}],"replies":[{"embeddable":true,"href":"https:\/\/marwis.pl\/de\/wp-json\/wp\/v2\/comments?post=1294"}],"version-history":[{"count":40,"href":"https:\/\/marwis.pl\/de\/wp-json\/wp\/v2\/pages\/1294\/revisions"}],"predecessor-version":[{"id":5949,"href":"https:\/\/marwis.pl\/de\/wp-json\/wp\/v2\/pages\/1294\/revisions\/5949"}],"up":[{"embeddable":true,"href":"https:\/\/marwis.pl\/de\/wp-json\/wp\/v2\/pages\/1284"}],"wp:attachment":[{"href":"https:\/\/marwis.pl\/de\/wp-json\/wp\/v2\/media?parent=1294"}],"curies":[{"name":"wp","href":"https:\/\/api.w.org\/{rel}","templated":true}]}}