{"id":1306,"date":"2021-03-01T13:07:26","date_gmt":"2021-03-01T12:07:26","guid":{"rendered":"http:\/\/marwis.zoom.usermd.net\/?page_id=1306"},"modified":"2026-03-10T13:29:39","modified_gmt":"2026-03-10T12:29:39","slug":"piaskarka-cisnieniowa-blast-jet-1000","status":"publish","type":"page","link":"https:\/\/marwis.pl\/de\/piaskarki-cisnieniowo-kabinowe\/piaskarka-cisnieniowa-blast-jet-1000\/","title":{"rendered":"Drucksandstrahler BLAST JET 1000"},"content":{"rendered":"<p>[vc_row][vc_column][vc_raw_html]JTVCZmxleHlfYnJlYWRjcnVtYiU1RA==[\/vc_raw_html][\/vc_column][\/vc_row][vc_row][vc_column width=&#8220;1\/2&#8243;]<div id='gallery-2' class='fastgallery fg_style1  '> <div data-img=\"https:\/\/marwis.pl\/wp-content\/uploads\/2021\/11\/blastjet-800-1-838x1024.jpg\"> <\/div><div data-img=\"https:\/\/marwis.pl\/wp-content\/uploads\/2021\/11\/blastjet-800-3-1024x683.jpg\"> <\/div><div data-img=\"https:\/\/marwis.pl\/wp-content\/uploads\/2021\/11\/blastjet-800-2.png\"> <\/div><div style=\"clear:both\"><\/div><\/div>[\/vc_column][vc_column width=&#8220;1\/2&#8243;]\r\n    <div class=\"section_title\" style=\"text-align: center; margin: 0px auto 75px; padding: 0;\">\r\n        <h2 style=\"font-size:34px; color: #0066bf; font-weight: 800;\"> Blast Jet 1000 <\/h2>\r\n         <div class=\"br\" style=\"margin: 0 auto;\"><\/div>             <\/div>\r\n\r\n    [vc_tta_accordion][vc_tta_section title=&#8220;ANWENDUNG&#8220; tab_id=&#8220;1611050130932-cc5a4393-a8f3&#8243;][vc_column_text]Die Sandstrahlkabine BLAST JET 800C wurde aus speziell ausgew\u00e4hltem Stahl mit einer Dicke von bis zu 3 mm gefertigt. Dank der vollst\u00e4ndig geschwei\u00dften Konstruktion und der Pulverbeschichtung, die vor Korrosion sch\u00fctzt, bietet die BLAST JET eine lange Lebensdauer. Die Sandstrahlkabine ist mit LED-Lichtern ausgestattet, die komfortable Arbeitsbedingungen gew\u00e4hrleisten. Sie ist umweltfreundlich und arbeitet staubfrei dank der Verwendung von Dichtungen am Geh\u00e4use.[\/vc_column_text][\/vc_tta_section][vc_tta_section title=&#8220;BESCHREIBUNG&#8220; tab_id=&#8220;1611050130945-8641945f-6d2e&#8220;][vc_column_text]Durch den Einsatz eines Druckbeh\u00e4lters in Druckstrahlkabinen wird ein viermal effizienteres Strahlbilderzielt als bei Injektor-Sandstrahlern. Als Strahlmittel k\u00f6nnen unter anderem Kunststoffsand, Korund, Quarz, Glasperlen usw. verwendet werden[\/vc_column_text][\/vc_tta_section][vc_tta_section title=&#8220;TECHNISCHE DATEN&#8220; tab_id=&#8220;1611052357239-a03ddaab-c372&#8243;][vc_column_text]Gesamtbreite: 1000mm \/ 2960mm<br \/>\nGesamttiefe: 1100 mm<br \/>\nGesamth\u00f6he: 1800mm<br \/>\nArbeitsbreite: 930mm<br \/>\nArbeitstiefe: 940 mm<br \/>\nArbeitsh\u00f6he: 770mm<br \/>\nD\u00fcsendurchmesser \u03a6 4-8 mm<br \/>\nNettogewicht: 170 kg<br \/>\nTank: 13L<br \/>\nBeleuchtung: LED<br \/>\nSchalter: Fu\u00dfschalter<br \/>\nZusatzoption: Drehtisch, Sandstrahlergummi<\/p>\n<p>Empfohlene Schleifmittel: Elektrocurundum, Mikroglaskugeln, Siliziumkarbid<br \/>\nDruckluftbedarf: von 600 bis 9000 dm3 \/ min &#8211; abh\u00e4ngig vom D\u00fcsendurchmesser[\/vc_column_text][\/vc_tta_section][\/vc_tta_accordion][vc_btn title=&#8220;PREIS&#8220; style=&#8220;flat&#8220; color=&#8220;primary&#8220; size=&#8220;lg&#8220; align=&#8220;center&#8220; link=&#8220;url:https%3A%2F%2Fmarwis24.pl%2Fpl%2Fp%2FMyjka-biologiczna-bio-wash-800-bioremediacja-%2F23100668||target:%20_blank|&#8220;][vc_column_text]<\/p>\n<p style=\"text-align: center;\"><strong><span style=\"color: #0066bf;\">Ben\u00f6tigen Sie ein Angebot?<br \/>\nRufen Sie uns an!<br \/>\nMobil: +48 731 666 100<\/span><\/strong><\/p>\n<p>[\/vc_column_text][\/vc_column][\/vc_row]<\/p>","protected":false},"excerpt":{"rendered":"<p>[vc_row][vc_column][vc_raw_html]JTVCZmxleHlfYnJlYWRjcnVtYiU1RA==[\/vc_raw_html][\/vc_column][\/vc_row][vc_row][vc_column width=&#8220;1\/2&#8243;][\/vc_column][vc_column width=&#8220;1\/2&#8243;][vc_tta_accordion][vc_tta_section title=&#8220;ANWENDUNG&#8220; tab_id=&#8220;1611050130932-cc5a4393-a8f3&#8243;][vc_column_text]Die Sandstrahlkabine BLAST JET 800C wurde aus speziell ausgew\u00e4hltem Stahl mit einer Dicke von bis zu 3 mm gefertigt. Dank der vollst\u00e4ndig geschwei\u00dften Konstruktion und der Pulverbeschichtung, die vor Korrosion sch\u00fctzt, bietet die BLAST JET eine lange Lebensdauer. Die Sandstrahlkabine ist mit LED-Lichtern ausgestattet, die komfortable Arbeitsbedingungen gew\u00e4hrleisten. Sie ist umweltfreundlich [&hellip;]<\/p>\n","protected":false},"author":3,"featured_media":0,"parent":1284,"menu_order":0,"comment_status":"closed","ping_status":"open","template":"","meta":[],"_links":{"self":[{"href":"https:\/\/marwis.pl\/de\/wp-json\/wp\/v2\/pages\/1306"}],"collection":[{"href":"https:\/\/marwis.pl\/de\/wp-json\/wp\/v2\/pages"}],"about":[{"href":"https:\/\/marwis.pl\/de\/wp-json\/wp\/v2\/types\/page"}],"author":[{"embeddable":true,"href":"https:\/\/marwis.pl\/de\/wp-json\/wp\/v2\/users\/3"}],"replies":[{"embeddable":true,"href":"https:\/\/marwis.pl\/de\/wp-json\/wp\/v2\/comments?post=1306"}],"version-history":[{"count":22,"href":"https:\/\/marwis.pl\/de\/wp-json\/wp\/v2\/pages\/1306\/revisions"}],"predecessor-version":[{"id":6419,"href":"https:\/\/marwis.pl\/de\/wp-json\/wp\/v2\/pages\/1306\/revisions\/6419"}],"up":[{"embeddable":true,"href":"https:\/\/marwis.pl\/de\/wp-json\/wp\/v2\/pages\/1284"}],"wp:attachment":[{"href":"https:\/\/marwis.pl\/de\/wp-json\/wp\/v2\/media?parent=1306"}],"curies":[{"name":"wp","href":"https:\/\/api.w.org\/{rel}","templated":true}]}}