{"id":1312,"date":"2021-03-01T13:22:12","date_gmt":"2021-03-01T12:22:12","guid":{"rendered":"http:\/\/marwis.zoom.usermd.net\/?page_id=1312"},"modified":"2026-03-10T13:39:42","modified_gmt":"2026-03-10T12:39:42","slug":"piaskarka-cisnieniowa-blast-jet-1500","status":"publish","type":"page","link":"https:\/\/marwis.pl\/de\/piaskarki-cisnieniowo-kabinowe\/piaskarka-cisnieniowa-blast-jet-1500\/","title":{"rendered":"Drucksandstrahler BLAST JET 1500C"},"content":{"rendered":"<p>[vc_row][vc_column][vc_raw_html]JTVCZmxleHlfYnJlYWRjcnVtYiU1RA==[\/vc_raw_html][\/vc_column][\/vc_row][vc_row][vc_column width=&#8220;1\/2&#8243;]<div id='gallery-2' class='fastgallery fg_style1  '> <div data-img=\"https:\/\/marwis.pl\/wp-content\/uploads\/2021\/11\/BLAST-JET-1500C_-1024x1024.jpg\"> <\/div><div data-img=\"https:\/\/marwis.pl\/wp-content\/uploads\/2026\/03\/blast-jet-1500C-1_-1024x1024.jpg\"> <\/div><div data-img=\"https:\/\/marwis.pl\/wp-content\/uploads\/2021\/11\/blast-jet-1500C-2_-1024x1024.jpg\"> <\/div><div data-img=\"https:\/\/marwis.pl\/wp-content\/uploads\/2026\/03\/DSC_0581-kopia-1024x1024.jpg\"> <\/div><div data-img=\"https:\/\/marwis.pl\/wp-content\/uploads\/2026\/03\/DSC_0579-kopia-1024x1024.jpg\"> <\/div><div data-img=\"https:\/\/marwis.pl\/wp-content\/uploads\/2026\/03\/srodek-piaskarka-1024x1024.jpg\"> <\/div><div style=\"clear:both\"><\/div><\/div>[\/vc_column][vc_column width=&#8220;1\/2&#8243;]\r\n    <div class=\"section_title\" style=\"text-align: center; margin: 0px auto 75px; padding: 0;\">\r\n        <h2 style=\"font-size:34px; color: #0066bf; font-weight: 800;\"> Blast Jet 1500 C <\/h2>\r\n         <div class=\"br\" style=\"margin: 0 auto;\"><\/div>             <\/div>\r\n\r\n    [vc_tta_accordion][vc_tta_section title=&#8220;ANWENDUNG&#8220; tab_id=&#8220;1611050130932-cc5a4393-a8f3&#8243;][vc_column_text]Die Sandstrahlkabine BLAST JET 800C wurde aus speziell ausgew\u00e4hltem Stahl mit einer Dicke von bis zu 3 mm gefertigt. Dank der vollst\u00e4ndig geschwei\u00dften Konstruktion und der Pulverbeschichtung, die vor Korrosion sch\u00fctzt, bietet die BLAST JET eine lange Lebensdauer. Die Sandstrahlkabine ist mit LED-Lichtern ausgestattet, die komfortable Arbeitsbedingungen gew\u00e4hrleisten. Sie ist umweltfreundlich und arbeitet staubfrei dank der Verwendung von Dichtungen am Geh\u00e4use.[\/vc_column_text][\/vc_tta_section][vc_tta_section title=&#8220;BESCHREIBUNG&#8220; tab_id=&#8220;1611050130945-8641945f-6d2e&#8220;][vc_column_text]Durch den Einsatz eines Druckbeh\u00e4lters in Druckstrahlkabinen wird ein viermal effizienteres Strahlbilderzielt als bei Injektor-Sandstrahlern. Als Strahlmittel k\u00f6nnen unter anderem Kunststoffsand, Korund, Quarz, Glasperlen usw. verwendet werden.[\/vc_column_text][\/vc_tta_section][vc_tta_section title=&#8220;TECHNISCHE DATEN&#8220; tab_id=&#8220;1611052357239-a03ddaab-c372&#8243;][vc_column_text]Gesamtbreite:1510mm<br \/>\nGesamttiefe: 1100 mm<br \/>\nH\u00f6he geschlossen\/ge\u00f6ffnet:1800mm<br \/>\nArbeitsbreite: 1430mm<br \/>\nArbeitstiefe: 940mm<br \/>\nArbeitsh\u00f6he: 770mm<br \/>\nD\u00fcsendurchmesser: 4-8mm<br \/>\nTragf\u00e4higkeit des Tisches: 250kg<br \/>\nNettogewicht: 250kg<br \/>\nTank: 13L<br \/>\nBeleuchtung: LED<br \/>\nSchalter: Fu\u00dfschalter<br \/>\nSpannung: 230V<br \/>\nGer\u00e4uschpegel: 76dB[\/vc_column_text][\/vc_tta_section][\/vc_tta_accordion][vc_btn title=&#8220;PREIS&#8220; style=&#8220;flat&#8220; color=&#8220;primary&#8220; size=&#8220;lg&#8220; align=&#8220;center&#8220; link=&#8220;url:https%3A%2F%2Fmarwis24.pl%2Fpl%2Fp%2FPiaskarka-Cisnieniowa-Blast-Jet-1500C%2F23100698||target:%20_blank|&#8220;][vc_column_text]<\/p>\n<p style=\"text-align: center;\"><strong><span style=\"color: #0066bf;\">Ben\u00f6tigen Sie ein Angebot?<br \/>\nRufen Sie uns an!<br \/>\nMobil: +48 731 666 100<\/span><\/strong><\/p>\n<p>[\/vc_column_text][\/vc_column][\/vc_row]<\/p>","protected":false},"excerpt":{"rendered":"<p>[vc_row][vc_column][vc_raw_html]JTVCZmxleHlfYnJlYWRjcnVtYiU1RA==[\/vc_raw_html][\/vc_column][\/vc_row][vc_row][vc_column width=&#8220;1\/2&#8243;][\/vc_column][vc_column width=&#8220;1\/2&#8243;][vc_tta_accordion][vc_tta_section title=&#8220;ANWENDUNG&#8220; tab_id=&#8220;1611050130932-cc5a4393-a8f3&#8243;][vc_column_text]Die Sandstrahlkabine BLAST JET 800C wurde aus speziell ausgew\u00e4hltem Stahl mit einer Dicke von bis zu 3 mm gefertigt. Dank der vollst\u00e4ndig geschwei\u00dften Konstruktion und der Pulverbeschichtung, die vor Korrosion sch\u00fctzt, bietet die BLAST JET eine lange Lebensdauer. Die Sandstrahlkabine ist mit LED-Lichtern ausgestattet, die komfortable Arbeitsbedingungen gew\u00e4hrleisten. Sie ist umweltfreundlich [&hellip;]<\/p>\n","protected":false},"author":3,"featured_media":0,"parent":1284,"menu_order":0,"comment_status":"closed","ping_status":"open","template":"","meta":[],"_links":{"self":[{"href":"https:\/\/marwis.pl\/de\/wp-json\/wp\/v2\/pages\/1312"}],"collection":[{"href":"https:\/\/marwis.pl\/de\/wp-json\/wp\/v2\/pages"}],"about":[{"href":"https:\/\/marwis.pl\/de\/wp-json\/wp\/v2\/types\/page"}],"author":[{"embeddable":true,"href":"https:\/\/marwis.pl\/de\/wp-json\/wp\/v2\/users\/3"}],"replies":[{"embeddable":true,"href":"https:\/\/marwis.pl\/de\/wp-json\/wp\/v2\/comments?post=1312"}],"version-history":[{"count":24,"href":"https:\/\/marwis.pl\/de\/wp-json\/wp\/v2\/pages\/1312\/revisions"}],"predecessor-version":[{"id":6424,"href":"https:\/\/marwis.pl\/de\/wp-json\/wp\/v2\/pages\/1312\/revisions\/6424"}],"up":[{"embeddable":true,"href":"https:\/\/marwis.pl\/de\/wp-json\/wp\/v2\/pages\/1284"}],"wp:attachment":[{"href":"https:\/\/marwis.pl\/de\/wp-json\/wp\/v2\/media?parent=1312"}],"curies":[{"name":"wp","href":"https:\/\/api.w.org\/{rel}","templated":true}]}}