{"id":1323,"date":"2021-03-04T12:23:59","date_gmt":"2021-03-04T11:23:59","guid":{"rendered":"http:\/\/marwis.zoom.usermd.net\/?page_id=1323"},"modified":"2026-03-17T10:34:01","modified_gmt":"2026-03-17T09:34:01","slug":"stol-szlifierski-szlif10","status":"publish","type":"page","link":"https:\/\/marwis.pl\/de\/stoly-szlifierskie\/stol-szlifierski-szlif10\/","title":{"rendered":"Schleiftisch SZLIF 10"},"content":{"rendered":"<p>[vc_row][vc_column][vc_raw_html]JTVCZmxleHlfYnJlYWRjcnVtYiU1RA==[\/vc_raw_html][\/vc_column][\/vc_row][vc_row][vc_column width=&#8220;1\/2&#8243;]<div id='gallery-2' class='fastgallery fg_style1  '> <div data-img=\"https:\/\/marwis.pl\/wp-content\/uploads\/2021\/07\/mrs-clean-na-szafce-2_-1024x1024.jpg\"> <\/div><div style=\"clear:both\"><\/div><\/div>[\/vc_column][vc_column width=&#8220;1\/2&#8243;]\r\n    <div class=\"section_title\" style=\"text-align: center; margin: 0px auto 75px; padding: 0;\">\r\n        <h2 style=\"font-size:34px; color: #0066bf; font-weight: 800;\"> SZLIF10 <\/h2>\r\n         <div class=\"br\" style=\"margin: 0 auto;\"><\/div>             <\/div>\r\n\r\n    [vc_tta_accordion][vc_tta_section title=&#8220;ANWENDUNG&#8220; tab_id=&#8220;1611050130932-cc5a4393-a8f3&#8243;][vc_column_text]Dank des vorgestellten Produkts sind Sie in der Lage, Ihren Arbeitsplatz mit Ger\u00e4ten auszustatten, die den geltenden Arbeitsschutzbestimmungen entsprechen. Mit MARWIS-Schleiftischen sorgen Sie w\u00e4hrend des Bearbeitungsprozesses f\u00fcr ausreichende Sicherheit. Sie erm\u00f6glichen auch komfortables und effizientes Arbeiten.<\/p>\n<p>Schleiftische werden aus speziell ausgew\u00e4hlten Stahlsorten mit einer Dicke von bis zu 3 mm hergestellt. Ihre vollverschwei\u00dfte Konstruktion sorgt f\u00fcr eine lange Lebensdauer und die Pulverbeschichtung sch\u00fctzt vor Korrosion.<\/p>\n<p>Schleiftische sind Ger\u00e4te zum Entfernen von Staub, der beim Schleifen entsteht und in Tischler- oder Lackierereien unersetzlich ist. Dank unserer Tische sorgen Sie f\u00fcr saubere und komfortable Arbeitspl\u00e4tze. Der angesaugte Staub wird in Schubladen gesammelt.[\/vc_column_text][\/vc_tta_section][vc_tta_section title=&#8220;TECHNISCHE DATEN&#8220; tab_id=&#8220;1611052357239-a03ddaab-c372&#8243;][vc_column_text]Technische Parameter:<\/p>\n<p>Modell: Buchse 10<\/p>\n<p>Gesamth\u00f6he: 850 mm<\/p>\n<p>Breite: 1180m<\/p>\n<p>Tiefe: 780 mm<\/p>\n<p>Arbeitsplatte (BxT): 650x740mm<\/p>\n<p>Tragf\u00e4higkeit: 500 kg[\/vc_column_text][\/vc_tta_section][\/vc_tta_accordion][vc_btn title=&#8220;PREIS&#8220; style=&#8220;flat&#8220; color=&#8220;primary&#8220; size=&#8220;lg&#8220; align=&#8220;center&#8220; link=&#8220;url:https%3A%2F%2Fmarwis24.pl%2Fpl%2Fp%2FMyjka-biologiczna-bio-wash-800-bioremediacja-%2F23100668||target:%20_blank|&#8220;][vc_column_text]<\/p>\n<p style=\"text-align: center;\"><span style=\"color: #0066bf;\"><strong>Ben\u00f6tigen SIe ein Angebot?<\/strong><br \/>\n<strong>Rufen Sie uns an!<\/strong><br \/>\n<strong>Mobile: +48 731 666 100<\/strong><\/span><\/p>\n<p>[\/vc_column_text][\/vc_column][\/vc_row]<\/p>","protected":false},"excerpt":{"rendered":"<p>[vc_row][vc_column][vc_raw_html]JTVCZmxleHlfYnJlYWRjcnVtYiU1RA==[\/vc_raw_html][\/vc_column][\/vc_row][vc_row][vc_column width=&#8220;1\/2&#8243;][\/vc_column][vc_column width=&#8220;1\/2&#8243;][vc_tta_accordion][vc_tta_section title=&#8220;ANWENDUNG&#8220; tab_id=&#8220;1611050130932-cc5a4393-a8f3&#8243;][vc_column_text]Dank des vorgestellten Produkts sind Sie in der Lage, Ihren Arbeitsplatz mit Ger\u00e4ten auszustatten, die den geltenden Arbeitsschutzbestimmungen entsprechen. Mit MARWIS-Schleiftischen sorgen Sie w\u00e4hrend des Bearbeitungsprozesses f\u00fcr ausreichende Sicherheit. Sie erm\u00f6glichen auch komfortables und effizientes Arbeiten. Schleiftische werden aus speziell ausgew\u00e4hlten Stahlsorten mit einer Dicke von bis zu 3 mm hergestellt. [&hellip;]<\/p>\n","protected":false},"author":3,"featured_media":0,"parent":1321,"menu_order":0,"comment_status":"closed","ping_status":"open","template":"","meta":[],"_links":{"self":[{"href":"https:\/\/marwis.pl\/de\/wp-json\/wp\/v2\/pages\/1323"}],"collection":[{"href":"https:\/\/marwis.pl\/de\/wp-json\/wp\/v2\/pages"}],"about":[{"href":"https:\/\/marwis.pl\/de\/wp-json\/wp\/v2\/types\/page"}],"author":[{"embeddable":true,"href":"https:\/\/marwis.pl\/de\/wp-json\/wp\/v2\/users\/3"}],"replies":[{"embeddable":true,"href":"https:\/\/marwis.pl\/de\/wp-json\/wp\/v2\/comments?post=1323"}],"version-history":[{"count":18,"href":"https:\/\/marwis.pl\/de\/wp-json\/wp\/v2\/pages\/1323\/revisions"}],"predecessor-version":[{"id":6494,"href":"https:\/\/marwis.pl\/de\/wp-json\/wp\/v2\/pages\/1323\/revisions\/6494"}],"up":[{"embeddable":true,"href":"https:\/\/marwis.pl\/de\/wp-json\/wp\/v2\/pages\/1321"}],"wp:attachment":[{"href":"https:\/\/marwis.pl\/de\/wp-json\/wp\/v2\/media?parent=1323"}],"curies":[{"name":"wp","href":"https:\/\/api.w.org\/{rel}","templated":true}]}}