{"id":1332,"date":"2021-03-04T12:48:42","date_gmt":"2021-03-04T11:48:42","guid":{"rendered":"http:\/\/marwis.zoom.usermd.net\/?page_id=1332"},"modified":"2026-04-22T14:42:38","modified_gmt":"2026-04-22T12:42:38","slug":"stol-szlifierski-szlif-20","status":"publish","type":"page","link":"https:\/\/marwis.pl\/de\/stoly-szlifierskie\/stol-szlifierski-szlif-20\/","title":{"rendered":"Schleiftisch SZLIF 20"},"content":{"rendered":"<p>[vc_row][vc_column][vc_raw_html]JTVCZmxleHlfYnJlYWRjcnVtYiU1RA==[\/vc_raw_html][\/vc_column][\/vc_row][vc_row][vc_column width=&#8220;1\/2&#8243;]<div id='gallery-2' class='fastgallery fg_style1  '> <div data-img=\"https:\/\/marwis.pl\/wp-content\/uploads\/2021\/07\/mrs-clean-na-szafce_-1024x1024.jpg\"> <\/div><div style=\"clear:both\"><\/div><\/div>[\/vc_column][vc_column width=&#8220;1\/2&#8243;]\r\n    <div class=\"section_title\" style=\"text-align: center; margin: 0px auto 75px; padding: 0;\">\r\n        <h2 style=\"font-size:34px; color: #0066bf; font-weight: 800;\"> SZLIF 20 <\/h2>\r\n         <div class=\"br\" style=\"margin: 0 auto;\"><\/div>             <\/div>\r\n\r\n    [vc_tta_accordion][vc_tta_section title=&#8220;ANWENDUNG&#8220; tab_id=&#8220;1611050130932-cc5a4393-a8f3&#8243;][vc_column_text]Schleiftische sind \u00fcberall dort ein unverzichtbares Element, wo eine Vorbehandlung des Materials erforderlich ist, beispielsweise vor dem Lackieren.<\/p>\n<p>Dank des vorgestellten Produkts sind Sie in der Lage, Ihren Arbeitsplatz mit Ger\u00e4ten auszustatten, die den geltenden Arbeitsschutzbestimmungen entsprechen. Mit MARWIS-Schleiftischen sorgen Sie w\u00e4hrend des Bearbeitungsprozesses f\u00fcr ausreichende Sicherheit. Sie erm\u00f6glichen auch komfortables und effizientes Arbeiten.<\/p>\n<p>Schleiftische werden aus speziell ausgew\u00e4hlten Stahlsorten mit einer Dicke von bis zu 3 mm hergestellt. Ihre vollverschwei\u00dfte Konstruktion sorgt f\u00fcr eine lange Lebensdauer und die Pulverbeschichtung sch\u00fctzt vor Korrosion.<\/p>\n<p>Schleiftische sind Ger\u00e4te zum Entfernen von Staub, der beim Schleifen entsteht und in Tischler- oder Lackierereien unersetzlich ist. Dank unserer Tische sorgen Sie f\u00fcr saubere und komfortable Arbeitspl\u00e4tze. Der angesaugte Staub wird in Schubladen gesammelt.[\/vc_column_text][\/vc_tta_section][vc_tta_section title=&#8220;TECHNISCHE DATEN&#8220; tab_id=&#8220;1611052357239-a03ddaab-c372&#8243;][vc_column_text]Modell: SZLIF20<\/p>\n<p>Gesamth\u00f6he: 850 mm<\/p>\n<p>Breite: 1180 mm<\/p>\n<p>Tiefe: 780 mm<\/p>\n<p>Arbeitsplatte (BxT): 650x740mm<\/p>\n<p>Tragf\u00e4higkeit: 500 kg<\/p>\n<p>Der Durchmesser des Lochs f\u00fcr die Extraktion: 160mm[\/vc_column_text][\/vc_tta_section][\/vc_tta_accordion][vc_btn title=&#8220;PREIS&#8220; style=&#8220;flat&#8220; color=&#8220;primary&#8220; size=&#8220;lg&#8220; align=&#8220;center&#8220; link=&#8220;url:https%3A%2F%2Fmarwis24.pl%2Fpl%2Fp%2FMyjka-biologiczna-bio-wash-800-bioremediacja-%2F23100668||target:%20_blank|&#8220;][vc_column_text]<\/p>\n<p style=\"text-align: center;\"><span style=\"color: #0066bf;\">Ben\u00f6tigen Sie ein Angebot?<\/span><strong><span style=\"color: #0066bf;\"><br \/>\nRufen Sie uns an!<br \/>\nMobile: +48 731 666 100<\/span><\/strong><\/p>\n<p>[\/vc_column_text][\/vc_column][\/vc_row]<\/p>","protected":false},"excerpt":{"rendered":"<p>[vc_row][vc_column][vc_raw_html]JTVCZmxleHlfYnJlYWRjcnVtYiU1RA==[\/vc_raw_html][\/vc_column][\/vc_row][vc_row][vc_column width=&#8220;1\/2&#8243;][\/vc_column][vc_column width=&#8220;1\/2&#8243;][vc_tta_accordion][vc_tta_section title=&#8220;ANWENDUNG&#8220; tab_id=&#8220;1611050130932-cc5a4393-a8f3&#8243;][vc_column_text]Schleiftische sind \u00fcberall dort ein unverzichtbares Element, wo eine Vorbehandlung des Materials erforderlich ist, beispielsweise vor dem Lackieren. Dank des vorgestellten Produkts sind Sie in der Lage, Ihren Arbeitsplatz mit Ger\u00e4ten auszustatten, die den geltenden Arbeitsschutzbestimmungen entsprechen. Mit MARWIS-Schleiftischen sorgen Sie w\u00e4hrend des Bearbeitungsprozesses f\u00fcr ausreichende Sicherheit. Sie erm\u00f6glichen auch komfortables [&hellip;]<\/p>\n","protected":false},"author":3,"featured_media":0,"parent":1321,"menu_order":0,"comment_status":"closed","ping_status":"open","template":"","meta":[],"_links":{"self":[{"href":"https:\/\/marwis.pl\/de\/wp-json\/wp\/v2\/pages\/1332"}],"collection":[{"href":"https:\/\/marwis.pl\/de\/wp-json\/wp\/v2\/pages"}],"about":[{"href":"https:\/\/marwis.pl\/de\/wp-json\/wp\/v2\/types\/page"}],"author":[{"embeddable":true,"href":"https:\/\/marwis.pl\/de\/wp-json\/wp\/v2\/users\/3"}],"replies":[{"embeddable":true,"href":"https:\/\/marwis.pl\/de\/wp-json\/wp\/v2\/comments?post=1332"}],"version-history":[{"count":20,"href":"https:\/\/marwis.pl\/de\/wp-json\/wp\/v2\/pages\/1332\/revisions"}],"predecessor-version":[{"id":6762,"href":"https:\/\/marwis.pl\/de\/wp-json\/wp\/v2\/pages\/1332\/revisions\/6762"}],"up":[{"embeddable":true,"href":"https:\/\/marwis.pl\/de\/wp-json\/wp\/v2\/pages\/1321"}],"wp:attachment":[{"href":"https:\/\/marwis.pl\/de\/wp-json\/wp\/v2\/media?parent=1332"}],"curies":[{"name":"wp","href":"https:\/\/api.w.org\/{rel}","templated":true}]}}