{"id":1368,"date":"2021-03-08T13:08:55","date_gmt":"2021-03-08T12:08:55","guid":{"rendered":"http:\/\/marwis.zoom.usermd.net\/?page_id=1368"},"modified":"2025-06-12T13:38:27","modified_gmt":"2025-06-12T11:38:27","slug":"koncentrat-mrs-cleaner-ultra-active","status":"publish","type":"page","link":"https:\/\/marwis.pl\/de\/chemia-myjaco-odtluszczajaca\/koncentrat-mrs-cleaner-ultra-active\/","title":{"rendered":"Mrs Cleaner Ultra Active Plus Konzentrat"},"content":{"rendered":"<p>[vc_row][vc_column][vc_raw_html]JTVCZmxleHlfYnJlYWRjcnVtYiU1RA==[\/vc_raw_html][\/vc_column][\/vc_row][vc_row][vc_column width=&#8220;1\/2&#8243;]<div id='gallery-2' class='fastgallery fg_style1  '> <div data-img=\"https:\/\/marwis.pl\/wp-content\/uploads\/2021\/03\/mrs-cleaner-ultra-active-731x1024.jpg\"> <\/div><div data-img=\"https:\/\/marwis.pl\/wp-content\/uploads\/2021\/03\/mrs-cleaner-ultra-active-ATEST-739x1024.jpg\"> <\/div><div style=\"clear:both\"><\/div><\/div>[\/vc_column][vc_column width=&#8220;1\/2&#8243;]\r\n    <div class=\"section_title\" style=\"text-align: center; margin: 0px auto 75px; padding: 0;\">\r\n        <h2 style=\"font-size:34px; color: #0066bf; font-weight: 800;\"> Mrs Cleaner Ultra Active Plus Konzentrat <\/h2>\r\n         <div class=\"br\" style=\"margin: 0 auto;\"><\/div>             <\/div>\r\n\r\n    [vc_tta_accordion][vc_tta_section title=&#8220;ANWENDUNG&#8220; tab_id=&#8220;1611050130932-cc5a4393-a8f3&#8243;][vc_column_text]<\/p>\n<div class=\"tab\">\n<div id=\"tab-1\" class=\"tab-content\">\n<p>MRS Cleaner Ultra Active PLUS \u2013 alkalisches, niedersch\u00e4umendes Konzentrat zur Reinigung und Entfettung.<br \/>\nF\u00fcr den Einsatz in Reinigungsanlagen mit geschlossenem Kreislauf geeignet. Beste Ergebnisse werden mit einer w\u00e4ssrigen L\u00f6sung bei Temperaturen von 40\u201380\u202f\u00b0C erzielt. Enth\u00e4lt Korrosionsinhibitoren. Empfohlen zur Motorreinigung.<\/p>\n<\/div>\n<\/div>\n<p>[\/vc_column_text][\/vc_tta_section][vc_tta_section title=&#8220;TECHNISCHE DATEN&#8220; tab_id=&#8220;1611052357239-a03ddaab-c372&#8243;][vc_column_text]Produkttyp: Konzentrat<br \/>\npH-Wert: 13,5<br \/>\nFarbe: Gelb<br \/>\nArbeitstemperatur: 40\u201380\u202f\u00b0C<br \/>\nVerpackungseinheit: 5\u202fL<\/p>\n<p>[\/vc_column_text][\/vc_tta_section][\/vc_tta_accordion][vc_btn title=&#8220;PREIS&#8220; style=&#8220;flat&#8220; color=&#8220;primary&#8220; size=&#8220;lg&#8220; align=&#8220;center&#8220; link=&#8220;url:https%3A%2F%2Fmarwis24.pl%2Fpl%2Fp%2FMyjka-cisnieniowa-kabinowa-Hydro-Power-1200-140atm%2F23100622||target:%20_blank|&#8220;][vc_column_text]<\/p>\n<p style=\"text-align: center;\"><span style=\"color: #0066bf;\">Brauchen Sie Angebot?<br \/>\n<strong>Rufen Sie uns an!<\/strong><br \/>\n<strong>Mobile: + 48 731 666 100<\/strong><\/span><\/p>\n<p>[\/vc_column_text][\/vc_column][\/vc_row]<\/p>","protected":false},"excerpt":{"rendered":"<p>[vc_row][vc_column][vc_raw_html]JTVCZmxleHlfYnJlYWRjcnVtYiU1RA==[\/vc_raw_html][\/vc_column][\/vc_row][vc_row][vc_column width=&#8220;1\/2&#8243;][\/vc_column][vc_column width=&#8220;1\/2&#8243;][vc_tta_accordion][vc_tta_section title=&#8220;ANWENDUNG&#8220; tab_id=&#8220;1611050130932-cc5a4393-a8f3&#8243;][vc_column_text] MRS Cleaner Ultra Active PLUS \u2013 alkalisches, niedersch\u00e4umendes Konzentrat zur Reinigung und Entfettung. F\u00fcr den Einsatz in Reinigungsanlagen mit geschlossenem Kreislauf geeignet. Beste Ergebnisse werden mit einer w\u00e4ssrigen L\u00f6sung bei Temperaturen von 40\u201380\u202f\u00b0C erzielt. Enth\u00e4lt Korrosionsinhibitoren. Empfohlen zur Motorreinigung. [\/vc_column_text][\/vc_tta_section][vc_tta_section title=&#8220;TECHNISCHE DATEN&#8220; tab_id=&#8220;1611052357239-a03ddaab-c372&#8243;][vc_column_text]Produkttyp: Konzentrat pH-Wert: 13,5 Farbe: Gelb Arbeitstemperatur: 40\u201380\u202f\u00b0C [&hellip;]<\/p>\n","protected":false},"author":3,"featured_media":0,"parent":1346,"menu_order":0,"comment_status":"closed","ping_status":"open","template":"","meta":[],"_links":{"self":[{"href":"https:\/\/marwis.pl\/de\/wp-json\/wp\/v2\/pages\/1368"}],"collection":[{"href":"https:\/\/marwis.pl\/de\/wp-json\/wp\/v2\/pages"}],"about":[{"href":"https:\/\/marwis.pl\/de\/wp-json\/wp\/v2\/types\/page"}],"author":[{"embeddable":true,"href":"https:\/\/marwis.pl\/de\/wp-json\/wp\/v2\/users\/3"}],"replies":[{"embeddable":true,"href":"https:\/\/marwis.pl\/de\/wp-json\/wp\/v2\/comments?post=1368"}],"version-history":[{"count":24,"href":"https:\/\/marwis.pl\/de\/wp-json\/wp\/v2\/pages\/1368\/revisions"}],"predecessor-version":[{"id":5743,"href":"https:\/\/marwis.pl\/de\/wp-json\/wp\/v2\/pages\/1368\/revisions\/5743"}],"up":[{"embeddable":true,"href":"https:\/\/marwis.pl\/de\/wp-json\/wp\/v2\/pages\/1346"}],"wp:attachment":[{"href":"https:\/\/marwis.pl\/de\/wp-json\/wp\/v2\/media?parent=1368"}],"curies":[{"name":"wp","href":"https:\/\/api.w.org\/{rel}","templated":true}]}}