{"id":1380,"date":"2021-03-08T13:20:29","date_gmt":"2021-03-08T12:20:29","guid":{"rendered":"http:\/\/marwis.zoom.usermd.net\/?page_id=1380"},"modified":"2025-06-12T10:42:56","modified_gmt":"2025-06-12T08:42:56","slug":"koncentrat-do-ultradzwiekow-sonic-strong","status":"publish","type":"page","link":"https:\/\/marwis.pl\/de\/chemia-myjaco-odtluszczajaca\/koncentrat-do-ultradzwiekow-sonic-strong\/","title":{"rendered":"Ultraschall Reinigungskonzentrat  SonicStrong 5L"},"content":{"rendered":"<p>[vc_row][vc_column][vc_raw_html]JTVCZmxleHlfYnJlYWRjcnVtYiU1RA==[\/vc_raw_html][\/vc_column][\/vc_row][vc_row][vc_column width=&#8220;1\/2&#8243;]<div id='gallery-2' class='fastgallery fg_style1  '> <div data-img=\"https:\/\/marwis.pl\/wp-content\/uploads\/2021\/03\/Koncentrat-do-Ultradzwiekow-Sonic-Strong-731x1024.jpg\"> <\/div><div style=\"clear:both\"><\/div><\/div>[\/vc_column][vc_column width=&#8220;1\/2&#8243;]\r\n    <div class=\"section_title\" style=\"text-align: center; margin: 0px auto 75px; padding: 0;\">\r\n        <h2 style=\"font-size:34px; color: #0066bf; font-weight: 800;\"> Konzentrat f\u00fcr Ultraschallreiniger Sonic Strong <\/h2>\r\n         <div class=\"br\" style=\"margin: 0 auto;\"><\/div>             <\/div>\r\n\r\n    [vc_tta_accordion][vc_tta_section title=&#8220;ANWENDUNG&#8220; tab_id=&#8220;1611050130932-cc5a4393-a8f3&#8243;][vc_column_text]<\/p>\n<div class=\"tab\">\n<div id=\"tab-1\" class=\"tab-content\">\n<p style=\"text-align: justify;\"><strong>Alkalisches Konzentrat<\/strong> auf Wasserbasis f\u00fcr die Ultraschallreinigung. Sehr effektiv, auch f\u00fcr den Einsatz in Hochdruckreinigern geeignet. Dringt intensiv in schwer zug\u00e4ngliche Bereiche ein. Geeignet f\u00fcr die Reinigung von z.B. \u00d6lfiltern, Kolben, Radlagern, Bolzen, Schneidwerkzeugen, Maschinenteilen und -komponenten, Turbomotoren, Zylindern, Einspritzpumpen, K\u00f6pfen, Sch\u00fcttgut, Aluminiumteilen, legierten Stahlrohren. Demulgierkonzentrat &#8211; geeignet f\u00fcr \u00d6labscheider.<\/p>\n<p style=\"text-align: justify;\">Entfernt wirksam starke Verschmutzungen verschiedener Art: \u00d6le, Wachse, Fette, Graphit, Korrosionsschutz\u00f6le, Klebstoffreste, Emulgatoren, L\u00e4pp-, Polier- und Schleifr\u00fcckst\u00e4nde, Farbstoffverunreinigungen, Fettbestandteile, Bitumen usw. Es sch\u00fctzt vor allem das Metall und kann zur Reinigung empfindlicher Oberfl\u00e4chen, wie Aluminium oder bearbeitete Teile, verwendet werden. Reinigt Bauteile effektiv bei einer Temperatur von 35\u201360\u202f\u00b0C. Silikonfrei.<\/p>\n<\/div>\n<\/div>\n<p>[\/vc_column_text][vc_column_text]<\/p>\n<div class=\"tab\">\n<div id=\"tab-1\" class=\"tab-content\">\n<p style=\"text-align: justify;\"><strong>Alkalisches Konzentrat<\/strong> auf Wasserbasis f\u00fcr die Ultraschallreinigung. Sehr effektiv, auch f\u00fcr den Einsatz in Hochdruckreinigern geeignet. Dringt intensiv in schwer zug\u00e4ngliche Bereiche ein. Geeignet f\u00fcr die Reinigung von z.B. \u00d6lfiltern, Kolben, Radlagern, Bolzen, Schneidwerkzeugen, Maschinenteilen und -komponenten, Turbomotoren, Zylindern, Einspritzpumpen, K\u00f6pfen, Sch\u00fcttgut, Aluminiumteilen, legierten Stahlrohren. Demulgierkonzentrat &#8211; geeignet f\u00fcr \u00d6labscheider.<\/p>\n<p style=\"text-align: justify;\">Entfernt wirksam starke Verschmutzungen verschiedener Art: \u00d6le, Wachse, Fette, Graphit, Korrosionsschutz\u00f6le, Klebstoffreste, Emulgatoren, L\u00e4pp-, Polier- und Schleifr\u00fcckst\u00e4nde, Farbstoffverunreinigungen, Fettbestandteile, Bitumen usw. Es sch\u00fctzt vor allem das Metall und kann zur Reinigung empfindlicher Oberfl\u00e4chen, wie Aluminium oder bearbeitete Teile, verwendet werden.<\/p>\n<\/div>\n<\/div>\n<p>[\/vc_column_text][\/vc_tta_section][vc_tta_section title=&#8220;TECHNISCHE DATEN&#8220; tab_id=&#8220;1611052357239-a03ddaab-c372&#8243;][vc_column_text]pH Wert: 8-9<br \/>\nReinigungstemperatur \u00fcber: 25-60 \u00b0C<br \/>\nKonzentration: 3-5%<br \/>\nKanister Fassungsverm\u00f6gen: 5L,1L[\/vc_column_text][\/vc_tta_section][\/vc_tta_accordion][vc_btn title=&#8220;PREIS&#8220; style=&#8220;flat&#8220; color=&#8220;primary&#8220; size=&#8220;lg&#8220; align=&#8220;center&#8220; link=&#8220;url:https%3A%2F%2Fmarwis24.pl%2Fpl%2Fp%2FMyjka-cisnieniowa-kabinowa-Hydro-Power-1200-140atm%2F23100622||target:%20_blank|&#8220;][vc_column_text]<\/p>\n<p style=\"text-align: center;\"><span style=\"color: #0066bf;\"><strong>Brauchen Sie Angebot?<\/strong><br \/>\n<strong>Rufen Sie uns an!<\/strong><br \/>\n<strong>Mobile: + 48 731 666 100<\/strong><\/span><\/p>\n<p>[\/vc_column_text][\/vc_column][\/vc_row]<\/p>","protected":false},"excerpt":{"rendered":"<p>[vc_row][vc_column][vc_raw_html]JTVCZmxleHlfYnJlYWRjcnVtYiU1RA==[\/vc_raw_html][\/vc_column][\/vc_row][vc_row][vc_column width=&#8220;1\/2&#8243;][\/vc_column][vc_column width=&#8220;1\/2&#8243;][vc_tta_accordion][vc_tta_section title=&#8220;ANWENDUNG&#8220; tab_id=&#8220;1611050130932-cc5a4393-a8f3&#8243;][vc_column_text] Alkalisches Konzentrat auf Wasserbasis f\u00fcr die Ultraschallreinigung. Sehr effektiv, auch f\u00fcr den Einsatz in Hochdruckreinigern geeignet. Dringt intensiv in schwer zug\u00e4ngliche Bereiche ein. Geeignet f\u00fcr die Reinigung von z.B. \u00d6lfiltern, Kolben, Radlagern, Bolzen, Schneidwerkzeugen, Maschinenteilen und -komponenten, Turbomotoren, Zylindern, Einspritzpumpen, K\u00f6pfen, Sch\u00fcttgut, Aluminiumteilen, legierten Stahlrohren. Demulgierkonzentrat &#8211; geeignet f\u00fcr \u00d6labscheider. [&hellip;]<\/p>\n","protected":false},"author":3,"featured_media":0,"parent":1346,"menu_order":0,"comment_status":"closed","ping_status":"open","template":"","meta":[],"_links":{"self":[{"href":"https:\/\/marwis.pl\/de\/wp-json\/wp\/v2\/pages\/1380"}],"collection":[{"href":"https:\/\/marwis.pl\/de\/wp-json\/wp\/v2\/pages"}],"about":[{"href":"https:\/\/marwis.pl\/de\/wp-json\/wp\/v2\/types\/page"}],"author":[{"embeddable":true,"href":"https:\/\/marwis.pl\/de\/wp-json\/wp\/v2\/users\/3"}],"replies":[{"embeddable":true,"href":"https:\/\/marwis.pl\/de\/wp-json\/wp\/v2\/comments?post=1380"}],"version-history":[{"count":36,"href":"https:\/\/marwis.pl\/de\/wp-json\/wp\/v2\/pages\/1380\/revisions"}],"predecessor-version":[{"id":5722,"href":"https:\/\/marwis.pl\/de\/wp-json\/wp\/v2\/pages\/1380\/revisions\/5722"}],"up":[{"embeddable":true,"href":"https:\/\/marwis.pl\/de\/wp-json\/wp\/v2\/pages\/1346"}],"wp:attachment":[{"href":"https:\/\/marwis.pl\/de\/wp-json\/wp\/v2\/media?parent=1380"}],"curies":[{"name":"wp","href":"https:\/\/api.w.org\/{rel}","templated":true}]}}