{"id":1389,"date":"2021-03-08T13:25:38","date_gmt":"2021-03-08T12:25:38","guid":{"rendered":"http:\/\/marwis.zoom.usermd.net\/?page_id=1389"},"modified":"2025-06-12T11:15:15","modified_gmt":"2025-06-12T09:15:15","slug":"koncentrat-do-czyszczenia-dpf-2","status":"publish","type":"page","link":"https:\/\/marwis.pl\/de\/chemia-myjaco-odtluszczajaca\/koncentrat-do-czyszczenia-dpf-2\/","title":{"rendered":"DPF Reinigungskonzentrat"},"content":{"rendered":"<p>[vc_row][vc_column][vc_raw_html]JTVCZmxleHlfYnJlYWRjcnVtYiU1RA==[\/vc_raw_html][\/vc_column][\/vc_row][vc_row][vc_column width=&#8220;1\/2&#8243;]<div id='gallery-2' class='fastgallery fg_style1  '> <div data-img=\"https:\/\/marwis.pl\/wp-content\/uploads\/2021\/03\/Koncentrat-do-czyszczenia-DPF-731x1024.png\"> <\/div><div style=\"clear:both\"><\/div><\/div>[\/vc_column][vc_column width=&#8220;1\/2&#8243;]\r\n    <div class=\"section_title\" style=\"text-align: center; margin: 0px auto 75px; padding: 0;\">\r\n        <h2 style=\"font-size:34px; color: #0066bf; font-weight: 800;\"> DPF-Reinigungskonzentrat <\/h2>\r\n         <div class=\"br\" style=\"margin: 0 auto;\"><\/div>             <\/div>\r\n\r\n    [vc_tta_accordion][vc_tta_section title=&#8220;ANWENDUNG&#8220; tab_id=&#8220;1611050130932-cc5a4393-a8f3&#8243;][vc_column_text]Konzentrat zur Reinigung von DPF-\/FAP-Filtern.<br \/>\nDie Fl\u00fcssigkeit ist zur Reinigung von Partikelfiltern in daf\u00fcr vorgesehenen wasserbasierten Maschinen bestimmt. Geeignet f\u00fcr Ultraschallreinigung, Tauchverfahren sowie manuelle Reinigung. Enth\u00e4lt Korrosionsinhibitoren.<br \/>\nAnwendung in der industriellen Fertigung, Instandsetzungsbetrieben, Kfz-Werkst\u00e4tten sowie in der metallverarbeitenden Industrie. Reinigt wirksam bei einer Temperatur von 35\u201360\u202f\u00b0C. Silikonfrei.<\/p>\n<p>[\/vc_column_text][\/vc_tta_section][vc_tta_section title=&#8220;BESCHREIBUNG&#8220; tab_id=&#8220;1611050130945-8641945f-6d2e&#8220;][vc_column_text]VORTEILE des DPF-Konzentrats:<\/p>\n<p>&#8211; entsperrt und entfernt mit Ru\u00df verstopfte Filterkan\u00e4le<br \/>\n&#8211; enth\u00e4lt Korrosionsinhibitoren<br \/>\n&#8211; Dank der modernen Formel bildet sich im Wassertank keine dicke Suspension<br \/>\n&#8211; Entblockt die komprimierte Asche vom hinteren Teil der Filtereinlasskan\u00e4le.<br \/>\n&#8211; reinigt und regeneriert effektiv hartn\u00e4ckige Ru\u00df-, \u00d6l- oder Kohlenstoffablagerungen<br \/>\n&#8211; beeintr\u00e4chtigt die katalytische Beschichtung des Filters nicht<br \/>\n&#8211; erh\u00f6hte Reinigungseffizienz aufgrund des alkalischen pH-Werts<br \/>\n&#8211; In Kombination mit dem Absch\u00e4umer DX-99 entsteht kein \u00fcbersch\u00fcssiger Schaum, der die Wirkung der Arbeit blockiert<br \/>\n&#8211; hinterl\u00e4sst nach dem Trocknen des Filters keine klebrige Oberfl\u00e4che[\/vc_column_text][\/vc_tta_section][vc_tta_section title=&#8220;TECHNISCHE DATEN&#8220; tab_id=&#8220;1611052357239-a03ddaab-c372&#8243;][vc_column_text]pH-Wert: 8\u20139<br \/>\nFarbe: Violett<br \/>\nArbeitstemperatur: 25\u201360\u202f\u00b0C<br \/>\nGebindegr\u00f6\u00dfen: 5\u202fL, 1\u202fL[\/vc_column_text][\/vc_tta_section][\/vc_tta_accordion][vc_btn title=&#8220;PREIS&#8220; style=&#8220;flat&#8220; color=&#8220;primary&#8220; size=&#8220;lg&#8220; align=&#8220;center&#8220; link=&#8220;url:https%3A%2F%2Fmarwis24.pl%2Fpl%2Fp%2FMyjka-cisnieniowa-kabinowa-Hydro-Power-1200-140atm%2F23100622||target:%20_blank|&#8220;][vc_column_text]<\/p>\n<p style=\"text-align: center;\"><span style=\"color: #0066bf;\">Fordern Sie ein spezielles Angebot f\u00fcr Sie an.<br \/>\n<strong>Rufen Sie uns an!<\/strong><br \/>\n<strong>Mobile: +48 731 666 100<\/strong><\/span><\/p>\n<p>[\/vc_column_text][\/vc_column][\/vc_row]<\/p>","protected":false},"excerpt":{"rendered":"<p>[vc_row][vc_column][vc_raw_html]JTVCZmxleHlfYnJlYWRjcnVtYiU1RA==[\/vc_raw_html][\/vc_column][\/vc_row][vc_row][vc_column width=&#8220;1\/2&#8243;][\/vc_column][vc_column width=&#8220;1\/2&#8243;][vc_tta_accordion][vc_tta_section title=&#8220;ANWENDUNG&#8220; tab_id=&#8220;1611050130932-cc5a4393-a8f3&#8243;][vc_column_text]Konzentrat zur Reinigung von DPF-\/FAP-Filtern. Die Fl\u00fcssigkeit ist zur Reinigung von Partikelfiltern in daf\u00fcr vorgesehenen wasserbasierten Maschinen bestimmt. Geeignet f\u00fcr Ultraschallreinigung, Tauchverfahren sowie manuelle Reinigung. Enth\u00e4lt Korrosionsinhibitoren. Anwendung in der industriellen Fertigung, Instandsetzungsbetrieben, Kfz-Werkst\u00e4tten sowie in der metallverarbeitenden Industrie. Reinigt wirksam bei einer Temperatur von 35\u201360\u202f\u00b0C. Silikonfrei. [\/vc_column_text][\/vc_tta_section][vc_tta_section title=&#8220;BESCHREIBUNG&#8220; tab_id=&#8220;1611050130945-8641945f-6d2e&#8220;][vc_column_text]VORTEILE des [&hellip;]<\/p>\n","protected":false},"author":3,"featured_media":0,"parent":1346,"menu_order":0,"comment_status":"closed","ping_status":"open","template":"","meta":[],"_links":{"self":[{"href":"https:\/\/marwis.pl\/de\/wp-json\/wp\/v2\/pages\/1389"}],"collection":[{"href":"https:\/\/marwis.pl\/de\/wp-json\/wp\/v2\/pages"}],"about":[{"href":"https:\/\/marwis.pl\/de\/wp-json\/wp\/v2\/types\/page"}],"author":[{"embeddable":true,"href":"https:\/\/marwis.pl\/de\/wp-json\/wp\/v2\/users\/3"}],"replies":[{"embeddable":true,"href":"https:\/\/marwis.pl\/de\/wp-json\/wp\/v2\/comments?post=1389"}],"version-history":[{"count":16,"href":"https:\/\/marwis.pl\/de\/wp-json\/wp\/v2\/pages\/1389\/revisions"}],"predecessor-version":[{"id":5731,"href":"https:\/\/marwis.pl\/de\/wp-json\/wp\/v2\/pages\/1389\/revisions\/5731"}],"up":[{"embeddable":true,"href":"https:\/\/marwis.pl\/de\/wp-json\/wp\/v2\/pages\/1346"}],"wp:attachment":[{"href":"https:\/\/marwis.pl\/de\/wp-json\/wp\/v2\/media?parent=1389"}],"curies":[{"name":"wp","href":"https:\/\/api.w.org\/{rel}","templated":true}]}}