{"id":1391,"date":"2021-03-08T13:27:37","date_gmt":"2021-03-08T12:27:37","guid":{"rendered":"http:\/\/marwis.zoom.usermd.net\/?page_id=1391"},"modified":"2025-06-12T13:22:43","modified_gmt":"2025-06-12T11:22:43","slug":"koncentrat-biologiczny-bio-active-clean","status":"publish","type":"page","link":"https:\/\/marwis.pl\/de\/chemia-myjaco-odtluszczajaca\/koncentrat-biologiczny-bio-active-clean\/","title":{"rendered":"BioActive &#8211; Entferner Konzentrat 5L"},"content":{"rendered":"<p>[vc_row][vc_column][vc_raw_html]JTVCZmxleHlfYnJlYWRjcnVtYiU1RA==[\/vc_raw_html][\/vc_column][\/vc_row][vc_row][vc_column width=&#8220;1\/2&#8243;]<div id='gallery-2' class='fastgallery fg_style1  '> <div data-img=\"https:\/\/marwis.pl\/wp-content\/uploads\/2021\/03\/Koncentrat-biologiczny-BIO-active-Clean-731x1024.jpg\"> <\/div><div data-img=\"https:\/\/marwis.pl\/wp-content\/uploads\/2021\/03\/Koncentrat-biologiczny-BIO-active-Clean-2-1024x854.png\"> <\/div><div style=\"clear:both\"><\/div><\/div>[\/vc_column][vc_column width=&#8220;1\/2&#8243;]\r\n    <div class=\"section_title\" style=\"text-align: center; margin: 0px auto 75px; padding: 0;\">\r\n        <h2 style=\"font-size:34px; color: #0066bf; font-weight: 800;\"> BioActive Clean <\/h2>\r\n         <div class=\"br\" style=\"margin: 0 auto;\"><\/div>             <\/div>\r\n\r\n    [vc_tta_accordion][vc_tta_section title=&#8220;ANWENDUNG&#8220; tab_id=&#8220;1611050130932-cc5a4393-a8f3&#8243;][vc_column_text]Niedrigsch\u00e4umender Konzentrat mit leichtem Zitrusduft.<br \/>\nNat\u00fcrliche L\u00f6sung auf Basis von Pflanzenausz\u00fcgen, einem biologischen Reinigungsmittel, Korrosionsinhibitor und Wasser. Frei von L\u00f6sungsmitteln. Der nat\u00fcrliche Bioremediationsprozess erm\u00f6glicht eine gr\u00fcndliche Entfernung von \u00d6len und Fetten.<\/p>\n<p>Der pH-Wert des Konzentrats betr\u00e4gt 6,8\u20137,9, der pH-Wert der L\u00f6sung 6,4\u20137,3. F\u00fcr optimale Wirkung der Mikroorganismen wird empfohlen, das Wasser konstant auf 41\u202f\u00b0C zu halten und kontinuierlich zu bel\u00fcften.[\/vc_column_text][\/vc_tta_section][vc_tta_section title=&#8220;TECHNISCHE DATEN&#8220; tab_id=&#8220;1749720115048-61271d95-4334&#8243;][vc_column_text]pH-Wert: 6,8\u20137,9<br \/>\nFarbe: Farblos<br \/>\nArbeitstemperatur: 41\u202f\u00b0C<br \/>\nGebindegr\u00f6\u00dfen: 5\u202fL, 1\u202fL[\/vc_column_text][\/vc_tta_section][\/vc_tta_accordion][vc_btn title=&#8220;PREIS&#8220; style=&#8220;flat&#8220; color=&#8220;primary&#8220; size=&#8220;lg&#8220; align=&#8220;center&#8220; link=&#8220;url:https%3A%2F%2Fmarwis24.pl%2Fpl%2Fp%2FMyjka-cisnieniowa-kabinowa-Hydro-Power-1200-140atm%2F23100622||target:%20_blank|&#8220;][vc_column_text]<\/p>\n<p style=\"text-align: center;\"><span style=\"color: #0066bf;\">Ben\u00f6tigen Sie ein Angebot ?<br \/>\n<strong>Rufen Sie uns an!<\/strong><br \/>\n<strong>Mobile: +48 731 666 100<\/strong><\/span><\/p>\n<p>[\/vc_column_text][\/vc_column][\/vc_row]<\/p>","protected":false},"excerpt":{"rendered":"<p>[vc_row][vc_column][vc_raw_html]JTVCZmxleHlfYnJlYWRjcnVtYiU1RA==[\/vc_raw_html][\/vc_column][\/vc_row][vc_row][vc_column width=&#8220;1\/2&#8243;][\/vc_column][vc_column width=&#8220;1\/2&#8243;][vc_tta_accordion][vc_tta_section title=&#8220;ANWENDUNG&#8220; tab_id=&#8220;1611050130932-cc5a4393-a8f3&#8243;][vc_column_text]Niedrigsch\u00e4umender Konzentrat mit leichtem Zitrusduft. Nat\u00fcrliche L\u00f6sung auf Basis von Pflanzenausz\u00fcgen, einem biologischen Reinigungsmittel, Korrosionsinhibitor und Wasser. Frei von L\u00f6sungsmitteln. Der nat\u00fcrliche Bioremediationsprozess erm\u00f6glicht eine gr\u00fcndliche Entfernung von \u00d6len und Fetten. Der pH-Wert des Konzentrats betr\u00e4gt 6,8\u20137,9, der pH-Wert der L\u00f6sung 6,4\u20137,3. F\u00fcr optimale Wirkung der Mikroorganismen wird empfohlen, das Wasser [&hellip;]<\/p>\n","protected":false},"author":3,"featured_media":0,"parent":1346,"menu_order":0,"comment_status":"closed","ping_status":"open","template":"","meta":[],"_links":{"self":[{"href":"https:\/\/marwis.pl\/de\/wp-json\/wp\/v2\/pages\/1391"}],"collection":[{"href":"https:\/\/marwis.pl\/de\/wp-json\/wp\/v2\/pages"}],"about":[{"href":"https:\/\/marwis.pl\/de\/wp-json\/wp\/v2\/types\/page"}],"author":[{"embeddable":true,"href":"https:\/\/marwis.pl\/de\/wp-json\/wp\/v2\/users\/3"}],"replies":[{"embeddable":true,"href":"https:\/\/marwis.pl\/de\/wp-json\/wp\/v2\/comments?post=1391"}],"version-history":[{"count":26,"href":"https:\/\/marwis.pl\/de\/wp-json\/wp\/v2\/pages\/1391\/revisions"}],"predecessor-version":[{"id":5734,"href":"https:\/\/marwis.pl\/de\/wp-json\/wp\/v2\/pages\/1391\/revisions\/5734"}],"up":[{"embeddable":true,"href":"https:\/\/marwis.pl\/de\/wp-json\/wp\/v2\/pages\/1346"}],"wp:attachment":[{"href":"https:\/\/marwis.pl\/de\/wp-json\/wp\/v2\/media?parent=1391"}],"curies":[{"name":"wp","href":"https:\/\/api.w.org\/{rel}","templated":true}]}}