{"id":1396,"date":"2021-03-08T13:31:47","date_gmt":"2021-03-08T12:31:47","guid":{"rendered":"http:\/\/marwis.zoom.usermd.net\/?page_id=1396"},"modified":"2025-06-12T10:50:39","modified_gmt":"2025-06-12T08:50:39","slug":"koncentrat-mrs-cleaner-strong","status":"publish","type":"page","link":"https:\/\/marwis.pl\/de\/chemia-myjaco-odtluszczajaca\/koncentrat-mrs-cleaner-strong\/","title":{"rendered":"MRS Cleaner Strong Konzentrat 5L"},"content":{"rendered":"<p>[vc_row][vc_column][vc_raw_html]JTVCZmxleHlfYnJlYWRjcnVtYiU1RA==[\/vc_raw_html][\/vc_column][\/vc_row][vc_row][vc_column width=&#8220;1\/2&#8243;]<div id='gallery-2' class='fastgallery fg_style1  '> <div data-img=\"https:\/\/marwis.pl\/wp-content\/uploads\/2021\/03\/mrs-cleaner-strong-731x1024.jpg\"> <\/div><div style=\"clear:both\"><\/div><\/div>[\/vc_column][vc_column width=&#8220;1\/2&#8243;]\r\n    <div class=\"section_title\" style=\"text-align: center; margin: 0px auto 75px; padding: 0;\">\r\n        <h2 style=\"font-size:34px; color: #0066bf; font-weight: 800;\"> MRS Cleaner Starkes Konzentrat <\/h2>\r\n         <div class=\"br\" style=\"margin: 0 auto;\"><\/div>             <\/div>\r\n\r\n    [vc_tta_accordion][vc_tta_section title=&#8220;ANWENDUNG&#8220; tab_id=&#8220;1611050130932-cc5a4393-a8f3&#8243;][vc_column_text]<\/p>\n<div class=\"tab\">\n<div id=\"tab-1\" class=\"tab-content\">\n<p>Alkalisches Entfettungskonzentrat mit Korrosionsinhibitoren, entwickelt zur Entfernung starker \u00d6l- und Fettr\u00fcckst\u00e4nde. Geeignet f\u00fcr den Einsatz in automatischen Waschanlagen, Spritz- und Tauchreinigungssystemen sowie in w\u00e4ssrigen Teilereinigungsger\u00e4ten. Das Produkt entfernt wirksam \u00d6le, Fette und andere hartn\u00e4ckige Verschmutzungen. Seine Vielseitigkeit erm\u00f6glicht einen effizienten Einsatz in verschiedenen Reinigungssystemen.<\/p>\n<p>Geeignet f\u00fcr den Einsatz in automatischen Reinigungsanlagen, Korbwaschanlagen, Hochdruck- und Ultraschallreinigern.<\/p>\n<\/div>\n<\/div>\n<p>[\/vc_column_text][\/vc_tta_section][vc_tta_section title=&#8220;TECHNISCHE DATEN&#8220; tab_id=&#8220;1611052357239-a03ddaab-c372&#8243;][vc_column_text]Fl\u00fcssiges Konzentrat mit blauer Farbe.<br \/>\npH-Wert: 13<br \/>\nArbeitstemperatur: 40\u202f\u00b0C<br \/>\nKonzentration: 2\u20135\u202f% \/ 100\u202fL Wasser pro 5\u202fL Konzentrat<br \/>\nGebindegr\u00f6\u00dfe: 5\u202fL[\/vc_column_text][\/vc_tta_section][\/vc_tta_accordion][vc_btn title=&#8220;PREIS&#8220; style=&#8220;flat&#8220; color=&#8220;primary&#8220; size=&#8220;lg&#8220; align=&#8220;center&#8220; link=&#8220;url:https%3A%2F%2Fmarwis24.pl%2Fpl%2Fp%2FMyjka-cisnieniowa-kabinowa-Hydro-Power-1200-140atm%2F23100622||target:%20_blank|&#8220;][vc_column_text]<\/p>\n<p style=\"text-align: center;\"><span style=\"color: #0066bf;\">Brauchen Sie Angebot?<br \/>\n<strong>Rufen Sie uns an!<\/strong><br \/>\n<strong>Mobile: +48 731 666 100<\/strong><\/span><\/p>\n<p>[\/vc_column_text][\/vc_column][\/vc_row]<\/p>","protected":false},"excerpt":{"rendered":"<p>[vc_row][vc_column][vc_raw_html]JTVCZmxleHlfYnJlYWRjcnVtYiU1RA==[\/vc_raw_html][\/vc_column][\/vc_row][vc_row][vc_column width=&#8220;1\/2&#8243;][\/vc_column][vc_column width=&#8220;1\/2&#8243;][vc_tta_accordion][vc_tta_section title=&#8220;ANWENDUNG&#8220; tab_id=&#8220;1611050130932-cc5a4393-a8f3&#8243;][vc_column_text] Alkalisches Entfettungskonzentrat mit Korrosionsinhibitoren, entwickelt zur Entfernung starker \u00d6l- und Fettr\u00fcckst\u00e4nde. Geeignet f\u00fcr den Einsatz in automatischen Waschanlagen, Spritz- und Tauchreinigungssystemen sowie in w\u00e4ssrigen Teilereinigungsger\u00e4ten. Das Produkt entfernt wirksam \u00d6le, Fette und andere hartn\u00e4ckige Verschmutzungen. Seine Vielseitigkeit erm\u00f6glicht einen effizienten Einsatz in verschiedenen Reinigungssystemen. Geeignet f\u00fcr den Einsatz in automatischen [&hellip;]<\/p>\n","protected":false},"author":3,"featured_media":0,"parent":1346,"menu_order":0,"comment_status":"closed","ping_status":"open","template":"","meta":[],"_links":{"self":[{"href":"https:\/\/marwis.pl\/de\/wp-json\/wp\/v2\/pages\/1396"}],"collection":[{"href":"https:\/\/marwis.pl\/de\/wp-json\/wp\/v2\/pages"}],"about":[{"href":"https:\/\/marwis.pl\/de\/wp-json\/wp\/v2\/types\/page"}],"author":[{"embeddable":true,"href":"https:\/\/marwis.pl\/de\/wp-json\/wp\/v2\/users\/3"}],"replies":[{"embeddable":true,"href":"https:\/\/marwis.pl\/de\/wp-json\/wp\/v2\/comments?post=1396"}],"version-history":[{"count":29,"href":"https:\/\/marwis.pl\/de\/wp-json\/wp\/v2\/pages\/1396\/revisions"}],"predecessor-version":[{"id":5726,"href":"https:\/\/marwis.pl\/de\/wp-json\/wp\/v2\/pages\/1396\/revisions\/5726"}],"up":[{"embeddable":true,"href":"https:\/\/marwis.pl\/de\/wp-json\/wp\/v2\/pages\/1346"}],"wp:attachment":[{"href":"https:\/\/marwis.pl\/de\/wp-json\/wp\/v2\/media?parent=1396"}],"curies":[{"name":"wp","href":"https:\/\/api.w.org\/{rel}","templated":true}]}}