{"id":1408,"date":"2021-03-08T13:38:01","date_gmt":"2021-03-08T12:38:01","guid":{"rendered":"http:\/\/marwis.zoom.usermd.net\/?page_id=1408"},"modified":"2025-12-03T14:49:37","modified_gmt":"2025-12-03T13:49:37","slug":"zmywacz-do-zywicy","status":"publish","type":"page","link":"https:\/\/marwis.pl\/de\/chemia-myjaco-odtluszczajaca\/zmywacz-do-zywicy\/","title":{"rendered":"CLEAN PROFESSIONAL 5L &#8211; Entferner"},"content":{"rendered":"<p>[vc_row][vc_column][vc_raw_html]JTVCZmxleHlfYnJlYWRjcnVtYiU1RA==[\/vc_raw_html][\/vc_column][\/vc_row][vc_row][vc_column width=&#8220;1\/2&#8243;]<div id='gallery-2' class='fastgallery fg_style1  '> <div data-img=\"https:\/\/marwis.pl\/wp-content\/uploads\/2021\/03\/Zmywacz-do-zywicy-731x1024.jpg\"> <\/div><div style=\"clear:both\"><\/div><\/div>[\/vc_column][vc_column width=&#8220;1\/2&#8243;]\r\n    <div class=\"section_title\" style=\"text-align: center; margin: 0px auto 75px; padding: 0;\">\r\n        <h2 style=\"font-size:34px; color: #0066bf; font-weight: 800;\"> Alkalisches Konzentrat zur Entfernung von Harz <\/h2>\r\n         <div class=\"br\" style=\"margin: 0 auto;\"><\/div>             <\/div>\r\n\r\n    [vc_tta_accordion][vc_tta_section title=&#8220;ANWENDUNG&#8220; tab_id=&#8220;1611050130932-cc5a4393-a8f3&#8243;][vc_column_text]Gebrauchsfertige Reinigungs- und Entfettungsfl\u00fcssigkeit auf L\u00f6sungsmittelbasis, entwickelt zur Entfernung starker Verschmutzungen. Bestimmt f\u00fcr den Einsatz in manuellen Werkstattreinigern mit geschlossenem Kreislauf.<br \/>\nAnwendung in der industriellen Produktion, Instandsetzungsbetrieben, Kfz-Werkst\u00e4tten und der metallverarbeitenden Industrie. Kalt anwendbar, sofort einsatzbereit. Besitzt korrosionssch\u00fctzende Eigenschaften.[\/vc_column_text][\/vc_tta_section][vc_tta_section title=&#8220;TECHNISCHE DATEN&#8220; tab_id=&#8220;1611052357239-a03ddaab-c372&#8243;][vc_column_text]Produkttyp: Reinigungsfl\u00fcssigkeit<br \/>\nFarbe: Farblos<br \/>\nArbeitstemperatur: ab 0\u202f\u00b0C<br \/>\nDichte: 0,8\u202fg\/cm\u00b3<br \/>\nKennzeichnung: keine<br \/>\nVerpackungseinheit: 5\u202fL[\/vc_column_text][\/vc_tta_section][vc_tta_section title=&#8220;FILM&#8220; tab_id=&#8220;1613475586868-0a042baf-3b3a&#8220;][vc_video link=&#8220;https:\/\/www.youtube.com\/watch?v=ci2w9jwCKbA&amp;feature=emb_title&#8220;][\/vc_tta_section][\/vc_tta_accordion][vc_btn title=&#8220;PREIS&#8220; style=&#8220;flat&#8220; color=&#8220;primary&#8220; size=&#8220;lg&#8220; align=&#8220;center&#8220; link=&#8220;url:https%3A%2F%2Fmarwis24.pl%2Fpl%2Fp%2FMyjka-cisnieniowa-kabinowa-Hydro-Power-1200-140atm%2F23100622||target:%20_blank|&#8220;][vc_column_text]<\/p>\n<p style=\"text-align: center;\"><strong><span style=\"color: #0066bf;\">Brauchen Sie ein Angebot?<br \/>\nRuf Sie und an!<br \/>\nMobil: +48 731 666 100<\/span><\/strong><\/p>\n<p>[\/vc_column_text][\/vc_column][\/vc_row]<\/p>","protected":false},"excerpt":{"rendered":"<p>[vc_row][vc_column][vc_raw_html]JTVCZmxleHlfYnJlYWRjcnVtYiU1RA==[\/vc_raw_html][\/vc_column][\/vc_row][vc_row][vc_column width=&#8220;1\/2&#8243;][\/vc_column][vc_column width=&#8220;1\/2&#8243;][vc_tta_accordion][vc_tta_section title=&#8220;ANWENDUNG&#8220; tab_id=&#8220;1611050130932-cc5a4393-a8f3&#8243;][vc_column_text]Gebrauchsfertige Reinigungs- und Entfettungsfl\u00fcssigkeit auf L\u00f6sungsmittelbasis, entwickelt zur Entfernung starker Verschmutzungen. Bestimmt f\u00fcr den Einsatz in manuellen Werkstattreinigern mit geschlossenem Kreislauf. Anwendung in der industriellen Produktion, Instandsetzungsbetrieben, Kfz-Werkst\u00e4tten und der metallverarbeitenden Industrie. Kalt anwendbar, sofort einsatzbereit. Besitzt korrosionssch\u00fctzende Eigenschaften.[\/vc_column_text][\/vc_tta_section][vc_tta_section title=&#8220;TECHNISCHE DATEN&#8220; tab_id=&#8220;1611052357239-a03ddaab-c372&#8243;][vc_column_text]Produkttyp: Reinigungsfl\u00fcssigkeit Farbe: Farblos Arbeitstemperatur: ab 0\u202f\u00b0C Dichte: 0,8\u202fg\/cm\u00b3 Kennzeichnung: [&hellip;]<\/p>\n","protected":false},"author":3,"featured_media":0,"parent":1346,"menu_order":0,"comment_status":"closed","ping_status":"open","template":"","meta":[],"_links":{"self":[{"href":"https:\/\/marwis.pl\/de\/wp-json\/wp\/v2\/pages\/1408"}],"collection":[{"href":"https:\/\/marwis.pl\/de\/wp-json\/wp\/v2\/pages"}],"about":[{"href":"https:\/\/marwis.pl\/de\/wp-json\/wp\/v2\/types\/page"}],"author":[{"embeddable":true,"href":"https:\/\/marwis.pl\/de\/wp-json\/wp\/v2\/users\/3"}],"replies":[{"embeddable":true,"href":"https:\/\/marwis.pl\/de\/wp-json\/wp\/v2\/comments?post=1408"}],"version-history":[{"count":24,"href":"https:\/\/marwis.pl\/de\/wp-json\/wp\/v2\/pages\/1408\/revisions"}],"predecessor-version":[{"id":6073,"href":"https:\/\/marwis.pl\/de\/wp-json\/wp\/v2\/pages\/1408\/revisions\/6073"}],"up":[{"embeddable":true,"href":"https:\/\/marwis.pl\/de\/wp-json\/wp\/v2\/pages\/1346"}],"wp:attachment":[{"href":"https:\/\/marwis.pl\/de\/wp-json\/wp\/v2\/media?parent=1408"}],"curies":[{"name":"wp","href":"https:\/\/api.w.org\/{rel}","templated":true}]}}