{"id":1879,"date":"2021-06-22T10:59:12","date_gmt":"2021-06-22T08:59:12","guid":{"rendered":"http:\/\/marwis.zoom.usermd.net\/?page_id=1879"},"modified":"2021-11-17T21:21:19","modified_gmt":"2021-11-17T20:21:19","slug":"clean-hands-inox","status":"publish","type":"page","link":"https:\/\/marwis.pl\/de\/dezynfekcja\/clean-hands-inox\/","title":{"rendered":"Clean Hand INOX"},"content":{"rendered":"<p>[vc_row][vc_column][vc_raw_html]JTVCZmxleHlfYnJlYWRjcnVtYiU1RA==[\/vc_raw_html][\/vc_column][\/vc_row][vc_row][vc_column width=&#8220;1\/2&#8243;]<div id='gallery-2' class='fastgallery fg_style1  '> <div data-img=\"https:\/\/marwis.pl\/wp-content\/uploads\/2021\/06\/Clean-Hands-INOX-734x1024.png\"> <\/div><div style=\"clear:both\"><\/div><\/div>[\/vc_column][vc_column width=&#8220;1\/2&#8243;]\r\n    <div class=\"section_title\" style=\"text-align: center; margin: 0px auto 75px; padding: 0;\">\r\n        <h2 style=\"font-size:34px; color: #0066bf; font-weight: 800;\"> Clean Hands INOX <\/h2>\r\n         <div class=\"br\" style=\"margin: 0 auto;\"><\/div>             <\/div>\r\n\r\n    [vc_tta_accordion][vc_tta_section title=&#8220;ANWENDUNG&#8220; tab_id=&#8220;1611050130932-cc5a4393-a8f3&#8243;][vc_column_text]Clean Hands ist ein zuverl\u00e4ssiges H\u00e4ndedesinfektionsmittel.<\/p>\n<p>Die perfekte L\u00f6sung f\u00fcr:<\/p>\n<p>Gesch\u00e4fte<br \/>\nB\u00fcros<br \/>\nAutoh\u00e4user<br \/>\nKrankenh\u00e4user, Kliniken, Arztpraxen<br \/>\nSch\u00f6nheitssalons<br \/>\nKirchen<br \/>\nTankstellen<br \/>\nSchulen, Kinderg\u00e4rten<br \/>\nFlugh\u00e4fen<br \/>\nArbeitspl\u00e4tze<br \/>\nBahn- und Busbahnh\u00f6fe<br \/>\nWas ist wichtig:<br \/>\nDas Ger\u00e4t ist mit Epoxy-Polyester-Lack lackiert.<br \/>\nEinfache Handhabung &#8211; ber\u00fchrungslose Desinfektionsmittelapplikation mit Bewegungssensor!<br \/>\nClean Hands verf\u00fcgt \u00fcber 2 Spender: f\u00fcr Taschent\u00fccher und Handschuhe und ist mit einem Beh\u00e4lter f\u00fcr den entsprechenden Abfall ausgestattet.<br \/>\nAbmessungen: H\u00f6he 1350 mm, Breite 390 mm, Tiefe 250 mm<br \/>\nKapazit\u00e4t des Fl\u00fcssigkeitsspenders &#8211; 5L<br \/>\nGewicht: 35kg<br \/>\n230V Netzteil<br \/>\nDas Ger\u00e4t ist in folgenden Farben erh\u00e4ltlich: gelb, schwarz und wei\u00df (bitte kontaktieren Sie uns vor dem Kauf, um die verf\u00fcgbaren Farben zu ermitteln)<\/p>\n<p>Wirksamer Schutz und Desinfektion.[\/vc_column_text][\/vc_tta_section][\/vc_tta_accordion][vc_btn title=&#8220;SIECHE DEN PREIS&#8220; style=&#8220;flat&#8220; color=&#8220;primary&#8220; size=&#8220;lg&#8220; align=&#8220;center&#8220; link=&#8220;url:https%3A%2F%2Fmarwis24.pl%2Fpl%2Fmyjka-warsztatowa-mst800-z-pokrywa-domykajaca-pod-beczke-60l.html||target:%20_blank|&#8220;][vc_column_text]<\/p>\n<p style=\"text-align: center;\"><span style=\"color: #0066bf;\">Fordern Sie ein spezielles Angebot f\u00fcr Sie an.<\/span><strong><span style=\"color: #0066bf;\"><br \/>\nRuf mich an! <\/span><\/strong><br \/>\n<strong><span style=\"color: #0066bf;\">tel. 731 666 100.<\/span><\/strong><\/p>\n<p>[\/vc_column_text][\/vc_column][\/vc_row]<\/p>","protected":false},"excerpt":{"rendered":"<p>[vc_row][vc_column][vc_raw_html]JTVCZmxleHlfYnJlYWRjcnVtYiU1RA==[\/vc_raw_html][\/vc_column][\/vc_row][vc_row][vc_column width=&#8220;1\/2&#8243;][\/vc_column][vc_column width=&#8220;1\/2&#8243;][vc_tta_accordion][vc_tta_section title=&#8220;ANWENDUNG&#8220; tab_id=&#8220;1611050130932-cc5a4393-a8f3&#8243;][vc_column_text]Clean Hands ist ein zuverl\u00e4ssiges H\u00e4ndedesinfektionsmittel. Die perfekte L\u00f6sung f\u00fcr: Gesch\u00e4fte B\u00fcros Autoh\u00e4user Krankenh\u00e4user, Kliniken, Arztpraxen Sch\u00f6nheitssalons Kirchen Tankstellen Schulen, Kinderg\u00e4rten Flugh\u00e4fen Arbeitspl\u00e4tze Bahn- und Busbahnh\u00f6fe Was ist wichtig: Das Ger\u00e4t ist mit Epoxy-Polyester-Lack lackiert. Einfache Handhabung &#8211; ber\u00fchrungslose Desinfektionsmittelapplikation mit Bewegungssensor! Clean Hands verf\u00fcgt \u00fcber 2 Spender: f\u00fcr Taschent\u00fccher und [&hellip;]<\/p>\n","protected":false},"author":3,"featured_media":0,"parent":1356,"menu_order":0,"comment_status":"closed","ping_status":"open","template":"","meta":[],"_links":{"self":[{"href":"https:\/\/marwis.pl\/de\/wp-json\/wp\/v2\/pages\/1879"}],"collection":[{"href":"https:\/\/marwis.pl\/de\/wp-json\/wp\/v2\/pages"}],"about":[{"href":"https:\/\/marwis.pl\/de\/wp-json\/wp\/v2\/types\/page"}],"author":[{"embeddable":true,"href":"https:\/\/marwis.pl\/de\/wp-json\/wp\/v2\/users\/3"}],"replies":[{"embeddable":true,"href":"https:\/\/marwis.pl\/de\/wp-json\/wp\/v2\/comments?post=1879"}],"version-history":[{"count":7,"href":"https:\/\/marwis.pl\/de\/wp-json\/wp\/v2\/pages\/1879\/revisions"}],"predecessor-version":[{"id":3025,"href":"https:\/\/marwis.pl\/de\/wp-json\/wp\/v2\/pages\/1879\/revisions\/3025"}],"up":[{"embeddable":true,"href":"https:\/\/marwis.pl\/de\/wp-json\/wp\/v2\/pages\/1356"}],"wp:attachment":[{"href":"https:\/\/marwis.pl\/de\/wp-json\/wp\/v2\/media?parent=1879"}],"curies":[{"name":"wp","href":"https:\/\/api.w.org\/{rel}","templated":true}]}}