{"id":1906,"date":"2021-06-22T11:58:57","date_gmt":"2021-06-22T09:58:57","guid":{"rendered":"http:\/\/marwis.zoom.usermd.net\/?page_id=1906"},"modified":"2021-11-18T09:56:12","modified_gmt":"2021-11-18T08:56:12","slug":"wanna-ociekowa-wychwytowa-1000x1000","status":"publish","type":"page","link":"https:\/\/marwis.pl\/de\/wanny-ociekowe\/wanna-ociekowa-wychwytowa-1000x1000\/","title":{"rendered":"TROPFWANNEN 1000\u00d71000"},"content":{"rendered":"<p>[vc_row][vc_column][vc_raw_html]JTVCZmxleHlfYnJlYWRjcnVtYiU1RA==[\/vc_raw_html][\/vc_column][\/vc_row][vc_row][vc_column width=&#8220;1\/2&#8243;]<div id='gallery-2' class='fastgallery fg_style1  '> <div data-img=\"https:\/\/marwis.pl\/wp-content\/uploads\/2021\/11\/wanna-wychwytowa-2-1024x683.jpg\"> <\/div><div data-img=\"https:\/\/marwis.pl\/wp-content\/uploads\/2021\/11\/wanna-wychwytowa-1-1024x683.jpg\"> <\/div><div style=\"clear:both\"><\/div><\/div>[\/vc_column][vc_column width=&#8220;1\/2&#8243;]\r\n    <div class=\"section_title\" style=\"text-align: center; margin: 0px auto 75px; padding: 0;\">\r\n        <h2 style=\"font-size:34px; color: #0066bf; font-weight: 800;\"> TROPFWANNEN 1000\u00d71000 <\/h2>\r\n         <div class=\"br\" style=\"margin: 0 auto;\"><\/div>             <\/div>\r\n\r\n    [vc_tta_accordion][vc_tta_section title=&#8220;ANWENDUNG&#8220; tab_id=&#8220;1611050130932-cc5a4393-a8f3&#8243;][vc_column_text]<\/p>\n<div class=\"tab\">\n<div id=\"tab-1\" class=\"tab-content\">\n<p>Auffangwanne 1000 x 1000 x 200<\/p>\n<p>Tropfschale zum Aufbewahren von F\u00e4ssern oder unter einer Waschmaschine.<\/p>\n<p>Stahlkonstruktion aus 2 mm Blech, beidseitig dicht verschwei\u00dft,<\/p>\n<p>mit abnehmbarem, verzinktem Gitterrost, hergestellt aus einem 30&#215;2 mm Flachstab mit einer Maschenweite von 66x66mm.<\/p>\n<p>Die Badewanne hat 100 mm hohe Beine &#8211; dadurch kann sie mit einem Hubwagen oder Gabelstapler transportiert werden.<\/p>\n<p>Andere Abmessungen der Badewanne sind auf Anfrage erh\u00e4ltlich, bitte sprechen Sie uns an!<\/p>\n<p>&nbsp;<\/p>\n<\/div>\n<\/div>\n<p>[\/vc_column_text][\/vc_tta_section][vc_tta_section title=&#8220;TECHNISCHE DATEN&#8220; tab_id=&#8220;1611052357239-a03ddaab-c372&#8243;][vc_column_text]Parameter:<\/p>\n<p>Tragkraft: 500 kg,<\/p>\n<p>Gewicht: 40kg,<\/p>\n<p>L\u00e4nge: 1000mm,<\/p>\n<p>Breite: 1000 mm,<\/p>\n<p>H\u00f6he: 100 mm + 100 mm H\u00f6he der F\u00fc\u00dfe.<\/p>\n<p>&nbsp;<\/p>\n<p>M\u00f6glichkeit, eine Tropfwanne auf Sonderbestellung herzustellen.[\/vc_column_text][\/vc_tta_section][\/vc_tta_accordion][vc_btn title=&#8220;SIECHE DEN PREIS&#8220; style=&#8220;flat&#8220; color=&#8220;primary&#8220; size=&#8220;lg&#8220; align=&#8220;center&#8220; link=&#8220;url:https%3A%2F%2Fmarwis24.pl%2Fpl%2Fmyjka-warsztatowa-mst-1200-pod-beczke-200l-lub-60l.html||target:%20_blank|&#8220;][vc_column_text]<\/p>\n<p style=\"text-align: center;\"><span style=\"color: #0066bf;\">Fordern Sie ein spezielles Angebot f\u00fcr Sie an.<br \/>\n<strong>Ruf mich an!<\/strong><br \/>\n<strong>Telefon: 731 666 100.<\/strong><\/span><\/p>\n<p>[\/vc_column_text][\/vc_column][\/vc_row]<\/p>","protected":false},"excerpt":{"rendered":"<p>[vc_row][vc_column][vc_raw_html]JTVCZmxleHlfYnJlYWRjcnVtYiU1RA==[\/vc_raw_html][\/vc_column][\/vc_row][vc_row][vc_column width=&#8220;1\/2&#8243;][\/vc_column][vc_column width=&#8220;1\/2&#8243;][vc_tta_accordion][vc_tta_section title=&#8220;ANWENDUNG&#8220; tab_id=&#8220;1611050130932-cc5a4393-a8f3&#8243;][vc_column_text] Auffangwanne 1000 x 1000 x 200 Tropfschale zum Aufbewahren von F\u00e4ssern oder unter einer Waschmaschine. Stahlkonstruktion aus 2 mm Blech, beidseitig dicht verschwei\u00dft, mit abnehmbarem, verzinktem Gitterrost, hergestellt aus einem 30&#215;2 mm Flachstab mit einer Maschenweite von 66x66mm. Die Badewanne hat 100 mm hohe Beine &#8211; dadurch kann sie mit [&hellip;]<\/p>\n","protected":false},"author":3,"featured_media":0,"parent":1354,"menu_order":0,"comment_status":"closed","ping_status":"open","template":"","meta":[],"_links":{"self":[{"href":"https:\/\/marwis.pl\/de\/wp-json\/wp\/v2\/pages\/1906"}],"collection":[{"href":"https:\/\/marwis.pl\/de\/wp-json\/wp\/v2\/pages"}],"about":[{"href":"https:\/\/marwis.pl\/de\/wp-json\/wp\/v2\/types\/page"}],"author":[{"embeddable":true,"href":"https:\/\/marwis.pl\/de\/wp-json\/wp\/v2\/users\/3"}],"replies":[{"embeddable":true,"href":"https:\/\/marwis.pl\/de\/wp-json\/wp\/v2\/comments?post=1906"}],"version-history":[{"count":9,"href":"https:\/\/marwis.pl\/de\/wp-json\/wp\/v2\/pages\/1906\/revisions"}],"predecessor-version":[{"id":3066,"href":"https:\/\/marwis.pl\/de\/wp-json\/wp\/v2\/pages\/1906\/revisions\/3066"}],"up":[{"embeddable":true,"href":"https:\/\/marwis.pl\/de\/wp-json\/wp\/v2\/pages\/1354"}],"wp:attachment":[{"href":"https:\/\/marwis.pl\/de\/wp-json\/wp\/v2\/media?parent=1906"}],"curies":[{"name":"wp","href":"https:\/\/api.w.org\/{rel}","templated":true}]}}