{"id":1947,"date":"2021-06-22T14:09:32","date_gmt":"2021-06-22T12:09:32","guid":{"rendered":"http:\/\/marwis.zoom.usermd.net\/?page_id=1947"},"modified":"2021-11-18T09:57:31","modified_gmt":"2021-11-18T08:57:31","slug":"wanna-ociekowa-z-szafka-pod-beczki","status":"publish","type":"page","link":"https:\/\/marwis.pl\/de\/wanny-ociekowe\/wanna-ociekowa-z-szafka-pod-beczki\/","title":{"rendered":"TROPFWANNEN MIT SCHRANK F\u00dcR F\u00c4SSER"},"content":{"rendered":"<p>[vc_row][vc_column][vc_raw_html]JTVCZmxleHlfYnJlYWRjcnVtYiU1RA==[\/vc_raw_html][\/vc_column][\/vc_row][vc_row][vc_column width=&#8220;1\/2&#8243;]<div id='gallery-2' class='fastgallery fg_style1  '> <div data-img=\"https:\/\/marwis.pl\/wp-content\/uploads\/2021\/07\/mrs-clean-na-drzwiach_-1024x1024.jpg\"> <\/div><div data-img=\"https:\/\/marwis.pl\/wp-content\/uploads\/2021\/11\/mrs-clean_-1024x1024.jpg\"> <\/div><div style=\"clear:both\"><\/div><\/div>[\/vc_column][vc_column width=&#8220;1\/2&#8243;]\r\n    <div class=\"section_title\" style=\"text-align: center; margin: 0px auto 75px; padding: 0;\">\r\n        <h2 style=\"font-size:34px; color: #0066bf; font-weight: 800;\"> TROPFWANNEN MIT SCHRANK F\u00dcR F\u00c4SSER <\/h2>\r\n         <div class=\"br\" style=\"margin: 0 auto;\"><\/div>             <\/div>\r\n\r\n    [vc_tta_accordion][vc_tta_section title=&#8220;ANWENDUNG&#8220; tab_id=&#8220;1611050130932-cc5a4393-a8f3&#8243;][vc_column_text]<\/p>\n<div class=\"tab\">\n<div id=\"tab-1\" class=\"tab-content\">\n<div class=\"FFpbKc\">\n<div class=\"ZTPlmc\">\n<p>Eingebauter Sumpf zur Aufbewahrung von Chemikalien, kann ge\u00f6ffnet werden.<\/p>\n<p>Robuste, geschwei\u00dfte Metallkonstruktion, pulverbeschichtet.<\/p>\n<p>Dank der verwendeten Struktur kann es problemlos mit einem Gabelstapler transportiert werden.<\/p>\n<p>Die breiten Einwurf\u00f6ffnungen erm\u00f6glichen ein einfaches Stapeln der F\u00e4sser auf Paletten.<\/p>\n<\/div>\n<\/div>\n<\/div>\n<\/div>\n<p>[\/vc_column_text][\/vc_tta_section][vc_tta_section title=&#8220;TECHNISCHE DATEN&#8220; tab_id=&#8220;1611052357239-a03ddaab-c372&#8243;][vc_column_text]Technische Daten :<\/p>\n<p>Gesamth\u00f6he: 1440 mm<\/p>\n<p>Gesamttiefe: 970 mm<\/p>\n<p>Gesamtbreite: 1480 mm<\/p>\n<p>Arbeitsh\u00f6he: 340 mm<\/p>\n<p>Innenh\u00f6he: 1060 mm<\/p>\n<p>\u00d6ffnungsweite: 1400 mm<\/p>\n<p>Fassungsverm\u00f6gen: 270 Liter<\/p>\n<p>Tragf\u00e4higkeit: 600 kg<\/p>\n<p>Gewicht: 120 kg<\/p>\n<p>&nbsp;<\/p>\n<p>M\u00f6glichkeit, eine Tropfwanne auf Sonderbestellung herzustellen.[\/vc_column_text][\/vc_tta_section][\/vc_tta_accordion][vc_btn title=&#8220;SIECHE DEN PREIS&#8220; style=&#8220;flat&#8220; color=&#8220;primary&#8220; size=&#8220;lg&#8220; align=&#8220;center&#8220; link=&#8220;url:https%3A%2F%2Fmarwis24.pl%2Fpl%2Fmyjka-warsztatowa-mst-1200-pod-beczke-200l-lub-60l.html||target:%20_blank|&#8220;][vc_column_text]<\/p>\n<p style=\"text-align: center;\"><span style=\"color: #0066bf;\">Fordern Sie ein spezielles Angebot f\u00fcr Sie an.<br \/>\n<strong>Ruf mich an!<\/strong><br \/>\n<strong>Telefon: 731 666 100.<\/strong><\/span><\/p>\n<p>[\/vc_column_text][\/vc_column][\/vc_row]<\/p>","protected":false},"excerpt":{"rendered":"<p>[vc_row][vc_column][vc_raw_html]JTVCZmxleHlfYnJlYWRjcnVtYiU1RA==[\/vc_raw_html][\/vc_column][\/vc_row][vc_row][vc_column width=&#8220;1\/2&#8243;][\/vc_column][vc_column width=&#8220;1\/2&#8243;][vc_tta_accordion][vc_tta_section title=&#8220;ANWENDUNG&#8220; tab_id=&#8220;1611050130932-cc5a4393-a8f3&#8243;][vc_column_text] Eingebauter Sumpf zur Aufbewahrung von Chemikalien, kann ge\u00f6ffnet werden. Robuste, geschwei\u00dfte Metallkonstruktion, pulverbeschichtet. Dank der verwendeten Struktur kann es problemlos mit einem Gabelstapler transportiert werden. Die breiten Einwurf\u00f6ffnungen erm\u00f6glichen ein einfaches Stapeln der F\u00e4sser auf Paletten. [\/vc_column_text][\/vc_tta_section][vc_tta_section title=&#8220;TECHNISCHE DATEN&#8220; tab_id=&#8220;1611052357239-a03ddaab-c372&#8243;][vc_column_text]Technische Daten : Gesamth\u00f6he: 1440 mm Gesamttiefe: 970 mm Gesamtbreite: 1480 [&hellip;]<\/p>\n","protected":false},"author":3,"featured_media":0,"parent":1354,"menu_order":0,"comment_status":"closed","ping_status":"open","template":"","meta":[],"_links":{"self":[{"href":"https:\/\/marwis.pl\/de\/wp-json\/wp\/v2\/pages\/1947"}],"collection":[{"href":"https:\/\/marwis.pl\/de\/wp-json\/wp\/v2\/pages"}],"about":[{"href":"https:\/\/marwis.pl\/de\/wp-json\/wp\/v2\/types\/page"}],"author":[{"embeddable":true,"href":"https:\/\/marwis.pl\/de\/wp-json\/wp\/v2\/users\/3"}],"replies":[{"embeddable":true,"href":"https:\/\/marwis.pl\/de\/wp-json\/wp\/v2\/comments?post=1947"}],"version-history":[{"count":7,"href":"https:\/\/marwis.pl\/de\/wp-json\/wp\/v2\/pages\/1947\/revisions"}],"predecessor-version":[{"id":3067,"href":"https:\/\/marwis.pl\/de\/wp-json\/wp\/v2\/pages\/1947\/revisions\/3067"}],"up":[{"embeddable":true,"href":"https:\/\/marwis.pl\/de\/wp-json\/wp\/v2\/pages\/1354"}],"wp:attachment":[{"href":"https:\/\/marwis.pl\/de\/wp-json\/wp\/v2\/media?parent=1947"}],"curies":[{"name":"wp","href":"https:\/\/api.w.org\/{rel}","templated":true}]}}