{"id":2,"date":"2020-11-05T10:01:22","date_gmt":"2020-11-05T09:01:22","guid":{"rendered":"http:\/\/marwis.zoom.usermd.net\/?page_id=2"},"modified":"2026-04-21T14:42:16","modified_gmt":"2026-04-21T12:42:16","slug":"mrs-wash-600","status":"publish","type":"page","link":"https:\/\/marwis.pl\/de\/myjki-koszowe-automatyczne\/mrs-wash-600\/","title":{"rendered":"Korbwaschanlage MRS WASH 600"},"content":{"rendered":"<p>[vc_row][vc_column][vc_raw_html]JTVCZmxleHlfYnJlYWRjcnVtYiU1RA==[\/vc_raw_html][\/vc_column][\/vc_row][vc_row][vc_column width=&#8220;1\/2&#8243;]<div id='gallery-2' class='fastgallery fg_style1  '> <div data-img=\"https:\/\/marwis.pl\/wp-content\/uploads\/2022\/05\/MRS-WASH-600-1024x1024.jpg\"> <\/div><div data-img=\"https:\/\/marwis.pl\/wp-content\/uploads\/2022\/05\/DSC_0263-kopia_-1024x1024.jpg\"> <\/div><div data-img=\"https:\/\/marwis.pl\/wp-content\/uploads\/2022\/05\/DSC_0197-kopia_-1024x1024.jpg\"> <\/div><div style=\"clear:both\"><\/div><\/div>[\/vc_column][vc_column width=&#8220;1\/2&#8243;]\r\n    <div class=\"section_title\" style=\"text-align: center; margin: 0px auto 75px; padding: 0;\">\r\n        <h2 style=\"font-size:34px; color: #0066bf; font-weight: 800;\"> MRS-WASH 600 <\/h2>\r\n         <div class=\"br\" style=\"margin: 0 auto;\"><\/div>             <\/div>\r\n\r\n    [vc_tta_accordion][vc_tta_section title=&#8220;ANWENDUNG&#8220; tab_id=&#8220;1611050130932-cc5a4393-a8f3&#8243;][vc_column_text]Die MRS-Wash Korbwaschanlage ist ein modernes Ger\u00e4t, das f\u00fcr die effiziente Reinigung gro\u00dfer und komplexer Bauteile konzipiert wurde.Das Herzst\u00fcck des Ger\u00e4ts ist ein motorbetriebener Drehkorb, in dem der Reinigungsprozess vollautomatisch abl\u00e4uft. Die automatische Funktion der Anlage wird durch ein Steuerpanel unterst\u00fctzt. Dank der pr\u00e4zise angeordneten Spr\u00fchd\u00fcsen erfolgt die Reinigung schnell, gr\u00fcndlich und reproduzierbar. MRS-Wash ist eine zuverl\u00e4ssige L\u00f6sung f\u00fcr die Industrie, in der Pr\u00e4zision, Effizienz und Bedienkomfort entscheidend sind. Das Ger\u00e4t wird bei der Entfettung von Bauteilen im Produktionsprozess sowie bei der Reinigung von gewarteten Maschinenteilen eingesetzt. es ist auch ideal f\u00fcr Werkst\u00e4tten geeignet, in denen Motoren, Getriebe, Kompressoren, Bauteile und alle anderen mit \u00d6l oder Schmierstoffen verschmutzten Teile \u00fcberholt werden.[\/vc_column_text][\/vc_tta_section][vc_tta_section title=&#8220;FUNKTIONSBESCHREIBUNG&#8220; tab_id=&#8220;1611050130945-8641945f-6d2e&#8220;][vc_column_text]Nach dem Einlegen der Teile in den Korb und dem Einschalten der Hauptschalter wird die Beckenheizung gestartet. Sobald die eingestellte Temperatur erreicht ist, kann der Waschzyklus gestartet werden. Im ersten Schritt wird der Hauptwaschgang aktiviert, dessen Dauer stufenlos \u00fcber einen Zeitgeber im Schaltschrank geregelt wird. Nach Ablauf dieser Zeit ist das Bad abgeschlossen.[\/vc_column_text][\/vc_tta_section][vc_tta_section title=&#8220;TECHNISCHE DATEN&#8220; tab_id=&#8220;1611052357239-a03ddaab-c372&#8243;][vc_column_text]Korbdurchmesser:600mm<br \/>\nArbeitsh\u00f6he:300mm<br \/>\nTragf\u00e4higkeit des Korbes:100kg<br \/>\nProgrammierung der Betriebszeit:0-99 min<br \/>\nWaschtemperatur:60st.C<br \/>\nLeistung der Heizung:2kW<br \/>\nFassungsverm\u00f6gen des Tanks:100l<br \/>\nSpr\u00fchleistung:200l\/min<br \/>\nBetriebdruck beim Spr\u00fchen:3,5bar<br \/>\nGesamtbreite:990mm<br \/>\nGesamttiefe:900mm<br \/>\nGesamth\u00f6he geschlossen\/ge\u00f6ffnet:1250\/1800mm<br \/>\nStromversorgung:230V<\/p>\n<p>[\/vc_column_text][\/vc_tta_section][\/vc_tta_accordion][vc_btn title=&#8220;SPRAWD\u0179 CEN\u0118&#8220; style=&#8220;flat&#8220; color=&#8220;primary&#8220; size=&#8220;lg&#8220; align=&#8220;center&#8220; link=&#8220;url:https%3A%2F%2Fmarwis24.pl%2Fpl%2Fp%2FMyjnia-koszowa-automatyczna-MRS-WASH-600-%2F23100649||target:%20_blank|&#8220;][vc_column_text]<\/p>\n<p style=\"text-align: center;\">Zapytaj o specjaln\u0105 ofert\u0119 dla Ciebie.<br \/>\n<strong>Zadzwo\u0144!<\/strong><br \/>\n<strong>tel. 781 355 000.<\/strong>[\/vc_column_text][\/vc_column][\/vc_row]<\/p>\n<p><\/p>","protected":false},"excerpt":{"rendered":"<p>[vc_row][vc_column][vc_raw_html]JTVCZmxleHlfYnJlYWRjcnVtYiU1RA==[\/vc_raw_html][\/vc_column][\/vc_row][vc_row][vc_column width=&#8220;1\/2&#8243;][\/vc_column][vc_column width=&#8220;1\/2&#8243;][vc_tta_accordion][vc_tta_section title=&#8220;ANWENDUNG&#8220; tab_id=&#8220;1611050130932-cc5a4393-a8f3&#8243;][vc_column_text]Die MRS-Wash Korbwaschanlage ist ein modernes Ger\u00e4t, das f\u00fcr die effiziente Reinigung gro\u00dfer und komplexer Bauteile konzipiert wurde.Das Herzst\u00fcck des Ger\u00e4ts ist ein motorbetriebener Drehkorb, in dem der Reinigungsprozess vollautomatisch abl\u00e4uft. Die automatische Funktion der Anlage wird durch ein Steuerpanel unterst\u00fctzt. Dank der pr\u00e4zise angeordneten Spr\u00fchd\u00fcsen erfolgt die Reinigung schnell, gr\u00fcndlich [&hellip;]<\/p>\n","protected":false},"author":3,"featured_media":0,"parent":1181,"menu_order":0,"comment_status":"closed","ping_status":"open","template":"","meta":[],"_links":{"self":[{"href":"https:\/\/marwis.pl\/de\/wp-json\/wp\/v2\/pages\/2"}],"collection":[{"href":"https:\/\/marwis.pl\/de\/wp-json\/wp\/v2\/pages"}],"about":[{"href":"https:\/\/marwis.pl\/de\/wp-json\/wp\/v2\/types\/page"}],"author":[{"embeddable":true,"href":"https:\/\/marwis.pl\/de\/wp-json\/wp\/v2\/users\/3"}],"replies":[{"embeddable":true,"href":"https:\/\/marwis.pl\/de\/wp-json\/wp\/v2\/comments?post=2"}],"version-history":[{"count":60,"href":"https:\/\/marwis.pl\/de\/wp-json\/wp\/v2\/pages\/2\/revisions"}],"predecessor-version":[{"id":6693,"href":"https:\/\/marwis.pl\/de\/wp-json\/wp\/v2\/pages\/2\/revisions\/6693"}],"up":[{"embeddable":true,"href":"https:\/\/marwis.pl\/de\/wp-json\/wp\/v2\/pages\/1181"}],"wp:attachment":[{"href":"https:\/\/marwis.pl\/de\/wp-json\/wp\/v2\/media?parent=2"}],"curies":[{"name":"wp","href":"https:\/\/api.w.org\/{rel}","templated":true}]}}