{"id":2048,"date":"2021-06-23T11:57:08","date_gmt":"2021-06-23T09:57:08","guid":{"rendered":"http:\/\/marwis.zoom.usermd.net\/?page_id=2048"},"modified":"2026-04-22T14:35:46","modified_gmt":"2026-04-22T12:35:46","slug":"stol-ociekowy-do-demontazu-1500x1000","status":"publish","type":"page","link":"https:\/\/marwis.pl\/de\/stoly-montazowe\/stol-ociekowy-do-demontazu-1500x1000\/","title":{"rendered":"ABTROPF-MONTAGETISCH 1500\u00d71000"},"content":{"rendered":"<p>[vc_row][vc_column][vc_raw_html]JTVCZmxleHlfYnJlYWRjcnVtYiU1RA==[\/vc_raw_html][\/vc_column][\/vc_row][vc_row][vc_column width=&#8220;1\/2&#8243;]<div id='gallery-2' class='fastgallery fg_style1  '> <div data-img=\"https:\/\/marwis.pl\/wp-content\/uploads\/2021\/07\/mrs-clean-na-szafce-4_-1024x1024.jpg\"> <\/div><div style=\"clear:both\"><\/div><\/div>[\/vc_column][vc_column width=&#8220;1\/2&#8243;]\r\n    <div class=\"section_title\" style=\"text-align: center; margin: 0px auto 75px; padding: 0;\">\r\n        <h2 style=\"font-size:34px; color: #0066bf; font-weight: 800;\"> ABTROPFTABELLE 1500\u00d71000 <\/h2>\r\n         <div class=\"br\" style=\"margin: 0 auto;\"><\/div>             <\/div>\r\n\r\n    [vc_tta_accordion][vc_tta_section title=&#8220;ANWENDUNG&#8220; tab_id=&#8220;1611050130932-cc5a4393-a8f3&#8243;][vc_column_text]Abtropf- Montagetisch \u2013 zum Ausbau von Motoren, Zylinderk\u00f6pfen, Getrieben sowie vielen verschiedenen Bauteilen und Baugruppen, die \u00d6l, Fl\u00fcssigkeiten und Schmierstoffe enthalten.<br \/>\nHergestellt aus speziell ausgew\u00e4hltem Stahl mit einer St\u00e4rke von bis zu 3 mm. Die Tische sind pulverbeschichtet, was ihre Oberfl\u00e4che vor Korrosion sch\u00fctzt. Die Arbeitsplatte besteht aus perforiertem Blech.[\/vc_column_text][\/vc_tta_section][vc_tta_section title=&#8220;TECHNISCHE DATEN&#8220; tab_id=&#8220;1611052357239-a03ddaab-c372&#8243;][vc_column_text]Gesamth\u00f6he: 880 mm<br \/>\nBreite: 1510mm<br \/>\nTiefe: 1010mm<br \/>\nArbeitsplatte: 1390x890mm<br \/>\nTragf\u00e4higkeit: 500kg[\/vc_column_text][\/vc_tta_section][\/vc_tta_accordion][vc_btn title=&#8220;PREIS&#8220; style=&#8220;flat&#8220; color=&#8220;primary&#8220; size=&#8220;lg&#8220; align=&#8220;center&#8220; link=&#8220;url:https%3A%2F%2Fmarwis24.pl%2Fpl%2Fp%2FMyjka-biologiczna-bio-wash-800-bioremediacja-%2F23100668||target:%20_blank|&#8220;][vc_column_text]<\/p>\n<p style=\"text-align: center;\"><span style=\"color: #0066bf;\">Ben\u00f6tigen Sie ein Angebot?<\/span><strong><span style=\"color: #0066bf;\"><br \/>\nRufen SIe und an!<br \/>\nMobile:+48 731 666 100<\/span><\/strong><\/p>\n<p>[\/vc_column_text][\/vc_column][\/vc_row]<\/p>","protected":false},"excerpt":{"rendered":"<p>[vc_row][vc_column][vc_raw_html]JTVCZmxleHlfYnJlYWRjcnVtYiU1RA==[\/vc_raw_html][\/vc_column][\/vc_row][vc_row][vc_column width=&#8220;1\/2&#8243;][\/vc_column][vc_column width=&#8220;1\/2&#8243;][vc_tta_accordion][vc_tta_section title=&#8220;ANWENDUNG&#8220; tab_id=&#8220;1611050130932-cc5a4393-a8f3&#8243;][vc_column_text]Abtropf- Montagetisch \u2013 zum Ausbau von Motoren, Zylinderk\u00f6pfen, Getrieben sowie vielen verschiedenen Bauteilen und Baugruppen, die \u00d6l, Fl\u00fcssigkeiten und Schmierstoffe enthalten. Hergestellt aus speziell ausgew\u00e4hltem Stahl mit einer St\u00e4rke von bis zu 3 mm. Die Tische sind pulverbeschichtet, was ihre Oberfl\u00e4che vor Korrosion sch\u00fctzt. Die Arbeitsplatte besteht aus perforiertem Blech.[\/vc_column_text][\/vc_tta_section][vc_tta_section title=&#8220;TECHNISCHE [&hellip;]<\/p>\n","protected":false},"author":3,"featured_media":0,"parent":1351,"menu_order":0,"comment_status":"closed","ping_status":"open","template":"","meta":[],"_links":{"self":[{"href":"https:\/\/marwis.pl\/de\/wp-json\/wp\/v2\/pages\/2048"}],"collection":[{"href":"https:\/\/marwis.pl\/de\/wp-json\/wp\/v2\/pages"}],"about":[{"href":"https:\/\/marwis.pl\/de\/wp-json\/wp\/v2\/types\/page"}],"author":[{"embeddable":true,"href":"https:\/\/marwis.pl\/de\/wp-json\/wp\/v2\/users\/3"}],"replies":[{"embeddable":true,"href":"https:\/\/marwis.pl\/de\/wp-json\/wp\/v2\/comments?post=2048"}],"version-history":[{"count":15,"href":"https:\/\/marwis.pl\/de\/wp-json\/wp\/v2\/pages\/2048\/revisions"}],"predecessor-version":[{"id":5518,"href":"https:\/\/marwis.pl\/de\/wp-json\/wp\/v2\/pages\/2048\/revisions\/5518"}],"up":[{"embeddable":true,"href":"https:\/\/marwis.pl\/de\/wp-json\/wp\/v2\/pages\/1351"}],"wp:attachment":[{"href":"https:\/\/marwis.pl\/de\/wp-json\/wp\/v2\/media?parent=2048"}],"curies":[{"name":"wp","href":"https:\/\/api.w.org\/{rel}","templated":true}]}}