{"id":2409,"date":"2021-07-15T10:50:07","date_gmt":"2021-07-15T08:50:07","guid":{"rendered":"http:\/\/marwis.zoom.usermd.net\/?page_id=2409"},"modified":"2025-12-09T13:29:44","modified_gmt":"2025-12-09T12:29:44","slug":"mrs-wash-1500-xl","status":"publish","type":"page","link":"https:\/\/marwis.pl\/de\/myjki-koszowe-automatyczne\/mrs-wash-1500-xl\/","title":{"rendered":"Automatische Korbwaschanlage MRS WASH 1500 XL"},"content":{"rendered":"<p>[vc_row][vc_column][vc_raw_html]JTVCZmxleHlfYnJlYWRjcnVtYiU1RA==[\/vc_raw_html][\/vc_column][\/vc_row][vc_row][vc_column width=&#8220;1\/2&#8243;]<div id='gallery-2' class='fastgallery fg_style1  '> <div data-img=\"https:\/\/marwis.pl\/wp-content\/uploads\/2022\/05\/mrs-wash-1500xl-3_-1-1024x1024.jpg\"> <\/div><div data-img=\"https:\/\/marwis.pl\/wp-content\/uploads\/2022\/05\/MRS-WASH-1500XL-1024x1024.jpg\"> <\/div><div data-img=\"https:\/\/marwis.pl\/wp-content\/uploads\/2022\/05\/MRS-WASH-1500-XL-1-1024x1024.jpg\"> <\/div><div data-img=\"https:\/\/marwis.pl\/wp-content\/uploads\/2022\/05\/lance-w-mrs-wash-1500XL-1024x1024.jpg\"> <\/div><div data-img=\"https:\/\/marwis.pl\/wp-content\/uploads\/2022\/05\/DSC_0405-kopia-1024x1024.jpg\"> <\/div><div style=\"clear:both\"><\/div><\/div>[\/vc_column][vc_column width=&#8220;1\/2&#8243;]\r\n    <div class=\"section_title\" style=\"text-align: center; margin: 0px auto 75px; padding: 0;\">\r\n        <h2 style=\"font-size:34px; color: #0066bf; font-weight: 800;\"> MRS WASH 1500 XL <\/h2>\r\n         <div class=\"br\" style=\"margin: 0 auto;\"><\/div>             <\/div>\r\n\r\n    [vc_tta_accordion][vc_tta_section title=&#8220;Anwendung&#8220; tab_id=&#8220;1611050130932-cc5a4393-a8f3&#8243;][vc_column_text]Die MRS-Wash Reinigungsanlage ist ein modernes Ger\u00e4t, das f\u00fcr die effiziente Reinigung gro\u00dfer und komplexer Bauteile entwickelt wurde. Das Herzst\u00fcck des Ger\u00e4ts bildet ein motorgetriebener, rotierender Korb, in dem der Reinigungsprozess vollautomatisch abl\u00e4uft. Die automatische Arbeitsweise der Anlage wird durch ein Bedienfeld unterst\u00fctzt. Dank der pr\u00e4zise angeordneten Spr\u00fchd\u00fcsen erfolgt die Reinigung schnell, gr\u00fcndlich und reproduzierbar. Die Anlage ist mit einem Be- und Entladetisch ausgestattet, der das Reinigen von gro\u00dfformatigen Bauteilen erm\u00f6glicht. MRS-Wash ist eine zuverl\u00e4ssige L\u00f6sung f\u00fcr Industrien, in denen Genauigkeit, Effizienz und Bedienkomfort entscheidend sind. Das Ger\u00e4t wird zur Entfettung von Bauteilen im Produktionsprozess sowie zur Reinigung instandgesetzter Maschinenteile eingesetzt. Es eignet sich zudem ideal f\u00fcr Werkst\u00e4tten, in denen Motoren, Getriebe, Kompressoren, Bauteile und alle anderen \u00f6l- oder fettverschmutzten Teile \u00fcberholt werden.[\/vc_column_text][\/vc_tta_section][vc_tta_section title=&#8220;BESCHREIBUNG&#8220; tab_id=&#8220;1611050130945-8641945f-6d2e&#8220;][vc_column_text]Nachdem die Teile in den Korb gelegt und der Hauptschalter eingeschaltet wurden, wird die Tankheizung aktiviert. Sobald die eingestellte Temperatur erreicht ist, kann der Waschzyklus gestartet werden. Im ersten Schritt wird die Hauptw\u00e4sche aktiviert, deren Dauer \u00fcber einen Timer im Schaltschrank kontinuierlich einstellbar ist. Nach Ablauf dieser Zeit ist das Bad abgeschlossen.[\/vc_column_text][\/vc_tta_section][vc_tta_section title=&#8220;Technische Daten&#8220; tab_id=&#8220;1611052357239-a03ddaab-c372&#8243;][vc_column_text]Durchmesser des Korbs: 1500mm<br \/>\nArbeitsh\u00f6he: 1000mm<br \/>\nTragf\u00e4higkeit des Korbs:800kg<br \/>\nProgrammierbare Arbeitszeit: 0\u201399 Min<br \/>\nWaschtemperatur: 60 \u00b0C<br \/>\nHeizleistung: 18 kW<br \/>\nTankvolumen: 800 l<br \/>\nSpritzleistung: 700 l\/min<br \/>\nArbeitsdruck der Spritzd\u00fcsen: 5 bar<br \/>\nB\u00d7T\u00d7H: 2000\u00d73800\u00d72400 mm \/ 3650 mm<br \/>\nStromversorgung: 3~400 V<br \/>\nTischma\u00dfe: 1640\u00d71640\u00d7800 mm[\/vc_column_text][\/vc_tta_section][vc_tta_section title=&#8220;ADDITIONAL OPTIONS&#8220; tab_id=&#8220;1747310144833-a51b8f62-f689&#8243;][vc_column_text]Lufttrocknung<br \/>\nSatz kurzer Lanzen<\/p>\n<p>[\/vc_column_text][\/vc_tta_section][\/vc_tta_accordion][vc_btn title=&#8220;PREIS&#8220; style=&#8220;flat&#8220; color=&#8220;primary&#8220; size=&#8220;lg&#8220; align=&#8220;center&#8220; link=&#8220;url:https%3A%2F%2Fmarwis24.pl%2Fpl%2Fp%2FMyjnia-koszowa-automatyczna-MRS-WASH-600-%2F23100649||target:%20_blank|&#8220;][vc_column_text]<\/p>\n<p style=\"text-align: center;\"><span style=\"color: #0066bf;\">Fragen Sie nach dem Angebot.<br \/>\nRufen Sie uns an!<br \/>\n<strong>Mobile: +48 731 666 100<\/strong><\/span><\/p>\n<p>[\/vc_column_text][\/vc_column][\/vc_row]<\/p>","protected":false},"excerpt":{"rendered":"<p>[vc_row][vc_column][vc_raw_html]JTVCZmxleHlfYnJlYWRjcnVtYiU1RA==[\/vc_raw_html][\/vc_column][\/vc_row][vc_row][vc_column width=&#8220;1\/2&#8243;][\/vc_column][vc_column width=&#8220;1\/2&#8243;][vc_tta_accordion][vc_tta_section title=&#8220;Anwendung&#8220; tab_id=&#8220;1611050130932-cc5a4393-a8f3&#8243;][vc_column_text]Die MRS-Wash Reinigungsanlage ist ein modernes Ger\u00e4t, das f\u00fcr die effiziente Reinigung gro\u00dfer und komplexer Bauteile entwickelt wurde. Das Herzst\u00fcck des Ger\u00e4ts bildet ein motorgetriebener, rotierender Korb, in dem der Reinigungsprozess vollautomatisch abl\u00e4uft. Die automatische Arbeitsweise der Anlage wird durch ein Bedienfeld unterst\u00fctzt. Dank der pr\u00e4zise angeordneten Spr\u00fchd\u00fcsen erfolgt die Reinigung [&hellip;]<\/p>\n","protected":false},"author":3,"featured_media":0,"parent":1181,"menu_order":0,"comment_status":"closed","ping_status":"open","template":"","meta":[],"_links":{"self":[{"href":"https:\/\/marwis.pl\/de\/wp-json\/wp\/v2\/pages\/2409"}],"collection":[{"href":"https:\/\/marwis.pl\/de\/wp-json\/wp\/v2\/pages"}],"about":[{"href":"https:\/\/marwis.pl\/de\/wp-json\/wp\/v2\/types\/page"}],"author":[{"embeddable":true,"href":"https:\/\/marwis.pl\/de\/wp-json\/wp\/v2\/users\/3"}],"replies":[{"embeddable":true,"href":"https:\/\/marwis.pl\/de\/wp-json\/wp\/v2\/comments?post=2409"}],"version-history":[{"count":43,"href":"https:\/\/marwis.pl\/de\/wp-json\/wp\/v2\/pages\/2409\/revisions"}],"predecessor-version":[{"id":6124,"href":"https:\/\/marwis.pl\/de\/wp-json\/wp\/v2\/pages\/2409\/revisions\/6124"}],"up":[{"embeddable":true,"href":"https:\/\/marwis.pl\/de\/wp-json\/wp\/v2\/pages\/1181"}],"wp:attachment":[{"href":"https:\/\/marwis.pl\/de\/wp-json\/wp\/v2\/media?parent=2409"}],"curies":[{"name":"wp","href":"https:\/\/api.w.org\/{rel}","templated":true}]}}