{"id":4054,"date":"2023-05-23T12:22:17","date_gmt":"2023-05-23T10:22:17","guid":{"rendered":"https:\/\/marwis.pl\/?page_id=4054"},"modified":"2025-06-02T11:41:47","modified_gmt":"2025-06-02T09:41:47","slug":"stol-narzedziowy-do-dpf","status":"publish","type":"page","link":"https:\/\/marwis.pl\/de\/stoly-montazowe\/stol-narzedziowy-do-dpf\/","title":{"rendered":"DPF Montagetisch 2000X940mm"},"content":{"rendered":"<p>[vc_row][vc_column][vc_raw_html]JTVCZmxleHlfYnJlYWRjcnVtYiU1RA==[\/vc_raw_html][\/vc_column][\/vc_row][vc_row][vc_column width=&#8220;1\/2&#8243;]<div id='gallery-2' class='fastgallery fg_style1  '> <div data-img=\"https:\/\/marwis.pl\/wp-content\/uploads\/2023\/05\/stol-dpf-mrs-clean_-1024x1024.jpg\"> <\/div><div data-img=\"https:\/\/marwis.pl\/wp-content\/uploads\/2023\/05\/STOL-DO-DPF-1024x1024.jpg\"> <\/div><div data-img=\"https:\/\/marwis.pl\/wp-content\/uploads\/2023\/05\/stol-dpf-mrs-clean_1-1024x1024.jpg\"> <\/div><div data-img=\"https:\/\/marwis.pl\/wp-content\/uploads\/2023\/05\/stol-dpf-mrs-clean_2-1024x1024.jpg\"> <\/div><div data-img=\"https:\/\/marwis.pl\/wp-content\/uploads\/2023\/05\/stol-dpf-mrs-clean_3-1024x1024.jpg\"> <\/div><div style=\"clear:both\"><\/div><\/div>[\/vc_column][vc_column width=&#8220;1\/2&#8243;]\r\n    <div class=\"section_title\" style=\"text-align: center; margin: 0px auto 75px; padding: 0;\">\r\n        <h2 style=\"font-size:34px; color: #0066bf; font-weight: 800;\"> DPF MONTEGETISCH <\/h2>\r\n         <div class=\"br\" style=\"margin: 0 auto;\"><\/div>             <\/div>\r\n\r\n    [vc_tta_accordion][vc_tta_section title=&#8220;ANWENDUNG&#8220; tab_id=&#8220;1611050130932-cc5a4393-a8f3&#8243;][vc_column_text]Die stabile Konstruktion sorgt f\u00fcr einen sicheren und zuverl\u00e4ssigen Einsatz \u2013 die Arbeitsplatte ist f\u00fcr eine Traglast von bis zu 1000 kg ausgelegt. Der gesamte Tisch ist pulverbeschichtet, w\u00e4hrend die Arbeitsfl\u00e4che mit hochwertigem Gummi \u00fcberzogen ist, der widerstandsf\u00e4hig gegen mechanische Besch\u00e4digungen ist. Die Ausstattung umfasst eine praktische Werkzeugwand, zwei ger\u00e4umige Schubladen sowie einen funktionalen Schrank mit zwei F\u00e4chern. Der Schrank kann \u2013 je nach Wunsch des Kunden \u2013 wahlweise auf der linken oder rechten Seite montiert werden. Diese Werkbank ist die ideale Wahl f\u00fcr Profis, die Wert auf Stabilit\u00e4t, Ergonomie und individuelle Anpassung legen. Perfekt geeignet f\u00fcr Produktionsbetriebe, Werkst\u00e4tten und Servicebereiche.[\/vc_column_text][\/vc_tta_section][vc_tta_section title=&#8220;TECHNISCHE DATEN&#8220; tab_id=&#8220;1611052357239-a03ddaab-c372&#8243;][vc_column_text]Tiefe:2000mm<br \/>\nBreite:940 mm<br \/>\nGesamth\u00f6he (mit Werkzeugwand):1830mm<br \/>\nTragf\u00e4higkeit:bis 1000kg<br \/>\nGewicht: 150kg<\/p>\n<p>Schubladen (2 St\u00fcck):<\/p>\n<p>Tiefe:460 mm<br \/>\nBreite:300 mm<\/p>\n<p>Schrank (wahlweise links oder rechts montierbar):<\/p>\n<p>Tiefe: 480 mm<br \/>\nBreite: 440 mm<br \/>\nH\u00f6he: 520 mm[\/vc_column_text][\/vc_tta_section][\/vc_tta_accordion][vc_btn title=&#8220;PREIS&#8220; style=&#8220;flat&#8220; color=&#8220;primary&#8220; size=&#8220;lg&#8220; align=&#8220;center&#8220; link=&#8220;url:https%3A%2F%2Fmarwis24.pl%2Fpl%2Fp%2FStol-warsztatowy-narzedziowy-2000x940x1830-do-DPF%2F23100750||target:%20_blank|&#8220;][vc_column_text]<\/p>\n<p style=\"text-align: center;\"><span style=\"color: #0066bf;\">Ben\u00f6tigen Sie ein Angebot?<\/span><br \/>\n<strong><span style=\"color: #0066bf;\">Rufen Sie uns an! <\/span><\/strong><br \/>\n<strong><span style=\"color: #0066bf;\">Mobil: + 781 355 000<\/span><\/strong><\/p>\n<p>[\/vc_column_text][\/vc_column][\/vc_row]<\/p>","protected":false},"excerpt":{"rendered":"<p>[vc_row][vc_column][vc_raw_html]JTVCZmxleHlfYnJlYWRjcnVtYiU1RA==[\/vc_raw_html][\/vc_column][\/vc_row][vc_row][vc_column width=&#8220;1\/2&#8243;][\/vc_column][vc_column width=&#8220;1\/2&#8243;][vc_tta_accordion][vc_tta_section title=&#8220;ANWENDUNG&#8220; tab_id=&#8220;1611050130932-cc5a4393-a8f3&#8243;][vc_column_text]Die stabile Konstruktion sorgt f\u00fcr einen sicheren und zuverl\u00e4ssigen Einsatz \u2013 die Arbeitsplatte ist f\u00fcr eine Traglast von bis zu 1000 kg ausgelegt. Der gesamte Tisch ist pulverbeschichtet, w\u00e4hrend die Arbeitsfl\u00e4che mit hochwertigem Gummi \u00fcberzogen ist, der widerstandsf\u00e4hig gegen mechanische Besch\u00e4digungen ist. Die Ausstattung umfasst eine praktische Werkzeugwand, zwei ger\u00e4umige Schubladen [&hellip;]<\/p>\n","protected":false},"author":3,"featured_media":0,"parent":1351,"menu_order":0,"comment_status":"closed","ping_status":"open","template":"","meta":[],"_links":{"self":[{"href":"https:\/\/marwis.pl\/de\/wp-json\/wp\/v2\/pages\/4054"}],"collection":[{"href":"https:\/\/marwis.pl\/de\/wp-json\/wp\/v2\/pages"}],"about":[{"href":"https:\/\/marwis.pl\/de\/wp-json\/wp\/v2\/types\/page"}],"author":[{"embeddable":true,"href":"https:\/\/marwis.pl\/de\/wp-json\/wp\/v2\/users\/3"}],"replies":[{"embeddable":true,"href":"https:\/\/marwis.pl\/de\/wp-json\/wp\/v2\/comments?post=4054"}],"version-history":[{"count":7,"href":"https:\/\/marwis.pl\/de\/wp-json\/wp\/v2\/pages\/4054\/revisions"}],"predecessor-version":[{"id":5583,"href":"https:\/\/marwis.pl\/de\/wp-json\/wp\/v2\/pages\/4054\/revisions\/5583"}],"up":[{"embeddable":true,"href":"https:\/\/marwis.pl\/de\/wp-json\/wp\/v2\/pages\/1351"}],"wp:attachment":[{"href":"https:\/\/marwis.pl\/de\/wp-json\/wp\/v2\/media?parent=4054"}],"curies":[{"name":"wp","href":"https:\/\/api.w.org\/{rel}","templated":true}]}}