{"id":4113,"date":"2023-11-17T14:43:02","date_gmt":"2023-11-17T13:43:02","guid":{"rendered":"https:\/\/marwis.pl\/?page_id=4113"},"modified":"2026-02-10T14:20:17","modified_gmt":"2026-02-10T13:20:17","slug":"dryer-dpf-solo","status":"publish","type":"page","link":"https:\/\/marwis.pl\/de\/urzadzenia-do-regeneracji-dpf-fap\/dryer-dpf-solo\/","title":{"rendered":"Partifelfiltertrockner DPF Solo"},"content":{"rendered":"<p>[vc_row][vc_column][vc_raw_html]JTVCZmxleHlfYnJlYWRjcnVtYiU1RA==[\/vc_raw_html][\/vc_column][\/vc_row][vc_row][vc_column width=&#8220;1\/2&#8243;]<div id='gallery-2' class='fastgallery fg_style1  '> <div data-img=\"https:\/\/marwis.pl\/wp-content\/uploads\/2023\/11\/DSC03862-1024x1024.jpg\"> <\/div><div data-img=\"https:\/\/marwis.pl\/wp-content\/uploads\/2023\/11\/DSC03870-1024x1024.jpg\"> <\/div><div data-img=\"https:\/\/marwis.pl\/wp-content\/uploads\/2023\/11\/DSC03898-1024x1024.jpg\"> <\/div><div data-img=\"https:\/\/marwis.pl\/wp-content\/uploads\/2023\/11\/DSC03921-1024x1024.jpg\"> <\/div><div data-img=\"https:\/\/marwis.pl\/wp-content\/uploads\/2023\/11\/DSC03912-1024x1024.png\"> <\/div><div style=\"clear:both\"><\/div><\/div>[\/vc_column][vc_column width=&#8220;1\/2&#8243;]\r\n    <div class=\"section_title\" style=\"text-align: center; margin: 0px auto 75px; padding: 0;\">\r\n        <h2 style=\"font-size:34px; color: #0066bf; font-weight: 800;\"> Dryer DPF Solo <\/h2>\r\n         <div class=\"br\" style=\"margin: 0 auto;\"><\/div>             <\/div>\r\n\r\n    [vc_tta_accordion][vc_tta_section title=&#8220;ANWENDUNG&#8220; tab_id=&#8220;1611050130945-8641945f-6d2e&#8220;][vc_column_text]<\/p>\n<div class=\"x11i5rnm xat24cr x1mh8g0r x1vvkbs xtlvy1s x126k92a\">\n<p>Unabh\u00e4ngiges Partikelfiltertrockner<\/p>\n<p>Professioneller Trockner f\u00fcr die Endphase der Regeneration von Partikelfiltern (DPF, FAP, KAT, SCR). Eine ideale Erg\u00e4nzung zur Reinigungsstation f\u00fcr Werkst\u00e4tten und Unternehmen, die bereits \u00fcber ein Filterreinigungsger\u00e4t verf\u00fcgen und die Effizienz ihres Regenerationsprozesses steigern m\u00f6chten. Das Ger\u00e4t erm\u00f6glicht das parallele Trocknen von Filtern unabh\u00e4ngig vom Waschzyklus, wodurch sich die Durchlaufzeit der Auftr\u00e4ge deutlich verk\u00fcrzt und mehr Filter pro Tag bearbeitet werden k\u00f6nnen. Geeignet f\u00fcr Filter aus Pkw, Transportern und Nutzfahrzeugen. Empfohlen f\u00fcr Werkst\u00e4tten mit hoher Auslastung.<\/p>\n<p>Funktionale Vorteile:<\/p>\n<p>Verk\u00fcrzung des Regenerationszyklus durch gleichzeitiges Trocknen<br \/>\nOptimierung der Arbeitsorganisation bei hohem Filteraufkommen<br \/>\nKompakte, ergonomische Bauweise zur einfachen Integration in bestehende Arbeitspl\u00e4tze<\/p>\n<\/div>\n<p>[\/vc_column_text][\/vc_tta_section][vc_tta_section title=&#8220;TECHNISCHE DATEN&#8220; tab_id=&#8220;1747659210289-44edbbed-da4f&#8220;][vc_column_text]<\/p>\n<div class=\"x11i5rnm xat24cr x1mh8g0r x1vvkbs xtlvy1s x126k92a\">\n<p>Breite:1220mm<br \/>\nTiefe:1360mm<br \/>\nH\u00f6he:2500mm<br \/>\nArbeitsbereich:1000\u00d7880\u202fmm<br \/>\nTrocknungstemperatur:90\u00b0C<br \/>\nHeizleistung:6kW<br \/>\nTurbinenleistung:4kW<br \/>\nVersorgungsspannung:3\u00d7400V<br \/>\nSchutzart:IP54<br \/>\nBeleuchtung:LED<br \/>\nMaximale Leistungsaufnahme:10kW<br \/>\nEmpfohlener Leitungsschutzschalter:C25 oder C32<\/p>\n<\/div>\n<p>[\/vc_column_text][\/vc_tta_section][\/vc_tta_accordion][vc_btn title=&#8220;PREIS&#8220; style=&#8220;flat&#8220; color=&#8220;primary&#8220; size=&#8220;lg&#8220; align=&#8220;center&#8220; link=&#8220;url:https%3A%2F%2Fmarwis24.pl%2Fpl%2Fp%2FDryer-DPF-solo-Niezalezna-suszarka-%2F23100755||target:%20_blank|&#8220;][vc_column_text]<\/p>\n<p style=\"text-align: center;\"><span style=\"color: #0066bf;\">Ben\u00f6tigen Sie ein Angebot?<br \/>\nRufen Sie uns an!<br \/>\n<\/span><strong><span style=\"color: #0066bf;\">Mobil: +48\u00a0 731 666 200<\/span><\/strong><\/p>\n<p>[\/vc_column_text][\/vc_column][\/vc_row]<\/p>","protected":false},"excerpt":{"rendered":"<p>[vc_row][vc_column][vc_raw_html]JTVCZmxleHlfYnJlYWRjcnVtYiU1RA==[\/vc_raw_html][\/vc_column][\/vc_row][vc_row][vc_column width=&#8220;1\/2&#8243;][\/vc_column][vc_column width=&#8220;1\/2&#8243;][vc_tta_accordion][vc_tta_section title=&#8220;ANWENDUNG&#8220; tab_id=&#8220;1611050130945-8641945f-6d2e&#8220;][vc_column_text] Unabh\u00e4ngiges Partikelfiltertrockner Professioneller Trockner f\u00fcr die Endphase der Regeneration von Partikelfiltern (DPF, FAP, KAT, SCR). Eine ideale Erg\u00e4nzung zur Reinigungsstation f\u00fcr Werkst\u00e4tten und Unternehmen, die bereits \u00fcber ein Filterreinigungsger\u00e4t verf\u00fcgen und die Effizienz ihres Regenerationsprozesses steigern m\u00f6chten. Das Ger\u00e4t erm\u00f6glicht das parallele Trocknen von Filtern unabh\u00e4ngig vom Waschzyklus, wodurch sich [&hellip;]<\/p>\n","protected":false},"author":3,"featured_media":0,"parent":1246,"menu_order":0,"comment_status":"closed","ping_status":"open","template":"","meta":[],"_links":{"self":[{"href":"https:\/\/marwis.pl\/de\/wp-json\/wp\/v2\/pages\/4113"}],"collection":[{"href":"https:\/\/marwis.pl\/de\/wp-json\/wp\/v2\/pages"}],"about":[{"href":"https:\/\/marwis.pl\/de\/wp-json\/wp\/v2\/types\/page"}],"author":[{"embeddable":true,"href":"https:\/\/marwis.pl\/de\/wp-json\/wp\/v2\/users\/3"}],"replies":[{"embeddable":true,"href":"https:\/\/marwis.pl\/de\/wp-json\/wp\/v2\/comments?post=4113"}],"version-history":[{"count":19,"href":"https:\/\/marwis.pl\/de\/wp-json\/wp\/v2\/pages\/4113\/revisions"}],"predecessor-version":[{"id":6295,"href":"https:\/\/marwis.pl\/de\/wp-json\/wp\/v2\/pages\/4113\/revisions\/6295"}],"up":[{"embeddable":true,"href":"https:\/\/marwis.pl\/de\/wp-json\/wp\/v2\/pages\/1246"}],"wp:attachment":[{"href":"https:\/\/marwis.pl\/de\/wp-json\/wp\/v2\/media?parent=4113"}],"curies":[{"name":"wp","href":"https:\/\/api.w.org\/{rel}","templated":true}]}}