{"id":4153,"date":"2023-12-07T15:20:57","date_gmt":"2023-12-07T14:20:57","guid":{"rendered":"https:\/\/marwis.pl\/?page_id=4153"},"modified":"2025-04-25T00:21:08","modified_gmt":"2025-04-24T22:21:08","slug":"baza-wiedzy","status":"publish","type":"page","link":"https:\/\/marwis.pl\/de\/baza-wiedzy\/","title":{"rendered":"Wissensbasis"},"content":{"rendered":"<p>[vc_row][vc_column]            <section class=\"blog_area_two\" style=\"padding: 150px 0px 100px 0px\">\r\n            <div class=\"section_title text-center no-br\">\r\n                <h2 style=\"\">  <\/h2>\r\n                                            <\/div>\r\n                            <div class=\"row post_box post_box_four\">\r\n                    <div class=\"col-md-6\">\r\n                        <img width=\"570\" height=\"340\" src=\"https:\/\/marwis.pl\/wp-content\/uploads\/2023\/11\/Firefly-Nowy-rok-2024-r-38205-570x340.jpg\" class=\"img-responsive wp-post-image\" alt=\"\" loading=\"lazy\" \/>                    <\/div>\r\n                    <div class=\"col-md-6\">\r\n                        <div class=\"blog-text\">\r\n                            <ul class=\"date\">\r\n                                <li>Posted By -                                    <a href=\"https:\/\/marwis.pl\/de\/author\/myjkimarwis-pl\/\">\r\n                                        myjki@marwis.pl                                    <\/a>\r\n                                <\/li>\r\n                                <li>Date -  14 November 2023 <\/li>\r\n                            <\/ul>\r\n                            <a href=\"https:\/\/marwis.pl\/de\/2023\/11\/14\/postaw-na-rozwoj-swojej-dzialalnosci-nowe-cele-na-2024r\/\"><h3 class=\"title\"> Entscheiden Sie sich f\u00fcr die Weiterentwicklung Ihres Unternehmens \u2013 neue Ziele f\u00fcr 2024. <\/h3><\/a>\r\n                            <p> Kauf eines DPF-Filter-Regenerationsger\u00e4tes Eine Gesch\u00e4ftsidee, die einen hohen Gewinn bringen kann? Kaufen Sie ein DPF-Filter-Regenerationsger\u00e4t! Wenn Sie sich f\u00fcr die Automobilbranche interessieren und <\/p>\r\n                            <a href=\"https:\/\/marwis.pl\/de\/2023\/11\/14\/postaw-na-rozwoj-swojej-dzialalnosci-nowe-cele-na-2024r\/\" class=\"read_btn\"> Read More <span class=\"lnr lnr-arrow-right\"><\/span><\/a>\r\n                        <\/div>\r\n                    <\/div>\r\n                <\/div>\r\n                                <div class=\"row post_box post_box_four\">\r\n                    <div class=\"col-md-6\">\r\n                        <img width=\"570\" height=\"340\" src=\"https:\/\/marwis.pl\/wp-content\/uploads\/2023\/12\/Firefly-20231219145022-570x340.png\" class=\"img-responsive wp-post-image\" alt=\"\" loading=\"lazy\" \/>                    <\/div>\r\n                    <div class=\"col-md-6\">\r\n                        <div class=\"blog-text\">\r\n                            <ul class=\"date\">\r\n                                <li>Posted By -                                    <a href=\"https:\/\/marwis.pl\/de\/author\/myjkimarwis-pl\/\">\r\n                                        myjki@marwis.pl                                    <\/a>\r\n                                <\/li>\r\n                                <li>Date -  20 Dezember 2023 <\/li>\r\n                            <\/ul>\r\n                            <a href=\"https:\/\/marwis.pl\/de\/2023\/12\/20\/jak-wybrac-odpowiednia-myjke-do-swojego-warsztatu\/\"><h3 class=\"title\"> WIE WAHLEN SIE DIE RICHTIGE TEILEWASCHGERATE FUR IHRE  WERKSTATT AUS? <\/h3><\/a>\r\n                            <p> Wenn Sie ein Unternehmen mit Bezug zur Automobilindustrie, Industrie oder einem anderen Bereich leiten, in dem eine gr\u00fcndliche Reinigung von Teilen erforderlich ist, <\/p>\r\n                            <a href=\"https:\/\/marwis.pl\/de\/2023\/12\/20\/jak-wybrac-odpowiednia-myjke-do-swojego-warsztatu\/\" class=\"read_btn\"> Read More <span class=\"lnr lnr-arrow-right\"><\/span><\/a>\r\n                        <\/div>\r\n                    <\/div>\r\n                <\/div>\r\n                                <div class=\"row post_box post_box_four\">\r\n                    <div class=\"col-md-6\">\r\n                        <img width=\"570\" height=\"340\" src=\"https:\/\/marwis.pl\/wp-content\/uploads\/2024\/01\/Firefly-20240109134333-570x340.png\" class=\"img-responsive wp-post-image\" alt=\"\" loading=\"lazy\" \/>                    <\/div>\r\n                    <div class=\"col-md-6\">\r\n                        <div class=\"blog-text\">\r\n                            <ul class=\"date\">\r\n                                <li>Posted By -                                    <a href=\"https:\/\/marwis.pl\/de\/author\/myjkimarwis-pl\/\">\r\n                                        myjki@marwis.pl                                    <\/a>\r\n                                <\/li>\r\n                                <li>Date -  9 Januar 2024 <\/li>\r\n                            <\/ul>\r\n                            <a href=\"https:\/\/marwis.pl\/de\/2024\/01\/09\/poznaj-nasze-piaskarki-blast-jet\/\"><h3 class=\"title\"> WIE WAHLEN SIE DIE RICHTIGE TEILEWASCHGERATE FUR IHRE  WERKSTATT AUS? <\/h3><\/a>\r\n                            <p> Wenn Sie ein Unternehmen mit Bezug zur Automobilindustrie, Industrie oder einem anderen Bereich leiten, in dem eine gr\u00fcndliche Reinigung von Teilen erforderlich ist, <\/p>\r\n                            <a href=\"https:\/\/marwis.pl\/de\/2024\/01\/09\/poznaj-nasze-piaskarki-blast-jet\/\" class=\"read_btn\"> Read More <span class=\"lnr lnr-arrow-right\"><\/span><\/a>\r\n                        <\/div>\r\n                    <\/div>\r\n                <\/div>\r\n                                <div class=\"row post_box post_box_four\">\r\n                    <div class=\"col-md-6\">\r\n                        <img width=\"570\" height=\"340\" src=\"https:\/\/marwis.pl\/wp-content\/uploads\/2024\/01\/DSC_00452-kopia-5-570x340.jpg\" class=\"img-responsive wp-post-image\" alt=\"\" loading=\"lazy\" \/>                    <\/div>\r\n                    <div class=\"col-md-6\">\r\n                        <div class=\"blog-text\">\r\n                            <ul class=\"date\">\r\n                                <li>Posted By -                                    <a href=\"https:\/\/marwis.pl\/de\/author\/myjkimarwis-pl\/\">\r\n                                        myjki@marwis.pl                                    <\/a>\r\n                                <\/li>\r\n                                <li>Date -  18 Januar 2024 <\/li>\r\n                            <\/ul>\r\n                            <a href=\"https:\/\/marwis.pl\/de\/2024\/01\/18\/rewolucyjna-opcja-w-myjce-mrs-wash-1500-xl\/\"><h3 class=\"title\"> Korbwaschanlage MRS WASH 1500 XL \u2013 eine Revolution in der industriellen Reinigung <\/h3><\/a>\r\n                            <p> Korbwaschanlage MRS WASH 1500 XL \u2013 eine Revolution in der industriellen Reinigung\u200b Die Firma MARWIS hat mit der Einf\u00fchrung der automatischen Korbwaschanlage MRS <\/p>\r\n                            <a href=\"https:\/\/marwis.pl\/de\/2024\/01\/18\/rewolucyjna-opcja-w-myjce-mrs-wash-1500-xl\/\" class=\"read_btn\"> Read More <span class=\"lnr lnr-arrow-right\"><\/span><\/a>\r\n                        <\/div>\r\n                    <\/div>\r\n                <\/div>\r\n                        <\/section>\r\n        \r\n    [\/vc_column][\/vc_row]<\/p>","protected":false},"excerpt":{"rendered":"<p>[vc_row][vc_column][\/vc_column][\/vc_row]<\/p>\n","protected":false},"author":3,"featured_media":4876,"parent":0,"menu_order":0,"comment_status":"closed","ping_status":"closed","template":"","meta":[],"_links":{"self":[{"href":"https:\/\/marwis.pl\/de\/wp-json\/wp\/v2\/pages\/4153"}],"collection":[{"href":"https:\/\/marwis.pl\/de\/wp-json\/wp\/v2\/pages"}],"about":[{"href":"https:\/\/marwis.pl\/de\/wp-json\/wp\/v2\/types\/page"}],"author":[{"embeddable":true,"href":"https:\/\/marwis.pl\/de\/wp-json\/wp\/v2\/users\/3"}],"replies":[{"embeddable":true,"href":"https:\/\/marwis.pl\/de\/wp-json\/wp\/v2\/comments?post=4153"}],"version-history":[{"count":10,"href":"https:\/\/marwis.pl\/de\/wp-json\/wp\/v2\/pages\/4153\/revisions"}],"predecessor-version":[{"id":4263,"href":"https:\/\/marwis.pl\/de\/wp-json\/wp\/v2\/pages\/4153\/revisions\/4263"}],"wp:featuredmedia":[{"embeddable":true,"href":"https:\/\/marwis.pl\/de\/wp-json\/wp\/v2\/media\/4876"}],"wp:attachment":[{"href":"https:\/\/marwis.pl\/de\/wp-json\/wp\/v2\/media?parent=4153"}],"curies":[{"name":"wp","href":"https:\/\/api.w.org\/{rel}","templated":true}]}}