{"id":4407,"date":"2024-11-21T23:00:45","date_gmt":"2024-11-21T22:00:45","guid":{"rendered":"https:\/\/marwis.pl\/?page_id=4407"},"modified":"2026-03-06T07:21:17","modified_gmt":"2026-03-06T06:21:17","slug":"stol-szlifierski-profi-szlif-1600","status":"publish","type":"page","link":"https:\/\/marwis.pl\/de\/stoly-szlifierskie\/stol-szlifierski-profi-szlif-1600\/","title":{"rendered":"Schleiftisch PROFI SZLIF 1600"},"content":{"rendered":"<p>[vc_row][vc_column][vc_raw_html]JTVCZmxleHlfYnJlYWRjcnVtYiU1RA==[\/vc_raw_html][\/vc_column][\/vc_row][vc_row][vc_column width=&#8220;1\/2&#8243;]<div id='gallery-2' class='fastgallery fg_style1  '> <div data-img=\"https:\/\/marwis.pl\/wp-content\/uploads\/2026\/03\/1-Profi-Szlif-1600-naklejka-1024x1024.jpg\"> <\/div><div data-img=\"https:\/\/marwis.pl\/wp-content\/uploads\/2026\/03\/DSC00954-cut-cor-1024x684.jpg\"> <\/div><div data-img=\"https:\/\/marwis.pl\/wp-content\/uploads\/2026\/03\/DSC00935-cor-1024x684.png\"> <\/div><div data-img=\"https:\/\/marwis.pl\/wp-content\/uploads\/2026\/03\/DSC00896-cor-1024x1024.png\"> <\/div><div data-img=\"https:\/\/marwis.pl\/wp-content\/uploads\/2026\/03\/DSC00919-cor-684x1024.jpg\"> <\/div><div style=\"clear:both\"><\/div><\/div>[\/vc_column][vc_column width=&#8220;1\/2&#8243;]\r\n    <div class=\"section_title\" style=\"text-align: center; margin: 0px auto 75px; padding: 0;\">\r\n        <h2 style=\"font-size:34px; color: #0066bf; font-weight: 800;\"> PROFI SZLIF 1600 <\/h2>\r\n         <div class=\"br\" style=\"margin: 0 auto;\"><\/div>             <\/div>\r\n\r\n    [vc_tta_accordion][vc_tta_section title=&#8220;ANWENDUNG&#8220; tab_id=&#8220;1611050130932-cc5a4393-a8f3&#8243;][vc_column_text]<\/p>\n<div class=\"tab\">\n<div id=\"tab-1\" class=\"tab-content\">\n<p>Der Schleiftisch ist aus sorgf\u00e4ltig ausgew\u00e4hltem Stahl mit einer Materialst\u00e4rke von bis zu 2 mm gefertigt. Die komplett geschwei\u00dfte Konstruktion gew\u00e4hrleistet eine lange Lebensdauer, w\u00e4hrend die Pulverbeschichtung einen zuverl\u00e4ssigen Korrosionsschutz bietet. Mit diesem Produkt k\u00f6nnen Sie Ihren Arbeitsplatz gem\u00e4\u00df den geltenden Arbeitsschutz\u00adbestimmungen ausstatten. MARWIS-Schleiftische sorgen daf\u00fcr, dass Sie w\u00e4hrend des Bearbeitungsprozesses eine hohe Sicherheit beibehalten und zugleich komfortabel und effizient arbeiten k\u00f6nnen. Der Schleiftisch \u201eProfi Szlif 1600\u201c verf\u00fcgt \u00fcber eine gro\u00dfz\u00fcgige Arbeitsfl\u00e4che aus feuerverzinktem Stahlgitter sowie zwei integrierte LED-Leuchten. Der Absaughals ist mit zwei Auffangschubladen f\u00fcr Staub und Sp\u00e4ne ausgestattet. Die seitlichen Klappen lassen sich \u00f6ffnen, um auch gro\u00dfe Werkst\u00fccke problemlos zu bearbeiten. In den seitlichen Verkleidungen befindet sich ein schalld\u00e4mmendes Material. Dar\u00fcber hinaus ist der Tisch mit drei Schutzkontakt-Steckdosen versehen.<\/p>\n<p>&nbsp;<\/p>\n<\/div>\n<\/div>\n<p>[\/vc_column_text][\/vc_tta_section][vc_tta_section title=&#8220;TECHNISCHE DATEN&#8220; tab_id=&#8220;1611052357239-a03ddaab-c372&#8243;][vc_column_text]Gesamth\u00f6he:1700mm<br \/>\nBreite:1600mm<br \/>\nTiefe:980mm<br \/>\nTragf\u00e4higkeit:300kg<br \/>\nGewicht:260kg<br \/>\nDurchmesser des Absauganschlusses: 160mm[\/vc_column_text][\/vc_tta_section][\/vc_tta_accordion][vc_btn title=&#8220;PREIS&#8220; style=&#8220;flat&#8220; color=&#8220;primary&#8220; size=&#8220;lg&#8220; align=&#8220;center&#8220; link=&#8220;url:https%3A%2F%2Fmarwis24.pl%2Fpl%2Fp%2FMyjka-biologiczna-bio-wash-800-bioremediacja-%2F23100668||target:%20_blank|&#8220;][vc_column_text]<\/p>\n<p style=\"text-align: center;\"><span style=\"color: #0066bf;\">Ben\u00f6tigen Sie ein Angebot?<br \/>\n<strong>Ruf Sie uns an!<\/strong><br \/>\n<strong>Mobile:+ 48 731 666 100<\/strong><br \/>\n<\/span><\/p>\n<p>[\/vc_column_text][\/vc_column][\/vc_row]<\/p>","protected":false},"excerpt":{"rendered":"<p>[vc_row][vc_column][vc_raw_html]JTVCZmxleHlfYnJlYWRjcnVtYiU1RA==[\/vc_raw_html][\/vc_column][\/vc_row][vc_row][vc_column width=&#8220;1\/2&#8243;][\/vc_column][vc_column width=&#8220;1\/2&#8243;][vc_tta_accordion][vc_tta_section title=&#8220;ANWENDUNG&#8220; tab_id=&#8220;1611050130932-cc5a4393-a8f3&#8243;][vc_column_text] Der Schleiftisch ist aus sorgf\u00e4ltig ausgew\u00e4hltem Stahl mit einer Materialst\u00e4rke von bis zu 2 mm gefertigt. Die komplett geschwei\u00dfte Konstruktion gew\u00e4hrleistet eine lange Lebensdauer, w\u00e4hrend die Pulverbeschichtung einen zuverl\u00e4ssigen Korrosionsschutz bietet. Mit diesem Produkt k\u00f6nnen Sie Ihren Arbeitsplatz gem\u00e4\u00df den geltenden Arbeitsschutz\u00adbestimmungen ausstatten. MARWIS-Schleiftische sorgen daf\u00fcr, dass Sie w\u00e4hrend des [&hellip;]<\/p>\n","protected":false},"author":3,"featured_media":4671,"parent":1321,"menu_order":0,"comment_status":"closed","ping_status":"open","template":"","meta":[],"_links":{"self":[{"href":"https:\/\/marwis.pl\/de\/wp-json\/wp\/v2\/pages\/4407"}],"collection":[{"href":"https:\/\/marwis.pl\/de\/wp-json\/wp\/v2\/pages"}],"about":[{"href":"https:\/\/marwis.pl\/de\/wp-json\/wp\/v2\/types\/page"}],"author":[{"embeddable":true,"href":"https:\/\/marwis.pl\/de\/wp-json\/wp\/v2\/users\/3"}],"replies":[{"embeddable":true,"href":"https:\/\/marwis.pl\/de\/wp-json\/wp\/v2\/comments?post=4407"}],"version-history":[{"count":20,"href":"https:\/\/marwis.pl\/de\/wp-json\/wp\/v2\/pages\/4407\/revisions"}],"predecessor-version":[{"id":6352,"href":"https:\/\/marwis.pl\/de\/wp-json\/wp\/v2\/pages\/4407\/revisions\/6352"}],"up":[{"embeddable":true,"href":"https:\/\/marwis.pl\/de\/wp-json\/wp\/v2\/pages\/1321"}],"wp:featuredmedia":[{"embeddable":true,"href":"https:\/\/marwis.pl\/de\/wp-json\/wp\/v2\/media\/4671"}],"wp:attachment":[{"href":"https:\/\/marwis.pl\/de\/wp-json\/wp\/v2\/media?parent=4407"}],"curies":[{"name":"wp","href":"https:\/\/api.w.org\/{rel}","templated":true}]}}