{"id":4529,"date":"2025-01-03T10:14:31","date_gmt":"2025-01-03T09:14:31","guid":{"rendered":"https:\/\/marwis.pl\/?page_id=4529"},"modified":"2025-01-03T10:55:47","modified_gmt":"2025-01-03T09:55:47","slug":"myjka-cisnieniowa-hydro-suv-1600","status":"publish","type":"page","link":"https:\/\/marwis.pl\/de\/myjki-cisnieniowe-kabinowe\/myjka-cisnieniowa-hydro-suv-1600\/","title":{"rendered":"Hochdruck teilereinigungsger\u00e4te Hydro Power 1600"},"content":{"rendered":"<p>[vc_row][vc_column][vc_raw_html]JTVCZmxleHlfYnJlYWRjcnVtYiU1RA==[\/vc_raw_html][\/vc_column][\/vc_row][vc_row][vc_column width=&#8220;1\/2&#8243;]<div id='gallery-2' class='fastgallery fg_style1  '> <div data-img=\"https:\/\/marwis.pl\/wp-content\/uploads\/2021\/07\/HYDRO-POWER-1600_-1024x1024.jpg\"> <\/div><div style=\"clear:both\"><\/div><\/div>[\/vc_column][vc_column width=&#8220;1\/2&#8243;]\r\n    <div class=\"section_title\" style=\"text-align: center; margin: 0px auto 75px; padding: 0;\">\r\n        <h2 style=\"font-size:34px; color: #0066bf; font-weight: 800;\"> Hydro Power 1600 <\/h2>\r\n         <div class=\"br\" style=\"margin: 0 auto;\"><\/div>             <\/div>\r\n\r\n    [vc_tta_accordion][vc_tta_section title=&#8220;ANWENDUNG&#8220; tab_id=&#8220;1611050130932-cc5a4393-a8f3&#8243;][vc_column_text]Hydro Power ist ein professioneller Hochdruckreiniger aus hochwertigem Edelstahl mit einem breiten Anwendungsspektrum. Die Scheiben sind sehr gut geeignet, Turbolader zu regenerieren und stark verschmutzte Teile aus Stahl, Gusseisen, Aluminium und anderen Legierungen zu reinigen. Wird in Werkst\u00e4tten, Dienstleistungen, Industriebetrieben verwendet.[\/vc_column_text][\/vc_tta_section][vc_tta_section title=&#8220;BESCHREIBUNG DER BEDIENUNG DES GER\u00c4TES&#8220; tab_id=&#8220;1611050130945-8641945f-6d2e&#8220;][vc_column_text]Das Waschen erfolgt in einem geschlossenen Kreislauf mit der auf 45 \u00b0C erhitzten Waschfl\u00fcssigkeit MRS Cleaner Ultra Active. MRS Cleaner Active wird mit einem Druck von bis zu 140 Bar aus der Pistolend\u00fcse ausgesto\u00dfen und w\u00e4scht damit schwer zug\u00e4ngliche Stellen und stark verschmutzte Teile gr\u00fcndlich von Kohleablagerungen, Fetten oder \u00d6len. Sowohl die Temperatur als auch die Fl\u00fcssigkeit erh\u00f6hen die Wascheffizienz. Die Waschmaschinen sind mit zwei Filtern ausgestattet. Sie haben Stellf\u00fc\u00dfe, die Verstellh\u00f6he betr\u00e4gt bis zu 20 cm. Die Klappen der Waschanlage sind mit pneumatischen Antrieben ausgestattet, um die Sicherheit und Qualit\u00e4t der Arbeit mit der Waschanlage zu erh\u00f6hen. Ein weiterer Vorteil der Waschanlage ist eine Durchb\u00fcrstenb\u00fcrste oder eine Druckluftpistole. Auf dem Glas befinden sich Reinigungsd\u00fcsen, die den Betrieb der Waschmaschine sichtbar machen. &#8211; Thermisch isolierter Tank &#8211; sch\u00fctzt die erhitzte Fl\u00fcssigkeit im Inneren effektiv vor zu schnellem Ausk\u00fchlen. &#8211; Glasreinigungsd\u00fcsen. &#8211; F\u00fc\u00dfe, die das H\u00f6henniveau regulieren.[\/vc_column_text][\/vc_tta_section][vc_tta_section title=&#8220;TECHNISCHE DATEN&#8220; tab_id=&#8220;1611052357239-a03ddaab-c372&#8243;][vc_column_text]Gesamtbreite: 1910 mm<br \/>\nGesamttiefe: 800 mm<br \/>\nH\u00f6he min \/ max. (geschlossene Position): 1720\/1920 mm<br \/>\nH\u00f6he min \/ max. (offene Stellung): 2380\/2580 mm<br \/>\nArbeitsbreite: 1500 mm<br \/>\nArbeitstiefe: 900 mm<br \/>\nArbeitsh\u00f6he: 620 mm<br \/>\nNettogewicht: 280 kg<br \/>\nArbeitsfl\u00fcssigkeitskapazit\u00e4t min-max: 175-230 L<br \/>\nTemperaturregulierung: 0-50 Grad C.<br \/>\nLanzenkapazit\u00e4t: bis zu 12 l\/min<br \/>\nDruck: 140 Ba<br \/>\nHeizleistung: 9 kW<br \/>\nMotorleistung: 3kW \/ 1450 U\/min<br \/>\nVersorgungsspannung: 3 ~ 400V<br \/>\nSicherheitsgrad: IP-54<br \/>\nManuelles Waschen mit einer Durchb\u00fcrste: Bis zu 5l \/ min<br \/>\nDruckluftpistole: max. 8 atm<br \/>\nBeleuchtung: LED<br \/>\nHochdruckpumpe: Zwischenpumpe<br \/>\nSchalter: Fu\u00dfschalter<br \/>\n\u00d6labscheider: Scheibe[\/vc_column_text][\/vc_tta_section][vc_tta_section title=&#8220;ZUS\u00c4TZLICHE OPTIONEN&#8220; tab_id=&#8220;1613475565981-f27b99f1-758a&#8220;][vc_column_text]-Spr\u00fchlanze<br \/>\n-Drehtisch[\/vc_column_text][\/vc_tta_section][\/vc_tta_accordion][vc_btn title=&#8220;SIECHE DEN PREIS&#8220; style=&#8220;flat&#8220; color=&#8220;primary&#8220; size=&#8220;lg&#8220; align=&#8220;center&#8220; link=&#8220;url:https%3A%2F%2Fmarwis24.pl%2Fpl%2Fp%2FMyjka-cisnieniowa-kabinowa-Hydro-Power-2000-NOWOSC%2F23100647||target:%20_blank|&#8220;][vc_column_text]<\/p>\n<p style=\"text-align: center;\"><span style=\"color: #0066bf;\">Fordern Sie ein spezielles Angebot f\u00fcr Sie an.<br \/>\n<strong>Ruf mich an!<\/strong><br \/>\n<strong>Telefon: 731 666 100.<\/strong><\/span><\/p>\n<p>[\/vc_column_text][\/vc_column][\/vc_row]<\/p>","protected":false},"excerpt":{"rendered":"<p>[vc_row][vc_column][vc_raw_html]JTVCZmxleHlfYnJlYWRjcnVtYiU1RA==[\/vc_raw_html][\/vc_column][\/vc_row][vc_row][vc_column width=&#8220;1\/2&#8243;][\/vc_column][vc_column width=&#8220;1\/2&#8243;][vc_tta_accordion][vc_tta_section title=&#8220;ANWENDUNG&#8220; tab_id=&#8220;1611050130932-cc5a4393-a8f3&#8243;][vc_column_text]Hydro Power ist ein professioneller Hochdruckreiniger aus hochwertigem Edelstahl mit einem breiten Anwendungsspektrum. Die Scheiben sind sehr gut geeignet, Turbolader zu regenerieren und stark verschmutzte Teile aus Stahl, Gusseisen, Aluminium und anderen Legierungen zu reinigen. Wird in Werkst\u00e4tten, Dienstleistungen, Industriebetrieben verwendet.[\/vc_column_text][\/vc_tta_section][vc_tta_section title=&#8220;BESCHREIBUNG DER BEDIENUNG DES GER\u00c4TES&#8220; tab_id=&#8220;1611050130945-8641945f-6d2e&#8220;][vc_column_text]Das Waschen erfolgt in einem [&hellip;]<\/p>\n","protected":false},"author":3,"featured_media":0,"parent":995,"menu_order":0,"comment_status":"closed","ping_status":"open","template":"","meta":[],"_links":{"self":[{"href":"https:\/\/marwis.pl\/de\/wp-json\/wp\/v2\/pages\/4529"}],"collection":[{"href":"https:\/\/marwis.pl\/de\/wp-json\/wp\/v2\/pages"}],"about":[{"href":"https:\/\/marwis.pl\/de\/wp-json\/wp\/v2\/types\/page"}],"author":[{"embeddable":true,"href":"https:\/\/marwis.pl\/de\/wp-json\/wp\/v2\/users\/3"}],"replies":[{"embeddable":true,"href":"https:\/\/marwis.pl\/de\/wp-json\/wp\/v2\/comments?post=4529"}],"version-history":[{"count":1,"href":"https:\/\/marwis.pl\/de\/wp-json\/wp\/v2\/pages\/4529\/revisions"}],"predecessor-version":[{"id":4539,"href":"https:\/\/marwis.pl\/de\/wp-json\/wp\/v2\/pages\/4529\/revisions\/4539"}],"up":[{"embeddable":true,"href":"https:\/\/marwis.pl\/de\/wp-json\/wp\/v2\/pages\/995"}],"wp:attachment":[{"href":"https:\/\/marwis.pl\/de\/wp-json\/wp\/v2\/media?parent=4529"}],"curies":[{"name":"wp","href":"https:\/\/api.w.org\/{rel}","templated":true}]}}