{"id":4722,"date":"2025-04-08T12:07:21","date_gmt":"2025-04-08T10:07:21","guid":{"rendered":"https:\/\/marwis.pl\/?page_id=4722"},"modified":"2025-04-18T07:32:18","modified_gmt":"2025-04-18T05:32:18","slug":"wanna-na-zuzyty-olej-wan-oil-800","status":"publish","type":"page","link":"https:\/\/marwis.pl\/de\/wanny-ociekowe\/wanna-na-zuzyty-olej-wan-oil-800\/","title":{"rendered":"Alt\u00f6lauffangwanne WAN OIL 800"},"content":{"rendered":"<p>[vc_row][vc_column][vc_raw_html]JTVCZmxleHlfYnJlYWRjcnVtYiU1RA==[\/vc_raw_html][\/vc_column][\/vc_row][vc_row][vc_column width=&#8220;1\/2&#8243;]<div id='gallery-2' class='fastgallery fg_style1  '> <div data-img=\"https:\/\/marwis.pl\/wp-content\/uploads\/2025\/04\/wan_oil_800-02-1024x684.jpg\"> <\/div><div data-img=\"https:\/\/marwis.pl\/wp-content\/uploads\/2025\/04\/wan_oil_800-01-1024x684.jpg\"> <\/div><div data-img=\"https:\/\/marwis.pl\/wp-content\/uploads\/2025\/04\/wan_oil_800-03-1024x684.jpg\"> <\/div><div style=\"clear:both\"><\/div><\/div>[\/vc_column][vc_column width=&#8220;1\/2&#8243;]\r\n    <div class=\"section_title\" style=\"text-align: center; margin: 0px auto 75px; padding: 0;\">\r\n        <h2 style=\"font-size:34px; color: #0066bf; font-weight: 800;\"> Alt\u00f6lauffangwanne WAN OIL 800 <\/h2>\r\n         <div class=\"br\" style=\"margin: 0 auto;\"><\/div>             <\/div>\r\n\r\n    [vc_tta_accordion][vc_tta_section title=&#8220;ANWENDUNG&#8220; tab_id=&#8220;1611052357239-a03ddaab-c372&#8243;][vc_column_text]Dank ihres niedrigen Profils ist die Wan OIL 800 ideal zum Ablassen von \u00d6l unter verschiedenen Fahrzeugen und \u00fcberall dort, wo der Platz begrenzt ist. Die Wanne hat eine Stahlkonstruktion mit einer hochwertigen Pulverbeschichtung. Dank des klappbaren Griffs und der vier Rollen l\u00e4sst sie sich leicht transportieren. Die vielf\u00e4ltigen Einsatzm\u00f6glichkeiten machen die mobile Auffangwanne in jeder Werkstatt unverzichtbar.[\/vc_column_text][\/vc_tta_section][vc_tta_section title=&#8220;TECHNISCHE DATEN&#8220; tab_id=&#8220;1744108719749-76c11258-1ce8&#8243;][vc_column_text]Abmessungen: 750x750mm x280mm<br \/>\nGewicht: 29 kg<br \/>\nFassungsverm\u00f6gen: 50L<br \/>\nTragf\u00e4higkeit: 200kg<br \/>\nL\u00e4nge des Griffs: 650mm<br \/>\nDurchmesser des Auslassventils: \u00bd Zoll[\/vc_column_text][\/vc_tta_section][\/vc_tta_accordion][vc_btn title=&#8220;PREIS&#8220; style=&#8220;flat&#8220; color=&#8220;primary&#8220; size=&#8220;lg&#8220; align=&#8220;center&#8220; link=&#8220;url:https%3A%2F%2Fmarwis24.pl%2Fpl%2Fmyjka-warsztatowa-mst-1200-pod-beczke-200l-lub-60l.html||target:%20_blank|&#8220;][vc_column_text]<\/p>\n<p style=\"text-align: center;\"><span style=\"color: #0066bf;\"><strong>Ben\u00f6tigen Sie ein Angebot?<br \/>\nRufen Sie uns an!<br \/>\nMobil: +48 731 666 100<\/strong><\/span><\/p>\n<p>[\/vc_column_text][\/vc_column][\/vc_row]<\/p>","protected":false},"excerpt":{"rendered":"<p>[vc_row][vc_column][vc_raw_html]JTVCZmxleHlfYnJlYWRjcnVtYiU1RA==[\/vc_raw_html][\/vc_column][\/vc_row][vc_row][vc_column width=&#8220;1\/2&#8243;][\/vc_column][vc_column width=&#8220;1\/2&#8243;][vc_tta_accordion][vc_tta_section title=&#8220;ANWENDUNG&#8220; tab_id=&#8220;1611052357239-a03ddaab-c372&#8243;][vc_column_text]Dank ihres niedrigen Profils ist die Wan OIL 800 ideal zum Ablassen von \u00d6l unter verschiedenen Fahrzeugen und \u00fcberall dort, wo der Platz begrenzt ist. Die Wanne hat eine Stahlkonstruktion mit einer hochwertigen Pulverbeschichtung. Dank des klappbaren Griffs und der vier Rollen l\u00e4sst sie sich leicht transportieren. Die vielf\u00e4ltigen Einsatzm\u00f6glichkeiten machen [&hellip;]<\/p>\n","protected":false},"author":3,"featured_media":0,"parent":1354,"menu_order":0,"comment_status":"closed","ping_status":"open","template":"","meta":[],"_links":{"self":[{"href":"https:\/\/marwis.pl\/de\/wp-json\/wp\/v2\/pages\/4722"}],"collection":[{"href":"https:\/\/marwis.pl\/de\/wp-json\/wp\/v2\/pages"}],"about":[{"href":"https:\/\/marwis.pl\/de\/wp-json\/wp\/v2\/types\/page"}],"author":[{"embeddable":true,"href":"https:\/\/marwis.pl\/de\/wp-json\/wp\/v2\/users\/3"}],"replies":[{"embeddable":true,"href":"https:\/\/marwis.pl\/de\/wp-json\/wp\/v2\/comments?post=4722"}],"version-history":[{"count":7,"href":"https:\/\/marwis.pl\/de\/wp-json\/wp\/v2\/pages\/4722\/revisions"}],"predecessor-version":[{"id":4812,"href":"https:\/\/marwis.pl\/de\/wp-json\/wp\/v2\/pages\/4722\/revisions\/4812"}],"up":[{"embeddable":true,"href":"https:\/\/marwis.pl\/de\/wp-json\/wp\/v2\/pages\/1354"}],"wp:attachment":[{"href":"https:\/\/marwis.pl\/de\/wp-json\/wp\/v2\/media?parent=4722"}],"curies":[{"name":"wp","href":"https:\/\/api.w.org\/{rel}","templated":true}]}}