{"id":5034,"date":"2025-05-09T09:49:26","date_gmt":"2025-05-09T07:49:26","guid":{"rendered":"https:\/\/marwis.pl\/?page_id=5034"},"modified":"2025-05-26T12:18:11","modified_gmt":"2025-05-26T10:18:11","slug":"odolejacz-lamelowy-oil-skimmer","status":"publish","type":"page","link":"https:\/\/marwis.pl\/de\/odolejacz-lamelowy-oil-skimmer\/","title":{"rendered":"\u00d6labscheider &#8211; Oil Skimmer"},"content":{"rendered":"<p>[vc_row][vc_column][vc_raw_html]JTVCZmxleHlfYnJlYWRjcnVtYiU1RA==[\/vc_raw_html][\/vc_column][\/vc_row][vc_row][vc_column width=&#8220;1\/2&#8243;]<div id='gallery-2' class='fastgallery fg_style1  '> <div data-img=\"https:\/\/marwis.pl\/wp-content\/uploads\/2025\/05\/DSC_01971-kopia-4-1024x1024.jpg\"> <\/div><div data-img=\"https:\/\/marwis.pl\/wp-content\/uploads\/2025\/05\/DSC_0319-kopia-1024x1024.jpg\"> <\/div><div data-img=\"https:\/\/marwis.pl\/wp-content\/uploads\/2025\/05\/DSC_0094-kopia-1024x1024.jpg\"> <\/div><div data-img=\"https:\/\/marwis.pl\/wp-content\/uploads\/2025\/05\/DSC_0338-kopia-1024x1024.jpg\"> <\/div><div style=\"clear:both\"><\/div><\/div>[\/vc_column][vc_column width=&#8220;1\/2&#8243;]\r\n    <div class=\"section_title\" style=\"text-align: center; margin: 0px auto 75px; padding: 0;\">\r\n        <h2 style=\"font-size:34px; color: #0066bf; font-weight: 800;\"> \u00d6labscheider - Oil Skimmer <\/h2>\r\n         <div class=\"br\" style=\"margin: 0 auto;\"><\/div>             <\/div>\r\n\r\n    [vc_tta_accordion][vc_tta_section title=&#8220;BESCHREIBUNG &#8220; tab_id=&#8220;1611050130945-8641945f-6d2e&#8220;][vc_column_text]Der Oil Skimmer von Marwis ist ein leistungsstarkes Ger\u00e4t zur Abscheidung von \u00d6lverschmutzungen aus Reinigungsfl\u00fcssigkeiten und K\u00fchlschmierstoffen, speziell entwickelt f\u00fcr den Einsatz in industriellen Umgebungen mit hoher Auslastung. Ideal geeignet f\u00fcr: industrielle Korbwaschanlagen, in denen ein hoher \u00d6lanteil die Lebensdauer der Reinigungsb\u00e4der verk\u00fcrzt und hohe Betriebskosten verursacht und Zerspanungsprozesse, bei denen jede Minute Maschinenstillstand z\u00e4hlt und eine verl\u00e4ngerte Standzeit des K\u00fchlschmierstoffs direkte Kostenvorteile bringt<br \/>\nDas Ger\u00e4t erm\u00f6glicht eine automatische \u00d6labscheidung bereits im Tank &#8211; es sammelt nur die oberste Schicht der verunreinigten Fl\u00fcssigkeit auf, dank eines speziell entwickelten Einlasses. Die gepumpte Fl\u00fcssigkeit l\u00e4uft durch Filter, die feste Verunreinigungen (z. B. Sp\u00e4ne) zur\u00fcckhalten, und dann in die Hauptkammer, wo das \u00d6l durch Koaleszenz abgeschieden wird. Die gereinigte Fl\u00fcssigkeit wird in den Kreislauf zur\u00fcckgef\u00fchrt, und das \u00d6l wird in einem separaten Beh\u00e4lter aufgefangen.<\/p>\n<p>Dank einer Abscheideleistung von \u00fcber 99\u202f% verl\u00e4ngert das Ger\u00e4t signifikant die Lebensdauer von Prozessfl\u00fcssigkeiten und senkt die Austauschkosten deutlich.<\/p>\n<p>Vorteile<\/p>\n<p>Zwei Ansaugarten: schwimmend und magnetisch \u2013 f\u00fcr verschiedene Beh\u00e4ltertypen geeignet<br \/>\nLange Anschlussleitungen \u2013 flexible Aufstellung des Ger\u00e4ts m\u00f6glich<br \/>\nIntuitives Bedienfeld \u2013 einfach zu bedienen, auch mit Handschuhen<br \/>\nDruckregler mit Manometer \u2013 pr\u00e4zise Steuerung der pneumatischen Pumpe<br \/>\nSicherheitsabschaltung \u2013 stoppt den Prozess bei St\u00f6rungen oder Leckagen<br \/>\nHohe Verarbeitungsqualit\u00e4t \u2013 hergestellt und getestet in Polen mit hochwertigen Industriekomponenten[\/vc_column_text][\/vc_tta_section][vc_tta_section title=&#8220;TECHNISCHE DATEN&#8220; tab_id=&#8220;1611052357239-a03ddaab-c372&#8243;][vc_column_text]Abmessungen : 1050\u00d7580\u00d71070mm (L\u00d7B\u00d7H)<br \/>\nGewicht: 95kg<br \/>\nF\u00f6rderleistung: 150\u2013450 l\/h<br \/>\npH-Bereich: 1\u201314<br \/>\nBetriebsdruck (Luft): 3\u20136 bar<br \/>\nMaximale Betriebstemperatur: &lt; 60\u202f\u00b0C<br \/>\n\u00d6lauffangbeh\u00e4lter: 25 Liter<\/p>\n<p>Optionale Ausstattung<\/p>\n<p>Horizontaler Absauger<br \/>\nVertikaler Absauger[\/vc_column_text][\/vc_tta_section][\/vc_tta_accordion][vc_btn title=&#8220;PREIS&#8220; style=&#8220;flat&#8220; color=&#8220;primary&#8220; size=&#8220;lg&#8220; align=&#8220;center&#8220; link=&#8220;||target:%20_blank|&#8220;][vc_column_text]<\/p>\n<p style=\"text-align: center;\"><span style=\"color: #0066bf;\">Fragen Sie nach einem Angebot.<\/span><br \/>\n<strong><span style=\"color: #0066bf;\">Rufen Sie uns an!<\/span><\/strong><br \/>\n<strong><span style=\"color: #0066bf;\">Mobile: +48 731666200<\/span><\/strong><\/p>\n<p>[\/vc_column_text][\/vc_column][\/vc_row]<\/p>","protected":false},"excerpt":{"rendered":"<p>[vc_row][vc_column][vc_raw_html]JTVCZmxleHlfYnJlYWRjcnVtYiU1RA==[\/vc_raw_html][\/vc_column][\/vc_row][vc_row][vc_column width=&#8220;1\/2&#8243;][\/vc_column][vc_column width=&#8220;1\/2&#8243;][vc_tta_accordion][vc_tta_section title=&#8220;BESCHREIBUNG &#8220; tab_id=&#8220;1611050130945-8641945f-6d2e&#8220;][vc_column_text]Der Oil Skimmer von Marwis ist ein leistungsstarkes Ger\u00e4t zur Abscheidung von \u00d6lverschmutzungen aus Reinigungsfl\u00fcssigkeiten und K\u00fchlschmierstoffen, speziell entwickelt f\u00fcr den Einsatz in industriellen Umgebungen mit hoher Auslastung. Ideal geeignet f\u00fcr: industrielle Korbwaschanlagen, in denen ein hoher \u00d6lanteil die Lebensdauer der Reinigungsb\u00e4der verk\u00fcrzt und hohe Betriebskosten verursacht und Zerspanungsprozesse, bei [&hellip;]<\/p>\n","protected":false},"author":3,"featured_media":0,"parent":0,"menu_order":0,"comment_status":"closed","ping_status":"closed","template":"","meta":[],"_links":{"self":[{"href":"https:\/\/marwis.pl\/de\/wp-json\/wp\/v2\/pages\/5034"}],"collection":[{"href":"https:\/\/marwis.pl\/de\/wp-json\/wp\/v2\/pages"}],"about":[{"href":"https:\/\/marwis.pl\/de\/wp-json\/wp\/v2\/types\/page"}],"author":[{"embeddable":true,"href":"https:\/\/marwis.pl\/de\/wp-json\/wp\/v2\/users\/3"}],"replies":[{"embeddable":true,"href":"https:\/\/marwis.pl\/de\/wp-json\/wp\/v2\/comments?post=5034"}],"version-history":[{"count":10,"href":"https:\/\/marwis.pl\/de\/wp-json\/wp\/v2\/pages\/5034\/revisions"}],"predecessor-version":[{"id":5400,"href":"https:\/\/marwis.pl\/de\/wp-json\/wp\/v2\/pages\/5034\/revisions\/5400"}],"wp:attachment":[{"href":"https:\/\/marwis.pl\/de\/wp-json\/wp\/v2\/media?parent=5034"}],"curies":[{"name":"wp","href":"https:\/\/api.w.org\/{rel}","templated":true}]}}