{"id":5213,"date":"2025-12-09T11:44:19","date_gmt":"2025-12-09T10:44:19","guid":{"rendered":"https:\/\/marwis.pl\/?page_id=5213"},"modified":"2026-01-22T14:54:28","modified_gmt":"2026-01-22T13:54:28","slug":"mrs-wash-1500-xl-z-wysokim-cisnieniem","status":"publish","type":"page","link":"https:\/\/marwis.pl\/de\/myjki-koszowe-automatyczne\/mrs-wash-1500-xl-z-wysokim-cisnieniem\/","title":{"rendered":"MRS WASH 1500 XL mit Hochdruck"},"content":{"rendered":"<p>[vc_row][vc_column][vc_raw_html]JTVCZmxleHlfYnJlYWRjcnVtYiU1RA==[\/vc_raw_html][\/vc_column][\/vc_row][vc_row][vc_column width=&#8220;1\/2&#8243;]<div id='gallery-2' class='fastgallery fg_style1  '> <div data-img=\"https:\/\/marwis.pl\/wp-content\/uploads\/2022\/05\/mrs-wash-1500xl-3_-1-1024x1024.jpg\"> <\/div><div data-img=\"https:\/\/marwis.pl\/wp-content\/uploads\/2022\/05\/MRS-WASH-1500XL-1024x1024.jpg\"> <\/div><div data-img=\"https:\/\/marwis.pl\/wp-content\/uploads\/2022\/05\/MRS-WASH-1500-XL-1-1024x1024.jpg\"> <\/div><div data-img=\"https:\/\/marwis.pl\/wp-content\/uploads\/2022\/05\/lance-w-mrs-wash-1500XL-1024x1024.jpg\"> <\/div><div data-img=\"https:\/\/marwis.pl\/wp-content\/uploads\/2022\/05\/DSC_0405-kopia-1024x1024.jpg\"> <\/div><div data-img=\"https:\/\/marwis.pl\/wp-content\/uploads\/2025\/12\/Zrzut-ekranu-2025-12-09-135736.jpg\"> <\/div><div style=\"clear:both\"><\/div><\/div>[\/vc_column][vc_column width=&#8220;1\/2&#8243;]\r\n    <div class=\"section_title\" style=\"text-align: center; margin: 0px auto 75px; padding: 0;\">\r\n        <h2 style=\"font-size:34px; color: #0066bf; font-weight: 800;\"> MRS WASH 1500 XL mit Hochdruck <\/h2>\r\n         <div class=\"br\" style=\"margin: 0 auto;\"><\/div>             <\/div>\r\n\r\n    [vc_tta_accordion][vc_tta_section title=&#8220;ANWENDUNG&#8220; tab_id=&#8220;1611050130932-cc5a4393-a8f3&#8243;][vc_column_text]Die MRS-Wash 1500XL ist eine moderne, multifunktionale Waschanlage, die speziell f\u00fcr die effiziente Reinigung gro\u00dfer und komplexer Komponenten entwickelt wurde.\u00a0<strong>Ausgestattet mit einem praktischen Be- und Entladetisch erm\u00f6glicht sie ein komfortables Einlegen und Entnehmen von gro\u00dfvolumigen Teilen. <\/strong>Das Herzst\u00fcck der Anlage ist ein motorbetriebener Drehkorb, in dem der Reinigungsprozess vollautomatisch abl\u00e4uft. Durch den Einsatz pr\u00e4zise platzierter Spr\u00fchd\u00fcsen erfolgt die Reinigung schnell, gr\u00fcndlich und reproduzierbar. Ein weiterer Vorteil der Anlage ist das seitlich integrierte Bedienfeld, das eine manuelle Nachreinigung schwer zug\u00e4nglicher Stellen und komplex geformter Teile erm\u00f6glicht.\u00a0<strong>Die manuelle Reinigung erfolgt mit einem Hochdruckstrahl (140 bar) \u00fcber eine Drucklanze, die mit einem flexiblen Schlauch verbunden ist.<\/strong>\u00a0Die Bedienung erfolgt mithilfe professioneller Schutzhandschuhe.<\/p>\n<p>Der gesamte Prozess \u2013 sowohl automatisch als auch manuell \u2013 findet in einer einzigen Kammer statt, was Platz spart und die Arbeitsorganisation deutlich vereinfacht. Die MRS-Wash 1500XL ist eine zuverl\u00e4ssige L\u00f6sung f\u00fcr die Industrie, bei der Pr\u00e4zision, Effizienz und Bedienkomfort im Vordergrund stehen.<\/p>\n<p>[\/vc_column_text][\/vc_tta_section][vc_tta_section title=&#8220;FUNKTIONSBESCHREIBUNG&#8220; tab_id=&#8220;1611050130945-8641945f-6d2e&#8220;][vc_column_text]<\/p>\n<div class=\"FFpbKc\">Nach dem Einschalten des Ger\u00e4ts \u00fcber den Hauptschalter beginnt das Aufheizen des Reinigungsbades. Sobald die voreingestellte Temperatur erreicht ist, kann der Waschzyklus gestartet werden. Die erste Phase ist die Hauptreinigung. Die Dauer dieses Vorgangs l\u00e4sst sich stufenlos \u00fcber den im Schaltschrank integrierten Timer einstellen. Nach Ablauf der eingestellten Zeit wird der Waschvorgang automatisch beendet<\/div>\n<p>[\/vc_column_text][\/vc_tta_section][vc_tta_section title=&#8220;TECHNISCHE DATEN&#8220; tab_id=&#8220;1611052357239-a03ddaab-c372&#8243;][vc_column_text]Korbdurchmesser:1500mm<br \/>\nArbeitsh\u00f6he:1000mm<br \/>\nTragf\u00e4higkeit des Korbes:800kg<br \/>\nProgrammierung der Betriebszeit:0-99 min<br \/>\nWaschtemperatur:60st.C<br \/>\nLeistung der Heizung:18kW<br \/>\nFassungsverm\u00f6gen des Tanks:800l<br \/>\nSpr\u00fchleistung:700l\/min<br \/>\nBetriebdruck :5bar \/ 140bar<br \/>\nGesamtbreite:2250mm<br \/>\nGesamttiefe:3800mm<br \/>\nGesamth\u00f6he geschlossen \/ ge\u00f6ffnet:2400\/33650mm<br \/>\nStromversorgung:3~400V<br \/>\nAbmessungen des Tisches:1640x1640x860mm[\/vc_column_text][\/vc_tta_section][vc_tta_section title=&#8220;ZUS\u00c4TZLICHE AUSSTATTUNG&#8220; tab_id=&#8220;1747309501628-d00dc96c-a78f&#8220;][vc_column_text]Verst\u00e4rkte Pumpe<br \/>\nSet mit kurzen Spr\u00fchlanzen[\/vc_column_text][\/vc_tta_section][\/vc_tta_accordion][vc_btn title=&#8220;PREIS&#8220; style=&#8220;flat&#8220; color=&#8220;primary&#8220; size=&#8220;lg&#8220; align=&#8220;center&#8220; link=&#8220;url:https%3A%2F%2Fmarwis24.pl%2Fpl%2Fp%2FMyjnia-koszowa-automatyczna-MRS-WASH-600-%2F23100649||target:%20_blank|&#8220;][vc_column_text]<\/p>\n<p style=\"text-align: center;\"><span style=\"color: #0066bf;\">Brauchen Sie ein\u00a0 Angebot_<br \/>\n<strong>Rufen Sie uns an!<\/strong><br \/>\n<strong>Mobil: +48 731 666 100<\/strong><\/span><\/p>\n<p>[\/vc_column_text][\/vc_column][\/vc_row]<\/p>","protected":false},"excerpt":{"rendered":"<p>[vc_row][vc_column][vc_raw_html]JTVCZmxleHlfYnJlYWRjcnVtYiU1RA==[\/vc_raw_html][\/vc_column][\/vc_row][vc_row][vc_column width=&#8220;1\/2&#8243;][\/vc_column][vc_column width=&#8220;1\/2&#8243;][vc_tta_accordion][vc_tta_section title=&#8220;ANWENDUNG&#8220; tab_id=&#8220;1611050130932-cc5a4393-a8f3&#8243;][vc_column_text]Die MRS-Wash 1500XL ist eine moderne, multifunktionale Waschanlage, die speziell f\u00fcr die effiziente Reinigung gro\u00dfer und komplexer Komponenten entwickelt wurde.\u00a0Ausgestattet mit einem praktischen Be- und Entladetisch erm\u00f6glicht sie ein komfortables Einlegen und Entnehmen von gro\u00dfvolumigen Teilen. Das Herzst\u00fcck der Anlage ist ein motorbetriebener Drehkorb, in dem der Reinigungsprozess vollautomatisch abl\u00e4uft. Durch [&hellip;]<\/p>\n","protected":false},"author":3,"featured_media":0,"parent":1181,"menu_order":0,"comment_status":"closed","ping_status":"open","template":"","meta":[],"_links":{"self":[{"href":"https:\/\/marwis.pl\/de\/wp-json\/wp\/v2\/pages\/5213"}],"collection":[{"href":"https:\/\/marwis.pl\/de\/wp-json\/wp\/v2\/pages"}],"about":[{"href":"https:\/\/marwis.pl\/de\/wp-json\/wp\/v2\/types\/page"}],"author":[{"embeddable":true,"href":"https:\/\/marwis.pl\/de\/wp-json\/wp\/v2\/users\/3"}],"replies":[{"embeddable":true,"href":"https:\/\/marwis.pl\/de\/wp-json\/wp\/v2\/comments?post=5213"}],"version-history":[{"count":14,"href":"https:\/\/marwis.pl\/de\/wp-json\/wp\/v2\/pages\/5213\/revisions"}],"predecessor-version":[{"id":6223,"href":"https:\/\/marwis.pl\/de\/wp-json\/wp\/v2\/pages\/5213\/revisions\/6223"}],"up":[{"embeddable":true,"href":"https:\/\/marwis.pl\/de\/wp-json\/wp\/v2\/pages\/1181"}],"wp:attachment":[{"href":"https:\/\/marwis.pl\/de\/wp-json\/wp\/v2\/media?parent=5213"}],"curies":[{"name":"wp","href":"https:\/\/api.w.org\/{rel}","templated":true}]}}