{"id":5532,"date":"2025-05-30T10:04:42","date_gmt":"2025-05-30T08:04:42","guid":{"rendered":"https:\/\/marwis.pl\/?page_id=5532"},"modified":"2025-06-05T08:34:13","modified_gmt":"2025-06-05T06:34:13","slug":"wanna-kanalowa-na-zuzyty-olej-wan-oil-1200k","status":"publish","type":"page","link":"https:\/\/marwis.pl\/de\/wanny-ociekowe\/wanna-kanalowa-na-zuzyty-olej-wan-oil-1200k\/","title":{"rendered":"Alt\u00f6lauffangwanne f\u00fcr Werkstattgruben WAN OIL 1200K"},"content":{"rendered":"<p>[vc_row][vc_column][vc_raw_html]JTVCZmxleHlfYnJlYWRjcnVtYiU1RA==[\/vc_raw_html][\/vc_column][\/vc_row][vc_row][vc_column width=&#8220;1\/2&#8243;]<div id='gallery-2' class='fastgallery fg_style1  '> <div data-img=\"https:\/\/marwis.pl\/wp-content\/uploads\/2025\/05\/oil800k1-768x1024.jpg\"> <\/div><div data-img=\"https:\/\/marwis.pl\/wp-content\/uploads\/2025\/05\/oil800k2-768x1024.jpg\"> <\/div><div data-img=\"https:\/\/marwis.pl\/wp-content\/uploads\/2025\/05\/oil800k3-768x1024.jpg\"> <\/div><div data-img=\"https:\/\/marwis.pl\/wp-content\/uploads\/2025\/05\/oil800k4-768x1024.jpg\"> <\/div><div data-img=\"https:\/\/marwis.pl\/wp-content\/uploads\/2025\/05\/oil800k5-768x1024.jpg\"> <\/div><div style=\"clear:both\"><\/div><\/div>[\/vc_column][vc_column width=&#8220;1\/2&#8243;]\r\n    <div class=\"section_title\" style=\"text-align: center; margin: 0px auto 75px; padding: 0;\">\r\n        <h2 style=\"font-size:34px; color: #0066bf; font-weight: 800;\"> Alt\u00f6lauffangwanne f\u00fcr Werkstattgruben WAN OIL 1200K <\/h2>\r\n         <div class=\"br\" style=\"margin: 0 auto;\"><\/div>             <\/div>\r\n\r\n    [vc_tta_accordion][vc_tta_section title=&#8220;USE&#8220; tab_id=&#8220;1611052357239-a03ddaab-c372&#8243;][vc_column_text]Dank ihres niedrigen Profils ist die WAN OIL 1200 die ideale L\u00f6sung f\u00fcr das Ablassen von \u00d6l unter Fahrzeugen sowie an schwer zug\u00e4nglichen Stellen mit begrenztem Raumangebot. Die Konstruktion erm\u00f6glicht dank integrierter Laufrollen eine einfache Positionierung und Bewegung innerhalb des Werkstattkanals. Die Wanne zeichnet sich durch eine robuste Stahlkonstruktion aus, die mit hochwertigem Pulverlack beschichtet ist \u2013 dies garantiert eine hohe Widerstandsf\u00e4higkeit gegen Besch\u00e4digungen und Korrosion. Dank der vier stabilen R\u00e4der l\u00e4sst sich die Wanne schnell und m\u00fchelos transportieren, was ihre Mobilit\u00e4t erheblich steigert. Der breite Einsatzbereich macht die WAN OIL 1200 zu einem unverzichtbaren Bestandteil jeder Werkstattausstattung.[\/vc_column_text][\/vc_tta_section][vc_tta_section title=&#8220;TECHNISCHE DATEN&#8220; tab_id=&#8220;1744105968257-b3b3c8f2-02a0&#8243;][vc_column_text]Abmessungen: 1150x750mm x280mm<br \/>\nEinstellbarer Abstand der Standf\u00fc\u00dfe:118-&gt;160<br \/>\nGewicht: 29 kg<br \/>\nFassungsverm\u00f6gen: 80L<br \/>\nTragf\u00e4higkeit: 200kg<br \/>\nL\u00e4nge des Griffs: 650mm<br \/>\nDurchmesser des Auslassventils: \u00bd Zoll[\/vc_column_text][\/vc_tta_section][\/vc_tta_accordion][vc_btn title=&#8220;PREIS&#8220; style=&#8220;flat&#8220; color=&#8220;primary&#8220; size=&#8220;lg&#8220; align=&#8220;center&#8220; link=&#8220;url:https%3A%2F%2Fmarwis24.pl%2Fpl%2Fp%2FWanna-wychwytowa-mobilna-pod-myjke-MST-12002000%2F23100705||target:%20_blank|&#8220;][vc_column_text]<\/p>\n<p style=\"text-align: center;\"><strong><span style=\"color: #0066bf;\">Ben\u00f6tigen SIe ein Angebot?<\/span><\/strong><br \/>\n<strong><span style=\"color: #0066bf;\">Rufen SIe und an! <\/span><\/strong><br \/>\n<strong><span style=\"color: #0066bf;\">Mobile: +48 781 355 000<\/span><\/strong><\/p>\n<p>[\/vc_column_text][\/vc_column][\/vc_row]<\/p>","protected":false},"excerpt":{"rendered":"<p>[vc_row][vc_column][vc_raw_html]JTVCZmxleHlfYnJlYWRjcnVtYiU1RA==[\/vc_raw_html][\/vc_column][\/vc_row][vc_row][vc_column width=&#8220;1\/2&#8243;][\/vc_column][vc_column width=&#8220;1\/2&#8243;][vc_tta_accordion][vc_tta_section title=&#8220;USE&#8220; tab_id=&#8220;1611052357239-a03ddaab-c372&#8243;][vc_column_text]Dank ihres niedrigen Profils ist die WAN OIL 1200 die ideale L\u00f6sung f\u00fcr das Ablassen von \u00d6l unter Fahrzeugen sowie an schwer zug\u00e4nglichen Stellen mit begrenztem Raumangebot. Die Konstruktion erm\u00f6glicht dank integrierter Laufrollen eine einfache Positionierung und Bewegung innerhalb des Werkstattkanals. Die Wanne zeichnet sich durch eine robuste Stahlkonstruktion aus, die [&hellip;]<\/p>\n","protected":false},"author":3,"featured_media":0,"parent":1354,"menu_order":0,"comment_status":"closed","ping_status":"open","template":"","meta":[],"_links":{"self":[{"href":"https:\/\/marwis.pl\/de\/wp-json\/wp\/v2\/pages\/5532"}],"collection":[{"href":"https:\/\/marwis.pl\/de\/wp-json\/wp\/v2\/pages"}],"about":[{"href":"https:\/\/marwis.pl\/de\/wp-json\/wp\/v2\/types\/page"}],"author":[{"embeddable":true,"href":"https:\/\/marwis.pl\/de\/wp-json\/wp\/v2\/users\/3"}],"replies":[{"embeddable":true,"href":"https:\/\/marwis.pl\/de\/wp-json\/wp\/v2\/comments?post=5532"}],"version-history":[{"count":37,"href":"https:\/\/marwis.pl\/de\/wp-json\/wp\/v2\/pages\/5532\/revisions"}],"predecessor-version":[{"id":5678,"href":"https:\/\/marwis.pl\/de\/wp-json\/wp\/v2\/pages\/5532\/revisions\/5678"}],"up":[{"embeddable":true,"href":"https:\/\/marwis.pl\/de\/wp-json\/wp\/v2\/pages\/1354"}],"wp:attachment":[{"href":"https:\/\/marwis.pl\/de\/wp-json\/wp\/v2\/media?parent=5532"}],"curies":[{"name":"wp","href":"https:\/\/api.w.org\/{rel}","templated":true}]}}