{"id":5895,"date":"2025-07-11T07:50:55","date_gmt":"2025-07-11T05:50:55","guid":{"rendered":"https:\/\/marwis.pl\/?page_id=5895"},"modified":"2025-07-11T08:24:09","modified_gmt":"2025-07-11T06:24:09","slug":"stol-ociekowo-montazowy-dual-oil-2000x1000","status":"publish","type":"page","link":"https:\/\/marwis.pl\/de\/stoly-montazowe\/stol-ociekowo-montazowy-dual-oil-2000x1000\/","title":{"rendered":"ABTROPF-MONTAGETISCH DUAL OIL 2000\u00d71000"},"content":{"rendered":"<p>[vc_row][vc_column][vc_raw_html]JTVCZmxleHlfYnJlYWRjcnVtYiU1RA==[\/vc_raw_html][\/vc_column][\/vc_row][vc_row][vc_column width=&#8220;1\/2&#8243;]<div id='gallery-2' class='fastgallery fg_style1  '> <div data-img=\"https:\/\/marwis.pl\/wp-content\/uploads\/2025\/07\/Dual-oil-stol.jpg\"> <\/div><div data-img=\"https:\/\/marwis.pl\/wp-content\/uploads\/2025\/07\/Dual-oil-stol-4.jpg\"> <\/div><div data-img=\"https:\/\/marwis.pl\/wp-content\/uploads\/2025\/07\/Dual-oil-stol-3.jpg\"> <\/div><div data-img=\"https:\/\/marwis.pl\/wp-content\/uploads\/2025\/07\/Dual-oil-stol-2.jpg\"> <\/div><div style=\"clear:both\"><\/div><\/div>[\/vc_column][vc_column width=&#8220;1\/2&#8243;]\r\n    <div class=\"section_title\" style=\"text-align: center; margin: 0px auto 75px; padding: 0;\">\r\n        <h2 style=\"font-size:34px; color: #0066bf; font-weight: 800;\"> ABTROPFT-MONTAGETISCH DUAL OIL 2000\u00d71000 <\/h2>\r\n         <div class=\"br\" style=\"margin: 0 auto;\"><\/div>             <\/div>\r\n\r\n    [vc_tta_accordion][vc_tta_section title=&#8220;ANWENDUNG&#8220; tab_id=&#8220;1611050130932-cc5a4393-a8f3&#8243;][vc_column_text]<strong>Abtropf- und Montagetisch zur Regeneration und Reparatur von Fahrzeugteilen<\/strong><\/p>\n<p>Ein funktioneller und robuster Arbeitsplatz zum Zerlegen, Reparieren und Warten von Fahrzeugkomponenten. Der DUAL OIL 2000 ist die perfekte L\u00f6sung f\u00fcr moderne Werkst\u00e4tten, die auf Arbeitskomfort, Langlebigkeit und Ordnung setzen. Dieser vielseitige Tisch eignet sich ideal f\u00fcr die Regeneration von Komponenten wie Getrieben, Motoren, Zylinderk\u00f6pfen, Turboladern, Lichtmaschinen oder Schaltgetrieben. Entwickelt f\u00fcr den intensiven Werkstatteinsatz, bietet er maximale Effizienz und Ergonomie. Warum DUAL OIL 2000?<\/p>\n<p>Pulverbeschichtete Stahlkonstruktion \u2013 widerstandsf\u00e4hig gegen mechanische Besch\u00e4digungen und Korrosion, f\u00fcr eine lange Lebensdauer des Tisches.<\/p>\n<p>Zwei Arbeitsfl\u00e4chen \u2013 ein Ablaufbereich und ein Montagetisch erm\u00f6glichen sauberes und organisiertes Arbeiten mit verschiedenen Bauteilen.<\/p>\n<p>Integrierter Fl\u00fcssigkeitsbeh\u00e4lter \u2013 erleichtert das sichere Auffangen von \u00d6l und anderen Betriebsfl\u00fcssigkeiten, was den Arbeitskomfort erheblich erh\u00f6ht.<\/p>\n<p>Zwei ger\u00e4umige Schubladen und ein verschlie\u00dfbarer Schrank \u2013 alles N\u00f6tige ist stets griffbereit.<\/p>\n<p>Innenliegendes Ablagefach \u2013 zus\u00e4tzlicher Stauraum f\u00fcr Werkzeuge und Kleinteile, die beim Arbeiten schnell zur Hand sein m\u00fcssen.<\/p>\n<p>[\/vc_column_text][\/vc_tta_section][vc_tta_section title=&#8220;TECHNISCHE DATEN&#8220; tab_id=&#8220;1611052357239-a03ddaab-c372&#8243;][vc_column_text]Gesamth\u00f6he: 1250mm<br \/>\nGesamtbreite: 1980mm<br \/>\nTiefe: 1000mm<br \/>\nAblauftisch (B\u00d7T): 900\u00d7940 mm<br \/>\nMontagetisch (B\u00d7T): 990\u00d7970 mm<br \/>\nTragf\u00e4higkeit: 500kg[\/vc_column_text][\/vc_tta_section][\/vc_tta_accordion][vc_btn title=&#8220;PREIS&#8220; style=&#8220;flat&#8220; color=&#8220;primary&#8220; size=&#8220;lg&#8220; align=&#8220;center&#8220; link=&#8220;url:https%3A%2F%2Fmarwis24.pl%2Fpl%2Fp%2FMyjka-biologiczna-bio-wash-800-bioremediacja-%2F23100668||target:%20_blank|&#8220;][vc_column_text]<\/p>\n<p style=\"text-align: center;\"><span style=\"color: #0066bf;\">Ben\u00f6tigen Sie ein Angebot?<\/span><strong><span style=\"color: #0066bf;\"><br \/>\nRufen Sie uns an!<br \/>\nMobile::+ 48 731 666 100<\/span><\/strong><\/p>\n<p>[\/vc_column_text][\/vc_column][\/vc_row]<\/p>","protected":false},"excerpt":{"rendered":"<p>[vc_row][vc_column][vc_raw_html]JTVCZmxleHlfYnJlYWRjcnVtYiU1RA==[\/vc_raw_html][\/vc_column][\/vc_row][vc_row][vc_column width=&#8220;1\/2&#8243;][\/vc_column][vc_column width=&#8220;1\/2&#8243;][vc_tta_accordion][vc_tta_section title=&#8220;ANWENDUNG&#8220; tab_id=&#8220;1611050130932-cc5a4393-a8f3&#8243;][vc_column_text]Abtropf- und Montagetisch zur Regeneration und Reparatur von Fahrzeugteilen Ein funktioneller und robuster Arbeitsplatz zum Zerlegen, Reparieren und Warten von Fahrzeugkomponenten. Der DUAL OIL 2000 ist die perfekte L\u00f6sung f\u00fcr moderne Werkst\u00e4tten, die auf Arbeitskomfort, Langlebigkeit und Ordnung setzen. Dieser vielseitige Tisch eignet sich ideal f\u00fcr die Regeneration von Komponenten wie [&hellip;]<\/p>\n","protected":false},"author":3,"featured_media":0,"parent":1351,"menu_order":0,"comment_status":"closed","ping_status":"open","template":"","meta":[],"_links":{"self":[{"href":"https:\/\/marwis.pl\/de\/wp-json\/wp\/v2\/pages\/5895"}],"collection":[{"href":"https:\/\/marwis.pl\/de\/wp-json\/wp\/v2\/pages"}],"about":[{"href":"https:\/\/marwis.pl\/de\/wp-json\/wp\/v2\/types\/page"}],"author":[{"embeddable":true,"href":"https:\/\/marwis.pl\/de\/wp-json\/wp\/v2\/users\/3"}],"replies":[{"embeddable":true,"href":"https:\/\/marwis.pl\/de\/wp-json\/wp\/v2\/comments?post=5895"}],"version-history":[{"count":6,"href":"https:\/\/marwis.pl\/de\/wp-json\/wp\/v2\/pages\/5895\/revisions"}],"predecessor-version":[{"id":5907,"href":"https:\/\/marwis.pl\/de\/wp-json\/wp\/v2\/pages\/5895\/revisions\/5907"}],"up":[{"embeddable":true,"href":"https:\/\/marwis.pl\/de\/wp-json\/wp\/v2\/pages\/1351"}],"wp:attachment":[{"href":"https:\/\/marwis.pl\/de\/wp-json\/wp\/v2\/media?parent=5895"}],"curies":[{"name":"wp","href":"https:\/\/api.w.org\/{rel}","templated":true}]}}