{"id":6213,"date":"2026-01-22T13:23:37","date_gmt":"2026-01-22T12:23:37","guid":{"rendered":"https:\/\/marwis.pl\/?page_id=6213"},"modified":"2026-02-11T09:01:28","modified_gmt":"2026-02-11T08:01:28","slug":"automower-wash-1000","status":"publish","type":"page","link":"https:\/\/marwis.pl\/de\/automower-wash-1000\/","title":{"rendered":"AUTOMOWER WASH 1000"},"content":{"rendered":"<p>[vc_row][vc_column][vc_raw_html]JTVCZmxleHlfYnJlYWRjcnVtYiU1RA==[\/vc_raw_html][\/vc_column][\/vc_row][vc_row][vc_column width=&#8220;1\/2&#8243;]<div id='gallery-2' class='fastgallery fg_style1  '> <div data-img=\"https:\/\/marwis.pl\/wp-content\/uploads\/2025\/04\/AUTOMOWER-WASH-800-08-1024x1024.jpg\"> <\/div><div data-img=\"https:\/\/marwis.pl\/wp-content\/uploads\/2025\/04\/AUTOMOWER-WASH-800-07-1024x1024.jpg\"> <\/div><div data-img=\"https:\/\/marwis.pl\/wp-content\/uploads\/2025\/04\/AUTOMOWER-WASH-800-06-1024x1024.jpg\"> <\/div><div data-img=\"https:\/\/marwis.pl\/wp-content\/uploads\/2025\/04\/AUTOMOWER-WASH-800-05-1024x1024.jpg\"> <\/div><div data-img=\"https:\/\/marwis.pl\/wp-content\/uploads\/2025\/04\/AUTOMOWER-WASH-800-04-1024x1024.jpg\"> <\/div><div data-img=\"https:\/\/marwis.pl\/wp-content\/uploads\/2025\/04\/AUTOMOWER-WASH-800-03-1024x1024.jpg\"> <\/div><div data-img=\"https:\/\/marwis.pl\/wp-content\/uploads\/2025\/04\/AUTOMOWER-WASH-800-02-1024x1024.jpg\"> <\/div><div data-img=\"https:\/\/marwis.pl\/wp-content\/uploads\/2025\/04\/AUTOMOWER-WASH-800-01-1024x1024.jpg\"> <\/div><div data-img=\"https:\/\/marwis.pl\/wp-content\/uploads\/2025\/04\/AUTOMOWER-WASH-800-09-1024x1024.jpg\"> <\/div><div style=\"clear:both\"><\/div><\/div>[vc_column_text]<a href=\"https:\/\/www.youtube.com\/shorts\/yMxkAokcVMI\"><img loading=\"lazy\" class=\"alignnone size-full wp-image-6019\" src=\"https:\/\/marwis.pl\/wp-content\/uploads\/2025\/10\/YT-001.jpg\" alt=\"\" width=\"797\" height=\"1050\" srcset=\"https:\/\/marwis.pl\/wp-content\/uploads\/2025\/10\/YT-001.jpg 797w, https:\/\/marwis.pl\/wp-content\/uploads\/2025\/10\/YT-001-228x300.jpg 228w, https:\/\/marwis.pl\/wp-content\/uploads\/2025\/10\/YT-001-777x1024.jpg 777w, https:\/\/marwis.pl\/wp-content\/uploads\/2025\/10\/YT-001-768x1012.jpg 768w, https:\/\/marwis.pl\/wp-content\/uploads\/2025\/10\/YT-001-500x659.jpg 500w\" sizes=\"(max-width: 797px) 100vw, 797px\" \/><\/a>[\/vc_column_text][\/vc_column][vc_column width=&#8220;1\/2&#8243;]\r\n    <div class=\"section_title\" style=\"text-align: center; margin: 0px auto 75px; padding: 0;\">\r\n        <h2 style=\"font-size:34px; color: #0066bf; font-weight: 800;\"> AUTOMOWER WASH 1000 <\/h2>\r\n         <div class=\"br\" style=\"margin: 0 auto;\"><\/div>             <\/div>\r\n\r\n    [vc_tta_accordion][vc_tta_section title=&#8220;ANWENDUNG&#8220; tab_id=&#8220;1611050130932-cc5a4393-a8f3&#8243;][vc_column_text]Automower Wash 1000 ist ein professionelles Reinigungsanlage, das speziell f\u00fcr die Reinigung von M\u00e4hrobotern entwickelt wurde. Sie vereint moderne Technologie, robuste Verarbeitung und einfache Bedienung und bietet so maximale Reinigungseffizienz \u2013 sowohl im Serviceeinsatz als auch im t\u00e4glichen Gebrauch.<\/p>\n<p>Innovative Konstruktion und hohe Effizienz<br \/>\nDer Automower Wash 1000 wurde mit innovativen technischen L\u00f6sungen entwickelt, die eine effektive, schnelle und sichere Reinigung gew\u00e4hrleisten. Die Anlage ist ausgestattet mit:<\/p>\n<p>einem robusten Geh\u00e4use aus rostfreiem Stahl, best\u00e4ndig gegen Chemikalien und Feuchtigkeit, einem vergr\u00f6\u00dferten, schr\u00e4g abfallenden Boden zur besseren Ableitung von Schmutz,<br \/>\neinem dreistufigen Filtersystem, das das Ger\u00e4t vor Verschmutzung sch\u00fctzt und seine Lebensdauer verl\u00e4ngert.<\/p>\n<p>Automatischer Reinigungsprozess<br \/>\nNach dem Einschalten des Ger\u00e4ts \u00fcber den Hauptschalter beginnt das Reinigungsbad sich aufzuheizen. Sobald die voreingestellte Temperatur erreicht ist, startet das System automatisch den Waschzyklus. Ein mechanisch angetriebener, rotierender Korb sowie spezielle Spr\u00fchd\u00fcsen, die die hei\u00dfe Reinigungsl\u00f6sung gezielt auf den M\u00e4hroboter richten, sorgen f\u00fcr eine gr\u00fcndliche und gleichm\u00e4\u00dfige Reinigung aller Komponenten.<\/p>\n<p>Volle Kontrolle \u00fcber die Reinigungszeit<br \/>\nDie Dauer des Waschzyklus l\u00e4sst sich stufenlos \u00fcber einen Zeitschalter in der Steuereinheit regulieren. So kann der Reinigungsprozess optimal an den Verschmutzungsgrad der Maschine angepasst werden.[\/vc_column_text][\/vc_tta_section][vc_tta_section title=&#8220;AUSSTATTUNG&#8220; tab_id=&#8220;1611050130945-8641945f-6d2e&#8220;][vc_column_text]Die Waschanlage ist aus hochwertigem Edelstahl gefertigt, verf\u00fcgt \u00fcber einen vergr\u00f6\u00dferten, schr\u00e4gen Boden sowie eine dreifache Fl\u00fcssigkeitsfiltration.<\/p>\n<p><strong>Standardausstattung der Waschanlage:<\/strong><br \/>\nmechanizer Antrieb des rotierenden Korbs<br \/>\nHeizleistung 14 kW<br \/>\nSensor zur Deckel\u00fcberwachung (\u00d6ffnungserkennung)<br \/>\nF\u00fcllstandsensor im Tank<br \/>\nTemperatursensor der Reinigungsfl\u00fcssigkeit<br \/>\nvollautomatisches Bedienfeld (Einstellung von Reinigungszeit und Temperatur)<br \/>\nverstellbare Edelstahld\u00fcsen der renommierten Marke Spraying Systems<br \/>\ndreistufige Filtration der Reinigungsfl\u00fcssigkeit<br \/>\nAblassventil<br \/>\nHaltesystem zur Fixierung des M\u00e4hroboters in senkrechter Position<\/p>\n<p><strong>Optionale Ausstattung:<\/strong><br \/>\nSatz niedriger Lancze<br \/>\nPneumatyce Zylinder<br \/>\nAutomatische Trocknung<\/p>\n<p>&nbsp;<\/p>\n<p><span class=\"cf0\"><!--EndFragment --><\/span><\/p>\n<p><!--EndFragment -->[\/vc_column_text][\/vc_tta_section][vc_tta_section title=&#8220;TECHNISCHE DATEN&#8220; tab_id=&#8220;1611052357239-a03ddaab-c372&#8243;][vc_column_text]Korbdurchmesser: 1000mm<br \/>\nNutzbare H\u00f6he: 600mm<br \/>\nTankvolumen: 2700l<br \/>\nPumpenleistung: 200l\/min<br \/>\nSpritzdruck: 4\u20136bar<br \/>\nHeizleistung: 14kW<br \/>\nStromversorgung: 3~400V<br \/>\nTragf\u00e4higkeit des Korbs: 300kg<br \/>\nProgrammierbare Arbeitszeit: 0\u201360Minuten<br \/>\nTemperaturregelung: bis 60\u00b0C<br \/>\nTiefe: 1548mm<br \/>\nBreite: 1510mm<br \/>\nH\u00f6he : 1870\/1350mm<br \/>\nGewicht: 275kg[\/vc_column_text][\/vc_tta_section][\/vc_tta_accordion][vc_btn title=&#8220;PREIS&#8220; style=&#8220;flat&#8220; color=&#8220;primary&#8220; size=&#8220;lg&#8220; align=&#8220;center&#8220; link=&#8220;url:https%3A%2F%2Fmarwis24.pl%2Fde_DE%2Fp%2FAUTOMOWER-WASH-1000-Reinigunsanlage-fur-Mahroboter-%2F23100779||target:%20_blank|&#8220;][vc_column_text]<\/p>\n<p style=\"text-align: center;\"><span style=\"color: #0066bf;\">Fragen Sie nach einem Angebot.<\/span><br \/>\n<strong><span style=\"color: #0066bf;\">Rufen Sie uns an!<\/span><\/strong><br \/>\n<strong><span style=\"color: #0066bf;\">Mobil: +48 731 666 200<\/span><\/strong><\/p>\n<p>[\/vc_column_text][\/vc_column][\/vc_row]<\/p>","protected":false},"excerpt":{"rendered":"<p>[vc_row][vc_column][vc_raw_html]JTVCZmxleHlfYnJlYWRjcnVtYiU1RA==[\/vc_raw_html][\/vc_column][\/vc_row][vc_row][vc_column width=&#8220;1\/2&#8243;][vc_column_text][\/vc_column_text][\/vc_column][vc_column width=&#8220;1\/2&#8243;][vc_tta_accordion][vc_tta_section title=&#8220;ANWENDUNG&#8220; tab_id=&#8220;1611050130932-cc5a4393-a8f3&#8243;][vc_column_text]Automower Wash 1000 ist ein professionelles Reinigungsanlage, das speziell f\u00fcr die Reinigung von M\u00e4hrobotern entwickelt wurde. Sie vereint moderne Technologie, robuste Verarbeitung und einfache Bedienung und bietet so maximale Reinigungseffizienz \u2013 sowohl im Serviceeinsatz als auch im t\u00e4glichen Gebrauch. Innovative Konstruktion und hohe Effizienz Der Automower Wash 1000 wurde mit innovativen [&hellip;]<\/p>\n","protected":false},"author":3,"featured_media":0,"parent":0,"menu_order":0,"comment_status":"closed","ping_status":"closed","template":"","meta":[],"_links":{"self":[{"href":"https:\/\/marwis.pl\/de\/wp-json\/wp\/v2\/pages\/6213"}],"collection":[{"href":"https:\/\/marwis.pl\/de\/wp-json\/wp\/v2\/pages"}],"about":[{"href":"https:\/\/marwis.pl\/de\/wp-json\/wp\/v2\/types\/page"}],"author":[{"embeddable":true,"href":"https:\/\/marwis.pl\/de\/wp-json\/wp\/v2\/users\/3"}],"replies":[{"embeddable":true,"href":"https:\/\/marwis.pl\/de\/wp-json\/wp\/v2\/comments?post=6213"}],"version-history":[{"count":10,"href":"https:\/\/marwis.pl\/de\/wp-json\/wp\/v2\/pages\/6213\/revisions"}],"predecessor-version":[{"id":6302,"href":"https:\/\/marwis.pl\/de\/wp-json\/wp\/v2\/pages\/6213\/revisions\/6302"}],"wp:attachment":[{"href":"https:\/\/marwis.pl\/de\/wp-json\/wp\/v2\/media?parent=6213"}],"curies":[{"name":"wp","href":"https:\/\/api.w.org\/{rel}","templated":true}]}}