{"id":6252,"date":"2026-02-09T08:05:18","date_gmt":"2026-02-09T07:05:18","guid":{"rendered":"https:\/\/marwis.pl\/?page_id=6252"},"modified":"2026-02-10T13:51:32","modified_gmt":"2026-02-10T12:51:32","slug":"odciag-spawalniczy","status":"publish","type":"page","link":"https:\/\/marwis.pl\/de\/odciag-spawalniczy\/","title":{"rendered":"Schwei\u00df Absauganlage  Clean Air 2900 DUO"},"content":{"rendered":"<p>[vc_row][vc_column][vc_raw_html]JTVCZmxleHlfYnJlYWRjcnVtYiU1RA==[\/vc_raw_html][\/vc_column][\/vc_row][vc_row][vc_column width=&#8220;1\/2&#8243;]<div id='gallery-2' class='fastgallery fg_style1  '> <div data-img=\"https:\/\/marwis.pl\/wp-content\/uploads\/2026\/02\/1-Clean-Air-DUO-2900-logo-766x1024.jpg\"> <\/div><div data-img=\"https:\/\/marwis.pl\/wp-content\/uploads\/2026\/02\/2-Clean-Air-DUO-2900-logo-799x1024.jpg\"> <\/div><div data-img=\"https:\/\/marwis.pl\/wp-content\/uploads\/2026\/02\/DSC00296-cor-835x1024.jpg\"> <\/div><div data-img=\"https:\/\/marwis.pl\/wp-content\/uploads\/2026\/02\/DSC00298-cor-1024x684.jpg\"> <\/div><div data-img=\"https:\/\/marwis.pl\/wp-content\/uploads\/2026\/02\/DSC00299-cor-684x1024.jpg\"> <\/div><div data-img=\"https:\/\/marwis.pl\/wp-content\/uploads\/2026\/02\/DSC00300-cor-1024x684.jpg\"> <\/div><div style=\"clear:both\"><\/div><\/div>[\/vc_column][vc_column width=&#8220;1\/2&#8243;]\r\n    <div class=\"section_title\" style=\"text-align: center; margin: 0px auto 75px; padding: 0;\">\r\n        <h2 style=\"font-size:34px; color: #0066bf; font-weight: 800;\"> Schwei\u00df Absauganlage <\/h2>\r\n         <div class=\"br\" style=\"margin: 0 auto;\"><\/div>             <\/div>\r\n\r\n    [vc_tta_accordion][vc_tta_section title=&#8220;ANWENDUNG&#8220; tab_id=&#8220;1611050130932-cc5a4393-a8f3&#8243;][vc_column_text]MARWIS Clean Air DUO 2900 Schwei\u00dfrauchabsaugung<\/p>\n<p>Die MARWIS Schwei\u00dfrauchabsaugung ist ein professionelles Ger\u00e4t zur effektiven Entfernung sch\u00e4dlicher Gase, D\u00e4mpfe und St\u00e4ube, die bei Schwei\u00dfprozessen sowie bei der Bearbeitung von Metall, Glas und Kunststoffen entstehen. Sie wurde mit Blick auf Sicherheit, Komfort und Effizienz in Werkst\u00e4tten, Produktionsbetrieben und Industriehallen entwickelt.<\/p>\n<p>Ein zentrales Element des Ger\u00e4ts sind zwei flexible Absaugarme mit Absaughauben, die eine pr\u00e4zise Erfassung von Schadstoffen direkt an der Entstehungsquelle erm\u00f6glichen \u2013 an Schwei\u00dfger\u00e4ten, Brennern oder Bearbeitungswerkzeugen. Dadurch werden sch\u00e4dliche D\u00e4mpfe nicht im Raum verteilt, sondern sofort abgesaugt und gefiltert.<\/p>\n<p>Die MARWIS Absaugung ist mit einem selbstreinigenden Filter ausgestattet, der einen langfristigen und st\u00f6rungsfreien Betrieb ohne h\u00e4ufigen Filterwechsel gew\u00e4hrleistet. Die hohe Leistung des Ger\u00e4ts \u2013 2.900 m\u00b3\/h Saugleistung \u2013 garantiert eine effektive Luftreinigung selbst unter intensiven Arbeitsbedingungen.[\/vc_column_text][\/vc_tta_section][vc_tta_section title=&#8220;TECHNISCHE DATEN&#8220; tab_id=&#8220;1611052357239-a03ddaab-c372&#8243;][vc_column_text]Technische Daten des Ger\u00e4ts:<\/p>\n<p>Ger\u00e4tebreite: 940 mm<br \/>\nGer\u00e4tetiefe: 946 mm<br \/>\nGer\u00e4teh\u00f6he: 1824 mm<br \/>\nGewicht: 210 kg<br \/>\nFiltermethode: selbstreinigender Filter<br \/>\nSaugleistung: 2.900 m\u00b3\/h<br \/>\nMotorleistung: 2,2 kW<br \/>\nAnschlussspannung: 400 V<br \/>\nNennstrom: 4,5 A<br \/>\nFrequenz: 50 Hz<br \/>\nSchalldruckpegel: 82\/80 dB(A)<br \/>\nMax. Medientemperatur: 80 \u00b0C<br \/>\nSchwenkarm: 360\u00b0<br \/>\nArml\u00e4nge: 2 \u2013 3 m<br \/>\nDurchmesser des Absaugarms: \u00d8 160 mm<br \/>\nBeh\u00e4ltervolumen: 20 l<br \/>\nDruckluftversorgung: 5 \u2013 6 bar<\/p>\n<p>Technische Daten des Filters:<\/p>\n<p>Filterfl\u00e4che: 10 m\u00b2<br \/>\nFiltertyp: Patronenfilter<br \/>\nFiltermaterial: PTFE-Membran<br \/>\nRahmen: Schutzkorb aus Stahl, verschwei\u00dftes Filtermaterial<br \/>\nAbdichtung: por\u00f6se Gummidichtung<br \/>\nAbscheidegrad: &gt; 99,2 %<br \/>\nStaubklasse: M<br \/>\nDurchmesser: 325 mm<br \/>\nAbmessungen (Durchmesser x H\u00f6he): 325 x 616 mm<br \/>\nGewicht: 5,3 kg[\/vc_column_text][\/vc_tta_section][\/vc_tta_accordion][vc_btn title=&#8220;PREIS&#8220; style=&#8220;flat&#8220; color=&#8220;primary&#8220; size=&#8220;lg&#8220; align=&#8220;center&#8220; link=&#8220;url:https%3A%2F%2Fmarwis24.pl%2Fde_DE%2Fp%2FNEU-SchweiB-Absauganlage-Clean-Air-DUO-2900%2F23100773||target:%20_blank|&#8220;][vc_column_text]<\/p>\n<p style=\"text-align: center;\"><span style=\"color: #0066bf;\">\u00a0Ben\u00f6tigen Sie ein Angebot? <\/span><\/p>\n<p style=\"text-align: center;\"><span style=\"color: #0066bf;\">Rufen Sie uns an! <\/span><\/p>\n<p style=\"text-align: center;\"><span style=\"color: #0066bf;\">Mobile: +<\/span><span style=\"color: #0066bf;\">48 731 666 100<\/span><\/p>\n<p>[\/vc_column_text][\/vc_column][\/vc_row]<\/p>","protected":false},"excerpt":{"rendered":"<p>[vc_row][vc_column][vc_raw_html]JTVCZmxleHlfYnJlYWRjcnVtYiU1RA==[\/vc_raw_html][\/vc_column][\/vc_row][vc_row][vc_column width=&#8220;1\/2&#8243;][\/vc_column][vc_column width=&#8220;1\/2&#8243;][vc_tta_accordion][vc_tta_section title=&#8220;ANWENDUNG&#8220; tab_id=&#8220;1611050130932-cc5a4393-a8f3&#8243;][vc_column_text]MARWIS Clean Air DUO 2900 Schwei\u00dfrauchabsaugung Die MARWIS Schwei\u00dfrauchabsaugung ist ein professionelles Ger\u00e4t zur effektiven Entfernung sch\u00e4dlicher Gase, D\u00e4mpfe und St\u00e4ube, die bei Schwei\u00dfprozessen sowie bei der Bearbeitung von Metall, Glas und Kunststoffen entstehen. Sie wurde mit Blick auf Sicherheit, Komfort und Effizienz in Werkst\u00e4tten, Produktionsbetrieben und Industriehallen entwickelt. Ein zentrales [&hellip;]<\/p>\n","protected":false},"author":3,"featured_media":0,"parent":0,"menu_order":0,"comment_status":"closed","ping_status":"open","template":"","meta":[],"_links":{"self":[{"href":"https:\/\/marwis.pl\/de\/wp-json\/wp\/v2\/pages\/6252"}],"collection":[{"href":"https:\/\/marwis.pl\/de\/wp-json\/wp\/v2\/pages"}],"about":[{"href":"https:\/\/marwis.pl\/de\/wp-json\/wp\/v2\/types\/page"}],"author":[{"embeddable":true,"href":"https:\/\/marwis.pl\/de\/wp-json\/wp\/v2\/users\/3"}],"replies":[{"embeddable":true,"href":"https:\/\/marwis.pl\/de\/wp-json\/wp\/v2\/comments?post=6252"}],"version-history":[{"count":11,"href":"https:\/\/marwis.pl\/de\/wp-json\/wp\/v2\/pages\/6252\/revisions"}],"predecessor-version":[{"id":6276,"href":"https:\/\/marwis.pl\/de\/wp-json\/wp\/v2\/pages\/6252\/revisions\/6276"}],"wp:attachment":[{"href":"https:\/\/marwis.pl\/de\/wp-json\/wp\/v2\/media?parent=6252"}],"curies":[{"name":"wp","href":"https:\/\/api.w.org\/{rel}","templated":true}]}}