{"id":6425,"date":"2026-03-10T13:45:56","date_gmt":"2026-03-10T12:45:56","guid":{"rendered":"https:\/\/marwis.pl\/?page_id=6425"},"modified":"2026-03-16T12:45:16","modified_gmt":"2026-03-16T11:45:16","slug":"mrs-felgen-cleaner-z-pulpitem-sterujacym","status":"publish","type":"page","link":"https:\/\/marwis.pl\/de\/wanna-do-wytrawiania-felg\/mrs-felgen-cleaner-z-pulpitem-sterujacym\/","title":{"rendered":"MRS Felgen Cleaner mit Steueranlage"},"content":{"rendered":"<p>[vc_row][vc_column][vc_raw_html]JTVCZmxleHlfYnJlYWRjcnVtYiU1RA==[\/vc_raw_html][\/vc_column][\/vc_row][vc_row][vc_column width=&#8220;1\/2&#8243;]<div id='gallery-2' class='fastgallery fg_style1  '> <div data-img=\"https:\/\/marwis.pl\/wp-content\/uploads\/2026\/03\/1-Felgen-Cleaner-logo-1024x1024.jpg\"> <\/div><div data-img=\"https:\/\/marwis.pl\/wp-content\/uploads\/2026\/03\/2-Felgen-Cleaner-logo-1024x1024.jpg\"> <\/div><div data-img=\"https:\/\/marwis.pl\/wp-content\/uploads\/2026\/03\/3-Felgen-Cleaner-logo-1024x1024.jpg\"> <\/div><div data-img=\"https:\/\/marwis.pl\/wp-content\/uploads\/2026\/03\/1-Felgen-Cleaner-logo-1024x1024-1-1024x1024.jpg\"> <\/div><div style=\"clear:both\"><\/div><\/div>[\/vc_column][vc_column width=&#8220;1\/2&#8243;]\r\n    <div class=\"section_title\" style=\"text-align: center; margin: 0px auto 75px; padding: 0;\">\r\n        <h2 style=\"font-size:34px; color: #0066bf; font-weight: 800;\"> MRS Felgen Cleaner <\/h2>\r\n         <div class=\"br\" style=\"margin: 0 auto;\"><\/div>             <\/div>\r\n\r\n    [vc_tta_accordion][vc_tta_section title=&#8220;ANWENDUNG&#8220; tab_id=&#8220;1611050130932-cc5a4393-a8f3&#8243;][vc_column_text]<\/p>\n<div class=\"tab\">\n<div id=\"tab-1\" class=\"tab-content\">\n<p>Der Felgen Cleaner ist ein Tauchbad zur Entfernung von Lackbeschichtungen. Er eignet sich ideal f\u00fcr die Aufbereitung von Felgen, insbesondere solcher mit komplexen Designs.<\/p>\n<p>&nbsp;<\/p>\n<\/div>\n<\/div>\n<p>[\/vc_column_text][\/vc_tta_section][vc_tta_section title=&#8220;FUNKTIONSBESCHREIBUNG&#8220; tab_id=&#8220;1611050130945-8641945f-6d2e&#8220;][vc_column_text]Das Beizen der Felgen, also die Reinigung mithilfe eines chemischen Bads, ist ein Verfahren zur vollst\u00e4ndigen Entfernung aller Lackschichten von der Felgenoberfl\u00e4che. Das Ger\u00e4t fasst etwa 800 Liter Fl\u00fcssigkeit und ist mit einer Temperatur- und Badezeitregelung ausgestattet. Zus\u00e4tzlich sorgt ein integrierter \u00d6lmantel f\u00fcr eine gleichm\u00e4\u00dfige Temperaturverteilung im gesamten Beh\u00e4lter. Diese L\u00f6sung erm\u00f6glicht den Einsatz von Chemikalien nahezu aller Hersteller \u2013 sogar bei Temperaturen bis zu 80 \u00b0C. Der Felgen Cleaner ist mit einer integrierten Winde ausgestattet \u2013 einem Hub- und Senkmechanismus f\u00fcr das Tauchgut, der das Einbringen der Felgen ohne zus\u00e4tzliche externe Ger\u00e4te erm\u00f6glicht. Damit stellt das Ger\u00e4t eine autonome Werkstattl\u00f6sung dar. Ein weiterer Vorteil der Felgen Cleaner-Maschine ist das entfernte Steuerpult, das die M\u00f6glichkeit bietet, aus einer Entfernung von 5 m zu arbeiten\/zu steuern. Diese L\u00f6sung f\u00f6rdert die Sicherheit und Hygiene am Arbeitsplatz.<\/p>\n<p>&nbsp;<\/p>\n<p>Ausstattung des Felgen Cleaners:<\/p>\n<p>Steuerungspanel<br \/>\nR\u00fchrwerk<br \/>\nHeizst\u00e4be<br \/>\nAblassventil<br \/>\nDeckel<br \/>\nBeh\u00e4lter<br \/>\nWinde (integrierter Hebemechanismus)[\/vc_column_text][\/vc_tta_section][vc_tta_section title=&#8220;TECHNISCHE DATEN&#8220; tab_id=&#8220;1611052357239-a03ddaab-c372&#8243;][vc_column_text]Stromversorgung: 400\/230V 50Hz<br \/>\nGesamtma\u00dfe:[BxTxH]: 2200x1050x2300mm<br \/>\nBeh\u00e4lterma\u00dfe:[BxTxH]: 1490x750x750mm<br \/>\nKorbma\u00dfe:[BxTxH]: 1275x615x155mm<br \/>\nKorbtraglast:150kg<br \/>\nProgrammierbare Laufzeit: 0\u201399 Min<br \/>\nTankvolumen: 800l<br \/>\nReinigungstemperatur:90 \u00b0C<br \/>\nHeizleistung: 3 x 4kW<\/p>\n<p>Der Steuerpult ist ausgestattet mit:<br \/>\nTemperaturregler<br \/>\nZeitschaltuhr<br \/>\nAuswahlknopf f\u00fcr den Heizmodi<br \/>\nHeizsequenz-Taste<br \/>\nAuswahlknopf f\u00fcr den Mischermodus<br \/>\nHeizkontrollleuchte<br \/>\nSTART \/ STOP-Taste<br \/>\nTasten f\u00fcr \u00d6ffnen \/ Schlie\u00dfen<br \/>\nNot-Aus-Schalter<br \/>\n5m Kabel[\/vc_column_text][\/vc_tta_section][vc_tta_section title=&#8220;ZUS\u00c4TZLICHE AUSSTATTUNG&#8220; tab_id=&#8220;1613475565981-f27b99f1-758a&#8220;][vc_column_text]Einsatzkorb f\u00fcr Kleinteile[\/vc_column_text][\/vc_tta_section][vc_tta_section title=&#8220;FILM&#8220; tab_id=&#8220;1613475586868-0a042baf-3b3a&#8220;][vc_video link=&#8220;https:\/\/www.youtube.com\/watch?v=RDY1-xVe5Uk&#8220;][\/vc_tta_section][\/vc_tta_accordion][vc_btn title=&#8220;PREIS&#8220; style=&#8220;flat&#8220; color=&#8220;primary&#8220; size=&#8220;lg&#8220; align=&#8220;center&#8220; link=&#8220;url:https%3A%2F%2Fmarwis24.pl%2Fpl%2Fp%2FWanna-do-odlakierowywania-felg-MRS-Felgen-Cleaner-%2F23100754||target:%20_blank|&#8220;][vc_column_text]<\/p>\n<p style=\"text-align: center;\"><strong><span style=\"color: #0066bf;\">Ben\u00f6tigen SIe ein Angebot?<\/span><\/strong><br \/>\n<strong><span style=\"color: #0066bf;\">Rufen Sie uns an! <\/span><\/strong><br \/>\n<strong><span style=\"color: #0066bf;\">Mobile: +48 731 666 200<\/span><\/strong><\/p>\n<p>[\/vc_column_text][\/vc_column][\/vc_row]<\/p>","protected":false},"excerpt":{"rendered":"<p>[vc_row][vc_column][vc_raw_html]JTVCZmxleHlfYnJlYWRjcnVtYiU1RA==[\/vc_raw_html][\/vc_column][\/vc_row][vc_row][vc_column width=&#8220;1\/2&#8243;][\/vc_column][vc_column width=&#8220;1\/2&#8243;][vc_tta_accordion][vc_tta_section title=&#8220;ANWENDUNG&#8220; tab_id=&#8220;1611050130932-cc5a4393-a8f3&#8243;][vc_column_text] Der Felgen Cleaner ist ein Tauchbad zur Entfernung von Lackbeschichtungen. Er eignet sich ideal f\u00fcr die Aufbereitung von Felgen, insbesondere solcher mit komplexen Designs. &nbsp; [\/vc_column_text][\/vc_tta_section][vc_tta_section title=&#8220;FUNKTIONSBESCHREIBUNG&#8220; tab_id=&#8220;1611050130945-8641945f-6d2e&#8220;][vc_column_text]Das Beizen der Felgen, also die Reinigung mithilfe eines chemischen Bads, ist ein Verfahren zur vollst\u00e4ndigen Entfernung aller Lackschichten von der Felgenoberfl\u00e4che. Das [&hellip;]<\/p>\n","protected":false},"author":3,"featured_media":0,"parent":1358,"menu_order":0,"comment_status":"closed","ping_status":"open","template":"","meta":[],"_links":{"self":[{"href":"https:\/\/marwis.pl\/de\/wp-json\/wp\/v2\/pages\/6425"}],"collection":[{"href":"https:\/\/marwis.pl\/de\/wp-json\/wp\/v2\/pages"}],"about":[{"href":"https:\/\/marwis.pl\/de\/wp-json\/wp\/v2\/types\/page"}],"author":[{"embeddable":true,"href":"https:\/\/marwis.pl\/de\/wp-json\/wp\/v2\/users\/3"}],"replies":[{"embeddable":true,"href":"https:\/\/marwis.pl\/de\/wp-json\/wp\/v2\/comments?post=6425"}],"version-history":[{"count":13,"href":"https:\/\/marwis.pl\/de\/wp-json\/wp\/v2\/pages\/6425\/revisions"}],"predecessor-version":[{"id":6449,"href":"https:\/\/marwis.pl\/de\/wp-json\/wp\/v2\/pages\/6425\/revisions\/6449"}],"up":[{"embeddable":true,"href":"https:\/\/marwis.pl\/de\/wp-json\/wp\/v2\/pages\/1358"}],"wp:attachment":[{"href":"https:\/\/marwis.pl\/de\/wp-json\/wp\/v2\/media?parent=6425"}],"curies":[{"name":"wp","href":"https:\/\/api.w.org\/{rel}","templated":true}]}}