{"id":894,"date":"2021-02-04T12:56:47","date_gmt":"2021-02-04T11:56:47","guid":{"rendered":"http:\/\/marwis.zoom.usermd.net\/?page_id=894"},"modified":"2026-03-13T10:34:07","modified_gmt":"2026-03-13T09:34:07","slug":"o-fabryce","status":"publish","type":"page","link":"https:\/\/marwis.pl\/de\/o-fabryce\/","title":{"rendered":"Unternehmen"},"content":{"rendered":"<p>[vc_row css=&#8220;.vc_custom_1610444886259{padding-top: 80px !important;}&#8220;][vc_column css=&#8220;.vc_custom_1539264137946{padding-right: 30px !important;}&#8220;][vc_single_image image=&#8220;3283&#8243; img_size=&#8220;full&#8220; css_animation=&#8220;none&#8220; css=&#8220;.vc_custom_1702638508750{padding-top: 30px !important;padding-right: 40px !important;padding-left: 15px !important;}&#8220;]\r\n    <div class=\"section_title\" style=\"text-align: center; margin: 0px auto 0px; padding: 0;\">\r\n        <h2 style=\"font-size:34px; color: #0066bf; font-weight: 800;\"> Die Geschichte des Unternehmens Marwis <\/h2>\r\n         <div class=\"br\" style=\"margin: 0 auto;\"><\/div>             <\/div>\r\n\r\n    [vc_column_text css=&#8220;.vc_custom_1702636929594{margin-top: 40px !important;}&#8220;]Wenn Sie zuverl\u00e4ssige und effektive Reinigungsl\u00f6sungen f\u00fcr verschiedene Branchen suchen, sind Sie bei uns genau richtig!<\/p>\n<p>Marwis ist ein Unternehmen, das seit Jahren f\u00fchrend in der Herstellung hochwertiger Waschger\u00e4te ist. Seine zuverl\u00e4ssigen und innovativen Produkte werden in verschiedenen Branchen eingesetzt und gewinnen das Vertrauen von Kunden auf der ganzen Welt.<\/p>\n<p>Die Geschichte von Marwis reicht viele Jahre zur\u00fcck. Urspr\u00fcnglich war es ein kleines Familienunternehmen, das sich auf die Herstellung von Reinigungsmaschinen f\u00fcr Autowerkst\u00e4tten spezialisierte. Dank der Leidenschaft und Entschlossenheit des Gr\u00fcnders und seinem st\u00e4ndigen Streben nach Produktverbesserung wurde Marwis jedoch schnell zu einem Marktf\u00fchrer auf dem Markt f\u00fcr Waschger\u00e4te.<\/p>\n<p>Heute bietet Marwis ein breites Sortiment an Waschger\u00e4ten an, die h\u00f6chste Anspr\u00fcche an Qualit\u00e4t und Effizienz erf\u00fcllen. Ihr Angebot umfasst unter anderem Werkstattreiniger unterschiedlicher Leistung und Effizienz sowie professionelle Hochdruckreiniger, die sich sowohl f\u00fcr Autowerkst\u00e4tten als auch f\u00fcr gro\u00dfe Industrieanlagen eignen.[\/vc_column_text][\/vc_column][\/vc_row][vc_row rtl_reverse=&#8220;yes&#8220; css=&#8220;.vc_custom_1610445191668{padding-bottom: 50px !important;}&#8220;][vc_column width=&#8220;1\/2&#8243; offset=&#8220;vc_hidden-md vc_hidden-sm vc_hidden-xs&#8220;][\/vc_column][vc_column width=&#8220;1\/2&#8243; offset=&#8220;vc_hidden-md vc_hidden-sm vc_hidden-xs&#8220;][\/vc_column][\/vc_row][vc_row content_placement=&#8220;middle&#8220;][vc_column]\r\n    <div class=\"section_title\" style=\"text-align: center; margin: 50px auto 0px; padding: 0;\">\r\n        <h2 style=\"font-size:34px; color: #0066bf; font-weight: 800;\"> EIN SPAZIERGANG UM DAS UNTERNEHMEN <\/h2>\r\n         <div class=\"br\" style=\"margin: 0 auto;\"><\/div>             <\/div>\r\n\r\n    [vc_raw_html css=&#8220;.vc_custom_1610450779859{margin-top: 20px !important;}&#8220;]JTVCbWV0YV9nYWxsZXJ5X2Nhcm91c2VsJTIwaWQlM0QlMjI3OTMlMjIlNUQ=[\/vc_raw_html][\/vc_column][\/vc_row][vc_row][vc_column]\r\n    <div class=\"section_title\" style=\"text-align: center; margin: 50px auto 50px; padding: 0;\">\r\n        <h2 style=\"font-size:34px; color: #0066bf; font-weight: 800;\"> Galerie <\/h2>\r\n         <div class=\"br\" style=\"margin: 0 auto;\"><\/div>             <\/div>\r\n\r\n    [vc_masonry_media_grid style=&#8220;load-more&#8220; items_per_page=&#8220;8&#8243; element_width=&#8220;3&#8243; btn_title=&#8220;Siehe mehr&#8220; grid_id=&#8220;vc_gid:1756829379858-edcf0d51-7486-4&#8243; include=&#8220;783,777,765,763,758,759,760,761,762,717,720,721,722,723,704,705,701,699,706,724&#8243;][\/vc_column][\/vc_row]<\/p>","protected":false},"excerpt":{"rendered":"<p>[vc_row css=&#8220;.vc_custom_1610444886259{padding-top: 80px !important;}&#8220;][vc_column css=&#8220;.vc_custom_1539264137946{padding-right: 30px !important;}&#8220;][vc_single_image image=&#8220;3283&#8243; img_size=&#8220;full&#8220; css_animation=&#8220;none&#8220; css=&#8220;.vc_custom_1702638508750{padding-top: 30px !important;padding-right: 40px !important;padding-left: 15px !important;}&#8220;][vc_column_text css=&#8220;.vc_custom_1702636929594{margin-top: 40px !important;}&#8220;]Wenn Sie zuverl\u00e4ssige und effektive Reinigungsl\u00f6sungen f\u00fcr verschiedene Branchen suchen, sind Sie bei uns genau richtig! Marwis ist ein Unternehmen, das seit Jahren f\u00fchrend in der Herstellung hochwertiger Waschger\u00e4te ist. Seine zuverl\u00e4ssigen und innovativen Produkte werden [&hellip;]<\/p>\n","protected":false},"author":3,"featured_media":4876,"parent":0,"menu_order":0,"comment_status":"closed","ping_status":"closed","template":"","meta":[],"_links":{"self":[{"href":"https:\/\/marwis.pl\/de\/wp-json\/wp\/v2\/pages\/894"}],"collection":[{"href":"https:\/\/marwis.pl\/de\/wp-json\/wp\/v2\/pages"}],"about":[{"href":"https:\/\/marwis.pl\/de\/wp-json\/wp\/v2\/types\/page"}],"author":[{"embeddable":true,"href":"https:\/\/marwis.pl\/de\/wp-json\/wp\/v2\/users\/3"}],"replies":[{"embeddable":true,"href":"https:\/\/marwis.pl\/de\/wp-json\/wp\/v2\/comments?post=894"}],"version-history":[{"count":57,"href":"https:\/\/marwis.pl\/de\/wp-json\/wp\/v2\/pages\/894\/revisions"}],"predecessor-version":[{"id":6489,"href":"https:\/\/marwis.pl\/de\/wp-json\/wp\/v2\/pages\/894\/revisions\/6489"}],"wp:featuredmedia":[{"embeddable":true,"href":"https:\/\/marwis.pl\/de\/wp-json\/wp\/v2\/media\/4876"}],"wp:attachment":[{"href":"https:\/\/marwis.pl\/de\/wp-json\/wp\/v2\/media?parent=894"}],"curies":[{"name":"wp","href":"https:\/\/api.w.org\/{rel}","templated":true}]}}