{"id":904,"date":"2021-02-04T13:00:40","date_gmt":"2021-02-04T12:00:40","guid":{"rendered":"http:\/\/marwis.zoom.usermd.net\/?page_id=904"},"modified":"2022-05-09T09:21:49","modified_gmt":"2022-05-09T07:21:49","slug":"sponsoring","status":"publish","type":"page","link":"https:\/\/marwis.pl\/de\/sponsoring\/","title":{"rendered":"Sponsoring"},"content":{"rendered":"<p>[\/vc_column_text][\/vc_column][\/vc_row][vc_row css=&#8220;.vc_custom_1610444886259{padding-top: 80px !important;}&#8220;][vc_column width=&#8220;6\/12&#8243; css=&#8220;.vc_custom_1539264137946{padding-right: 30px !important;}&#8220;][vc_single_image image=&#8220;777&#8243; img_size=&#8220;full&#8220; css_animation=&#8220;none&#8220; css=&#8220;.vc_custom_1613044054810{padding-top: 30px !important;padding-right: 40px !important;padding-left: 15px !important;}&#8220;][\/vc_column][vc_column width=&#8220;6\/12&#8243; css=&#8220;.vc_custom_1539264149729{padding-left: 30px !important;}&#8220;]\r\n    <div class=\"section_title\" style=\"text-align: left; margin: 0px auto 0px; padding: 0;\">\r\n        <h2 style=\"font-size:34px; color: #0066bf; font-weight: 800;\"> \u00dcber uns <\/h2>\r\n         <div class=\"br\" style=\"\"><\/div>             <\/div>\r\n\r\n    [vc_column_text css=&#8220;.vc_custom_1623841771934{margin-top: 40px !important;}&#8220;]Wir sind seit 20 Jahren auf dem Markt t\u00e4tig. Mit langj\u00e4hriger Erfahrung in der Branche sind wir eine bekannte und gesch\u00e4tzte Marke in Europa und ein f\u00fchrender Hersteller in Polen. Wir schaffen zuverl\u00e4ssige Reinigungs- und Waschger\u00e4te, die sich in vielen Industriebetrieben oder Werkst\u00e4tten bew\u00e4hrt und bew\u00e4hrt haben. Erg\u00e4nzt wird das umfassende Angebot durch Chemikalien.[\/vc_column_text][\/vc_column][\/vc_row][vc_row rtl_reverse=&#8220;yes&#8220; css=&#8220;.vc_custom_1610445191668{padding-bottom: 50px !important;}&#8220;][vc_column width=&#8220;1\/2&#8243; offset=&#8220;vc_hidden-md vc_hidden-sm vc_hidden-xs&#8220;]\r\n    <div class=\"section_title\" style=\"text-align: left; margin: 50px auto 0px; padding: 0;\">\r\n        <h2 style=\"font-size:34px; color: #0066bf; font-weight: 800;\"> Warum Marwis? <\/h2>\r\n         <div class=\"br\" style=\"\"><\/div>             <\/div>\r\n\r\n    [vc_column_text css=&#8220;.vc_custom_1623841808614{margin-top: 40px !important;}&#8220;]Wir bieten neueste Technologie, Herstellerservice, Qualit\u00e4tsgarantie &#8211; dank des Teams von Spezialisten. Am wichtigsten sind die Menschen und die Kundenzufriedenheit, daher gehen wir jeden Auftrag individuell an. Bei Marwis k\u00f6nnen Sie sich auf professionelle Beratung verlassen. Wir verf\u00fcgen \u00fcber eine moderne Produktionshalle und ein eigenes Innovationszentrum. Wir freuen uns mit dir zu arbeiten![\/vc_column_text][\/vc_column][vc_column width=&#8220;1\/2&#8243; offset=&#8220;vc_hidden-md vc_hidden-sm vc_hidden-xs&#8220;][vc_single_image image=&#8220;752&#8243; img_size=&#8220;500&#215;650&#8243; alignment=&#8220;right&#8220; css_animation=&#8220;none&#8220; css=&#8220;.vc_custom_1612439450444{margin-right: -60px !important;}&#8220;][\/vc_column][\/vc_row][vc_row rtl_reverse=&#8220;yes&#8220;][vc_column width=&#8220;1\/2&#8243; offset=&#8220;vc_hidden-lg&#8220;][vc_single_image image=&#8220;752&#8243; img_size=&#8220;500&#215;650&#8243; alignment=&#8220;right&#8220; css_animation=&#8220;none&#8220; css=&#8220;.vc_custom_1612439459747{margin-right: 0px !important;}&#8220;][\/vc_column][vc_column width=&#8220;1\/2&#8243; offset=&#8220;vc_hidden-lg&#8220;]\r\n    <div class=\"section_title\" style=\"text-align: left; margin: 50px auto 0px; padding: 0;\">\r\n        <h2 style=\"font-size:34px; color: #0066bf; font-weight: 800;\"> Dlaczego Marwis? <\/h2>\r\n         <div class=\"br\" style=\"\"><\/div>             <\/div>\r\n\r\n    [vc_column_text css=&#8220;.vc_custom_1610552449345{margin-top: 20px !important;}&#8220;]Zapewniamy najnowsz\u0105 technologi\u0119, serwis producenta, gwarancj\u0119 jako\u015bci &#8211; dzi\u0119ki kadrze specjalist\u00f3w. Najwa\u017cniejsi s\u0105 ludzie i zadowolenie Klient\u00f3w, dlatego do ka\u017cdego zlecenia podchodzimy indywidualnie. W Marwis mo\u017cesz liczy\u0107 na fachowe doradztwo. Dysponujemy nowoczesn\u0105 hal\u0105 produkcyjn\u0105 i w\u0142asnym centrum innowacji. Zapraszamy do wsp\u00f3\u0142pracy![\/vc_column_text][\/vc_column][\/vc_row][vc_row][vc_column width=&#8220;6\/12&#8243; css=&#8220;.vc_custom_1539264137946{padding-right: 30px !important;}&#8220;][vc_single_image image=&#8220;777&#8243; img_size=&#8220;full&#8220; css_animation=&#8220;none&#8220; css=&#8220;.vc_custom_1613044062717{padding-top: 30px !important;padding-right: 40px !important;padding-left: 15px !important;}&#8220;][\/vc_column][vc_column width=&#8220;6\/12&#8243; css=&#8220;.vc_custom_1539264149729{padding-left: 30px !important;}&#8220;]\r\n    <div class=\"section_title\" style=\"text-align: left; margin: 0px auto 0px; padding: 0;\">\r\n        <h2 style=\"font-size:34px; color: #0066bf; font-weight: 800;\"> O nas <\/h2>\r\n         <div class=\"br\" style=\"\"><\/div>             <\/div>\r\n\r\n    [vc_column_text css=&#8220;.vc_custom_1610552462301{margin-top: 40px !important;}&#8220;]Dzia\u0142amy na rynku od 20 lat. Maj\u0105c d\u0142ugoletnie do\u015bwiadczenie w bran\u017cy jeste\u015bmy znan\u0105, docenian\u0105 mark\u0105 w Europie i wiod\u0105cym producentem w Polsce. Tworzymy niezawodne urz\u0105dzenia czyszcz\u0105co-myj\u0105ce, kt\u00f3re znalaz\u0142y zastosowanie i doskonale sprawdzi\u0142y si\u0119 w niejednym zak\u0142adzie przemys\u0142owym czy warsztacie. Kompleksow\u0105 ofert\u0119 uzupe\u0142niaj\u0105 \u015brodki chemiczne.[\/vc_column_text][\/vc_column][\/vc_row][vc_row][vc_column]\r\n    <div class=\"section_title\" style=\"text-align: center; margin: 50px auto 50px; padding: 0;\">\r\n        <h2 style=\"font-size:34px; color: #0066bf; font-weight: 800;\"> Galerie <\/h2>\r\n         <div class=\"br\" style=\"margin: 0 auto;\"><\/div>             <\/div>\r\n\r\n    [vc_masonry_media_grid style=&#8220;load-more&#8220; items_per_page=&#8220;8&#8243; element_width=&#8220;3&#8243; btn_title=&#8220;Zobacz wi\u0119cej&#8220; grid_id=&#8220;vc_gid:1651677173385-10a3a9fe-49b7-0&#8243; include=&#8220;783,777,765,763,758,759,760,761,762,717,720,721,722,723,704,705,701,699,706,724&#8243;][\/vc_column][\/vc_row][vc_row][vc_column][vc_column_text][\/vc_column_text][\/vc_column][\/vc_row][vc_row css=&#8220;.vc_custom_1610444886259{padding-top: 80px !important;}&#8220;][vc_column width=&#8220;6\/12&#8243; css=&#8220;.vc_custom_1539264137946{padding-right: 30px !important;}&#8220;][vc_single_image image=&#8220;777&#8243; img_size=&#8220;full&#8220; css_animation=&#8220;none&#8220; css=&#8220;.vc_custom_1613044054810{padding-top: 30px !important;padding-right: 40px !important;padding-left: 15px !important;}&#8220;][\/vc_column][vc_column width=&#8220;6\/12&#8243; css=&#8220;.vc_custom_1539264149729{padding-left: 30px !important;}&#8220;]\r\n    <div class=\"section_title\" style=\"text-align: left; margin: 0px auto 0px; padding: 0;\">\r\n        <h2 style=\"font-size:34px; color: #0066bf; font-weight: 800;\"> \u00dcber uns <\/h2>\r\n         <div class=\"br\" style=\"\"><\/div>             <\/div>\r\n\r\n    [vc_column_text css=&#8220;.vc_custom_1623841771934{margin-top: 40px !important;}&#8220;]Wir sind seit 20 Jahren auf dem Markt t\u00e4tig. Mit langj\u00e4hriger Erfahrung in der Branche sind wir eine bekannte und gesch\u00e4tzte Marke in Europa und ein f\u00fchrender Hersteller in Polen. Wir schaffen zuverl\u00e4ssige Reinigungs- und Waschger\u00e4te, die sich in vielen Industriebetrieben oder Werkst\u00e4tten bew\u00e4hrt und bew\u00e4hrt haben. Erg\u00e4nzt wird das umfassende Angebot durch Chemikalien.[\/vc_column_text][\/vc_column][\/vc_row][vc_row rtl_reverse=&#8220;yes&#8220; css=&#8220;.vc_custom_1610445191668{padding-bottom: 50px !important;}&#8220;][vc_column width=&#8220;1\/2&#8243; offset=&#8220;vc_hidden-md vc_hidden-sm vc_hidden-xs&#8220;]\r\n    <div class=\"section_title\" style=\"text-align: left; margin: 50px auto 0px; padding: 0;\">\r\n        <h2 style=\"font-size:34px; color: #0066bf; font-weight: 800;\"> Warum Marwis? <\/h2>\r\n         <div class=\"br\" style=\"\"><\/div>             <\/div>\r\n\r\n    [vc_column_text css=&#8220;.vc_custom_1623841808614{margin-top: 40px !important;}&#8220;]Wir bieten neueste Technologie, Herstellerservice, Qualit\u00e4tsgarantie &#8211; dank des Teams von Spezialisten. Am wichtigsten sind die Menschen und die Kundenzufriedenheit, daher gehen wir jeden Auftrag individuell an. Bei Marwis k\u00f6nnen Sie sich auf professionelle Beratung verlassen. Wir verf\u00fcgen \u00fcber eine moderne Produktionshalle und ein eigenes Innovationszentrum. Wir freuen uns mit dir zu arbeiten![\/vc_column_text][\/vc_column][vc_column width=&#8220;1\/2&#8243; offset=&#8220;vc_hidden-md vc_hidden-sm vc_hidden-xs&#8220;][vc_single_image image=&#8220;752&#8243; img_size=&#8220;500&#215;650&#8243; alignment=&#8220;right&#8220; css_animation=&#8220;none&#8220; css=&#8220;.vc_custom_1612439450444{margin-right: -60px !important;}&#8220;][\/vc_column][\/vc_row][vc_row rtl_reverse=&#8220;yes&#8220;][vc_column width=&#8220;1\/2&#8243; offset=&#8220;vc_hidden-lg&#8220;][vc_single_image image=&#8220;752&#8243; img_size=&#8220;500&#215;650&#8243; alignment=&#8220;right&#8220; css_animation=&#8220;none&#8220; css=&#8220;.vc_custom_1612439459747{margin-right: 0px !important;}&#8220;][\/vc_column][vc_column width=&#8220;1\/2&#8243; offset=&#8220;vc_hidden-lg&#8220;]\r\n    <div class=\"section_title\" style=\"text-align: left; margin: 50px auto 0px; padding: 0;\">\r\n        <h2 style=\"font-size:34px; color: #0066bf; font-weight: 800;\"> Dlaczego Marwis? <\/h2>\r\n         <div class=\"br\" style=\"\"><\/div>             <\/div>\r\n\r\n    [vc_column_text css=&#8220;.vc_custom_1610552449345{margin-top: 20px !important;}&#8220;]Zapewniamy najnowsz\u0105 technologi\u0119, serwis producenta, gwarancj\u0119 jako\u015bci &#8211; dzi\u0119ki kadrze specjalist\u00f3w. Najwa\u017cniejsi s\u0105 ludzie i zadowolenie Klient\u00f3w, dlatego do ka\u017cdego zlecenia podchodzimy indywidualnie. W Marwis mo\u017cesz liczy\u0107 na fachowe doradztwo. Dysponujemy nowoczesn\u0105 hal\u0105 produkcyjn\u0105 i w\u0142asnym centrum innowacji. Zapraszamy do wsp\u00f3\u0142pracy![\/vc_column_text][\/vc_column][\/vc_row][vc_row][vc_column width=&#8220;6\/12&#8243; css=&#8220;.vc_custom_1539264137946{padding-right: 30px !important;}&#8220;][vc_single_image image=&#8220;777&#8243; img_size=&#8220;full&#8220; css_animation=&#8220;none&#8220; css=&#8220;.vc_custom_1613044062717{padding-top: 30px !important;padding-right: 40px !important;padding-left: 15px !important;}&#8220;][\/vc_column][vc_column width=&#8220;6\/12&#8243; css=&#8220;.vc_custom_1539264149729{padding-left: 30px !important;}&#8220;]\r\n    <div class=\"section_title\" style=\"text-align: left; margin: 0px auto 0px; padding: 0;\">\r\n        <h2 style=\"font-size:34px; color: #0066bf; font-weight: 800;\"> O nas <\/h2>\r\n         <div class=\"br\" style=\"\"><\/div>             <\/div>\r\n\r\n    [vc_column_text css=&#8220;.vc_custom_1610552462301{margin-top: 40px !important;}&#8220;]Dzia\u0142amy na rynku od 20 lat. Maj\u0105c d\u0142ugoletnie do\u015bwiadczenie w bran\u017cy jeste\u015bmy znan\u0105, docenian\u0105 mark\u0105 w Europie i wiod\u0105cym producentem w Polsce. Tworzymy niezawodne urz\u0105dzenia czyszcz\u0105co-myj\u0105ce, kt\u00f3re znalaz\u0142y zastosowanie i doskonale sprawdzi\u0142y si\u0119 w niejednym zak\u0142adzie przemys\u0142owym czy warsztacie. Kompleksow\u0105 ofert\u0119 uzupe\u0142niaj\u0105 \u015brodki chemiczne.[\/vc_column_text][\/vc_column][\/vc_row][vc_row][vc_column]\r\n    <div class=\"section_title\" style=\"text-align: center; margin: 50px auto 50px; padding: 0;\">\r\n        <h2 style=\"font-size:34px; color: #0066bf; font-weight: 800;\"> Galerie <\/h2>\r\n         <div class=\"br\" style=\"margin: 0 auto;\"><\/div>             <\/div>\r\n\r\n    [vc_masonry_media_grid style=&#8220;load-more&#8220; items_per_page=&#8220;8&#8243; element_width=&#8220;3&#8243; btn_title=&#8220;Zobacz wi\u0119cej&#8220; grid_id=&#8220;vc_gid:1651677173389-1ffba9c2-8773-1&#8243; include=&#8220;783,777,765,763,758,759,760,761,762,717,720,721,722,723,704,705,701,699,706,724&#8243;][\/vc_column][\/vc_row][vc_row][vc_column][vc_column_text][\/vc_column_text][\/vc_column][\/vc_row][\/vc_column_text][\/vc_column][\/vc_row][vc_row css=&#8220;.vc_custom_1610444886259{padding-top: 80px !important;}&#8220;][vc_column width=&#8220;6\/12&#8243; css=&#8220;.vc_custom_1539264137946{padding-right: 30px !important;}&#8220;][vc_single_image image=&#8220;777&#8243; img_size=&#8220;full&#8220; css_animation=&#8220;none&#8220; css=&#8220;.vc_custom_1613044054810{padding-top: 30px !important;padding-right: 40px !important;padding-left: 15px !important;}&#8220;][\/vc_column][vc_column width=&#8220;6\/12&#8243; css=&#8220;.vc_custom_1539264149729{padding-left: 30px !important;}&#8220;]\r\n    <div class=\"section_title\" style=\"text-align: left; margin: 0px auto 0px; padding: 0;\">\r\n        <h2 style=\"font-size:34px; color: #0066bf; font-weight: 800;\"> \u00dcber uns <\/h2>\r\n         <div class=\"br\" style=\"\"><\/div>             <\/div>\r\n\r\n    [vc_column_text css=&#8220;.vc_custom_1623841771934{margin-top: 40px !important;}&#8220;]Wir sind seit 20 Jahren auf dem Markt t\u00e4tig. Mit langj\u00e4hriger Erfahrung in der Branche sind wir eine bekannte und gesch\u00e4tzte Marke in Europa und ein f\u00fchrender Hersteller in Polen. Wir schaffen zuverl\u00e4ssige Reinigungs- und Waschger\u00e4te, die sich in vielen Industriebetrieben oder Werkst\u00e4tten bew\u00e4hrt und bew\u00e4hrt haben. Erg\u00e4nzt wird das umfassende Angebot durch Chemikalien.[\/vc_column_text][\/vc_column][\/vc_row][vc_row rtl_reverse=&#8220;yes&#8220; css=&#8220;.vc_custom_1610445191668{padding-bottom: 50px !important;}&#8220;][vc_column width=&#8220;1\/2&#8243; offset=&#8220;vc_hidden-md vc_hidden-sm vc_hidden-xs&#8220;]\r\n    <div class=\"section_title\" style=\"text-align: left; margin: 50px auto 0px; padding: 0;\">\r\n        <h2 style=\"font-size:34px; color: #0066bf; font-weight: 800;\"> Warum Marwis? <\/h2>\r\n         <div class=\"br\" style=\"\"><\/div>             <\/div>\r\n\r\n    [vc_column_text css=&#8220;.vc_custom_1623841808614{margin-top: 40px !important;}&#8220;]Wir bieten neueste Technologie, Herstellerservice, Qualit\u00e4tsgarantie &#8211; dank des Teams von Spezialisten. Am wichtigsten sind die Menschen und die Kundenzufriedenheit, daher gehen wir jeden Auftrag individuell an. Bei Marwis k\u00f6nnen Sie sich auf professionelle Beratung verlassen. Wir verf\u00fcgen \u00fcber eine moderne Produktionshalle und ein eigenes Innovationszentrum. Wir freuen uns mit dir zu arbeiten![\/vc_column_text][\/vc_column][vc_column width=&#8220;1\/2&#8243; offset=&#8220;vc_hidden-md vc_hidden-sm vc_hidden-xs&#8220;][vc_single_image image=&#8220;752&#8243; img_size=&#8220;500&#215;650&#8243; alignment=&#8220;right&#8220; css_animation=&#8220;none&#8220; css=&#8220;.vc_custom_1612439450444{margin-right: -60px !important;}&#8220;][\/vc_column][\/vc_row][vc_row rtl_reverse=&#8220;yes&#8220;][vc_column width=&#8220;1\/2&#8243; offset=&#8220;vc_hidden-lg&#8220;][vc_single_image image=&#8220;752&#8243; img_size=&#8220;500&#215;650&#8243; alignment=&#8220;right&#8220; css_animation=&#8220;none&#8220; css=&#8220;.vc_custom_1612439459747{margin-right: 0px !important;}&#8220;][\/vc_column][vc_column width=&#8220;1\/2&#8243; offset=&#8220;vc_hidden-lg&#8220;]\r\n    <div class=\"section_title\" style=\"text-align: left; margin: 50px auto 0px; padding: 0;\">\r\n        <h2 style=\"font-size:34px; color: #0066bf; font-weight: 800;\"> Dlaczego Marwis? <\/h2>\r\n         <div class=\"br\" style=\"\"><\/div>             <\/div>\r\n\r\n    [vc_column_text css=&#8220;.vc_custom_1610552449345{margin-top: 20px !important;}&#8220;]Zapewniamy najnowsz\u0105 technologi\u0119, serwis producenta, gwarancj\u0119 jako\u015bci &#8211; dzi\u0119ki kadrze specjalist\u00f3w. Najwa\u017cniejsi s\u0105 ludzie i zadowolenie Klient\u00f3w, dlatego do ka\u017cdego zlecenia podchodzimy indywidualnie. W Marwis mo\u017cesz liczy\u0107 na fachowe doradztwo. Dysponujemy nowoczesn\u0105 hal\u0105 produkcyjn\u0105 i w\u0142asnym centrum innowacji. Zapraszamy do wsp\u00f3\u0142pracy![\/vc_column_text][\/vc_column][\/vc_row][vc_row][vc_column width=&#8220;6\/12&#8243; css=&#8220;.vc_custom_1539264137946{padding-right: 30px !important;}&#8220;][vc_single_image image=&#8220;777&#8243; img_size=&#8220;full&#8220; css_animation=&#8220;none&#8220; css=&#8220;.vc_custom_1613044062717{padding-top: 30px !important;padding-right: 40px !important;padding-left: 15px !important;}&#8220;][\/vc_column][vc_column width=&#8220;6\/12&#8243; css=&#8220;.vc_custom_1539264149729{padding-left: 30px !important;}&#8220;]\r\n    <div class=\"section_title\" style=\"text-align: left; margin: 0px auto 0px; padding: 0;\">\r\n        <h2 style=\"font-size:34px; color: #0066bf; font-weight: 800;\"> O nas <\/h2>\r\n         <div class=\"br\" style=\"\"><\/div>             <\/div>\r\n\r\n    [vc_column_text css=&#8220;.vc_custom_1610552462301{margin-top: 40px !important;}&#8220;]Dzia\u0142amy na rynku od 20 lat. Maj\u0105c d\u0142ugoletnie do\u015bwiadczenie w bran\u017cy jeste\u015bmy znan\u0105, docenian\u0105 mark\u0105 w Europie i wiod\u0105cym producentem w Polsce. Tworzymy niezawodne urz\u0105dzenia czyszcz\u0105co-myj\u0105ce, kt\u00f3re znalaz\u0142y zastosowanie i doskonale sprawdzi\u0142y si\u0119 w niejednym zak\u0142adzie przemys\u0142owym czy warsztacie. Kompleksow\u0105 ofert\u0119 uzupe\u0142niaj\u0105 \u015brodki chemiczne.[\/vc_column_text][\/vc_column][\/vc_row][vc_row][vc_column]\r\n    <div class=\"section_title\" style=\"text-align: center; margin: 50px auto 50px; padding: 0;\">\r\n        <h2 style=\"font-size:34px; color: #0066bf; font-weight: 800;\"> Galerie <\/h2>\r\n         <div class=\"br\" style=\"margin: 0 auto;\"><\/div>             <\/div>\r\n\r\n    [vc_masonry_media_grid style=&#8220;load-more&#8220; items_per_page=&#8220;8&#8243; element_width=&#8220;3&#8243; btn_title=&#8220;Zobacz wi\u0119cej&#8220; grid_id=&#8220;vc_gid:1651676678461-df9790a7-fbfa-3&#8243; include=&#8220;783,777,765,763,758,759,760,761,762,717,720,721,722,723,704,705,701,699,706,724&#8243;][\/vc_column][\/vc_row][vc_row][vc_column][vc_column_text][\/vc_column_text][\/vc_column][\/vc_row][vc_row css=&#8220;.vc_custom_1610444886259{padding-top: 80px !important;}&#8220;][vc_column width=&#8220;6\/12&#8243; css=&#8220;.vc_custom_1539264137946{padding-right: 30px !important;}&#8220;][vc_single_image image=&#8220;777&#8243; img_size=&#8220;full&#8220; css_animation=&#8220;none&#8220; css=&#8220;.vc_custom_1613044054810{padding-top: 30px !important;padding-right: 40px !important;padding-left: 15px !important;}&#8220;][\/vc_column][vc_column width=&#8220;6\/12&#8243; css=&#8220;.vc_custom_1539264149729{padding-left: 30px !important;}&#8220;]\r\n    <div class=\"section_title\" style=\"text-align: left; margin: 0px auto 0px; padding: 0;\">\r\n        <h2 style=\"font-size:34px; color: #0066bf; font-weight: 800;\"> \u00dcber uns <\/h2>\r\n         <div class=\"br\" style=\"\"><\/div>             <\/div>\r\n\r\n    [vc_column_text css=&#8220;.vc_custom_1623841771934{margin-top: 40px !important;}&#8220;]Wir sind seit 20 Jahren auf dem Markt t\u00e4tig. Mit langj\u00e4hriger Erfahrung in der Branche sind wir eine bekannte und gesch\u00e4tzte Marke in Europa und ein f\u00fchrender Hersteller in Polen. Wir schaffen zuverl\u00e4ssige Reinigungs- und Waschger\u00e4te, die sich in vielen Industriebetrieben oder Werkst\u00e4tten bew\u00e4hrt und bew\u00e4hrt haben. Erg\u00e4nzt wird das umfassende Angebot durch Chemikalien.[\/vc_column_text][\/vc_column][\/vc_row][vc_row rtl_reverse=&#8220;yes&#8220; css=&#8220;.vc_custom_1610445191668{padding-bottom: 50px !important;}&#8220;][vc_column width=&#8220;1\/2&#8243; offset=&#8220;vc_hidden-md vc_hidden-sm vc_hidden-xs&#8220;]\r\n    <div class=\"section_title\" style=\"text-align: left; margin: 50px auto 0px; padding: 0;\">\r\n        <h2 style=\"font-size:34px; color: #0066bf; font-weight: 800;\"> Warum Marwis? <\/h2>\r\n         <div class=\"br\" style=\"\"><\/div>             <\/div>\r\n\r\n    [vc_column_text css=&#8220;.vc_custom_1623841808614{margin-top: 40px !important;}&#8220;]Wir bieten neueste Technologie, Herstellerservice, Qualit\u00e4tsgarantie &#8211; dank des Teams von Spezialisten. Am wichtigsten sind die Menschen und die Kundenzufriedenheit, daher gehen wir jeden Auftrag individuell an. Bei Marwis k\u00f6nnen Sie sich auf professionelle Beratung verlassen. Wir verf\u00fcgen \u00fcber eine moderne Produktionshalle und ein eigenes Innovationszentrum. Wir freuen uns mit dir zu arbeiten![\/vc_column_text][\/vc_column][vc_column width=&#8220;1\/2&#8243; offset=&#8220;vc_hidden-md vc_hidden-sm vc_hidden-xs&#8220;][vc_single_image image=&#8220;752&#8243; img_size=&#8220;500&#215;650&#8243; alignment=&#8220;right&#8220; css_animation=&#8220;none&#8220; css=&#8220;.vc_custom_1612439450444{margin-right: -60px !important;}&#8220;][\/vc_column][\/vc_row][vc_row rtl_reverse=&#8220;yes&#8220;][vc_column width=&#8220;1\/2&#8243; offset=&#8220;vc_hidden-lg&#8220;][vc_single_image image=&#8220;752&#8243; img_size=&#8220;500&#215;650&#8243; alignment=&#8220;right&#8220; css_animation=&#8220;none&#8220; css=&#8220;.vc_custom_1612439459747{margin-right: 0px !important;}&#8220;][\/vc_column][vc_column width=&#8220;1\/2&#8243; offset=&#8220;vc_hidden-lg&#8220;]\r\n    <div class=\"section_title\" style=\"text-align: left; margin: 50px auto 0px; padding: 0;\">\r\n        <h2 style=\"font-size:34px; color: #0066bf; font-weight: 800;\"> Dlaczego Marwis? <\/h2>\r\n         <div class=\"br\" style=\"\"><\/div>             <\/div>\r\n\r\n    [vc_column_text css=&#8220;.vc_custom_1610552449345{margin-top: 20px !important;}&#8220;]Zapewniamy najnowsz\u0105 technologi\u0119, serwis producenta, gwarancj\u0119 jako\u015bci &#8211; dzi\u0119ki kadrze specjalist\u00f3w. Najwa\u017cniejsi s\u0105 ludzie i zadowolenie Klient\u00f3w, dlatego do ka\u017cdego zlecenia podchodzimy indywidualnie. W Marwis mo\u017cesz liczy\u0107 na fachowe doradztwo. Dysponujemy nowoczesn\u0105 hal\u0105 produkcyjn\u0105 i w\u0142asnym centrum innowacji. Zapraszamy do wsp\u00f3\u0142pracy![\/vc_column_text][\/vc_column][\/vc_row][vc_row][vc_column width=&#8220;6\/12&#8243; css=&#8220;.vc_custom_1539264137946{padding-right: 30px !important;}&#8220;][vc_single_image image=&#8220;777&#8243; img_size=&#8220;full&#8220; css_animation=&#8220;none&#8220; css=&#8220;.vc_custom_1613044062717{padding-top: 30px !important;padding-right: 40px !important;padding-left: 15px !important;}&#8220;][\/vc_column][vc_column width=&#8220;6\/12&#8243; css=&#8220;.vc_custom_1539264149729{padding-left: 30px !important;}&#8220;]\r\n    <div class=\"section_title\" style=\"text-align: left; margin: 0px auto 0px; padding: 0;\">\r\n        <h2 style=\"font-size:34px; color: #0066bf; font-weight: 800;\"> O nas <\/h2>\r\n         <div class=\"br\" style=\"\"><\/div>             <\/div>\r\n\r\n    [vc_column_text css=&#8220;.vc_custom_1610552462301{margin-top: 40px !important;}&#8220;]Dzia\u0142amy na rynku od 20 lat. Maj\u0105c d\u0142ugoletnie do\u015bwiadczenie w bran\u017cy jeste\u015bmy znan\u0105, docenian\u0105 mark\u0105 w Europie i wiod\u0105cym producentem w Polsce. Tworzymy niezawodne urz\u0105dzenia czyszcz\u0105co-myj\u0105ce, kt\u00f3re znalaz\u0142y zastosowanie i doskonale sprawdzi\u0142y si\u0119 w niejednym zak\u0142adzie przemys\u0142owym czy warsztacie. Kompleksow\u0105 ofert\u0119 uzupe\u0142niaj\u0105 \u015brodki chemiczne.[\/vc_column_text][\/vc_column][\/vc_row][vc_row][vc_column]\r\n    <div class=\"section_title\" style=\"text-align: center; margin: 50px auto 50px; padding: 0;\">\r\n        <h2 style=\"font-size:34px; color: #0066bf; font-weight: 800;\"> Galerie <\/h2>\r\n         <div class=\"br\" style=\"margin: 0 auto;\"><\/div>             <\/div>\r\n\r\n    [vc_masonry_media_grid style=&#8220;load-more&#8220; items_per_page=&#8220;8&#8243; element_width=&#8220;3&#8243; btn_title=&#8220;Zobacz wi\u0119cej&#8220; grid_id=&#8220;vc_gid:1623841758621-3f962b5c-6dd0-10&#8243; include=&#8220;783,777,765,763,758,759,760,761,762,717,720,721,722,723,704,705,701,699,706,724&#8243;][\/vc_column][\/vc_row]<\/p>","protected":false},"excerpt":{"rendered":"<p>[\/vc_column_text][\/vc_column][\/vc_row][vc_row css=&#8220;.vc_custom_1610444886259{padding-top: 80px !important;}&#8220;][vc_column width=&#8220;6\/12&#8243; css=&#8220;.vc_custom_1539264137946{padding-right: 30px !important;}&#8220;][vc_single_image image=&#8220;777&#8243; img_size=&#8220;full&#8220; css_animation=&#8220;none&#8220; css=&#8220;.vc_custom_1613044054810{padding-top: 30px !important;padding-right: 40px !important;padding-left: 15px !important;}&#8220;][\/vc_column][vc_column width=&#8220;6\/12&#8243; css=&#8220;.vc_custom_1539264149729{padding-left: 30px !important;}&#8220;][vc_column_text css=&#8220;.vc_custom_1623841771934{margin-top: 40px !important;}&#8220;]Wir sind seit 20 Jahren auf dem Markt t\u00e4tig. Mit langj\u00e4hriger Erfahrung in der Branche sind wir eine bekannte und gesch\u00e4tzte Marke in Europa und ein f\u00fchrender Hersteller in Polen. Wir [&hellip;]<\/p>\n","protected":false},"author":3,"featured_media":0,"parent":0,"menu_order":0,"comment_status":"closed","ping_status":"closed","template":"","meta":[],"_links":{"self":[{"href":"https:\/\/marwis.pl\/de\/wp-json\/wp\/v2\/pages\/904"}],"collection":[{"href":"https:\/\/marwis.pl\/de\/wp-json\/wp\/v2\/pages"}],"about":[{"href":"https:\/\/marwis.pl\/de\/wp-json\/wp\/v2\/types\/page"}],"author":[{"embeddable":true,"href":"https:\/\/marwis.pl\/de\/wp-json\/wp\/v2\/users\/3"}],"replies":[{"embeddable":true,"href":"https:\/\/marwis.pl\/de\/wp-json\/wp\/v2\/comments?post=904"}],"version-history":[{"count":14,"href":"https:\/\/marwis.pl\/de\/wp-json\/wp\/v2\/pages\/904\/revisions"}],"predecessor-version":[{"id":3492,"href":"https:\/\/marwis.pl\/de\/wp-json\/wp\/v2\/pages\/904\/revisions\/3492"}],"wp:attachment":[{"href":"https:\/\/marwis.pl\/de\/wp-json\/wp\/v2\/media?parent=904"}],"curies":[{"name":"wp","href":"https:\/\/api.w.org\/{rel}","templated":true}]}}