{"id":944,"date":"2021-02-16T11:14:09","date_gmt":"2021-02-16T10:14:09","guid":{"rendered":"http:\/\/marwis.zoom.usermd.net\/?page_id=944"},"modified":"2026-03-26T11:52:46","modified_gmt":"2026-03-26T10:52:46","slug":"mst-wan-500","status":"publish","type":"page","link":"https:\/\/marwis.pl\/de\/myjki-warsztatowo-manualne\/mst-wan-500\/","title":{"rendered":"MST WAN 500"},"content":{"rendered":"<p>[vc_row][vc_column][vc_raw_html]JTVCZmxleHlfYnJlYWRjcnVtYiU1RA==[\/vc_raw_html][\/vc_column][\/vc_row][vc_row][vc_column width=&#8220;1\/2&#8243;]<div id='gallery-2' class='fastgallery fg_style1  '> <div data-img=\"https:\/\/marwis.pl\/wp-content\/uploads\/2021\/07\/MST-WAN-500-2_-1024x1024.jpg\"> <\/div><div data-img=\"https:\/\/marwis.pl\/wp-content\/uploads\/2021\/06\/MST-WAN-500_-1024x1024.jpg\"> <\/div><div style=\"clear:both\"><\/div><\/div>[\/vc_column][vc_column width=&#8220;1\/2&#8243;]\r\n    <div class=\"section_title\" style=\"text-align: center; margin: 0px auto 75px; padding: 0;\">\r\n        <h2 style=\"font-size:34px; color: #0066bf; font-weight: 800;\"> MST WAN 500 <\/h2>\r\n         <div class=\"br\" style=\"margin: 0 auto;\"><\/div>             <\/div>\r\n\r\n    [vc_tta_accordion][vc_tta_section title=&#8220;ANWENDUNG&#8220; tab_id=&#8220;1611050130932-cc5a4393-a8f3&#8243;][vc_column_text]Die manuelle Teilreinigungsanlage MST WAN 500 ist ein vielseitig einsetzbares Ger\u00e4t zur Reinigung mechanischer Bauteile per Hand \u2013 ideal f\u00fcr den Einsatz in Kfz-Werkst\u00e4tten und industriellen Instandhaltungsbereichen. Sie eignet sich hervorragend zur Entfernung von \u00f6ligen Verschmutzungen, Fetten und anderen R\u00fcckst\u00e4nden auf Fahrzeugteilen und Werkzeugen. Das station\u00e4re Modell MST WAN 500 arbeitet mit einem geschlossenen Kreislaufsystem f\u00fcr die Reinigungsfl\u00fcssigkeit. Die Reinigung erfolgt \u00fcber eine Durchflussb\u00fcrste, durch die das Reinigungsmittel Clean Professional gepumpt wird \u2013 ein Spezialreiniger mit stark entfettenden Eigenschaften gem\u00e4\u00df Sicherheitsdatenblatt.<\/p>\n<p>[\/vc_column_text][\/vc_tta_section][vc_tta_section title=&#8220;FUNKTIONSBESCHREIBUNG&#8220; tab_id=&#8220;1611050130945-8641945f-6d2e&#8220;][vc_column_text]Die zu reinigenden Teile werden auf eine perforierte Arbeitsfl\u00e4che gelegt, unter der sich eine Auffangwanne befindet. Die durch das Reinigungsmittel gel\u00f6sten Verunreinigungen flie\u00dfen durch Schwerkraft ab \u2013 schwerere R\u00fcckst\u00e4nde sammeln sich am Boden der Wanne, w\u00e4hrend leichtere \u00f6lhaltige Substanzen in das Filtersystem gelangen. Das Reinigungsmittel kehrt im geschlossenen Kreislauf zur\u00fcck und erm\u00f6glicht so einen effizienten und wirtschaftlichen Betrieb. Der Fl\u00fcssigkeitskreislauf wird durch eine Saug-Druck-Pumpe unterst\u00fctzt. Die Durchflussmenge durch die B\u00fcrste kann manuell \u00fcber ein Ventil reguliert werden.[\/vc_column_text][\/vc_tta_section][vc_tta_section title=&#8220;TECHNISCHE DATEN&#8220; tab_id=&#8220;1611052357239-a03ddaab-c372&#8243;][vc_column_text]Tragf\u00e4higkeit: 50 kg<br \/>\nDas Fassungsverm\u00f6gen der Badewanne f\u00fcr die Reinigungsfl\u00fcssigkeit: 20 l<br \/>\nArbeitsbereich: 490&#215;390 mm<br \/>\nArbeitsh\u00f6he: 780 mm<br \/>\nGesamth\u00f6he: 950 mm<br \/>\nBreite: 515 mm<br \/>\nTiefe: 415 mm<br \/>\nGewicht: 20kg<br \/>\nLeistung: 230V[\/vc_column_text][\/vc_tta_section][vc_tta_section title=&#8220;ZUS\u00c4TZLICHE OPTIONEN&#8220; tab_id=&#8220;1613470296053-aa81d0e5-e789&#8243;][vc_column_text]Segmentierter Schlauch<br \/>\nMobilit\u00e4t<br \/>\nFu\u00dfschalter<br \/>\nWeicher Pinsel[\/vc_column_text][\/vc_tta_section][\/vc_tta_accordion][vc_btn title=&#8220;PREIS&#8220; style=&#8220;flat&#8220; color=&#8220;primary&#8220; size=&#8220;lg&#8220; align=&#8220;center&#8220; link=&#8220;url:https%3A%2F%2Fmarwis24.pl%2Fpl%2Fmyjka-warsztatowa-mst-wan-500.html||target:%20_blank|&#8220;][vc_column_text]<\/p>\n<div style=\"text-align: center;\">Fordern Sie ein spezielles Angebot f\u00fcr Sie an.<\/div>\n<div style=\"text-align: center;\"><strong>Rufen Sie uns an!<\/strong><\/div>\n<div style=\"text-align: center;\"><strong>Mobil: +48 731 666 100<\/strong><\/div>\n<p>[\/vc_column_text][\/vc_column][\/vc_row]<\/p>","protected":false},"excerpt":{"rendered":"<p>[vc_row][vc_column][vc_raw_html]JTVCZmxleHlfYnJlYWRjcnVtYiU1RA==[\/vc_raw_html][\/vc_column][\/vc_row][vc_row][vc_column width=&#8220;1\/2&#8243;][\/vc_column][vc_column width=&#8220;1\/2&#8243;][vc_tta_accordion][vc_tta_section title=&#8220;ANWENDUNG&#8220; tab_id=&#8220;1611050130932-cc5a4393-a8f3&#8243;][vc_column_text]Die manuelle Teilreinigungsanlage MST WAN 500 ist ein vielseitig einsetzbares Ger\u00e4t zur Reinigung mechanischer Bauteile per Hand \u2013 ideal f\u00fcr den Einsatz in Kfz-Werkst\u00e4tten und industriellen Instandhaltungsbereichen. Sie eignet sich hervorragend zur Entfernung von \u00f6ligen Verschmutzungen, Fetten und anderen R\u00fcckst\u00e4nden auf Fahrzeugteilen und Werkzeugen. Das station\u00e4re Modell MST WAN 500 arbeitet [&hellip;]<\/p>\n","protected":false},"author":3,"featured_media":0,"parent":885,"menu_order":0,"comment_status":"closed","ping_status":"open","template":"","meta":[],"_links":{"self":[{"href":"https:\/\/marwis.pl\/de\/wp-json\/wp\/v2\/pages\/944"}],"collection":[{"href":"https:\/\/marwis.pl\/de\/wp-json\/wp\/v2\/pages"}],"about":[{"href":"https:\/\/marwis.pl\/de\/wp-json\/wp\/v2\/types\/page"}],"author":[{"embeddable":true,"href":"https:\/\/marwis.pl\/de\/wp-json\/wp\/v2\/users\/3"}],"replies":[{"embeddable":true,"href":"https:\/\/marwis.pl\/de\/wp-json\/wp\/v2\/comments?post=944"}],"version-history":[{"count":50,"href":"https:\/\/marwis.pl\/de\/wp-json\/wp\/v2\/pages\/944\/revisions"}],"predecessor-version":[{"id":6517,"href":"https:\/\/marwis.pl\/de\/wp-json\/wp\/v2\/pages\/944\/revisions\/6517"}],"up":[{"embeddable":true,"href":"https:\/\/marwis.pl\/de\/wp-json\/wp\/v2\/pages\/885"}],"wp:attachment":[{"href":"https:\/\/marwis.pl\/de\/wp-json\/wp\/v2\/media?parent=944"}],"curies":[{"name":"wp","href":"https:\/\/api.w.org\/{rel}","templated":true}]}}