{"id":948,"date":"2021-02-16T11:17:42","date_gmt":"2021-02-16T10:17:42","guid":{"rendered":"http:\/\/marwis.zoom.usermd.net\/?page_id=948"},"modified":"2026-01-22T12:06:37","modified_gmt":"2026-01-22T11:06:37","slug":"mst-2000-inox","status":"publish","type":"page","link":"https:\/\/marwis.pl\/de\/myjki-warsztatowo-manualne\/mst-2000-inox\/","title":{"rendered":"MST 2000 INOX"},"content":{"rendered":"<p>[vc_row][vc_column][vc_raw_html]JTVCZmxleHlfYnJlYWRjcnVtYiU1RA==[\/vc_raw_html][\/vc_column][\/vc_row][vc_row][vc_column width=&#8220;1\/2&#8243; el_class=&#8220;zoooom&#8220;]<div id='gallery-2' class='fastgallery fg_style4  animate-in' data-anim-type='zoom-in-up-big' data-anim-delay='10'> <div data-img=\"https:\/\/marwis.pl\/wp-content\/uploads\/2021\/07\/MST-2000-INOX_-1024x1024.jpg\"> <\/div><div data-img=\"https:\/\/marwis.pl\/wp-content\/uploads\/2022\/05\/MST-2000_INOX_1-1-1024x1024.jpg\"> <\/div><div style=\"clear:both\"><\/div><\/div>[\/vc_column][vc_column width=&#8220;1\/2&#8243;]\r\n    <div class=\"section_title\" style=\"text-align: center; margin: 0px auto 75px; padding: 0;\">\r\n        <h2 style=\"font-size:34px; color: #0066bf; font-weight: 800;\"> MST 2000 INOX <\/h2>\r\n         <div class=\"br\" style=\"margin: 0 auto;\"><\/div>             <\/div>\r\n\r\n    [vc_tta_accordion][vc_tta_section title=&#8220;ANWENDUNG&#8220; tab_id=&#8220;1611050130932-cc5a4393-a8f3&#8243;][vc_column_text]<\/p>\n<div class=\"tab\">\n<div id=\"tab-1\" class=\"tab-content\">\n<p>Handwaschmaschinen werden in Industrieanlagen, aber auch in Autowerkst\u00e4tten eingesetzt. In Fabriken werden sie am h\u00e4ufigsten zur Herstellung gr\u00f6\u00dferer Elemente verwendet, die beispielsweise mit Fett oder \u00d6len, die f\u00fcr die Produktion erforderlich sind, gereinigt werden m\u00fcssen, sowie zur Regeneration von Elementen.<\/p>\n<\/div>\n<\/div>\n<p>[\/vc_column_text][\/vc_tta_section][vc_tta_section title=&#8220;BESCHREIBUNG DER BEDIENUNG DES GER\u00c4TES&#8220; tab_id=&#8220;1611050130945-8641945f-6d2e&#8220;][vc_column_text]Die Funktionsweise der MST 2000 INOX-Waschmaschinen basiert auf der Entfernung von fettigen Verunreinigungen aus Produkten mit einer Str\u00f6mungsb\u00fcrste, die von der Waschfl\u00fcssigkeit durchstr\u00f6mt wird. Das Sp\u00fclgut wird auf eine perforierte Arbeitsplatte mit darunterliegender Tropfschale gelegt. Die durch die B\u00fcrste flie\u00dfende Fl\u00fcssigkeit l\u00f6st und w\u00e4scht fettige Verunreinigungen, die auf dem Waschgut liegen, weg. Am Boden des Fasses lagern sich schwerere Verbindungen ab und die Waschfl\u00fcssigkeit (als leichtere) kehrt in den Kreislauf zur\u00fcck. Der Fl\u00fcssigkeitsstrom durch die B\u00fcrste wird durch eine Saugpumpe erzwungen. Der Reinigungsfl\u00fcssigkeitskreislauf ist geschlossen.[\/vc_column_text][\/vc_tta_section][vc_tta_section title=&#8220;TECHNISCHE DATEN&#8220; tab_id=&#8220;1611052357239-a03ddaab-c372&#8243;][vc_column_text]Tragf\u00e4higkeit: 1000 kg<br \/>\nWannenkapazit\u00e4t: 60L, 200L<br \/>\nArbeitsbereich: 1980x990mm<br \/>\nArbeitsh\u00f6he: 800mm<br \/>\nGesamth\u00f6he: 1200mm<br \/>\nBreite: 2000mm<br \/>\nTiefe: 1000mm<br \/>\nGewicht: 170 kg<br \/>\nStromversorgung: 230V, 50Hz[\/vc_column_text][\/vc_tta_section][vc_tta_section title=&#8220;ZUS\u00c4TZLICHE OPTIONEN&#8220; tab_id=&#8220;1613470296053-aa81d0e5-e789&#8243;][vc_column_text]Startseite<br \/>\nSegmentierte Schl\u00e4uche<br \/>\nPneumatische Pumpe<br \/>\nFu\u00dfschalter<br \/>\nWeicher Pinsel[\/vc_column_text][\/vc_tta_section][\/vc_tta_accordion][vc_btn title=&#8220;SIECHE DEN PREIS&#8220; style=&#8220;flat&#8220; color=&#8220;primary&#8220; size=&#8220;lg&#8220; align=&#8220;center&#8220; link=&#8220;url:https%3A%2F%2Fmarwis24.pl%2Fpl%2Fmyjka-warsztatowa-mst-2000-pod-beczke-200-l.html||target:%20_blank|&#8220;][vc_column_text]<\/p>\n<p style=\"text-align: center;\">Fordern Sie ein spezielles Angebot f\u00fcr Sie an.<br \/>\n<strong>Ruf mich an!<\/strong><br \/>\n<strong>Telefon: 669 100 666.<\/strong><\/p>\n<p>[\/vc_column_text][\/vc_column][\/vc_row]<\/p>","protected":false},"excerpt":{"rendered":"<p>[vc_row][vc_column][vc_raw_html]JTVCZmxleHlfYnJlYWRjcnVtYiU1RA==[\/vc_raw_html][\/vc_column][\/vc_row][vc_row][vc_column width=&#8220;1\/2&#8243; el_class=&#8220;zoooom&#8220;][\/vc_column][vc_column width=&#8220;1\/2&#8243;][vc_tta_accordion][vc_tta_section title=&#8220;ANWENDUNG&#8220; tab_id=&#8220;1611050130932-cc5a4393-a8f3&#8243;][vc_column_text] Handwaschmaschinen werden in Industrieanlagen, aber auch in Autowerkst\u00e4tten eingesetzt. In Fabriken werden sie am h\u00e4ufigsten zur Herstellung gr\u00f6\u00dferer Elemente verwendet, die beispielsweise mit Fett oder \u00d6len, die f\u00fcr die Produktion erforderlich sind, gereinigt werden m\u00fcssen, sowie zur Regeneration von Elementen. [\/vc_column_text][\/vc_tta_section][vc_tta_section title=&#8220;BESCHREIBUNG DER BEDIENUNG DES GER\u00c4TES&#8220; tab_id=&#8220;1611050130945-8641945f-6d2e&#8220;][vc_column_text]Die Funktionsweise der [&hellip;]<\/p>\n","protected":false},"author":3,"featured_media":0,"parent":885,"menu_order":0,"comment_status":"closed","ping_status":"open","template":"","meta":[],"_links":{"self":[{"href":"https:\/\/marwis.pl\/de\/wp-json\/wp\/v2\/pages\/948"}],"collection":[{"href":"https:\/\/marwis.pl\/de\/wp-json\/wp\/v2\/pages"}],"about":[{"href":"https:\/\/marwis.pl\/de\/wp-json\/wp\/v2\/types\/page"}],"author":[{"embeddable":true,"href":"https:\/\/marwis.pl\/de\/wp-json\/wp\/v2\/users\/3"}],"replies":[{"embeddable":true,"href":"https:\/\/marwis.pl\/de\/wp-json\/wp\/v2\/comments?post=948"}],"version-history":[{"count":57,"href":"https:\/\/marwis.pl\/de\/wp-json\/wp\/v2\/pages\/948\/revisions"}],"predecessor-version":[{"id":1020,"href":"https:\/\/marwis.pl\/de\/wp-json\/wp\/v2\/pages\/948\/revisions\/1020"}],"up":[{"embeddable":true,"href":"https:\/\/marwis.pl\/de\/wp-json\/wp\/v2\/pages\/885"}],"wp:attachment":[{"href":"https:\/\/marwis.pl\/de\/wp-json\/wp\/v2\/media?parent=948"}],"curies":[{"name":"wp","href":"https:\/\/api.w.org\/{rel}","templated":true}]}}