{"id":966,"date":"2021-02-16T12:01:27","date_gmt":"2021-02-16T11:01:27","guid":{"rendered":"http:\/\/marwis.zoom.usermd.net\/?page_id=966"},"modified":"2023-12-21T10:39:35","modified_gmt":"2023-12-21T09:39:35","slug":"ruszmobil-800","status":"publish","type":"page","link":"https:\/\/marwis.pl\/de\/myjki-warsztatowo-manualne\/ruszmobil-800\/","title":{"rendered":"RUSZMOBIL 800"},"content":{"rendered":"<p>[vc_row][vc_column][vc_raw_html]JTVCZmxleHlfYnJlYWRjcnVtYiU1RA==[\/vc_raw_html][\/vc_column][\/vc_row][vc_row][vc_column width=&#8220;1\/2&#8243;]<div id='gallery-2' class='fastgallery fg_style1  '> <div data-img=\"https:\/\/marwis.pl\/wp-content\/uploads\/2021\/11\/RUSZMOBIL-800_1_-1024x1024.jpg\"> <\/div><div data-img=\"https:\/\/marwis.pl\/wp-content\/uploads\/2021\/11\/RUSZMOBIL-1024x1024.jpg\"> <\/div><div style=\"clear:both\"><\/div><\/div>[\/vc_column][vc_column width=&#8220;1\/2&#8243;]\r\n    <div class=\"section_title\" style=\"text-align: center; margin: 0px auto 75px; padding: 0;\">\r\n        <h2 style=\"font-size:34px; color: #0066bf; font-weight: 800;\"> RUSZMOBIL 800 <\/h2>\r\n         <div class=\"br\" style=\"margin: 0 auto;\"><\/div>             <\/div>\r\n\r\n    [vc_tta_accordion][vc_tta_section title=&#8220;ANWENDUNG&#8220; tab_id=&#8220;1611050130932-cc5a4393-a8f3&#8243;][vc_column_text]Die Waschmaschine Ruszmobil 800 ist in zwei Ausf\u00fchrungen mit oder ohne Tisch erh\u00e4ltlich. Es findet seine Anwendung in der industriellen Produktion von Metallprodukten, in Reparatur- und Renovierungswerkst\u00e4tten, im Autoservice und \u00fcberall dort, wo der technologische Prozess die Entfettung und Oberfl\u00e4chenreinigung von Produkten erfordert.[\/vc_column_text][\/vc_tta_section][vc_tta_section title=&#8220;BESCHREIBUNG DER BEDIENUNG DES GER\u00c4TES&#8220; tab_id=&#8220;1611050130945-8641945f-6d2e&#8220;][vc_column_text]Die Waschfl\u00fcssigkeit im unteren Teil der Badewanne wird von einer elektrischen Str\u00f6mungspumpe durch eine mit einer Durchb\u00fcrstenb\u00fcrste abgeschlossene Leitung dem zu reinigenden Objekt (z.B. Motorteil) zugef\u00fchrt. Die durch die B\u00fcrste flie\u00dfende Fl\u00fcssigkeit l\u00f6st und w\u00e4scht fettige Verunreinigungen, die auf dem Waschgut liegen, weg. Am Wannenboden setzen sich schwerere Verbindungen ab und die Waschfl\u00fcssigkeit (als leichtere) kehrt in den Kreislauf zur\u00fcck. Der Reinigungsfl\u00fcssigkeitskreislauf ist geschlossen.[\/vc_column_text][\/vc_tta_section][vc_tta_section title=&#8220;TECHNISCHE DATEN&#8220; tab_id=&#8220;1611052357239-a03ddaab-c372&#8243;][vc_column_text]Tragf\u00e4higkeit: 300 kg<br \/>\nWannenkapazit\u00e4t: 30l<br \/>\nArbeitsbereich: 500x750mm<br \/>\nGesamtarbeitsfl\u00e4che: 750x750mm<br \/>\nArbeitsh\u00f6he: 210mm<br \/>\nGesamth\u00f6he: 260mm<br \/>\nBreite: 750 mm<br \/>\nTiefe: 750 mm<br \/>\nGewicht: 32kg<br \/>\nLeistung: 230V, 50Hz[\/vc_column_text][\/vc_tta_section][vc_tta_section title=&#8220;ZUS\u00c4TZLICHE OPTIONEN&#8220; tab_id=&#8220;1613473094875-94e06fb3-29ac&#8220;][vc_column_text]Segmentierte Schl\u00e4uche<br \/>\nWeicher Pinsel[\/vc_column_text][\/vc_tta_section][\/vc_tta_accordion][vc_btn title=&#8220;SIECHE DEN PREIS&#8220; style=&#8220;flat&#8220; color=&#8220;primary&#8220; size=&#8220;lg&#8220; align=&#8220;center&#8220; link=&#8220;url:https%3A%2F%2Fmarwis24.pl%2Fpl%2Fmyjka-warsztatowa-ruszmobil-800.html||target:%20_blank|&#8220;][vc_column_text]<\/p>\n<p style=\"text-align: center;\"><span style=\"color: #0066bf;\">Fordern Sie ein spezielles Angebot f\u00fcr Sie an.<br \/>\n<strong>Ruf mich an!<\/strong><br \/>\n<strong>Telefon: 731 666 100.<\/strong><\/span><\/p>\n<p>[\/vc_column_text][\/vc_column][\/vc_row]<\/p>","protected":false},"excerpt":{"rendered":"<p>[vc_row][vc_column][vc_raw_html]JTVCZmxleHlfYnJlYWRjcnVtYiU1RA==[\/vc_raw_html][\/vc_column][\/vc_row][vc_row][vc_column width=&#8220;1\/2&#8243;][\/vc_column][vc_column width=&#8220;1\/2&#8243;][vc_tta_accordion][vc_tta_section title=&#8220;ANWENDUNG&#8220; tab_id=&#8220;1611050130932-cc5a4393-a8f3&#8243;][vc_column_text]Die Waschmaschine Ruszmobil 800 ist in zwei Ausf\u00fchrungen mit oder ohne Tisch erh\u00e4ltlich. Es findet seine Anwendung in der industriellen Produktion von Metallprodukten, in Reparatur- und Renovierungswerkst\u00e4tten, im Autoservice und \u00fcberall dort, wo der technologische Prozess die Entfettung und Oberfl\u00e4chenreinigung von Produkten erfordert.[\/vc_column_text][\/vc_tta_section][vc_tta_section title=&#8220;BESCHREIBUNG DER BEDIENUNG DES GER\u00c4TES&#8220; tab_id=&#8220;1611050130945-8641945f-6d2e&#8220;][vc_column_text]Die Waschfl\u00fcssigkeit im [&hellip;]<\/p>\n","protected":false},"author":3,"featured_media":0,"parent":885,"menu_order":0,"comment_status":"closed","ping_status":"open","template":"","meta":[],"_links":{"self":[{"href":"https:\/\/marwis.pl\/de\/wp-json\/wp\/v2\/pages\/966"}],"collection":[{"href":"https:\/\/marwis.pl\/de\/wp-json\/wp\/v2\/pages"}],"about":[{"href":"https:\/\/marwis.pl\/de\/wp-json\/wp\/v2\/types\/page"}],"author":[{"embeddable":true,"href":"https:\/\/marwis.pl\/de\/wp-json\/wp\/v2\/users\/3"}],"replies":[{"embeddable":true,"href":"https:\/\/marwis.pl\/de\/wp-json\/wp\/v2\/comments?post=966"}],"version-history":[{"count":11,"href":"https:\/\/marwis.pl\/de\/wp-json\/wp\/v2\/pages\/966\/revisions"}],"predecessor-version":[{"id":4227,"href":"https:\/\/marwis.pl\/de\/wp-json\/wp\/v2\/pages\/966\/revisions\/4227"}],"up":[{"embeddable":true,"href":"https:\/\/marwis.pl\/de\/wp-json\/wp\/v2\/pages\/885"}],"wp:attachment":[{"href":"https:\/\/marwis.pl\/de\/wp-json\/wp\/v2\/media?parent=966"}],"curies":[{"name":"wp","href":"https:\/\/api.w.org\/{rel}","templated":true}]}}