{"id":980,"date":"2021-02-16T12:25:00","date_gmt":"2021-02-16T11:25:00","guid":{"rendered":"http:\/\/marwis.zoom.usermd.net\/?page_id=980"},"modified":"2026-02-03T13:27:13","modified_gmt":"2026-02-03T12:27:13","slug":"thermo-active-1200","status":"publish","type":"page","link":"https:\/\/marwis.pl\/de\/myjki-warsztatowo-manualne\/thermo-active-1200\/","title":{"rendered":"Thermo Active 1200"},"content":{"rendered":"<p>[vc_row][vc_column][vc_raw_html]JTVCZmxleHlfYnJlYWRjcnVtYiU1RA==[\/vc_raw_html][\/vc_column][\/vc_row][vc_row][vc_column width=&#8220;1\/2&#8243;]<div id='gallery-2' class='fastgallery fg_style1  '> <div data-img=\"https:\/\/marwis.pl\/wp-content\/uploads\/2022\/05\/DSC_0021a-kopia_-1024x1024.jpg\"> <\/div><div data-img=\"https:\/\/marwis.pl\/wp-content\/uploads\/2022\/05\/DSC_0015a-kopia_-1024x1024.jpg\"> <\/div><div data-img=\"https:\/\/marwis.pl\/wp-content\/uploads\/2022\/05\/DSC_0003a-kopia_-1024x1024.jpg\"> <\/div><div style=\"clear:both\"><\/div><\/div>[\/vc_column][vc_column width=&#8220;1\/2&#8243;]\r\n    <div class=\"section_title\" style=\"text-align: center; margin: 0px auto 75px; padding: 0;\">\r\n        <h2 style=\"font-size:34px; color: #0066bf; font-weight: 800;\"> Thermo Active 1200 <\/h2>\r\n         <div class=\"br\" style=\"margin: 0 auto;\"><\/div>             <\/div>\r\n\r\n    [vc_tta_accordion][vc_tta_section title=&#8220;ANWENDUNG&#8220; tab_id=&#8220;1611050130932-cc5a4393-a8f3&#8243;][vc_column_text]Das Ger\u00e4t ist f\u00fcr Werkst\u00e4tten bestimmt, in denen Maschinen, Motoren, Getriebe, Kompressoren und alle anderen mit \u00d6len oder Fetten verunreinigten Details repariert werden. Dank der relativ gro\u00dfen Arbeitsfl\u00e4che ist es m\u00f6glich, auch gr\u00f6\u00dfere Details oder Bauteile zu waschen.[\/vc_column_text][\/vc_tta_section][vc_tta_section title=&#8220;BESCHREIBUNG DER BEDIENUNG DES GER\u00c4TES&#8220; tab_id=&#8220;1611050130945-8641945f-6d2e&#8220;][vc_column_text]THERMO ACTIVE ist eine neue, erweiterte Version von Handwaschmaschinen. Es wurde mit einem Fl\u00fcssigkeitsheizsystem angereichert, dank dem es \u00d6le und Fette effektiv wegw\u00e4scht. Das Waschen erfolgt in einem geschlossenen Kreislauf mit der MRS Cleaner Ultra Active Waschfl\u00fcssigkeit, die auf eine Temperatur von 40 \u00b0 C erhitzt wird. Die Elemente k\u00f6nnen mit einer B\u00fcrste gewaschen oder direkt in die Badewanne getaucht werden. Ein weiterer Vorteil ist der segmentierte Hahn, der eine pr\u00e4zise F\u00fchrung eines zus\u00e4tzlichen Fl\u00fcssigkeitsstroms auf das gereinigte Element erm\u00f6glicht. THERMO ACTIVE ist komplett aus Edelstahl gefertigt, inklusive Verschlussdeckel und Fu\u00dfschalter.[\/vc_column_text][\/vc_tta_section][vc_tta_section title=&#8220;TECHNISCHE DATEN&#8220; tab_id=&#8220;1611052357239-a03ddaab-c372&#8243;][vc_column_text]Gesamtbreite: 1.200 mm<br \/>\nGesamttiefe: 780 mm<br \/>\nGesamth\u00f6he: 1110 mm<br \/>\nArbeitsfl\u00e4che: 1170&#215;770 mm<br \/>\nDie Oberfl\u00e4che der Badewanne: 700&#215;770 mm<br \/>\nArbeitsh\u00f6he: 800 mm<br \/>\nArbeitsfl\u00fcssigkeitskapazit\u00e4t: 80L<br \/>\nTragf\u00e4higkeit: 200 kg<br \/>\nTemperaturkontrolle: 0-50 \u00b0 C<br \/>\nStromversorgung: 1 ~ 230 V[\/vc_column_text][\/vc_tta_section][vc_tta_section title=&#8220;ZUS\u00c4TZLICHE OPTIONEN&#8220; tab_id=&#8220;1613470296053-aa81d0e5-e789&#8243;][vc_column_text]Mobilit\u00e4t<br \/>\nSegmentrohre<br \/>\nweiche \/ harte B\u00fcrste[\/vc_column_text][\/vc_tta_section][\/vc_tta_accordion][vc_btn title=&#8220;SIECHE DEN PREIS&#8220; style=&#8220;flat&#8220; color=&#8220;primary&#8220; size=&#8220;lg&#8220; align=&#8220;center&#8220; link=&#8220;url:https%3A%2F%2Fmarwis24.pl%2Fpl%2Fp%2FMYJKA-WARSZTATOWA-Z-PODGRZEWANIEM-THERMO-ACTIVE-1200%2F23100626||target:%20_blank|&#8220;][vc_column_text]<\/p>\n<p style=\"text-align: center;\"><span style=\"color: #0066bf;\">Fordern Sie ein spezielles Angebot f\u00fcr Sie an.<br \/>\n<strong>Ruf mich an!<\/strong><br \/>\n<strong>Telefon: 731 666 100.<\/strong><\/span><\/p>\n<p>[\/vc_column_text][\/vc_column][\/vc_row]<\/p>","protected":false},"excerpt":{"rendered":"<p>[vc_row][vc_column][vc_raw_html]JTVCZmxleHlfYnJlYWRjcnVtYiU1RA==[\/vc_raw_html][\/vc_column][\/vc_row][vc_row][vc_column width=&#8220;1\/2&#8243;][\/vc_column][vc_column width=&#8220;1\/2&#8243;][vc_tta_accordion][vc_tta_section title=&#8220;ANWENDUNG&#8220; tab_id=&#8220;1611050130932-cc5a4393-a8f3&#8243;][vc_column_text]Das Ger\u00e4t ist f\u00fcr Werkst\u00e4tten bestimmt, in denen Maschinen, Motoren, Getriebe, Kompressoren und alle anderen mit \u00d6len oder Fetten verunreinigten Details repariert werden. Dank der relativ gro\u00dfen Arbeitsfl\u00e4che ist es m\u00f6glich, auch gr\u00f6\u00dfere Details oder Bauteile zu waschen.[\/vc_column_text][\/vc_tta_section][vc_tta_section title=&#8220;BESCHREIBUNG DER BEDIENUNG DES GER\u00c4TES&#8220; tab_id=&#8220;1611050130945-8641945f-6d2e&#8220;][vc_column_text]THERMO ACTIVE ist eine neue, erweiterte Version von [&hellip;]<\/p>\n","protected":false},"author":3,"featured_media":0,"parent":885,"menu_order":0,"comment_status":"closed","ping_status":"open","template":"","meta":[],"_links":{"self":[{"href":"https:\/\/marwis.pl\/de\/wp-json\/wp\/v2\/pages\/980"}],"collection":[{"href":"https:\/\/marwis.pl\/de\/wp-json\/wp\/v2\/pages"}],"about":[{"href":"https:\/\/marwis.pl\/de\/wp-json\/wp\/v2\/types\/page"}],"author":[{"embeddable":true,"href":"https:\/\/marwis.pl\/de\/wp-json\/wp\/v2\/users\/3"}],"replies":[{"embeddable":true,"href":"https:\/\/marwis.pl\/de\/wp-json\/wp\/v2\/comments?post=980"}],"version-history":[{"count":14,"href":"https:\/\/marwis.pl\/de\/wp-json\/wp\/v2\/pages\/980\/revisions"}],"predecessor-version":[{"id":6244,"href":"https:\/\/marwis.pl\/de\/wp-json\/wp\/v2\/pages\/980\/revisions\/6244"}],"up":[{"embeddable":true,"href":"https:\/\/marwis.pl\/de\/wp-json\/wp\/v2\/pages\/885"}],"wp:attachment":[{"href":"https:\/\/marwis.pl\/de\/wp-json\/wp\/v2\/media?parent=980"}],"curies":[{"name":"wp","href":"https:\/\/api.w.org\/{rel}","templated":true}]}}