{"id":986,"date":"2021-02-16T12:31:42","date_gmt":"2021-02-16T11:31:42","guid":{"rendered":"http:\/\/marwis.zoom.usermd.net\/?page_id=986"},"modified":"2025-06-17T12:59:16","modified_gmt":"2025-06-17T10:59:16","slug":"mst-800-inox","status":"publish","type":"page","link":"https:\/\/marwis.pl\/de\/myjki-warsztatowo-manualne\/mst-800-inox\/","title":{"rendered":"MST 800 INOX"},"content":{"rendered":"<p><\/p>\n<p>[vc_row][vc_column][vc_raw_html]JTVCZmxleHlfYnJlYWRjcnVtYiU1RA==[\/vc_raw_html][\/vc_column][\/vc_row][vc_row][vc_column width=&#8220;1\/2&#8243;]<div id='gallery-2' class='fastgallery fg_style1  '> <div data-img=\"https:\/\/marwis.pl\/wp-content\/uploads\/2021\/07\/MST-800-INOX_-1024x1024.jpg\"> <\/div><div data-img=\"https:\/\/marwis.pl\/wp-content\/uploads\/2022\/05\/MST-800-INOX_-1024x1024.jpg\"> <\/div><div data-img=\"https:\/\/marwis.pl\/wp-content\/uploads\/2022\/05\/MST-800-INOX-1024x1024.jpg\"> <\/div><div data-img=\"https:\/\/marwis.pl\/wp-content\/uploads\/2022\/05\/mst-800-inox-2_-1024x1024.jpg\"> <\/div><div data-img=\"https:\/\/marwis.pl\/wp-content\/uploads\/2022\/05\/mst-800-inox-1_-1024x1024.jpg\"> <\/div><div style=\"clear:both\"><\/div><\/div>[\/vc_column][vc_column width=&#8220;1\/2&#8243;]\r\n    <div class=\"section_title\" style=\"text-align: center; margin: 0px auto 75px; padding: 0;\">\r\n        <h2 style=\"font-size:34px; color: #0066bf; font-weight: 800;\"> MST 800 INOX <\/h2>\r\n         <div class=\"br\" style=\"margin: 0 auto;\"><\/div>             <\/div>\r\n\r\n    [vc_tta_accordion][vc_tta_section title=&#8220;ANWENDUNG&#8220; tab_id=&#8220;1611050130932-cc5a4393-a8f3&#8243;][vc_column_text]In der industriellen Herstellung von Metallprodukten, in Reparatur- und Renovierungswerkst\u00e4tten, im Autoservice und \u00fcberall dort, wo der technologische Prozess eine Entfettung und Oberfl\u00e4chenreinigung von Produkten erfordert.[\/vc_column_text][\/vc_tta_section][vc_tta_section title=&#8220;BESCHREIBUNG DER BEDIENUNG DES GER\u00c4TES&#8220; tab_id=&#8220;1611050130945-8641945f-6d2e&#8220;][vc_column_text]Die Aufgabe der station\u00e4ren Waschmaschinen MST 800 besteht darin, fettige Verunreinigungen aus Produkten mit einer flie\u00dfenden B\u00fcrste zu entfernen, durch die die Waschfl\u00fcssigkeit flie\u00dft. Empfehlenswert Clean Professional? Es hat spezielle Reinigungs- und Entfettungseigenschaften, die den Eigenschaften dieser Fl\u00fcssigkeit entsprechen. Das Sp\u00fclgut wird auf eine perforierte Arbeitsplatte mit darunterliegender Tropfschale gelegt. Die durch die B\u00fcrste flie\u00dfende Fl\u00fcssigkeit l\u00f6st und w\u00e4scht fettige Verunreinigungen, die auf dem Waschgut liegen, weg. Schwere feste Verunreinigungen fallen durch die Schwerkraft auf einen speziell geformten Boden der Badewanne. Leichtere \u00d6lderivate flie\u00dfen zusammen mit der Waschfl\u00fcssigkeit in das Fass unter der Arbeitsplatte. Am Boden des Fasses lagern sich schwerere Verbindungen ab und die Waschfl\u00fcssigkeit (als leichtere) kehrt in den Kreislauf zur\u00fcck. Der Fl\u00fcssigkeitsstrom durch die B\u00fcrste wird von einer Saugkraftpumpe erzwungen. Der Fl\u00fcssigkeitsdurchfluss durch die B\u00fcrste wird manuell am Durchflussventil eingestellt.[\/vc_column_text][\/vc_tta_section][vc_tta_section title=&#8220;TECHNISCHE DATEN&#8220; tab_id=&#8220;1611052357239-a03ddaab-c372&#8243;][vc_column_text]Tragf\u00e4higkeit: 500 kg<br \/>\nWannenkapazit\u00e4t: 60L<br \/>\nArbeitsfl\u00e4che: 780&#215;575 mm<br \/>\nArbeitsh\u00f6he: 800 mm<br \/>\nGesamth\u00f6he: 1.200 mm<br \/>\nBreite: 800 mm<br \/>\nTiefe: 580 mm<br \/>\nGewicht: 60 kg<br \/>\nLeistung: 230V, 50Hz[\/vc_column_text][\/vc_tta_section][vc_tta_section title=&#8220;ZUS\u00c4TZLICHE OPTIONEN&#8220; tab_id=&#8220;1613470296053-aa81d0e5-e789&#8243;][vc_column_text]Verschlussdeckel<br \/>\nSegmentierte Schl\u00e4uche<br \/>\nMobilit\u00e4t<br \/>\nPneumatische Pumpe<br \/>\nFu\u00dfschalter<br \/>\nWeicher Pinsel[\/vc_column_text][\/vc_tta_section][\/vc_tta_accordion][vc_btn title=&#8220;SIECHE DEN PREIS&#8220; style=&#8220;flat&#8220; color=&#8220;primary&#8220; size=&#8220;lg&#8220; align=&#8220;center&#8220; link=&#8220;||target:%20_blank|&#8220;][vc_column_text]<\/p>\n<p style=\"text-align: center;\"><span style=\"color: #0066bf;\">Fordern Sie ein spezielles Angebot f\u00fcr Sie an.<br \/>\n<strong>Ruf mich an!<\/strong><br \/>\n<strong>Telefon: 731 666 100.<\/strong><\/span><\/p>\n<p>[\/vc_column_text][\/vc_column][\/vc_row]<\/p>\n<p><\/p>","protected":false},"excerpt":{"rendered":"<p>[vc_row][vc_column][vc_raw_html]JTVCZmxleHlfYnJlYWRjcnVtYiU1RA==[\/vc_raw_html][\/vc_column][\/vc_row][vc_row][vc_column width=&#8220;1\/2&#8243;][\/vc_column][vc_column width=&#8220;1\/2&#8243;][vc_tta_accordion][vc_tta_section title=&#8220;ANWENDUNG&#8220; tab_id=&#8220;1611050130932-cc5a4393-a8f3&#8243;][vc_column_text]In der industriellen Herstellung von Metallprodukten, in Reparatur- und Renovierungswerkst\u00e4tten, im Autoservice und \u00fcberall dort, wo der technologische Prozess eine Entfettung und Oberfl\u00e4chenreinigung von Produkten erfordert.[\/vc_column_text][\/vc_tta_section][vc_tta_section title=&#8220;BESCHREIBUNG DER BEDIENUNG DES GER\u00c4TES&#8220; tab_id=&#8220;1611050130945-8641945f-6d2e&#8220;][vc_column_text]Die Aufgabe der station\u00e4ren Waschmaschinen MST 800 besteht darin, fettige Verunreinigungen aus Produkten mit einer flie\u00dfenden B\u00fcrste zu entfernen, durch [&hellip;]<\/p>\n","protected":false},"author":3,"featured_media":0,"parent":885,"menu_order":0,"comment_status":"closed","ping_status":"open","template":"","meta":[],"_links":{"self":[{"href":"https:\/\/marwis.pl\/de\/wp-json\/wp\/v2\/pages\/986"}],"collection":[{"href":"https:\/\/marwis.pl\/de\/wp-json\/wp\/v2\/pages"}],"about":[{"href":"https:\/\/marwis.pl\/de\/wp-json\/wp\/v2\/types\/page"}],"author":[{"embeddable":true,"href":"https:\/\/marwis.pl\/de\/wp-json\/wp\/v2\/users\/3"}],"replies":[{"embeddable":true,"href":"https:\/\/marwis.pl\/de\/wp-json\/wp\/v2\/comments?post=986"}],"version-history":[{"count":12,"href":"https:\/\/marwis.pl\/de\/wp-json\/wp\/v2\/pages\/986\/revisions"}],"predecessor-version":[{"id":5821,"href":"https:\/\/marwis.pl\/de\/wp-json\/wp\/v2\/pages\/986\/revisions\/5821"}],"up":[{"embeddable":true,"href":"https:\/\/marwis.pl\/de\/wp-json\/wp\/v2\/pages\/885"}],"wp:attachment":[{"href":"https:\/\/marwis.pl\/de\/wp-json\/wp\/v2\/media?parent=986"}],"curies":[{"name":"wp","href":"https:\/\/api.w.org\/{rel}","templated":true}]}}