{"id":992,"date":"2021-02-16T12:36:59","date_gmt":"2021-02-16T11:36:59","guid":{"rendered":"http:\/\/marwis.zoom.usermd.net\/?page_id=992"},"modified":"2022-05-25T11:27:50","modified_gmt":"2022-05-25T09:27:50","slug":"myjka-bio-wash-800","status":"publish","type":"page","link":"https:\/\/marwis.pl\/de\/myjki-biologiczne-bio-wash\/myjka-bio-wash-800\/","title":{"rendered":"BIO-WASH 800"},"content":{"rendered":"<p><\/p>\n<p>[vc_row][vc_column][vc_raw_html]JTVCZmxleHlfYnJlYWRjcnVtYiU1RA==[\/vc_raw_html][\/vc_column][\/vc_row][vc_row][vc_column width=&#8220;1\/2&#8243;]<div id='gallery-2' class='fastgallery fg_style1  '> <div data-img=\"https:\/\/marwis.pl\/wp-content\/uploads\/2022\/04\/DSC_0040-kopia_-1024x1024.jpg\"> <\/div><div data-img=\"https:\/\/marwis.pl\/wp-content\/uploads\/2022\/04\/DSC_0154-kopia.jpg\"> <\/div><div data-img=\"https:\/\/marwis.pl\/wp-content\/uploads\/2022\/04\/DSC_00452-kopia-3-1024x1024.jpg\"> <\/div><div data-img=\"https:\/\/marwis.pl\/wp-content\/uploads\/2022\/04\/DSC_0047-kopia_-1024x1024.jpg\"> <\/div><div data-img=\"https:\/\/marwis.pl\/wp-content\/uploads\/2022\/04\/bio-wash-800-1-1024x1024.jpg\"> <\/div><div data-img=\"https:\/\/marwis.pl\/wp-content\/uploads\/2022\/04\/bio-wash-800-1024x1024.jpg\"> <\/div><div style=\"clear:both\"><\/div><\/div>[\/vc_column][vc_column width=&#8220;1\/2&#8243;]\r\n    <div class=\"section_title\" style=\"text-align: center; margin: 0px auto 75px; padding: 0;\">\r\n        <h2 style=\"font-size:34px; color: #0066bf; font-weight: 800;\"> Bioreinigungsanlage BIO-WASH 800 <\/h2>\r\n         <div class=\"br\" style=\"margin: 0 auto;\"><\/div>             <\/div>\r\n\r\n    [vc_tta_accordion][vc_tta_section title=&#8220;ANWENDUNG&#8220; tab_id=&#8220;1611050130932-cc5a4393-a8f3&#8243;][vc_column_text]<\/p>\n<div class=\"tab\">\n<div id=\"tab-1\" class=\"tab-content\">\n<p>Die moderne Handwaschmaschine BIO-WASH im geschlossenen Kreislauf mit umweltfreundlichem Waschsystem ist die optimale L\u00f6sung f\u00fcr die meisten Probleme in Werkstatteinrichtungen. Es kann sogar mit stark verschmutzten Teilen fertig werden. Der Fl\u00fcssigkeitstank besteht aus Edelstahl, die restlichen Elemente der Waschmaschine sind aus pulverbeschichtetem, verzinktem Schwarzstahl, was f\u00fcr eine lange Lebensdauer sorgt und vor negativen Auswirkungen von Korrosion sch\u00fctzt. Die Waschmaschine ist mit einem Bel\u00fcfter ausgestattet. Empfohlenes Konzentrat f\u00fcr BioActive-Clean-Waschmaschinen.<\/p><\/div>\n<\/div>\n<p>[\/vc_column_text][\/vc_tta_section][vc_tta_section title=&#8220;BESCHREIBUNG DER FUNKTION DER GER\u00c4TE&#8220; tab_id=&#8220;1611050130945-8641945f-6d2e&#8220;][vc_column_text]Der nat\u00fcrliche Bioremediationsprozess erm\u00f6glicht eine gr\u00fcndliche Entfernung von \u00d6len und Fetten. Der pH-Wert des Konzentrats betr\u00e4gt 6,8-7,9 und der pH-Wert der L\u00f6sung 6,4&amp;supmin; 7.3. Um die beste Wirkung der Arbeit der Mikroorganismen zu erzielen, wird empfohlen, das Wasser auf einer konstanten Temperatur von 41 oC zu halten und st\u00e4ndig zu bel\u00fcftet. Aus 5L Konzentrat k\u00f6nnen wir 55L gebrauchsfertige Fl\u00fcssigkeit herstellen.[\/vc_column_text][\/vc_tta_section][vc_tta_section title=&#8220;TECHNISCHE DATEN&#8220; tab_id=&#8220;1611052357239-a03ddaab-c372&#8243;][vc_column_text]BxTxH 800x580x1100mm<br \/>\nArbeitsbereich 750x550mm<br \/>\nTankinhalt 100l<br \/>\nArbeitstemperatur 35 -40 oC<br \/>\nHeizleistung 1000W<br \/>\nTragf\u00e4higkeit 500 kg<br \/>\nGewicht 80 kg<br \/>\nZasilanie 230V, 50HZ[\/vc_column_text][\/vc_tta_section][vc_tta_section title=&#8220;ZUS\u00c4TZLICHE OPTIONEN&#8220; tab_id=&#8220;1623409681471-00f64ab8-137b&#8220;][vc_column_text]Deckel<br \/>\nFexible schlauch<br \/>\nMobilit\u00e4t[\/vc_column_text][\/vc_tta_section][\/vc_tta_accordion][vc_btn title=&#8220;SIECHE DEN PREIS&#8220; style=&#8220;flat&#8220; color=&#8220;primary&#8220; size=&#8220;lg&#8220; align=&#8220;center&#8220; link=&#8220;url:https%3A%2F%2Fmarwis24.pl%2Fpl%2Fp%2FMyjka-biologiczna-bio-wash-800-bioremediacja-%2F23100668||target:%20_blank|&#8220;][vc_column_text]<\/p>\n<p style=\"text-align: center;\"><span style=\"color: #0066bf;\">Fordern Sie ein spezielles Angebot f\u00fcr Sie an.<br \/>\n<strong>Ruf mich an!<\/strong><br \/>\n<strong>Telefon: 731 666 100.<\/strong><\/span><\/p>\n<p>[\/vc_column_text][\/vc_column][\/vc_row]<\/p>\n<p><\/p>","protected":false},"excerpt":{"rendered":"<p>[vc_row][vc_column][vc_raw_html]JTVCZmxleHlfYnJlYWRjcnVtYiU1RA==[\/vc_raw_html][\/vc_column][\/vc_row][vc_row][vc_column width=&#8220;1\/2&#8243;][\/vc_column][vc_column width=&#8220;1\/2&#8243;][vc_tta_accordion][vc_tta_section title=&#8220;ANWENDUNG&#8220; tab_id=&#8220;1611050130932-cc5a4393-a8f3&#8243;][vc_column_text] Die moderne Handwaschmaschine BIO-WASH im geschlossenen Kreislauf mit umweltfreundlichem Waschsystem ist die optimale L\u00f6sung f\u00fcr die meisten Probleme in Werkstatteinrichtungen. Es kann sogar mit stark verschmutzten Teilen fertig werden. Der Fl\u00fcssigkeitstank besteht aus Edelstahl, die restlichen Elemente der Waschmaschine sind aus pulverbeschichtetem, verzinktem Schwarzstahl, was f\u00fcr eine lange Lebensdauer sorgt [&hellip;]<\/p>\n","protected":false},"author":3,"featured_media":0,"parent":990,"menu_order":0,"comment_status":"closed","ping_status":"open","template":"","meta":[],"_links":{"self":[{"href":"https:\/\/marwis.pl\/de\/wp-json\/wp\/v2\/pages\/992"}],"collection":[{"href":"https:\/\/marwis.pl\/de\/wp-json\/wp\/v2\/pages"}],"about":[{"href":"https:\/\/marwis.pl\/de\/wp-json\/wp\/v2\/types\/page"}],"author":[{"embeddable":true,"href":"https:\/\/marwis.pl\/de\/wp-json\/wp\/v2\/users\/3"}],"replies":[{"embeddable":true,"href":"https:\/\/marwis.pl\/de\/wp-json\/wp\/v2\/comments?post=992"}],"version-history":[{"count":18,"href":"https:\/\/marwis.pl\/de\/wp-json\/wp\/v2\/pages\/992\/revisions"}],"predecessor-version":[{"id":3677,"href":"https:\/\/marwis.pl\/de\/wp-json\/wp\/v2\/pages\/992\/revisions\/3677"}],"up":[{"embeddable":true,"href":"https:\/\/marwis.pl\/de\/wp-json\/wp\/v2\/pages\/990"}],"wp:attachment":[{"href":"https:\/\/marwis.pl\/de\/wp-json\/wp\/v2\/media?parent=992"}],"curies":[{"name":"wp","href":"https:\/\/api.w.org\/{rel}","templated":true}]}}