{"id":999,"date":"2021-02-16T12:42:41","date_gmt":"2021-02-16T11:42:41","guid":{"rendered":"http:\/\/marwis.zoom.usermd.net\/?page_id=999"},"modified":"2026-03-12T14:16:55","modified_gmt":"2026-03-12T13:16:55","slug":"hydro-power-1200","status":"publish","type":"page","link":"https:\/\/marwis.pl\/de\/myjki-cisnieniowe-kabinowe\/hydro-power-1200\/","title":{"rendered":"Hochdruck Teilereinigungsanlage Hydro Power 1200"},"content":{"rendered":"<p>[vc_row][vc_column][vc_raw_html]JTVCZmxleHlfYnJlYWRjcnVtYiU1RA==[\/vc_raw_html][\/vc_column][\/vc_row][vc_row][vc_column width=&#8220;1\/2&#8243;]<div id='gallery-2' class='fastgallery fg_style1  '> <div data-img=\"https:\/\/marwis.pl\/wp-content\/uploads\/2021\/11\/HYDRO-POWER-1200_-1024x1024.jpg\"> <\/div><div data-img=\"https:\/\/marwis.pl\/wp-content\/uploads\/2021\/07\/0245-kopia-1-1024x1024.jpg\"> <\/div><div data-img=\"https:\/\/marwis.pl\/wp-content\/uploads\/2021\/11\/sztywna-lanca-1024x1024.jpg\"> <\/div><div data-img=\"https:\/\/marwis.pl\/wp-content\/uploads\/2022\/05\/hydro-power-1200_-2-1024x1024.jpg\"> <\/div><div data-img=\"https:\/\/marwis.pl\/wp-content\/uploads\/2022\/05\/hydro-power-12001_-1024x1024.jpg\"> <\/div><div data-img=\"https:\/\/marwis.pl\/wp-content\/uploads\/2022\/05\/DSC_0218-kopia-1-1024x1024.jpg\"> <\/div><div data-img=\"https:\/\/marwis.pl\/wp-content\/uploads\/2022\/05\/DSC_0209-kopia-1-1024x1024.jpg\"> <\/div><div style=\"clear:both\"><\/div><\/div>[\/vc_column][vc_column width=&#8220;1\/2&#8243;]\r\n    <div class=\"section_title\" style=\"text-align: center; margin: 0px auto 75px; padding: 0;\">\r\n        <h2 style=\"font-size:34px; color: #0066bf; font-weight: 800;\"> Hydro Power 1200 <\/h2>\r\n         <div class=\"br\" style=\"margin: 0 auto;\"><\/div>             <\/div>\r\n\r\n    [vc_tta_accordion][vc_tta_section title=&#8220;ANWENDUNG&#8220; tab_id=&#8220;1611050130932-cc5a4393-a8f3&#8243;][vc_column_text]Hydro Power ist ein professionelles Teilwaschger\u00e4t mit Hochdruck, das aus hochwertigem rostfreiem Stahl gefertigt ist und ein breites Anwendungsspektrum bietet. Es eignet sich sehr gut f\u00fcr die Regeneration von Turboladern sowie f\u00fcr die Reinigung stark verschmutzter Teile aus Stahl, Gusseisen, Aluminium und anderen Legierungen.Wird in Werkst\u00e4tten, Dienstleistungen, Industriebetrieben verwendet.[\/vc_column_text][\/vc_tta_section][vc_tta_section title=&#8220;FUNKTIONSBESCHREIBUNG&#8220; tab_id=&#8220;1611050130945-8641945f-6d2e&#8220;][vc_column_text]Die Reinigung erfolgt im geschlossenen Kreislaufsystem unter Verwendung des Reinigungsmittels MRS Cleaner Ultra Active, das auf eine Temperatur von 45 \u00b0C erhitzt wird. Das MRS Cleaner Ultra Active wird unter einem Druck von bis zu 140 Bar aus der Pistolen-D\u00fcse abgegeben, wodurch schwer zug\u00e4ngliche Stellen und stark verschmutzte Teile mit Ru\u00df, Schmierstoffen oder \u00d6len gr\u00fcndlich gereinigt werden. Sowohl die Temperatur als auch das Reinigungsmittel erh\u00f6hen die Reinigungseffizienz. Das Teilwaschger\u00e4t ist mit zwei Filtern ausgestattet und verf\u00fcgt \u00fcber verstellbare F\u00fc\u00dfe, die eine H\u00f6henanpassung von bis zu 20 cm erm\u00f6glichen. Die Abdeckung des Teilwaschger\u00e4ts ist mit pneumatischen Hubzylindern ausgestattet, die die Sicherheit und Arbeitsqualit\u00e4t erh\u00f6hen. W\u00e4hrend des Reinigungsprozesses kann auch der in der Maschine montierte Durchflussb\u00fcrste oder eine D\u00fcse mit Druckluft verwendet werden. Auf dem Glas befinden sich Reinigungsd\u00fcsen, die eine gute Sicht auf den Arbeitsbereich des Reinigers erm\u00f6glichen.<\/p>\n<p>&nbsp;<\/p>\n<p>Das Hochdruck Teilreinigungsger\u00e4t verf\u00fcgt \u00fcber:<\/p>\n<p>Thermisch isolierten Tank \u2013 sch\u00fctzt die erhitzte Fl\u00fcssigkeit effektiv vor Abk\u00fchlen<br \/>\nReinigungsd\u00fcsen f\u00fcr das Glas<br \/>\nVerstellbare F\u00fc\u00dfe zur H\u00f6henanpassung<br \/>\n\u00d6labscheider \u2013 verl\u00e4ngert die Lebensdauer der Fl\u00fcssigkeit[\/vc_column_text][\/vc_tta_section][vc_tta_section title=&#8220;TECHNISCHE DATEN&#8220; tab_id=&#8220;1611052357239-a03ddaab-c372&#8243;][vc_column_text]Gesamtbreite: 1410mm<br \/>\nGesamttiefe: 800mm<br \/>\nH\u00f6he min \/ max. (geschlossene Position): 1720\/1920mm<br \/>\nH\u00f6he min \/ max. (offene Stellung): 2380\/2580mm<br \/>\nArbeitsbreite: 1100mm<br \/>\nArbeitstiefe: 700mm<br \/>\nArbeitsh\u00f6he: 620mm<br \/>\nNettogewicht: 200kg<br \/>\nTragf\u00e4higkeit: 200kg<br \/>\nArbeitsfl\u00fcssigkeitskapazit\u00e4t min-max: 120-150L<br \/>\nTemperaturregulierung: 0-45<strong class=\"Yjhzub\" data-sfc-cb=\"\">\u00b0<\/strong>C<br \/>\nLanzenkapazit\u00e4t: bis zu 12 l\/min<br \/>\nDruck: 14 Bar<br \/>\nHeizleistung: 6kW<br \/>\nMotorleistung: 3kW \/ 1450 U\/min<br \/>\nVersorgungsspannung: 3 ~ 400V<br \/>\nSicherheitsgrad: IP-54<br \/>\nManuelles Waschen mit einer Durchb\u00fcrste: Bis zu 5l \/ min<br \/>\nDruckluftpistole: max. 8atm<br \/>\nBeleuchtung: LED<br \/>\nHochdruckpumpe: Zwischenpumpe<br \/>\nSchalter: Fu\u00dfschalter<br \/>\n\u00d6labscheider: Scheibe[\/vc_column_text][\/vc_tta_section][vc_tta_section title=&#8220;ZUS\u00c4TZLICHE OPTIONEN&#8220; tab_id=&#8220;1613475565981-f27b99f1-758a&#8220;][vc_column_text]Spr\u00fchlanze<br \/>\nDrehtisch[\/vc_column_text][\/vc_tta_section][vc_tta_section title=&#8220;VIDEO&#8220; tab_id=&#8220;1613475586868-0a042baf-3b3a&#8220;][vc_video link=&#8220;https:\/\/www.youtube.com\/watch?v=ci2w9jwCKbA&amp;feature=emb_title&#8220;][\/vc_tta_section][\/vc_tta_accordion][vc_btn title=&#8220;PREIS&#8220; style=&#8220;flat&#8220; color=&#8220;primary&#8220; size=&#8220;lg&#8220; align=&#8220;center&#8220; link=&#8220;url:https%3A%2F%2Fmarwis24.pl%2Fpl%2Fp%2FMyjka-cisnieniowa-kabinowa-Hydro-Power-1200-140atm%2F23100622||target:%20_blank|&#8220;][vc_column_text]<\/p>\n<p style=\"text-align: center;\"><strong>Brauchen Sie ein Angebot?<\/strong><br \/>\n<strong>Rufen Sie uns an!<\/strong><br \/>\n<strong>Mobile: +48 731 666 100<\/strong><\/p>\n<p>[\/vc_column_text][\/vc_column][\/vc_row]<\/p>","protected":false},"excerpt":{"rendered":"<p>[vc_row][vc_column][vc_raw_html]JTVCZmxleHlfYnJlYWRjcnVtYiU1RA==[\/vc_raw_html][\/vc_column][\/vc_row][vc_row][vc_column width=&#8220;1\/2&#8243;][\/vc_column][vc_column width=&#8220;1\/2&#8243;][vc_tta_accordion][vc_tta_section title=&#8220;ANWENDUNG&#8220; tab_id=&#8220;1611050130932-cc5a4393-a8f3&#8243;][vc_column_text]Hydro Power ist ein professionelles Teilwaschger\u00e4t mit Hochdruck, das aus hochwertigem rostfreiem Stahl gefertigt ist und ein breites Anwendungsspektrum bietet. Es eignet sich sehr gut f\u00fcr die Regeneration von Turboladern sowie f\u00fcr die Reinigung stark verschmutzter Teile aus Stahl, Gusseisen, Aluminium und anderen Legierungen.Wird in Werkst\u00e4tten, Dienstleistungen, Industriebetrieben verwendet.[\/vc_column_text][\/vc_tta_section][vc_tta_section title=&#8220;FUNKTIONSBESCHREIBUNG&#8220; tab_id=&#8220;1611050130945-8641945f-6d2e&#8220;][vc_column_text]Die [&hellip;]<\/p>\n","protected":false},"author":3,"featured_media":0,"parent":995,"menu_order":0,"comment_status":"closed","ping_status":"open","template":"","meta":[],"_links":{"self":[{"href":"https:\/\/marwis.pl\/de\/wp-json\/wp\/v2\/pages\/999"}],"collection":[{"href":"https:\/\/marwis.pl\/de\/wp-json\/wp\/v2\/pages"}],"about":[{"href":"https:\/\/marwis.pl\/de\/wp-json\/wp\/v2\/types\/page"}],"author":[{"embeddable":true,"href":"https:\/\/marwis.pl\/de\/wp-json\/wp\/v2\/users\/3"}],"replies":[{"embeddable":true,"href":"https:\/\/marwis.pl\/de\/wp-json\/wp\/v2\/comments?post=999"}],"version-history":[{"count":35,"href":"https:\/\/marwis.pl\/de\/wp-json\/wp\/v2\/pages\/999\/revisions"}],"predecessor-version":[{"id":6461,"href":"https:\/\/marwis.pl\/de\/wp-json\/wp\/v2\/pages\/999\/revisions\/6461"}],"up":[{"embeddable":true,"href":"https:\/\/marwis.pl\/de\/wp-json\/wp\/v2\/pages\/995"}],"wp:attachment":[{"href":"https:\/\/marwis.pl\/de\/wp-json\/wp\/v2\/media?parent=999"}],"curies":[{"name":"wp","href":"https:\/\/api.w.org\/{rel}","templated":true}]}}