{"id":1232,"date":"2021-02-23T12:32:28","date_gmt":"2021-02-23T11:32:28","guid":{"rendered":"http:\/\/marwis.zoom.usermd.net\/?page_id=1232"},"modified":"2025-10-21T09:58:52","modified_gmt":"2025-10-21T07:58:52","slug":"mrs-wash-1200-z-wymiennymi-koszami","status":"publish","type":"page","link":"https:\/\/marwis.pl\/en\/myjki-koszowe-automatyczne\/mrs-wash-1200-z-wymiennymi-koszami\/","title":{"rendered":"MRS WASH 1200 z wymiennymi koszami"},"content":{"rendered":"<p>[vc_row][vc_column][vc_raw_html]JTVCZmxleHlfYnJlYWRjcnVtYiU1RA==[\/vc_raw_html][\/vc_column][\/vc_row][vc_row][vc_column width=&#8221;1\/2&#8243;]<div id='gallery-3' class='fastgallery fg_style1  '> <div data-img=\"https:\/\/marwis.pl\/wp-content\/uploads\/2021\/02\/mrs-wash-1200-1024x1024.png\"> <\/div><div data-img=\"https:\/\/marwis.pl\/wp-content\/uploads\/2021\/02\/mrs-wash-1200-2-1024x1024.png\"> <\/div><div data-img=\"https:\/\/marwis.pl\/wp-content\/uploads\/2021\/02\/15.jpg\"> <\/div><div data-img=\"https:\/\/marwis.pl\/wp-content\/uploads\/2021\/02\/5.jpg\"> <\/div><div data-img=\"https:\/\/marwis.pl\/wp-content\/uploads\/2021\/02\/4.jpg\"> <\/div><div style=\"clear:both\"><\/div><\/div>[\/vc_column][vc_column width=&#8221;1\/2&#8243;]\r\n    <div class=\"section_title\" style=\"text-align: center; margin: 0px auto 75px; padding: 0;\">\r\n        <h2 style=\"font-size:34px; color: #0066bf; font-weight: 800;\"> MRS-WASH 1200 z wymiennymi koszami <\/h2>\r\n         <div class=\"br\" style=\"margin: 0 auto;\"><\/div>             <\/div>\r\n\r\n    [vc_tta_accordion][vc_tta_section title=&#8221;ZASTOSOWANIE&#8221; tab_id=&#8221;1611050130932-cc5a4393-a8f3&#8243;][vc_column_text]<\/p>\n<p>Urz\u0105dzenie stosowane jest przy odt\u0142uszczaniu element\u00f3w w procesie produkcyjnym, przy myciu cz\u0119\u015bci serwisowanych maszyn. Przeznaczone s\u0105 r\u00f3wnie\u017c dla warsztat\u00f3w w kt\u00f3rych remontuje si\u0119 silniki, przek\u0142adnie, spr\u0119\u017carki, cz\u0119\u015bci i wszelkie inne detale zabrudzone olejami i smarami.<\/p>\n<p>[\/vc_column_text][\/vc_tta_section][vc_tta_section title=&#8221;OPIS DZIA\u0141ANIA&#8221; tab_id=&#8221;1611050130945-8641945f-6d2e&#8221;][vc_column_text]<\/p>\n<p>Po uruchomieniu urz\u0105dzenia wy\u0142\u0105cznikiem g\u0142\u00f3wnym zostanie uruchomione podgrzewanie k\u0105pieli, kt\u00f3re po uzyskaniu temperatury zadanej umo\u017cliwi uruchomienie cyklu mycia.<br \/>\nJako pierwszy etap zostanie uruchomione mycie zasadnicze, a czas jego jest p\u0142ynnie regulowany za pomoc\u0105 wy\u0142\u0105cznika czasowego w skrzynce sterowniczej. Po up\u0142ywie tego czasu k\u0105piel jest zako\u0144czona.<\/p>\n<p>[\/vc_column_text][\/vc_tta_section][vc_tta_section title=&#8221;DANE TECHNICZNE&#8221; tab_id=&#8221;1611052357239-a03ddaab-c372&#8243;][vc_column_text]<strong>\u015arednica kosza<\/strong>: 600 mm<br \/>\n<strong>Wysoko\u015b\u0107 robocza<\/strong>: 330 mm<br \/>\n<strong>No\u015bno\u015b\u0107 kosza<\/strong>: 100 kg<br \/>\n<strong>Programowanie czasu pracy<\/strong>: 0-99 min<br \/>\n<strong>Temperatura mycia<\/strong>: 60st.C<br \/>\n<strong>Moc grza\u0142ki<\/strong>: 2kW<br \/>\n<strong>Pojemno\u015b\u0107 zbiornika<\/strong>: 80 l<br \/>\n<strong>Wydajno\u015b\u0107 natrysku<\/strong>: 200 l\/min<br \/>\n<strong>Ci\u015bnienie robocze natrysku<\/strong>: 4,5 bar<br \/>\n<strong>SZ x G x W<\/strong>: 870x 950 x 1200 mm<br \/>\n<strong>Wysoko\u015b\u0107 zamkni\u0119ta\/otwarta<\/strong>: 1200\/2500 mm<br \/>\n<strong>Zasilanie<\/strong>: 230V\/50Hz[\/vc_column_text][\/vc_tta_section][\/vc_tta_accordion][vc_btn title=&#8221;SPRAWD\u0179 CEN\u0118&#8221; style=&#8221;flat&#8221; color=&#8221;primary&#8221; size=&#8221;lg&#8221; align=&#8221;center&#8221; link=&#8221;url:https%3A%2F%2Fmarwis24.pl%2Fpl%2Fp%2FMyjnia-koszowa-automatyczna-MRS-WASH-600-%2F23100649||target:%20_blank|&#8221;][vc_column_text]<\/p>\n<p style=\"text-align: center;\"><span style=\"color: #0066bf;\">Zapytaj o specjaln\u0105 ofert\u0119 dla Ciebie.<\/span><br \/>\n<strong><span style=\"color: #0066bf;\">Zadzwo\u0144! <\/span><\/strong><br \/>\n<strong><span style=\"color: #0066bf;\">tel. 669 100\u00a0666.<\/span><\/strong><\/p>\n<p>[\/vc_column_text][\/vc_column][\/vc_row]<\/p>","protected":false},"excerpt":{"rendered":"<p>[vc_row][vc_column][vc_raw_html]JTVCZmxleHlfYnJlYWRjcnVtYiU1RA==[\/vc_raw_html][\/vc_column][\/vc_row][vc_row][vc_column width=&#8221;1\/2&#8243;][\/vc_column][vc_column width=&#8221;1\/2&#8243;][vc_tta_accordion][vc_tta_section title=&#8221;ZASTOSOWANIE&#8221; tab_id=&#8221;1611050130932-cc5a4393-a8f3&#8243;][vc_column_text] Urz\u0105dzenie stosowane jest przy odt\u0142uszczaniu element\u00f3w w procesie produkcyjnym, przy myciu cz\u0119\u015bci serwisowanych maszyn. Przeznaczone s\u0105 r\u00f3wnie\u017c dla warsztat\u00f3w w kt\u00f3rych remontuje si\u0119 silniki, przek\u0142adnie, spr\u0119\u017carki, cz\u0119\u015bci i wszelkie inne detale zabrudzone olejami i smarami. [\/vc_column_text][\/vc_tta_section][vc_tta_section title=&#8221;OPIS DZIA\u0141ANIA&#8221; tab_id=&#8221;1611050130945-8641945f-6d2e&#8221;][vc_column_text] Po uruchomieniu urz\u0105dzenia wy\u0142\u0105cznikiem g\u0142\u00f3wnym zostanie uruchomione podgrzewanie k\u0105pieli, kt\u00f3re po [&hellip;]<\/p>\n","protected":false},"author":3,"featured_media":0,"parent":1181,"menu_order":0,"comment_status":"closed","ping_status":"open","template":"","meta":[],"_links":{"self":[{"href":"https:\/\/marwis.pl\/en\/wp-json\/wp\/v2\/pages\/1232"}],"collection":[{"href":"https:\/\/marwis.pl\/en\/wp-json\/wp\/v2\/pages"}],"about":[{"href":"https:\/\/marwis.pl\/en\/wp-json\/wp\/v2\/types\/page"}],"author":[{"embeddable":true,"href":"https:\/\/marwis.pl\/en\/wp-json\/wp\/v2\/users\/3"}],"replies":[{"embeddable":true,"href":"https:\/\/marwis.pl\/en\/wp-json\/wp\/v2\/comments?post=1232"}],"version-history":[{"count":11,"href":"https:\/\/marwis.pl\/en\/wp-json\/wp\/v2\/pages\/1232\/revisions"}],"predecessor-version":[{"id":6030,"href":"https:\/\/marwis.pl\/en\/wp-json\/wp\/v2\/pages\/1232\/revisions\/6030"}],"up":[{"embeddable":true,"href":"https:\/\/marwis.pl\/en\/wp-json\/wp\/v2\/pages\/1181"}],"wp:attachment":[{"href":"https:\/\/marwis.pl\/en\/wp-json\/wp\/v2\/media?parent=1232"}],"curies":[{"name":"wp","href":"https:\/\/api.w.org\/{rel}","templated":true}]}}