{"id":1338,"date":"2021-03-04T13:04:18","date_gmt":"2021-03-04T12:04:18","guid":{"rendered":"http:\/\/marwis.zoom.usermd.net\/?page_id=1338"},"modified":"2026-03-17T10:38:08","modified_gmt":"2026-03-17T09:38:08","slug":"stol-szlifierski-szlif-30","status":"publish","type":"page","link":"https:\/\/marwis.pl\/en\/stoly-szlifierskie\/stol-szlifierski-szlif-30\/","title":{"rendered":"Gringing Table SZLIF 30"},"content":{"rendered":"<p>[vc_row][vc_column][vc_raw_html]JTVCZmxleHlfYnJlYWRjcnVtYiU1RA==[\/vc_raw_html][\/vc_column][\/vc_row][vc_row][vc_column width=&#8221;1\/2&#8243;]<div id='gallery-3' class='fastgallery fg_style1  '> <div data-img=\"https:\/\/marwis.pl\/wp-content\/uploads\/2021\/11\/szlif-30-1024x1024.jpg\"> <\/div><div style=\"clear:both\"><\/div><\/div>[\/vc_column][vc_column width=&#8221;1\/2&#8243;]\r\n    <div class=\"section_title\" style=\"text-align: center; margin: 0px auto 75px; padding: 0;\">\r\n        <h2 style=\"font-size:34px; color: #0066bf; font-weight: 800;\"> SZLIF 30 <\/h2>\r\n         <div class=\"br\" style=\"margin: 0 auto;\"><\/div>             <\/div>\r\n\r\n    [vc_tta_accordion][vc_tta_section title=&#8221;USE&#8221; tab_id=&#8221;1611050130932-cc5a4393-a8f3&#8243;][vc_column_text]Thanks to the presented product, you are able to equip your workplace with equipment that complies with the applicable health and safety regulations. MARWIS grinding tables allow you to maintain adequate safety during the machining process. They also enable comfortable and efficient work.<\/p>\n<p>Grinding tables are made of a specially selected steel grade with a thickness of up to 3mm. Their fully welded construction ensures the grinding tables are an indispensable element wherever there is a need for pre-treatment of the material, e.g. before painting.<\/p>\n<p>Thanks to the presented product, you are able to equip your workplace with equipment that complies with the applicable health and safety regulations. MARWIS grinding tables allow you to maintain adequate safety during the machining process. They also enable comfortable and efficient work.<\/p>\n<p>Grinding tables are made of a specially selected steel grade with a thickness of up to 3mm. Their fully welded construction ensures a long service life, and the powder coating protects against corrosion.<\/p>\n<p>Grinding tables are devices designed to remove dust generated during grinding, irreplaceable in carpentry shops or paint shops. Thanks to our tables, you will provide clean and comfortable workstations. The sucked dust is collected in drawers.[\/vc_column_text][\/vc_tta_section][vc_tta_section title=&#8221;TECHNICAL DATA&#8221; tab_id=&#8221;1611052357239-a03ddaab-c372&#8243;][vc_column_text]Wysoko\u015b\u0107 ca\u0142kowita 1700mm<\/p>\n<p>Szeroko\u015b\u0107 1180mm<\/p>\n<p>G\u0142\u0119boko\u015b\u0107 780mm<\/p>\n<p>Blat roboczy ( SZxG) 1130x740mm<\/p>\n<p>No\u015bno\u015b\u0107 500kg<\/p>\n<p>\u015arednica otworu na odci\u0105g 160mm[\/vc_column_text][\/vc_tta_section][\/vc_tta_accordion][vc_btn title=&#8221;PRICE&#8221; style=&#8221;flat&#8221; color=&#8221;primary&#8221; size=&#8221;lg&#8221; align=&#8221;center&#8221; link=&#8221;url:https%3A%2F%2Fmarwis24.pl%2Fpl%2Fp%2FMyjka-biologiczna-bio-wash-800-bioremediacja-%2F23100668||target:%20_blank|&#8221;][vc_column_text]<\/p>\n<p style=\"text-align: center;\"><span style=\"color: #0066bf;\">Ask for a special offer for you.<br \/>\n<strong>Call us!<\/strong><br \/>\n<strong>Mobile:+48 731 666 100<\/strong><\/span><\/p>\n<p>[\/vc_column_text][\/vc_column][\/vc_row]<\/p>","protected":false},"excerpt":{"rendered":"<p>[vc_row][vc_column][vc_raw_html]JTVCZmxleHlfYnJlYWRjcnVtYiU1RA==[\/vc_raw_html][\/vc_column][\/vc_row][vc_row][vc_column width=&#8221;1\/2&#8243;][\/vc_column][vc_column width=&#8221;1\/2&#8243;][vc_tta_accordion][vc_tta_section title=&#8221;USE&#8221; tab_id=&#8221;1611050130932-cc5a4393-a8f3&#8243;][vc_column_text]Thanks to the presented product, you are able to equip your workplace with equipment that complies with the applicable health and safety regulations. MARWIS grinding tables allow you to maintain adequate safety during the machining process. They also enable comfortable and efficient work. Grinding tables are made of a specially selected [&hellip;]<\/p>\n","protected":false},"author":3,"featured_media":0,"parent":1321,"menu_order":0,"comment_status":"closed","ping_status":"open","template":"","meta":[],"_links":{"self":[{"href":"https:\/\/marwis.pl\/en\/wp-json\/wp\/v2\/pages\/1338"}],"collection":[{"href":"https:\/\/marwis.pl\/en\/wp-json\/wp\/v2\/pages"}],"about":[{"href":"https:\/\/marwis.pl\/en\/wp-json\/wp\/v2\/types\/page"}],"author":[{"embeddable":true,"href":"https:\/\/marwis.pl\/en\/wp-json\/wp\/v2\/users\/3"}],"replies":[{"embeddable":true,"href":"https:\/\/marwis.pl\/en\/wp-json\/wp\/v2\/comments?post=1338"}],"version-history":[{"count":15,"href":"https:\/\/marwis.pl\/en\/wp-json\/wp\/v2\/pages\/1338\/revisions"}],"predecessor-version":[{"id":6497,"href":"https:\/\/marwis.pl\/en\/wp-json\/wp\/v2\/pages\/1338\/revisions\/6497"}],"up":[{"embeddable":true,"href":"https:\/\/marwis.pl\/en\/wp-json\/wp\/v2\/pages\/1321"}],"wp:attachment":[{"href":"https:\/\/marwis.pl\/en\/wp-json\/wp\/v2\/media?parent=1338"}],"curies":[{"name":"wp","href":"https:\/\/api.w.org\/{rel}","templated":true}]}}