{"id":948,"date":"2021-02-16T11:17:42","date_gmt":"2021-02-16T10:17:42","guid":{"rendered":"http:\/\/marwis.zoom.usermd.net\/?page_id=948"},"modified":"2026-01-22T12:06:37","modified_gmt":"2026-01-22T11:06:37","slug":"mst-2000-inox","status":"publish","type":"page","link":"https:\/\/marwis.pl\/en\/myjki-warsztatowo-manualne\/mst-2000-inox\/","title":{"rendered":"MST 2000 INOX"},"content":{"rendered":"<p>[vc_row][vc_column][vc_raw_html]JTVCZmxleHlfYnJlYWRjcnVtYiU1RA==[\/vc_raw_html][\/vc_column][\/vc_row][vc_row][vc_column width=&#8221;1\/2&#8243; el_class=&#8221;zoooom&#8221;]<div id='gallery-3' class='fastgallery fg_style4  animate-in' data-anim-type='zoom-in-up-big' data-anim-delay='10'> <div data-img=\"https:\/\/marwis.pl\/wp-content\/uploads\/2021\/07\/MST-2000_-1024x1024.jpg\"> <\/div><div data-img=\"https:\/\/marwis.pl\/wp-content\/uploads\/2021\/07\/MST-2000-INOX_-1024x1024.jpg\"> <\/div><div style=\"clear:both\"><\/div><\/div>[\/vc_column][vc_column width=&#8221;1\/2&#8243;]\r\n    <div class=\"section_title\" style=\"text-align: center; margin: 0px auto 75px; padding: 0;\">\r\n        <h2 style=\"font-size:34px; color: #0066bf; font-weight: 800;\"> MST 2000 INOX <\/h2>\r\n         <div class=\"br\" style=\"margin: 0 auto;\"><\/div>             <\/div>\r\n\r\n    [vc_tta_accordion][vc_tta_section title=&#8221;APPLICATION&#8221; tab_id=&#8221;1611050130932-cc5a4393-a8f3&#8243;][vc_column_text]<\/p>\n<div class=\"tab\">\n<div id=\"tab-1\" class=\"tab-content\">\n<p>Handwaschmaschinen werden in Industrieanlagen, aber auch in Autowerkst\u00e4tten eingesetzt. In Fabriken werden sie am h\u00e4ufigsten zur Herstellung gr\u00f6\u00dferer Elemente verwendet, die beispielsweise mit Fett oder \u00d6len, die f\u00fcr die Produktion erforderlich sind, gereinigt werden m\u00fcssen, sowie zur Regeneration von Elementen.<\/p>\n<\/div>\n<\/div>\n<p>[\/vc_column_text][\/vc_tta_section][vc_tta_section title=&#8221;DEVICE DESCRIPTION&#8221; tab_id=&#8221;1611050130945-8641945f-6d2e&#8221;][vc_column_text]The operation of the MST 2000 INOX washers is based on the removal of greasy impurities from the products with the use of a flow brush through which the washing liquid flows. The object to be washed is placed on a perforated worktop with a drip tray underneath it. The liquid flowing through the brush dissolves and washes away greasy impurities lying on the product to be washed. At the bottom of the barrel, heavier compounds are deposited, and the washing fluid (as a lighter one) returns to circulation. The flow of fluid through the brush is forced by a suction-force pump. The cleaning fluid circuit is closed.[\/vc_column_text][\/vc_tta_section][vc_tta_section title=&#8221;ADDITIONAL OPTIONS&#8221; tab_id=&#8221;1613470296053-aa81d0e5-e789&#8243;][vc_column_text]Cover<br \/>\nSegmented tubing<br \/>\nPneumatic pump<br \/>\nFoot switch<br \/>\nSoft brush[\/vc_column_text][\/vc_tta_section][vc_tta_section title=&#8221;TECHNICAL DATA&#8221; tab_id=&#8221;1611052357239-a03ddaab-c372&#8243;][vc_column_text]Carrying capacity: 1000 kg<br \/>\nTub capacity: 60L, 200L<br \/>\nWorking area: 1980x990mm<br \/>\nWorking height: 800mm<br \/>\nOverall height: 1200mm<br \/>\nWidth: 2000mm<br \/>\nDepth: 1000mm<br \/>\nWeight: 170 kg<br \/>\nPower supply: 230V, 50Hz[\/vc_column_text][\/vc_tta_section][\/vc_tta_accordion][vc_btn title=&#8221;CHECK THE PRICE&#8221; style=&#8221;flat&#8221; color=&#8221;primary&#8221; size=&#8221;lg&#8221; align=&#8221;center&#8221; link=&#8221;url:https%3A%2F%2Fmarwis24.pl%2Fpl%2Fmyjka-warsztatowa-mst-2000-pod-beczke-200-l.html||target:%20_blank|&#8221;][vc_column_text]<\/p>\n<p style=\"text-align: center;\"><span style=\"color: #0066bf;\">Ask for a special offer for you.<\/span><strong><span style=\"color: #0066bf;\"><br \/>\nCall me! <\/span><\/strong><br \/>\n<strong><span style=\"color: #0066bf;\">tel. 731 666 100.<\/span><\/strong><\/p>\n<p>[\/vc_column_text][\/vc_column][\/vc_row]<\/p>","protected":false},"excerpt":{"rendered":"<p>[vc_row][vc_column][vc_raw_html]JTVCZmxleHlfYnJlYWRjcnVtYiU1RA==[\/vc_raw_html][\/vc_column][\/vc_row][vc_row][vc_column width=&#8221;1\/2&#8243; el_class=&#8221;zoooom&#8221;][\/vc_column][vc_column width=&#8221;1\/2&#8243;][vc_tta_accordion][vc_tta_section title=&#8221;APPLICATION&#8221; tab_id=&#8221;1611050130932-cc5a4393-a8f3&#8243;][vc_column_text] Handwaschmaschinen werden in Industrieanlagen, aber auch in Autowerkst\u00e4tten eingesetzt. In Fabriken werden sie am h\u00e4ufigsten zur Herstellung gr\u00f6\u00dferer Elemente verwendet, die beispielsweise mit Fett oder \u00d6len, die f\u00fcr die Produktion erforderlich sind, gereinigt werden m\u00fcssen, sowie zur Regeneration von Elementen. [\/vc_column_text][\/vc_tta_section][vc_tta_section title=&#8221;DEVICE DESCRIPTION&#8221; tab_id=&#8221;1611050130945-8641945f-6d2e&#8221;][vc_column_text]The operation of the MST 2000 [&hellip;]<\/p>\n","protected":false},"author":3,"featured_media":0,"parent":885,"menu_order":0,"comment_status":"closed","ping_status":"open","template":"","meta":[],"_links":{"self":[{"href":"https:\/\/marwis.pl\/en\/wp-json\/wp\/v2\/pages\/948"}],"collection":[{"href":"https:\/\/marwis.pl\/en\/wp-json\/wp\/v2\/pages"}],"about":[{"href":"https:\/\/marwis.pl\/en\/wp-json\/wp\/v2\/types\/page"}],"author":[{"embeddable":true,"href":"https:\/\/marwis.pl\/en\/wp-json\/wp\/v2\/users\/3"}],"replies":[{"embeddable":true,"href":"https:\/\/marwis.pl\/en\/wp-json\/wp\/v2\/comments?post=948"}],"version-history":[{"count":57,"href":"https:\/\/marwis.pl\/en\/wp-json\/wp\/v2\/pages\/948\/revisions"}],"predecessor-version":[{"id":1020,"href":"https:\/\/marwis.pl\/en\/wp-json\/wp\/v2\/pages\/948\/revisions\/1020"}],"up":[{"embeddable":true,"href":"https:\/\/marwis.pl\/en\/wp-json\/wp\/v2\/pages\/885"}],"wp:attachment":[{"href":"https:\/\/marwis.pl\/en\/wp-json\/wp\/v2\/media?parent=948"}],"curies":[{"name":"wp","href":"https:\/\/api.w.org\/{rel}","templated":true}]}}